{"id":6032,"date":"2025-06-25T15:12:11","date_gmt":"2025-06-25T13:12:11","guid":{"rendered":"https:\/\/bythemoon.eu\/en\/produkt\/top-na-ramiaczkach-juliette-pepper\/"},"modified":"2025-11-14T14:17:20","modified_gmt":"2025-11-14T13:17:20","slug":"top-na-ramiaczkach-juliette-pepper","status":"publish","type":"product","link":"https:\/\/bythemoon.eu\/en\/product\/top-na-ramiaczkach-juliette-pepper\/","title":{"rendered":"top na rami\u0105czkach Juliette Pepper"},"content":{"rendered":"<p>Mini top na cienkich rami\u0105czkach z g\u0142\u0119bokim dekoltem w kszta\u0142cie V, zar\u00f3wno z przodu jak i na plecach. Stworzony z my\u015bl\u0105 o upalnych letnich dniach. Top \u0142adnie eksponuje dekolt, plecy i ramiona, mo\u017cna go nosi\u0107 bez lub z biustonoszem na cienkich paskach. Idealnie sprawdzi si\u0119 w letnich podr\u00f3\u017cach. Mo\u017cna \u0142\u0105czy\u0107 go ze sp\u00f3dnic\u0105 z tym samym printem, tworz\u0105c zestaw niczym sukienka, lub z szortami i spodniami.<\/p>\n<p>&nbsp;<\/p>\n<p><strong>Wymiary topu<\/strong>:<\/p>\n<table style=\"height: 112px\" width=\"500\">\n<tbody>\n<tr>\n<td width=\"103\"><\/td>\n<td style=\"text-align: center\" width=\"64\"><strong>XS<\/strong><\/td>\n<td style=\"text-align: center\" width=\"64\"><strong>S<\/strong><\/td>\n<td style=\"text-align: center\" width=\"64\"><strong>M<\/strong><\/td>\n<td style=\"text-align: center\" width=\"64\"><strong>L<\/strong><\/td>\n<\/tr>\n<tr>\n<td style=\"text-align: center\">szer. w biu\u015bcie<\/td>\n<td style=\"text-align: center\">44<\/td>\n<td style=\"text-align: center\">46<\/td>\n<td style=\"text-align: center\">48<\/td>\n<td style=\"text-align: center\">50<\/td>\n<\/tr>\n<tr>\n<td style=\"text-align: center\">d\u0142ugo\u015b\u0107<\/td>\n<td style=\"text-align: center\">52<\/td>\n<td style=\"text-align: center\">54<\/td>\n<td style=\"text-align: center\">54<\/td>\n<td style=\"text-align: center\">56<\/td>\n<\/tr>\n<\/tbody>\n<\/table>\n<p>&nbsp;<\/p>\n","protected":false},"excerpt":{"rendered":"<p>Mini top na cienkich rami\u0105czkach z g\u0142\u0119bokim dekoltem w kszta\u0142cie V, zar\u00f3wno z przodu jak i na plecach. Stworzony z my\u015bl\u0105 o upalnych letnich dniach. Top \u0142adnie eksponuje dekolt, plecy i ramiona, mo\u017cna go nosi\u0107 bez lub z biustonoszem na cienkich paskach. Idealnie sprawdzi si\u0119 w letnich podr\u00f3\u017cach. Mo\u017cna \u0142\u0105czy\u0107 go ze sp\u00f3dnic\u0105 z tym [&#8230;]\n","protected":false},"featured_media":6986,"template":"","meta":[],"product_brand":[],"product_cat":[23,21],"product_tag":[],"class_list":{"0":"post-6032","1":"product","2":"type-product","3":"status-publish","4":"has-post-thumbnail","6":"product_cat-blouses-longsleeves","7":"product_cat-btm-en","9":"first","10":"instock","11":"sale","12":"taxable","13":"shipping-taxable","14":"purchasable","15":"product-type-variable"},"yoast_head":"<!-- This site is optimized with the Yoast SEO plugin v27.0 - https:\/\/yoast.com\/product\/yoast-seo-wordpress\/ -->\n<title>top na rami\u0105czkach Juliette Pepper - By The Moon EN<\/title>\n<meta name=\"robots\" content=\"index, follow, max-snippet:-1, max-image-preview:large, max-video-preview:-1\" \/>\n<link rel=\"canonical\" href=\"https:\/\/bythemoon.eu\/en\/product\/top-na-ramiaczkach-juliette-pepper\/\" \/>\n<meta property=\"og:locale\" content=\"en_US\" \/>\n<meta property=\"og:type\" content=\"article\" \/>\n<meta property=\"og:title\" content=\"top na rami\u0105czkach Juliette Pepper - By The Moon EN\" \/>\n<meta property=\"og:description\" content=\"Mini top na cienkich rami\u0105czkach z g\u0142\u0119bokim dekoltem w kszta\u0142cie V, zar\u00f3wno z przodu jak i na plecach. Stworzony z my\u015bl\u0105 o upalnych letnich dniach. Top \u0142adnie eksponuje dekolt, plecy i ramiona, mo\u017cna go nosi\u0107 bez lub z biustonoszem na cienkich paskach. Idealnie sprawdzi si\u0119 w letnich podr\u00f3\u017cach. Mo\u017cna \u0142\u0105czy\u0107 go ze sp\u00f3dnic\u0105 z tym [...]\" \/>\n<meta property=\"og:url\" content=\"https:\/\/bythemoon.eu\/en\/product\/top-na-ramiaczkach-juliette-pepper\/\" \/>\n<meta property=\"og:site_name\" content=\"By The Moon EN\" \/>\n<meta property=\"article:modified_time\" content=\"2025-11-14T13:17:20+00:00\" \/>\n<meta property=\"og:image\" content=\"https:\/\/bythemoon.eu\/en\/wp-content\/uploads\/2025\/07\/top_juliette_pepper_1.jpg\" \/>\n\t<meta property=\"og:image:width\" content=\"1000\" \/>\n\t<meta property=\"og:image:height\" content=\"1400\" \/>\n\t<meta property=\"og:image:type\" content=\"image\/jpeg\" \/>\n<script type=\"application\/ld+json\" class=\"yoast-schema-graph\">{\"@context\":\"https:\/\/schema.org\",\"@graph\":[{\"@type\":\"WebPage\",\"@id\":\"https:\/\/bythemoon.eu\/en\/product\/top-na-ramiaczkach-juliette-pepper\/\",\"url\":\"https:\/\/bythemoon.eu\/en\/product\/top-na-ramiaczkach-juliette-pepper\/\",\"name\":\"top na rami\u0105czkach Juliette Pepper - By The Moon EN\",\"isPartOf\":{\"@id\":\"https:\/\/bythemoon.eu\/en\/#website\"},\"primaryImageOfPage\":{\"@id\":\"https:\/\/bythemoon.eu\/en\/product\/top-na-ramiaczkach-juliette-pepper\/#primaryimage\"},\"image\":{\"@id\":\"https:\/\/bythemoon.eu\/en\/product\/top-na-ramiaczkach-juliette-pepper\/#primaryimage\"},\"thumbnailUrl\":\"https:\/\/bythemoon.eu\/en\/wp-content\/uploads\/2025\/07\/top_juliette_pepper_1.jpg\",\"datePublished\":\"2025-06-25T13:12:11+00:00\",\"dateModified\":\"2025-11-14T13:17:20+00:00\",\"breadcrumb\":{\"@id\":\"https:\/\/bythemoon.eu\/en\/product\/top-na-ramiaczkach-juliette-pepper\/#breadcrumb\"},\"inLanguage\":\"en-US\",\"potentialAction\":[{\"@type\":\"ReadAction\",\"target\":[\"https:\/\/bythemoon.eu\/en\/product\/top-na-ramiaczkach-juliette-pepper\/\"]}]},{\"@type\":\"ImageObject\",\"inLanguage\":\"en-US\",\"@id\":\"https:\/\/bythemoon.eu\/en\/product\/top-na-ramiaczkach-juliette-pepper\/#primaryimage\",\"url\":\"https:\/\/bythemoon.eu\/en\/wp-content\/uploads\/2025\/07\/top_juliette_pepper_1.jpg\",\"contentUrl\":\"https:\/\/bythemoon.eu\/en\/wp-content\/uploads\/2025\/07\/top_juliette_pepper_1.jpg\",\"width\":1000,\"height\":1400,\"caption\":\"top na ramiaczkach pepper, w zeberke, zebra, na lato, z dekoltem\"},{\"@type\":\"BreadcrumbList\",\"@id\":\"https:\/\/bythemoon.eu\/en\/product\/top-na-ramiaczkach-juliette-pepper\/#breadcrumb\",\"itemListElement\":[{\"@type\":\"ListItem\",\"position\":1,\"name\":\"Strona g\u0142\u00f3wna\",\"item\":\"https:\/\/bythemoon.eu\/en\/\"},{\"@type\":\"ListItem\",\"position\":2,\"name\":\"Shop\",\"item\":\"https:\/\/bythemoon.eu\/en\/shop\/\"},{\"@type\":\"ListItem\",\"position\":3,\"name\":\"top na rami\u0105czkach Juliette Pepper\"}]},{\"@type\":\"WebSite\",\"@id\":\"https:\/\/bythemoon.eu\/en\/#website\",\"url\":\"https:\/\/bythemoon.eu\/en\/\",\"name\":\"By The Moon EN\",\"description\":\"\",\"potentialAction\":[{\"@type\":\"SearchAction\",\"target\":{\"@type\":\"EntryPoint\",\"urlTemplate\":\"https:\/\/bythemoon.eu\/en\/?s={search_term_string}\"},\"query-input\":{\"@type\":\"PropertyValueSpecification\",\"valueRequired\":true,\"valueName\":\"search_term_string\"}}],\"inLanguage\":\"en-US\"}]}<\/script>\n<!-- \/ Yoast SEO plugin. -->","yoast_head_json":{"title":"top na rami\u0105czkach Juliette Pepper - By The Moon EN","robots":{"index":"index","follow":"follow","max-snippet":"max-snippet:-1","max-image-preview":"max-image-preview:large","max-video-preview":"max-video-preview:-1"},"canonical":"https:\/\/bythemoon.eu\/en\/product\/top-na-ramiaczkach-juliette-pepper\/","og_locale":"en_US","og_type":"article","og_title":"top na rami\u0105czkach Juliette Pepper - By The Moon EN","og_description":"Mini top na cienkich rami\u0105czkach z g\u0142\u0119bokim dekoltem w kszta\u0142cie V, zar\u00f3wno z przodu jak i na plecach. Stworzony z my\u015bl\u0105 o upalnych letnich dniach. Top \u0142adnie eksponuje dekolt, plecy i ramiona, mo\u017cna go nosi\u0107 bez lub z biustonoszem na cienkich paskach. Idealnie sprawdzi si\u0119 w letnich podr\u00f3\u017cach. Mo\u017cna \u0142\u0105czy\u0107 go ze sp\u00f3dnic\u0105 z tym [...]","og_url":"https:\/\/bythemoon.eu\/en\/product\/top-na-ramiaczkach-juliette-pepper\/","og_site_name":"By The Moon EN","article_modified_time":"2025-11-14T13:17:20+00:00","og_image":[{"width":1000,"height":1400,"url":"https:\/\/bythemoon.eu\/en\/wp-content\/uploads\/2025\/07\/top_juliette_pepper_1.jpg","type":"image\/jpeg"}],"schema":{"@context":"https:\/\/schema.org","@graph":[{"@type":"WebPage","@id":"https:\/\/bythemoon.eu\/en\/product\/top-na-ramiaczkach-juliette-pepper\/","url":"https:\/\/bythemoon.eu\/en\/product\/top-na-ramiaczkach-juliette-pepper\/","name":"top na rami\u0105czkach Juliette Pepper - By The Moon EN","isPartOf":{"@id":"https:\/\/bythemoon.eu\/en\/#website"},"primaryImageOfPage":{"@id":"https:\/\/bythemoon.eu\/en\/product\/top-na-ramiaczkach-juliette-pepper\/#primaryimage"},"image":{"@id":"https:\/\/bythemoon.eu\/en\/product\/top-na-ramiaczkach-juliette-pepper\/#primaryimage"},"thumbnailUrl":"https:\/\/bythemoon.eu\/en\/wp-content\/uploads\/2025\/07\/top_juliette_pepper_1.jpg","datePublished":"2025-06-25T13:12:11+00:00","dateModified":"2025-11-14T13:17:20+00:00","breadcrumb":{"@id":"https:\/\/bythemoon.eu\/en\/product\/top-na-ramiaczkach-juliette-pepper\/#breadcrumb"},"inLanguage":"en-US","potentialAction":[{"@type":"ReadAction","target":["https:\/\/bythemoon.eu\/en\/product\/top-na-ramiaczkach-juliette-pepper\/"]}]},{"@type":"ImageObject","inLanguage":"en-US","@id":"https:\/\/bythemoon.eu\/en\/product\/top-na-ramiaczkach-juliette-pepper\/#primaryimage","url":"https:\/\/bythemoon.eu\/en\/wp-content\/uploads\/2025\/07\/top_juliette_pepper_1.jpg","contentUrl":"https:\/\/bythemoon.eu\/en\/wp-content\/uploads\/2025\/07\/top_juliette_pepper_1.jpg","width":1000,"height":1400,"caption":"top na ramiaczkach pepper, w zeberke, zebra, na lato, z dekoltem"},{"@type":"BreadcrumbList","@id":"https:\/\/bythemoon.eu\/en\/product\/top-na-ramiaczkach-juliette-pepper\/#breadcrumb","itemListElement":[{"@type":"ListItem","position":1,"name":"Strona g\u0142\u00f3wna","item":"https:\/\/bythemoon.eu\/en\/"},{"@type":"ListItem","position":2,"name":"Shop","item":"https:\/\/bythemoon.eu\/en\/shop\/"},{"@type":"ListItem","position":3,"name":"top na rami\u0105czkach Juliette Pepper"}]},{"@type":"WebSite","@id":"https:\/\/bythemoon.eu\/en\/#website","url":"https:\/\/bythemoon.eu\/en\/","name":"By The Moon EN","description":"","potentialAction":[{"@type":"SearchAction","target":{"@type":"EntryPoint","urlTemplate":"https:\/\/bythemoon.eu\/en\/?s={search_term_string}"},"query-input":{"@type":"PropertyValueSpecification","valueRequired":true,"valueName":"search_term_string"}}],"inLanguage":"en-US"}]}},"_links":{"self":[{"href":"https:\/\/bythemoon.eu\/en\/wp-json\/wp\/v2\/product\/6032","targetHints":{"allow":["GET"]}}],"collection":[{"href":"https:\/\/bythemoon.eu\/en\/wp-json\/wp\/v2\/product"}],"about":[{"href":"https:\/\/bythemoon.eu\/en\/wp-json\/wp\/v2\/types\/product"}],"wp:featuredmedia":[{"embeddable":true,"href":"https:\/\/bythemoon.eu\/en\/wp-json\/wp\/v2\/media\/6986"}],"wp:attachment":[{"href":"https:\/\/bythemoon.eu\/en\/wp-json\/wp\/v2\/media?parent=6032"}],"wp:term":[{"taxonomy":"product_brand","embeddable":true,"href":"https:\/\/bythemoon.eu\/en\/wp-json\/wp\/v2\/product_brand?post=6032"},{"taxonomy":"product_cat","embeddable":true,"href":"https:\/\/bythemoon.eu\/en\/wp-json\/wp\/v2\/product_cat?post=6032"},{"taxonomy":"product_tag","embeddable":true,"href":"https:\/\/bythemoon.eu\/en\/wp-json\/wp\/v2\/product_tag?post=6032"}],"curies":[{"name":"wp","href":"https:\/\/api.w.org\/{rel}","templated":true}]}}