{"id":5998,"date":"2025-06-25T15:12:00","date_gmt":"2025-06-25T13:12:00","guid":{"rendered":"https:\/\/bythemoon.eu\/en\/produkt\/sukienka-na-ramiaczkach-juliette-pepper\/"},"modified":"2025-11-14T14:17:21","modified_gmt":"2025-11-14T13:17:21","slug":"sukienka-na-ramiaczkach-juliette-pepper","status":"publish","type":"product","link":"https:\/\/bythemoon.eu\/en\/product\/sukienka-na-ramiaczkach-juliette-pepper\/","title":{"rendered":"sukienka na rami\u0105czkach Juliette Pepper"},"content":{"rendered":"<p>Bardzo kobieca, zwiewna sukienka na rami\u0105czkach w stylu slip dress, z g\u0142\u0119bokim dekoltem w serek i wyci\u0119ciem na plecach. Cienkie rami\u0105czka dodatkowo dodaj\u0105 jej lekko\u015bci i pi\u0119knie eksponuj\u0105 ramiona. Wyj\u0105tkowo delikatna tkanina wiskozowa daje poczucie mgie\u0142ki okrywaj\u0105cej sk\u00f3r\u0119. Wspania\u0142a na letnie upalne dni i gor\u0105ce wieczory. Jej kr\u00f3j i nieoczywisty kremowo-czarny print sprawiaj\u0105, \u017ce pi\u0119knie podkre\u015bla cia\u0142o i letni\u0105 opalenizn\u0119. Dopasuj do niej baleriny lub letnie klapki, a wieczorem obcasy, kt\u00f3re dodadz\u0105 elegancji.<\/p>\n<p>&nbsp;<\/p>\n<p><strong>Wymiary sukienki:<\/strong><\/p>\n<table style=\"height: 182px\" width=\"466\">\n<tbody>\n<tr>\n<td width=\"103\"><\/td>\n<td style=\"text-align: center\" width=\"64\"><strong>XS<\/strong><\/td>\n<td style=\"text-align: center\" width=\"64\"><strong>S<\/strong><\/td>\n<td style=\"text-align: center\" width=\"64\"><strong>M<\/strong><\/td>\n<td style=\"text-align: center\" width=\"64\"><strong>L<\/strong><\/td>\n<\/tr>\n<tr>\n<td style=\"text-align: center\">szer. w biu\u015bcie<\/td>\n<td style=\"text-align: center\">44<\/td>\n<td style=\"text-align: center\">46<\/td>\n<td style=\"text-align: center\">48<\/td>\n<td style=\"text-align: center\">50<\/td>\n<\/tr>\n<tr>\n<td style=\"text-align: center\">szer. w biodrach<\/td>\n<td style=\"text-align: center\">50<\/td>\n<td style=\"text-align: center\">52<\/td>\n<td style=\"text-align: center\">54<\/td>\n<td style=\"text-align: center\">56<\/td>\n<\/tr>\n<tr>\n<td style=\"text-align: center\">d\u0142ugo\u015b\u0107<\/td>\n<td style=\"text-align: center\">117<\/td>\n<td style=\"text-align: center\">118<\/td>\n<td style=\"text-align: center\">118<\/td>\n<td style=\"text-align: center\">119<\/td>\n<\/tr>\n<\/tbody>\n<\/table>\n<p style=\"text-align: center\">\n","protected":false},"excerpt":{"rendered":"<p>Bardzo kobieca, zwiewna sukienka na rami\u0105czkach w stylu slip dress, z g\u0142\u0119bokim dekoltem w serek i wyci\u0119ciem na plecach. Cienkie rami\u0105czka dodatkowo dodaj\u0105 jej lekko\u015bci i pi\u0119knie eksponuj\u0105 ramiona. Wyj\u0105tkowo delikatna tkanina wiskozowa daje poczucie mgie\u0142ki okrywaj\u0105cej sk\u00f3r\u0119. Wspania\u0142a na letnie upalne dni i gor\u0105ce wieczory. Jej kr\u00f3j i nieoczywisty kremowo-czarny print sprawiaj\u0105, \u017ce pi\u0119knie [&#8230;]\n","protected":false},"featured_media":5999,"template":"","meta":[],"product_brand":[],"product_cat":[21,28,55],"product_tag":[],"class_list":{"0":"post-5998","1":"product","2":"type-product","3":"status-publish","4":"has-post-thumbnail","6":"product_cat-btm-en","7":"product_cat-dresses","8":"product_cat-sale","10":"first","11":"instock","12":"sale","13":"taxable","14":"shipping-taxable","15":"purchasable","16":"product-type-variable"},"yoast_head":"<!-- This site is optimized with the Yoast SEO plugin v27.0 - https:\/\/yoast.com\/product\/yoast-seo-wordpress\/ -->\n<title>sukienka na rami\u0105czkach Juliette Pepper - By The Moon EN<\/title>\n<meta name=\"robots\" content=\"index, follow, max-snippet:-1, max-image-preview:large, max-video-preview:-1\" \/>\n<link rel=\"canonical\" href=\"https:\/\/bythemoon.eu\/en\/product\/sukienka-na-ramiaczkach-juliette-pepper\/\" \/>\n<meta property=\"og:locale\" content=\"en_US\" \/>\n<meta property=\"og:type\" content=\"article\" \/>\n<meta property=\"og:title\" content=\"sukienka na rami\u0105czkach Juliette Pepper - By The Moon EN\" \/>\n<meta property=\"og:description\" content=\"Bardzo kobieca, zwiewna sukienka na rami\u0105czkach w stylu slip dress, z g\u0142\u0119bokim dekoltem w serek i wyci\u0119ciem na plecach. Cienkie rami\u0105czka dodatkowo dodaj\u0105 jej lekko\u015bci i pi\u0119knie eksponuj\u0105 ramiona. Wyj\u0105tkowo delikatna tkanina wiskozowa daje poczucie mgie\u0142ki okrywaj\u0105cej sk\u00f3r\u0119. Wspania\u0142a na letnie upalne dni i gor\u0105ce wieczory. Jej kr\u00f3j i nieoczywisty kremowo-czarny print sprawiaj\u0105, \u017ce pi\u0119knie [...]\" \/>\n<meta property=\"og:url\" content=\"https:\/\/bythemoon.eu\/en\/product\/sukienka-na-ramiaczkach-juliette-pepper\/\" \/>\n<meta property=\"og:site_name\" content=\"By The Moon EN\" \/>\n<meta property=\"article:modified_time\" content=\"2025-11-14T13:17:21+00:00\" \/>\n<meta property=\"og:image\" content=\"https:\/\/bythemoon.eu\/en\/wp-content\/uploads\/2025\/06\/Juliette_pepper_1.jpg\" \/>\n\t<meta property=\"og:image:width\" content=\"1000\" \/>\n\t<meta property=\"og:image:height\" content=\"1400\" \/>\n\t<meta property=\"og:image:type\" content=\"image\/jpeg\" \/>\n<script type=\"application\/ld+json\" class=\"yoast-schema-graph\">{\"@context\":\"https:\/\/schema.org\",\"@graph\":[{\"@type\":\"WebPage\",\"@id\":\"https:\/\/bythemoon.eu\/en\/product\/sukienka-na-ramiaczkach-juliette-pepper\/\",\"url\":\"https:\/\/bythemoon.eu\/en\/product\/sukienka-na-ramiaczkach-juliette-pepper\/\",\"name\":\"sukienka na rami\u0105czkach Juliette Pepper - By The Moon EN\",\"isPartOf\":{\"@id\":\"https:\/\/bythemoon.eu\/en\/#website\"},\"primaryImageOfPage\":{\"@id\":\"https:\/\/bythemoon.eu\/en\/product\/sukienka-na-ramiaczkach-juliette-pepper\/#primaryimage\"},\"image\":{\"@id\":\"https:\/\/bythemoon.eu\/en\/product\/sukienka-na-ramiaczkach-juliette-pepper\/#primaryimage\"},\"thumbnailUrl\":\"https:\/\/bythemoon.eu\/en\/wp-content\/uploads\/2025\/06\/Juliette_pepper_1.jpg\",\"datePublished\":\"2025-06-25T13:12:00+00:00\",\"dateModified\":\"2025-11-14T13:17:21+00:00\",\"breadcrumb\":{\"@id\":\"https:\/\/bythemoon.eu\/en\/product\/sukienka-na-ramiaczkach-juliette-pepper\/#breadcrumb\"},\"inLanguage\":\"en-US\",\"potentialAction\":[{\"@type\":\"ReadAction\",\"target\":[\"https:\/\/bythemoon.eu\/en\/product\/sukienka-na-ramiaczkach-juliette-pepper\/\"]}]},{\"@type\":\"ImageObject\",\"inLanguage\":\"en-US\",\"@id\":\"https:\/\/bythemoon.eu\/en\/product\/sukienka-na-ramiaczkach-juliette-pepper\/#primaryimage\",\"url\":\"https:\/\/bythemoon.eu\/en\/wp-content\/uploads\/2025\/06\/Juliette_pepper_1.jpg\",\"contentUrl\":\"https:\/\/bythemoon.eu\/en\/wp-content\/uploads\/2025\/06\/Juliette_pepper_1.jpg\",\"width\":1000,\"height\":1400,\"caption\":\"sukienka w zeberk\u0119, zebre, na rami\u0105czkach d\u0142uga, midi, z dekoltem, polska marka, wiskoza\"},{\"@type\":\"BreadcrumbList\",\"@id\":\"https:\/\/bythemoon.eu\/en\/product\/sukienka-na-ramiaczkach-juliette-pepper\/#breadcrumb\",\"itemListElement\":[{\"@type\":\"ListItem\",\"position\":1,\"name\":\"Strona g\u0142\u00f3wna\",\"item\":\"https:\/\/bythemoon.eu\/en\/\"},{\"@type\":\"ListItem\",\"position\":2,\"name\":\"Shop\",\"item\":\"https:\/\/bythemoon.eu\/en\/shop\/\"},{\"@type\":\"ListItem\",\"position\":3,\"name\":\"sukienka na rami\u0105czkach Juliette Pepper\"}]},{\"@type\":\"WebSite\",\"@id\":\"https:\/\/bythemoon.eu\/en\/#website\",\"url\":\"https:\/\/bythemoon.eu\/en\/\",\"name\":\"By The Moon EN\",\"description\":\"\",\"potentialAction\":[{\"@type\":\"SearchAction\",\"target\":{\"@type\":\"EntryPoint\",\"urlTemplate\":\"https:\/\/bythemoon.eu\/en\/?s={search_term_string}\"},\"query-input\":{\"@type\":\"PropertyValueSpecification\",\"valueRequired\":true,\"valueName\":\"search_term_string\"}}],\"inLanguage\":\"en-US\"}]}<\/script>\n<!-- \/ Yoast SEO plugin. -->","yoast_head_json":{"title":"sukienka na rami\u0105czkach Juliette Pepper - By The Moon EN","robots":{"index":"index","follow":"follow","max-snippet":"max-snippet:-1","max-image-preview":"max-image-preview:large","max-video-preview":"max-video-preview:-1"},"canonical":"https:\/\/bythemoon.eu\/en\/product\/sukienka-na-ramiaczkach-juliette-pepper\/","og_locale":"en_US","og_type":"article","og_title":"sukienka na rami\u0105czkach Juliette Pepper - By The Moon EN","og_description":"Bardzo kobieca, zwiewna sukienka na rami\u0105czkach w stylu slip dress, z g\u0142\u0119bokim dekoltem w serek i wyci\u0119ciem na plecach. Cienkie rami\u0105czka dodatkowo dodaj\u0105 jej lekko\u015bci i pi\u0119knie eksponuj\u0105 ramiona. Wyj\u0105tkowo delikatna tkanina wiskozowa daje poczucie mgie\u0142ki okrywaj\u0105cej sk\u00f3r\u0119. Wspania\u0142a na letnie upalne dni i gor\u0105ce wieczory. Jej kr\u00f3j i nieoczywisty kremowo-czarny print sprawiaj\u0105, \u017ce pi\u0119knie [...]","og_url":"https:\/\/bythemoon.eu\/en\/product\/sukienka-na-ramiaczkach-juliette-pepper\/","og_site_name":"By The Moon EN","article_modified_time":"2025-11-14T13:17:21+00:00","og_image":[{"width":1000,"height":1400,"url":"https:\/\/bythemoon.eu\/en\/wp-content\/uploads\/2025\/06\/Juliette_pepper_1.jpg","type":"image\/jpeg"}],"schema":{"@context":"https:\/\/schema.org","@graph":[{"@type":"WebPage","@id":"https:\/\/bythemoon.eu\/en\/product\/sukienka-na-ramiaczkach-juliette-pepper\/","url":"https:\/\/bythemoon.eu\/en\/product\/sukienka-na-ramiaczkach-juliette-pepper\/","name":"sukienka na rami\u0105czkach Juliette Pepper - By The Moon EN","isPartOf":{"@id":"https:\/\/bythemoon.eu\/en\/#website"},"primaryImageOfPage":{"@id":"https:\/\/bythemoon.eu\/en\/product\/sukienka-na-ramiaczkach-juliette-pepper\/#primaryimage"},"image":{"@id":"https:\/\/bythemoon.eu\/en\/product\/sukienka-na-ramiaczkach-juliette-pepper\/#primaryimage"},"thumbnailUrl":"https:\/\/bythemoon.eu\/en\/wp-content\/uploads\/2025\/06\/Juliette_pepper_1.jpg","datePublished":"2025-06-25T13:12:00+00:00","dateModified":"2025-11-14T13:17:21+00:00","breadcrumb":{"@id":"https:\/\/bythemoon.eu\/en\/product\/sukienka-na-ramiaczkach-juliette-pepper\/#breadcrumb"},"inLanguage":"en-US","potentialAction":[{"@type":"ReadAction","target":["https:\/\/bythemoon.eu\/en\/product\/sukienka-na-ramiaczkach-juliette-pepper\/"]}]},{"@type":"ImageObject","inLanguage":"en-US","@id":"https:\/\/bythemoon.eu\/en\/product\/sukienka-na-ramiaczkach-juliette-pepper\/#primaryimage","url":"https:\/\/bythemoon.eu\/en\/wp-content\/uploads\/2025\/06\/Juliette_pepper_1.jpg","contentUrl":"https:\/\/bythemoon.eu\/en\/wp-content\/uploads\/2025\/06\/Juliette_pepper_1.jpg","width":1000,"height":1400,"caption":"sukienka w zeberk\u0119, zebre, na rami\u0105czkach d\u0142uga, midi, z dekoltem, polska marka, wiskoza"},{"@type":"BreadcrumbList","@id":"https:\/\/bythemoon.eu\/en\/product\/sukienka-na-ramiaczkach-juliette-pepper\/#breadcrumb","itemListElement":[{"@type":"ListItem","position":1,"name":"Strona g\u0142\u00f3wna","item":"https:\/\/bythemoon.eu\/en\/"},{"@type":"ListItem","position":2,"name":"Shop","item":"https:\/\/bythemoon.eu\/en\/shop\/"},{"@type":"ListItem","position":3,"name":"sukienka na rami\u0105czkach Juliette Pepper"}]},{"@type":"WebSite","@id":"https:\/\/bythemoon.eu\/en\/#website","url":"https:\/\/bythemoon.eu\/en\/","name":"By The Moon EN","description":"","potentialAction":[{"@type":"SearchAction","target":{"@type":"EntryPoint","urlTemplate":"https:\/\/bythemoon.eu\/en\/?s={search_term_string}"},"query-input":{"@type":"PropertyValueSpecification","valueRequired":true,"valueName":"search_term_string"}}],"inLanguage":"en-US"}]}},"_links":{"self":[{"href":"https:\/\/bythemoon.eu\/en\/wp-json\/wp\/v2\/product\/5998","targetHints":{"allow":["GET"]}}],"collection":[{"href":"https:\/\/bythemoon.eu\/en\/wp-json\/wp\/v2\/product"}],"about":[{"href":"https:\/\/bythemoon.eu\/en\/wp-json\/wp\/v2\/types\/product"}],"wp:featuredmedia":[{"embeddable":true,"href":"https:\/\/bythemoon.eu\/en\/wp-json\/wp\/v2\/media\/5999"}],"wp:attachment":[{"href":"https:\/\/bythemoon.eu\/en\/wp-json\/wp\/v2\/media?parent=5998"}],"wp:term":[{"taxonomy":"product_brand","embeddable":true,"href":"https:\/\/bythemoon.eu\/en\/wp-json\/wp\/v2\/product_brand?post=5998"},{"taxonomy":"product_cat","embeddable":true,"href":"https:\/\/bythemoon.eu\/en\/wp-json\/wp\/v2\/product_cat?post=5998"},{"taxonomy":"product_tag","embeddable":true,"href":"https:\/\/bythemoon.eu\/en\/wp-json\/wp\/v2\/product_tag?post=5998"}],"curies":[{"name":"wp","href":"https:\/\/api.w.org\/{rel}","templated":true}]}}