{"id":5949,"date":"2025-06-25T15:11:55","date_gmt":"2025-06-25T13:11:55","guid":{"rendered":"https:\/\/bythemoon.eu\/en\/produkt\/sukienka-mia-sky\/"},"modified":"2025-11-14T14:17:21","modified_gmt":"2025-11-14T13:17:21","slug":"sukienka-mia-sky","status":"publish","type":"product","link":"https:\/\/bythemoon.eu\/en\/product\/sukienka-mia-sky\/","title":{"rendered":"sukienka z po\u0142yskiem Mia Sky"},"content":{"rendered":"<p>Damska sukienka mini o T-shirtowym kroju, z dodatkiem po\u0142yskuj\u0105cej srebrnej nitki. Odbicie nieba w letnie dni. Jej pastelowo-b\u0142\u0119kitny kolor subtelnie podkre\u015bla letni\u0105 opalenizn\u0119. Du\u017cy V dekolt, rozci\u0119cie z boku i metaliczny po\u0142ysk nadaj\u0105 sukience zmys\u0142owego uroku. Jednocze\u015bnie jest ona super wygodna i swobodna. Idealna na pla\u017c\u0119 jak i na ciep\u0142e wieczory w mie\u015bcie. No\u015b j\u0105 do klapek, balerinek lub kowbojek, zale\u017cnie od nastroju. Sukienka uszyta jest z wysokogatunkowej i niezwykle mi\u0119kkiej dzianiny wiskozowej.<\/p>\n<p>&nbsp;<\/p>\n<p><strong>Wymiary sukienki w cm:<\/strong><\/p>\n<table style=\"height: 114px\" width=\"501\">\n<tbody>\n<tr>\n<td width=\"91\"><\/td>\n<td style=\"text-align: center\" width=\"64\"><strong>XS\/S<\/strong><\/td>\n<td style=\"text-align: center\" width=\"64\"><strong>M\/L<\/strong><\/td>\n<\/tr>\n<tr>\n<td>szer. w klatce i biodrach<\/td>\n<td style=\"text-align: center\">50<\/td>\n<td style=\"text-align: center\">56<\/td>\n<\/tr>\n<tr>\n<td width=\"91\">d\u0142ugo\u015b\u0107 ty\u0142u<\/td>\n<td style=\"text-align: center\">86<\/td>\n<td style=\"text-align: center\">90<\/td>\n<\/tr>\n<\/tbody>\n<\/table>\n","protected":false},"excerpt":{"rendered":"<p>Damska sukienka mini o T-shirtowym kroju, z dodatkiem po\u0142yskuj\u0105cej srebrnej nitki. Odbicie nieba w letnie dni. Jej pastelowo-b\u0142\u0119kitny kolor subtelnie podkre\u015bla letni\u0105 opalenizn\u0119. Du\u017cy V dekolt, rozci\u0119cie z boku i metaliczny po\u0142ysk nadaj\u0105 sukience zmys\u0142owego uroku. Jednocze\u015bnie jest ona super wygodna i swobodna. Idealna na pla\u017c\u0119 jak i na ciep\u0142e wieczory w mie\u015bcie. No\u015b j\u0105 [&#8230;]\n","protected":false},"featured_media":5950,"template":"","meta":[],"product_brand":[],"product_cat":[21,28,55],"product_tag":[],"class_list":{"0":"post-5949","1":"product","2":"type-product","3":"status-publish","4":"has-post-thumbnail","6":"product_cat-btm-en","7":"product_cat-dresses","8":"product_cat-sale","10":"first","11":"instock","12":"sale","13":"taxable","14":"shipping-taxable","15":"purchasable","16":"product-type-variable"},"yoast_head":"<!-- This site is optimized with the Yoast SEO plugin v27.0 - https:\/\/yoast.com\/product\/yoast-seo-wordpress\/ -->\n<title>sukienka z po\u0142yskiem Mia Sky - By The Moon EN<\/title>\n<meta name=\"robots\" content=\"index, follow, max-snippet:-1, max-image-preview:large, max-video-preview:-1\" \/>\n<link rel=\"canonical\" href=\"https:\/\/bythemoon.eu\/en\/product\/sukienka-mia-sky\/\" \/>\n<meta property=\"og:locale\" content=\"en_US\" \/>\n<meta property=\"og:type\" content=\"article\" \/>\n<meta property=\"og:title\" content=\"sukienka z po\u0142yskiem Mia Sky - By The Moon EN\" \/>\n<meta property=\"og:description\" content=\"Damska sukienka mini o T-shirtowym kroju, z dodatkiem po\u0142yskuj\u0105cej srebrnej nitki. Odbicie nieba w letnie dni. Jej pastelowo-b\u0142\u0119kitny kolor subtelnie podkre\u015bla letni\u0105 opalenizn\u0119. Du\u017cy V dekolt, rozci\u0119cie z boku i metaliczny po\u0142ysk nadaj\u0105 sukience zmys\u0142owego uroku. Jednocze\u015bnie jest ona super wygodna i swobodna. Idealna na pla\u017c\u0119 jak i na ciep\u0142e wieczory w mie\u015bcie. No\u015b j\u0105 [...]\" \/>\n<meta property=\"og:url\" content=\"https:\/\/bythemoon.eu\/en\/product\/sukienka-mia-sky\/\" \/>\n<meta property=\"og:site_name\" content=\"By The Moon EN\" \/>\n<meta property=\"article:modified_time\" content=\"2025-11-14T13:17:21+00:00\" \/>\n<meta property=\"og:image\" content=\"https:\/\/bythemoon.eu\/en\/wp-content\/uploads\/2025\/06\/mia-sky3.jpg\" \/>\n\t<meta property=\"og:image:width\" content=\"1000\" \/>\n\t<meta property=\"og:image:height\" content=\"1400\" \/>\n\t<meta property=\"og:image:type\" content=\"image\/jpeg\" \/>\n<script type=\"application\/ld+json\" class=\"yoast-schema-graph\">{\"@context\":\"https:\/\/schema.org\",\"@graph\":[{\"@type\":\"WebPage\",\"@id\":\"https:\/\/bythemoon.eu\/en\/product\/sukienka-mia-sky\/\",\"url\":\"https:\/\/bythemoon.eu\/en\/product\/sukienka-mia-sky\/\",\"name\":\"sukienka z po\u0142yskiem Mia Sky - By The Moon EN\",\"isPartOf\":{\"@id\":\"https:\/\/bythemoon.eu\/en\/#website\"},\"primaryImageOfPage\":{\"@id\":\"https:\/\/bythemoon.eu\/en\/product\/sukienka-mia-sky\/#primaryimage\"},\"image\":{\"@id\":\"https:\/\/bythemoon.eu\/en\/product\/sukienka-mia-sky\/#primaryimage\"},\"thumbnailUrl\":\"https:\/\/bythemoon.eu\/en\/wp-content\/uploads\/2025\/06\/mia-sky3.jpg\",\"datePublished\":\"2025-06-25T13:11:55+00:00\",\"dateModified\":\"2025-11-14T13:17:21+00:00\",\"breadcrumb\":{\"@id\":\"https:\/\/bythemoon.eu\/en\/product\/sukienka-mia-sky\/#breadcrumb\"},\"inLanguage\":\"en-US\",\"potentialAction\":[{\"@type\":\"ReadAction\",\"target\":[\"https:\/\/bythemoon.eu\/en\/product\/sukienka-mia-sky\/\"]}]},{\"@type\":\"ImageObject\",\"inLanguage\":\"en-US\",\"@id\":\"https:\/\/bythemoon.eu\/en\/product\/sukienka-mia-sky\/#primaryimage\",\"url\":\"https:\/\/bythemoon.eu\/en\/wp-content\/uploads\/2025\/06\/mia-sky3.jpg\",\"contentUrl\":\"https:\/\/bythemoon.eu\/en\/wp-content\/uploads\/2025\/06\/mia-sky3.jpg\",\"width\":1000,\"height\":1400,\"caption\":\"niebieska damska sukienka t-shirtowa, prosta, na lato, w serek, z kr\u00f3tkim r\u0119kawem, \u015bwi\u0119c\u0105ca, b\u0142yszcz\u0105ca dzianinowa\"},{\"@type\":\"BreadcrumbList\",\"@id\":\"https:\/\/bythemoon.eu\/en\/product\/sukienka-mia-sky\/#breadcrumb\",\"itemListElement\":[{\"@type\":\"ListItem\",\"position\":1,\"name\":\"Strona g\u0142\u00f3wna\",\"item\":\"https:\/\/bythemoon.eu\/en\/\"},{\"@type\":\"ListItem\",\"position\":2,\"name\":\"Shop\",\"item\":\"https:\/\/bythemoon.eu\/en\/shop\/\"},{\"@type\":\"ListItem\",\"position\":3,\"name\":\"sukienka z po\u0142yskiem Mia Sky\"}]},{\"@type\":\"WebSite\",\"@id\":\"https:\/\/bythemoon.eu\/en\/#website\",\"url\":\"https:\/\/bythemoon.eu\/en\/\",\"name\":\"By The Moon EN\",\"description\":\"\",\"potentialAction\":[{\"@type\":\"SearchAction\",\"target\":{\"@type\":\"EntryPoint\",\"urlTemplate\":\"https:\/\/bythemoon.eu\/en\/?s={search_term_string}\"},\"query-input\":{\"@type\":\"PropertyValueSpecification\",\"valueRequired\":true,\"valueName\":\"search_term_string\"}}],\"inLanguage\":\"en-US\"}]}<\/script>\n<!-- \/ Yoast SEO plugin. -->","yoast_head_json":{"title":"sukienka z po\u0142yskiem Mia Sky - By The Moon EN","robots":{"index":"index","follow":"follow","max-snippet":"max-snippet:-1","max-image-preview":"max-image-preview:large","max-video-preview":"max-video-preview:-1"},"canonical":"https:\/\/bythemoon.eu\/en\/product\/sukienka-mia-sky\/","og_locale":"en_US","og_type":"article","og_title":"sukienka z po\u0142yskiem Mia Sky - By The Moon EN","og_description":"Damska sukienka mini o T-shirtowym kroju, z dodatkiem po\u0142yskuj\u0105cej srebrnej nitki. Odbicie nieba w letnie dni. Jej pastelowo-b\u0142\u0119kitny kolor subtelnie podkre\u015bla letni\u0105 opalenizn\u0119. Du\u017cy V dekolt, rozci\u0119cie z boku i metaliczny po\u0142ysk nadaj\u0105 sukience zmys\u0142owego uroku. Jednocze\u015bnie jest ona super wygodna i swobodna. Idealna na pla\u017c\u0119 jak i na ciep\u0142e wieczory w mie\u015bcie. No\u015b j\u0105 [...]","og_url":"https:\/\/bythemoon.eu\/en\/product\/sukienka-mia-sky\/","og_site_name":"By The Moon EN","article_modified_time":"2025-11-14T13:17:21+00:00","og_image":[{"width":1000,"height":1400,"url":"https:\/\/bythemoon.eu\/en\/wp-content\/uploads\/2025\/06\/mia-sky3.jpg","type":"image\/jpeg"}],"schema":{"@context":"https:\/\/schema.org","@graph":[{"@type":"WebPage","@id":"https:\/\/bythemoon.eu\/en\/product\/sukienka-mia-sky\/","url":"https:\/\/bythemoon.eu\/en\/product\/sukienka-mia-sky\/","name":"sukienka z po\u0142yskiem Mia Sky - By The Moon EN","isPartOf":{"@id":"https:\/\/bythemoon.eu\/en\/#website"},"primaryImageOfPage":{"@id":"https:\/\/bythemoon.eu\/en\/product\/sukienka-mia-sky\/#primaryimage"},"image":{"@id":"https:\/\/bythemoon.eu\/en\/product\/sukienka-mia-sky\/#primaryimage"},"thumbnailUrl":"https:\/\/bythemoon.eu\/en\/wp-content\/uploads\/2025\/06\/mia-sky3.jpg","datePublished":"2025-06-25T13:11:55+00:00","dateModified":"2025-11-14T13:17:21+00:00","breadcrumb":{"@id":"https:\/\/bythemoon.eu\/en\/product\/sukienka-mia-sky\/#breadcrumb"},"inLanguage":"en-US","potentialAction":[{"@type":"ReadAction","target":["https:\/\/bythemoon.eu\/en\/product\/sukienka-mia-sky\/"]}]},{"@type":"ImageObject","inLanguage":"en-US","@id":"https:\/\/bythemoon.eu\/en\/product\/sukienka-mia-sky\/#primaryimage","url":"https:\/\/bythemoon.eu\/en\/wp-content\/uploads\/2025\/06\/mia-sky3.jpg","contentUrl":"https:\/\/bythemoon.eu\/en\/wp-content\/uploads\/2025\/06\/mia-sky3.jpg","width":1000,"height":1400,"caption":"niebieska damska sukienka t-shirtowa, prosta, na lato, w serek, z kr\u00f3tkim r\u0119kawem, \u015bwi\u0119c\u0105ca, b\u0142yszcz\u0105ca dzianinowa"},{"@type":"BreadcrumbList","@id":"https:\/\/bythemoon.eu\/en\/product\/sukienka-mia-sky\/#breadcrumb","itemListElement":[{"@type":"ListItem","position":1,"name":"Strona g\u0142\u00f3wna","item":"https:\/\/bythemoon.eu\/en\/"},{"@type":"ListItem","position":2,"name":"Shop","item":"https:\/\/bythemoon.eu\/en\/shop\/"},{"@type":"ListItem","position":3,"name":"sukienka z po\u0142yskiem Mia Sky"}]},{"@type":"WebSite","@id":"https:\/\/bythemoon.eu\/en\/#website","url":"https:\/\/bythemoon.eu\/en\/","name":"By The Moon EN","description":"","potentialAction":[{"@type":"SearchAction","target":{"@type":"EntryPoint","urlTemplate":"https:\/\/bythemoon.eu\/en\/?s={search_term_string}"},"query-input":{"@type":"PropertyValueSpecification","valueRequired":true,"valueName":"search_term_string"}}],"inLanguage":"en-US"}]}},"_links":{"self":[{"href":"https:\/\/bythemoon.eu\/en\/wp-json\/wp\/v2\/product\/5949","targetHints":{"allow":["GET"]}}],"collection":[{"href":"https:\/\/bythemoon.eu\/en\/wp-json\/wp\/v2\/product"}],"about":[{"href":"https:\/\/bythemoon.eu\/en\/wp-json\/wp\/v2\/types\/product"}],"wp:featuredmedia":[{"embeddable":true,"href":"https:\/\/bythemoon.eu\/en\/wp-json\/wp\/v2\/media\/5950"}],"wp:attachment":[{"href":"https:\/\/bythemoon.eu\/en\/wp-json\/wp\/v2\/media?parent=5949"}],"wp:term":[{"taxonomy":"product_brand","embeddable":true,"href":"https:\/\/bythemoon.eu\/en\/wp-json\/wp\/v2\/product_brand?post=5949"},{"taxonomy":"product_cat","embeddable":true,"href":"https:\/\/bythemoon.eu\/en\/wp-json\/wp\/v2\/product_cat?post=5949"},{"taxonomy":"product_tag","embeddable":true,"href":"https:\/\/bythemoon.eu\/en\/wp-json\/wp\/v2\/product_tag?post=5949"}],"curies":[{"name":"wp","href":"https:\/\/api.w.org\/{rel}","templated":true}]}}