{"id":5920,"date":"2025-06-25T15:11:45","date_gmt":"2025-06-25T13:11:45","guid":{"rendered":"https:\/\/bythemoon.eu\/en\/produkt\/t-shirt-mama-club-red\/"},"modified":"2025-11-14T14:17:22","modified_gmt":"2025-11-14T13:17:22","slug":"t-shirt-mama-club-red","status":"publish","type":"product","link":"https:\/\/bythemoon.eu\/en\/product\/t-shirt-mama-club-red\/","title":{"rendered":"t-shirt Mama club red"},"content":{"rendered":"<p>Koszulka dla mam. Tych oczekuj\u0105cych, \u015bwie\u017co upieczonych, a tak\u017ce tych, kt\u00f3re macierzy\u0144stwem ciesz\u0105 si\u0119 ju\u017c od kilku lat. Dla wszystkich, kt\u00f3re po prostu kochaj\u0105 bycie mam\u0105. Do\u0142\u0105czcie do klubu mama club. To tak\u017ce \u015bwietny prezent na baby shower i Dzie\u0144 Mamy. T-shirt uszyty jest z wysokogatunkowej bawe\u0142ny z dodatkiem elastanu, dzi\u0119ki czemu idealnie uk\u0142ada si\u0119 i dopasowuje do sylwetki. Na przodzie ma nadruk <em>mama club<\/em> wykonany flockiem, czyli z aksamitnym meszkiem.<\/p>\n<p>&nbsp;<\/p>\n<p><strong>Wymiary t-shirtu w cm:<\/strong><\/p>\n<table width=\"550\">\n<tbody>\n<tr>\n<td width=\"90\"><\/td>\n<td style=\"text-align: center\" width=\"64\"><strong>XS<\/strong><\/td>\n<td style=\"text-align: center\" width=\"64\"><strong>S<\/strong><\/td>\n<td style=\"text-align: center\" width=\"64\"><strong>M<\/strong><\/td>\n<td style=\"text-align: center\" width=\"64\"><strong>L<\/strong><\/td>\n<\/tr>\n<tr>\n<td style=\"text-align: center\">szer. w klatce<\/td>\n<td style=\"text-align: center\">46<\/td>\n<td style=\"text-align: center\">49<\/td>\n<td style=\"text-align: center\">53<\/td>\n<td style=\"text-align: center\">56<\/td>\n<\/tr>\n<tr>\n<td style=\"text-align: center\" width=\"90\">d\u0142ugo\u015b\u0107<\/td>\n<td style=\"text-align: center\">60<\/td>\n<td style=\"text-align: center\">62<\/td>\n<td style=\"text-align: center\">64<\/td>\n<td style=\"text-align: center\">66<\/td>\n<\/tr>\n<\/tbody>\n<\/table>\n<p>&nbsp;<\/p>\n","protected":false},"excerpt":{"rendered":"<p>Koszulka dla mam. Tych oczekuj\u0105cych, \u015bwie\u017co upieczonych, a tak\u017ce tych, kt\u00f3re macierzy\u0144stwem ciesz\u0105 si\u0119 ju\u017c od kilku lat. Dla wszystkich, kt\u00f3re po prostu kochaj\u0105 bycie mam\u0105. Do\u0142\u0105czcie do klubu mama club. To tak\u017ce \u015bwietny prezent na baby shower i Dzie\u0144 Mamy. T-shirt uszyty jest z wysokogatunkowej bawe\u0142ny z dodatkiem elastanu, dzi\u0119ki czemu idealnie uk\u0142ada si\u0119 [&#8230;]\n","protected":false},"featured_media":5921,"template":"","meta":[],"product_brand":[],"product_cat":[21,55,24],"product_tag":[],"class_list":{"0":"post-5920","1":"product","2":"type-product","3":"status-publish","4":"has-post-thumbnail","6":"product_cat-btm-en","7":"product_cat-sale","8":"product_cat-t-shirts","10":"first","11":"instock","12":"sale","13":"taxable","14":"shipping-taxable","15":"purchasable","16":"product-type-variable"},"yoast_head":"<!-- This site is optimized with the Yoast SEO plugin v27.0 - https:\/\/yoast.com\/product\/yoast-seo-wordpress\/ -->\n<title>t-shirt Mama club red - By The Moon EN<\/title>\n<meta name=\"robots\" content=\"index, follow, max-snippet:-1, max-image-preview:large, max-video-preview:-1\" \/>\n<link rel=\"canonical\" href=\"https:\/\/bythemoon.eu\/en\/product\/t-shirt-mama-club-red\/\" \/>\n<meta property=\"og:locale\" content=\"en_US\" \/>\n<meta property=\"og:type\" content=\"article\" \/>\n<meta property=\"og:title\" content=\"t-shirt Mama club red - By The Moon EN\" \/>\n<meta property=\"og:description\" content=\"Koszulka dla mam. Tych oczekuj\u0105cych, \u015bwie\u017co upieczonych, a tak\u017ce tych, kt\u00f3re macierzy\u0144stwem ciesz\u0105 si\u0119 ju\u017c od kilku lat. Dla wszystkich, kt\u00f3re po prostu kochaj\u0105 bycie mam\u0105. Do\u0142\u0105czcie do klubu mama club. To tak\u017ce \u015bwietny prezent na baby shower i Dzie\u0144 Mamy. T-shirt uszyty jest z wysokogatunkowej bawe\u0142ny z dodatkiem elastanu, dzi\u0119ki czemu idealnie uk\u0142ada si\u0119 [...]\" \/>\n<meta property=\"og:url\" content=\"https:\/\/bythemoon.eu\/en\/product\/t-shirt-mama-club-red\/\" \/>\n<meta property=\"og:site_name\" content=\"By The Moon EN\" \/>\n<meta property=\"article:modified_time\" content=\"2025-11-14T13:17:22+00:00\" \/>\n<meta property=\"og:image\" content=\"https:\/\/bythemoon.eu\/en\/wp-content\/uploads\/2025\/06\/mama_club_red.jpeg\" \/>\n\t<meta property=\"og:image:width\" content=\"914\" \/>\n\t<meta property=\"og:image:height\" content=\"1280\" \/>\n\t<meta property=\"og:image:type\" content=\"image\/jpeg\" \/>\n<script type=\"application\/ld+json\" class=\"yoast-schema-graph\">{\"@context\":\"https:\/\/schema.org\",\"@graph\":[{\"@type\":\"WebPage\",\"@id\":\"https:\/\/bythemoon.eu\/en\/product\/t-shirt-mama-club-red\/\",\"url\":\"https:\/\/bythemoon.eu\/en\/product\/t-shirt-mama-club-red\/\",\"name\":\"t-shirt Mama club red - By The Moon EN\",\"isPartOf\":{\"@id\":\"https:\/\/bythemoon.eu\/en\/#website\"},\"primaryImageOfPage\":{\"@id\":\"https:\/\/bythemoon.eu\/en\/product\/t-shirt-mama-club-red\/#primaryimage\"},\"image\":{\"@id\":\"https:\/\/bythemoon.eu\/en\/product\/t-shirt-mama-club-red\/#primaryimage\"},\"thumbnailUrl\":\"https:\/\/bythemoon.eu\/en\/wp-content\/uploads\/2025\/06\/mama_club_red.jpeg\",\"datePublished\":\"2025-06-25T13:11:45+00:00\",\"dateModified\":\"2025-11-14T13:17:22+00:00\",\"breadcrumb\":{\"@id\":\"https:\/\/bythemoon.eu\/en\/product\/t-shirt-mama-club-red\/#breadcrumb\"},\"inLanguage\":\"en-US\",\"potentialAction\":[{\"@type\":\"ReadAction\",\"target\":[\"https:\/\/bythemoon.eu\/en\/product\/t-shirt-mama-club-red\/\"]}]},{\"@type\":\"ImageObject\",\"inLanguage\":\"en-US\",\"@id\":\"https:\/\/bythemoon.eu\/en\/product\/t-shirt-mama-club-red\/#primaryimage\",\"url\":\"https:\/\/bythemoon.eu\/en\/wp-content\/uploads\/2025\/06\/mama_club_red.jpeg\",\"contentUrl\":\"https:\/\/bythemoon.eu\/en\/wp-content\/uploads\/2025\/06\/mama_club_red.jpeg\",\"width\":914,\"height\":1280,\"caption\":\"t-shirt mama club, dla mamy, na dzien mamy, polska marka, bawe\u0142na\"},{\"@type\":\"BreadcrumbList\",\"@id\":\"https:\/\/bythemoon.eu\/en\/product\/t-shirt-mama-club-red\/#breadcrumb\",\"itemListElement\":[{\"@type\":\"ListItem\",\"position\":1,\"name\":\"Strona g\u0142\u00f3wna\",\"item\":\"https:\/\/bythemoon.eu\/en\/\"},{\"@type\":\"ListItem\",\"position\":2,\"name\":\"Shop\",\"item\":\"https:\/\/bythemoon.eu\/en\/shop\/\"},{\"@type\":\"ListItem\",\"position\":3,\"name\":\"t-shirt Mama club red\"}]},{\"@type\":\"WebSite\",\"@id\":\"https:\/\/bythemoon.eu\/en\/#website\",\"url\":\"https:\/\/bythemoon.eu\/en\/\",\"name\":\"By The Moon EN\",\"description\":\"\",\"potentialAction\":[{\"@type\":\"SearchAction\",\"target\":{\"@type\":\"EntryPoint\",\"urlTemplate\":\"https:\/\/bythemoon.eu\/en\/?s={search_term_string}\"},\"query-input\":{\"@type\":\"PropertyValueSpecification\",\"valueRequired\":true,\"valueName\":\"search_term_string\"}}],\"inLanguage\":\"en-US\"}]}<\/script>\n<!-- \/ Yoast SEO plugin. -->","yoast_head_json":{"title":"t-shirt Mama club red - By The Moon EN","robots":{"index":"index","follow":"follow","max-snippet":"max-snippet:-1","max-image-preview":"max-image-preview:large","max-video-preview":"max-video-preview:-1"},"canonical":"https:\/\/bythemoon.eu\/en\/product\/t-shirt-mama-club-red\/","og_locale":"en_US","og_type":"article","og_title":"t-shirt Mama club red - By The Moon EN","og_description":"Koszulka dla mam. Tych oczekuj\u0105cych, \u015bwie\u017co upieczonych, a tak\u017ce tych, kt\u00f3re macierzy\u0144stwem ciesz\u0105 si\u0119 ju\u017c od kilku lat. Dla wszystkich, kt\u00f3re po prostu kochaj\u0105 bycie mam\u0105. Do\u0142\u0105czcie do klubu mama club. To tak\u017ce \u015bwietny prezent na baby shower i Dzie\u0144 Mamy. T-shirt uszyty jest z wysokogatunkowej bawe\u0142ny z dodatkiem elastanu, dzi\u0119ki czemu idealnie uk\u0142ada si\u0119 [...]","og_url":"https:\/\/bythemoon.eu\/en\/product\/t-shirt-mama-club-red\/","og_site_name":"By The Moon EN","article_modified_time":"2025-11-14T13:17:22+00:00","og_image":[{"width":914,"height":1280,"url":"https:\/\/bythemoon.eu\/en\/wp-content\/uploads\/2025\/06\/mama_club_red.jpeg","type":"image\/jpeg"}],"schema":{"@context":"https:\/\/schema.org","@graph":[{"@type":"WebPage","@id":"https:\/\/bythemoon.eu\/en\/product\/t-shirt-mama-club-red\/","url":"https:\/\/bythemoon.eu\/en\/product\/t-shirt-mama-club-red\/","name":"t-shirt Mama club red - By The Moon EN","isPartOf":{"@id":"https:\/\/bythemoon.eu\/en\/#website"},"primaryImageOfPage":{"@id":"https:\/\/bythemoon.eu\/en\/product\/t-shirt-mama-club-red\/#primaryimage"},"image":{"@id":"https:\/\/bythemoon.eu\/en\/product\/t-shirt-mama-club-red\/#primaryimage"},"thumbnailUrl":"https:\/\/bythemoon.eu\/en\/wp-content\/uploads\/2025\/06\/mama_club_red.jpeg","datePublished":"2025-06-25T13:11:45+00:00","dateModified":"2025-11-14T13:17:22+00:00","breadcrumb":{"@id":"https:\/\/bythemoon.eu\/en\/product\/t-shirt-mama-club-red\/#breadcrumb"},"inLanguage":"en-US","potentialAction":[{"@type":"ReadAction","target":["https:\/\/bythemoon.eu\/en\/product\/t-shirt-mama-club-red\/"]}]},{"@type":"ImageObject","inLanguage":"en-US","@id":"https:\/\/bythemoon.eu\/en\/product\/t-shirt-mama-club-red\/#primaryimage","url":"https:\/\/bythemoon.eu\/en\/wp-content\/uploads\/2025\/06\/mama_club_red.jpeg","contentUrl":"https:\/\/bythemoon.eu\/en\/wp-content\/uploads\/2025\/06\/mama_club_red.jpeg","width":914,"height":1280,"caption":"t-shirt mama club, dla mamy, na dzien mamy, polska marka, bawe\u0142na"},{"@type":"BreadcrumbList","@id":"https:\/\/bythemoon.eu\/en\/product\/t-shirt-mama-club-red\/#breadcrumb","itemListElement":[{"@type":"ListItem","position":1,"name":"Strona g\u0142\u00f3wna","item":"https:\/\/bythemoon.eu\/en\/"},{"@type":"ListItem","position":2,"name":"Shop","item":"https:\/\/bythemoon.eu\/en\/shop\/"},{"@type":"ListItem","position":3,"name":"t-shirt Mama club red"}]},{"@type":"WebSite","@id":"https:\/\/bythemoon.eu\/en\/#website","url":"https:\/\/bythemoon.eu\/en\/","name":"By The Moon EN","description":"","potentialAction":[{"@type":"SearchAction","target":{"@type":"EntryPoint","urlTemplate":"https:\/\/bythemoon.eu\/en\/?s={search_term_string}"},"query-input":{"@type":"PropertyValueSpecification","valueRequired":true,"valueName":"search_term_string"}}],"inLanguage":"en-US"}]}},"_links":{"self":[{"href":"https:\/\/bythemoon.eu\/en\/wp-json\/wp\/v2\/product\/5920","targetHints":{"allow":["GET"]}}],"collection":[{"href":"https:\/\/bythemoon.eu\/en\/wp-json\/wp\/v2\/product"}],"about":[{"href":"https:\/\/bythemoon.eu\/en\/wp-json\/wp\/v2\/types\/product"}],"wp:featuredmedia":[{"embeddable":true,"href":"https:\/\/bythemoon.eu\/en\/wp-json\/wp\/v2\/media\/5921"}],"wp:attachment":[{"href":"https:\/\/bythemoon.eu\/en\/wp-json\/wp\/v2\/media?parent=5920"}],"wp:term":[{"taxonomy":"product_brand","embeddable":true,"href":"https:\/\/bythemoon.eu\/en\/wp-json\/wp\/v2\/product_brand?post=5920"},{"taxonomy":"product_cat","embeddable":true,"href":"https:\/\/bythemoon.eu\/en\/wp-json\/wp\/v2\/product_cat?post=5920"},{"taxonomy":"product_tag","embeddable":true,"href":"https:\/\/bythemoon.eu\/en\/wp-json\/wp\/v2\/product_tag?post=5920"}],"curies":[{"name":"wp","href":"https:\/\/api.w.org\/{rel}","templated":true}]}}