{"id":5904,"date":"2025-06-25T15:11:45","date_gmt":"2025-06-25T13:11:45","guid":{"rendered":"https:\/\/bythemoon.eu\/en\/produkt\/bluzka-mia-sun\/"},"modified":"2025-11-14T14:17:22","modified_gmt":"2025-11-14T13:17:22","slug":"bluzka-mia-sun","status":"publish","type":"product","link":"https:\/\/bythemoon.eu\/en\/product\/bluzka-mia-sun\/","title":{"rendered":"bluzka Mia Sun"},"content":{"rendered":"<p>Pe\u0142na blasku, z\u0142ocisto-\u017c\u00f3\u0142ta bluzka damska z po\u0142yskuj\u0105c\u0105 srebrn\u0105 nitk\u0105. Ma pi\u0119knie wykrojony tr\u00f3jk\u0105tny dekolt. Jej po\u0142ysk dodaje nonszalancji prostej stylizacji. \u015awietna do jeans\u00f3w, garniturowych szerokich spodni lub w\u0105skiej sp\u00f3dnicy. Pi\u0119knie zab\u0142yszczy w pe\u0142nym s\u0142o\u0144cu i w blasku wieczoru. Uszyta jest z mi\u0119kkiej i delikatnej dzianiny wiskozowej. Wybierz jeden z dost\u0119pnych dw\u00f3ch kolor\u00f3w koszulki, zab\u0142y\u015bnij i poczuj si\u0119 wyj\u0105tkowo!<\/p>\n<p><strong>Wymiary bluzki w cm:<\/strong><\/p>\n<table style=\"height: 114px\" width=\"501\">\n<tbody>\n<tr>\n<td width=\"91\"><\/td>\n<td style=\"text-align: center\" width=\"64\"><strong>XS\/S<\/strong><\/td>\n<td style=\"text-align: center\" width=\"64\"><strong>M\/L<\/strong><\/td>\n<\/tr>\n<tr>\n<td>szer. w klatce<\/td>\n<td style=\"text-align: center\">50<\/td>\n<td style=\"text-align: center\">56<\/td>\n<\/tr>\n<tr>\n<td width=\"91\">d\u0142ugo\u015b\u0107<\/td>\n<td style=\"text-align: center\">58<\/td>\n<td style=\"text-align: center\">60<\/td>\n<\/tr>\n<\/tbody>\n<\/table>\n","protected":false},"excerpt":{"rendered":"<p>Pe\u0142na blasku, z\u0142ocisto-\u017c\u00f3\u0142ta bluzka damska z po\u0142yskuj\u0105c\u0105 srebrn\u0105 nitk\u0105. Ma pi\u0119knie wykrojony tr\u00f3jk\u0105tny dekolt. Jej po\u0142ysk dodaje nonszalancji prostej stylizacji. \u015awietna do jeans\u00f3w, garniturowych szerokich spodni lub w\u0105skiej sp\u00f3dnicy. Pi\u0119knie zab\u0142yszczy w pe\u0142nym s\u0142o\u0144cu i w blasku wieczoru. Uszyta jest z mi\u0119kkiej i delikatnej dzianiny wiskozowej. Wybierz jeden z dost\u0119pnych dw\u00f3ch kolor\u00f3w koszulki, zab\u0142y\u015bnij i [&#8230;]\n","protected":false},"featured_media":5911,"template":"","meta":[],"product_brand":[],"product_cat":[23,21,55,24],"product_tag":[],"class_list":{"0":"post-5904","1":"product","2":"type-product","3":"status-publish","4":"has-post-thumbnail","6":"product_cat-blouses-longsleeves","7":"product_cat-btm-en","8":"product_cat-sale","9":"product_cat-t-shirts","11":"first","12":"outofstock","13":"sale","14":"taxable","15":"shipping-taxable","16":"purchasable","17":"product-type-variable"},"yoast_head":"<!-- This site is optimized with the Yoast SEO plugin v27.0 - https:\/\/yoast.com\/product\/yoast-seo-wordpress\/ -->\n<title>bluzka Mia Sun - By The Moon EN<\/title>\n<meta name=\"robots\" content=\"index, follow, max-snippet:-1, max-image-preview:large, max-video-preview:-1\" \/>\n<link rel=\"canonical\" href=\"https:\/\/bythemoon.eu\/en\/product\/bluzka-mia-sun\/\" \/>\n<meta property=\"og:locale\" content=\"en_US\" \/>\n<meta property=\"og:type\" content=\"article\" \/>\n<meta property=\"og:title\" content=\"bluzka Mia Sun - By The Moon EN\" \/>\n<meta property=\"og:description\" content=\"Pe\u0142na blasku, z\u0142ocisto-\u017c\u00f3\u0142ta bluzka damska z po\u0142yskuj\u0105c\u0105 srebrn\u0105 nitk\u0105. Ma pi\u0119knie wykrojony tr\u00f3jk\u0105tny dekolt. Jej po\u0142ysk dodaje nonszalancji prostej stylizacji. \u015awietna do jeans\u00f3w, garniturowych szerokich spodni lub w\u0105skiej sp\u00f3dnicy. Pi\u0119knie zab\u0142yszczy w pe\u0142nym s\u0142o\u0144cu i w blasku wieczoru. Uszyta jest z mi\u0119kkiej i delikatnej dzianiny wiskozowej. Wybierz jeden z dost\u0119pnych dw\u00f3ch kolor\u00f3w koszulki, zab\u0142y\u015bnij i [...]\" \/>\n<meta property=\"og:url\" content=\"https:\/\/bythemoon.eu\/en\/product\/bluzka-mia-sun\/\" \/>\n<meta property=\"og:site_name\" content=\"By The Moon EN\" \/>\n<meta property=\"article:modified_time\" content=\"2025-11-14T13:17:22+00:00\" \/>\n<meta property=\"og:image\" content=\"https:\/\/bythemoon.eu\/en\/wp-content\/uploads\/2025\/06\/Mia_sun_top.jpg\" \/>\n\t<meta property=\"og:image:width\" content=\"1000\" \/>\n\t<meta property=\"og:image:height\" content=\"1400\" \/>\n\t<meta property=\"og:image:type\" content=\"image\/jpeg\" \/>\n<script type=\"application\/ld+json\" class=\"yoast-schema-graph\">{\"@context\":\"https:\/\/schema.org\",\"@graph\":[{\"@type\":\"WebPage\",\"@id\":\"https:\/\/bythemoon.eu\/en\/product\/bluzka-mia-sun\/\",\"url\":\"https:\/\/bythemoon.eu\/en\/product\/bluzka-mia-sun\/\",\"name\":\"bluzka Mia Sun - By The Moon EN\",\"isPartOf\":{\"@id\":\"https:\/\/bythemoon.eu\/en\/#website\"},\"primaryImageOfPage\":{\"@id\":\"https:\/\/bythemoon.eu\/en\/product\/bluzka-mia-sun\/#primaryimage\"},\"image\":{\"@id\":\"https:\/\/bythemoon.eu\/en\/product\/bluzka-mia-sun\/#primaryimage\"},\"thumbnailUrl\":\"https:\/\/bythemoon.eu\/en\/wp-content\/uploads\/2025\/06\/Mia_sun_top.jpg\",\"datePublished\":\"2025-06-25T13:11:45+00:00\",\"dateModified\":\"2025-11-14T13:17:22+00:00\",\"breadcrumb\":{\"@id\":\"https:\/\/bythemoon.eu\/en\/product\/bluzka-mia-sun\/#breadcrumb\"},\"inLanguage\":\"en-US\",\"potentialAction\":[{\"@type\":\"ReadAction\",\"target\":[\"https:\/\/bythemoon.eu\/en\/product\/bluzka-mia-sun\/\"]}]},{\"@type\":\"ImageObject\",\"inLanguage\":\"en-US\",\"@id\":\"https:\/\/bythemoon.eu\/en\/product\/bluzka-mia-sun\/#primaryimage\",\"url\":\"https:\/\/bythemoon.eu\/en\/wp-content\/uploads\/2025\/06\/Mia_sun_top.jpg\",\"contentUrl\":\"https:\/\/bythemoon.eu\/en\/wp-content\/uploads\/2025\/06\/Mia_sun_top.jpg\",\"width\":1000,\"height\":1400,\"caption\":\"\u017c\u00f3\u0142ty t-shirt damski, b\u0142yszcz\u0105cy, Mia, koszulka, w serek, z wiskozy, polska marka\"},{\"@type\":\"BreadcrumbList\",\"@id\":\"https:\/\/bythemoon.eu\/en\/product\/bluzka-mia-sun\/#breadcrumb\",\"itemListElement\":[{\"@type\":\"ListItem\",\"position\":1,\"name\":\"Strona g\u0142\u00f3wna\",\"item\":\"https:\/\/bythemoon.eu\/en\/\"},{\"@type\":\"ListItem\",\"position\":2,\"name\":\"Shop\",\"item\":\"https:\/\/bythemoon.eu\/en\/shop\/\"},{\"@type\":\"ListItem\",\"position\":3,\"name\":\"bluzka Mia Sun\"}]},{\"@type\":\"WebSite\",\"@id\":\"https:\/\/bythemoon.eu\/en\/#website\",\"url\":\"https:\/\/bythemoon.eu\/en\/\",\"name\":\"By The Moon EN\",\"description\":\"\",\"potentialAction\":[{\"@type\":\"SearchAction\",\"target\":{\"@type\":\"EntryPoint\",\"urlTemplate\":\"https:\/\/bythemoon.eu\/en\/?s={search_term_string}\"},\"query-input\":{\"@type\":\"PropertyValueSpecification\",\"valueRequired\":true,\"valueName\":\"search_term_string\"}}],\"inLanguage\":\"en-US\"}]}<\/script>\n<!-- \/ Yoast SEO plugin. -->","yoast_head_json":{"title":"bluzka Mia Sun - By The Moon EN","robots":{"index":"index","follow":"follow","max-snippet":"max-snippet:-1","max-image-preview":"max-image-preview:large","max-video-preview":"max-video-preview:-1"},"canonical":"https:\/\/bythemoon.eu\/en\/product\/bluzka-mia-sun\/","og_locale":"en_US","og_type":"article","og_title":"bluzka Mia Sun - By The Moon EN","og_description":"Pe\u0142na blasku, z\u0142ocisto-\u017c\u00f3\u0142ta bluzka damska z po\u0142yskuj\u0105c\u0105 srebrn\u0105 nitk\u0105. Ma pi\u0119knie wykrojony tr\u00f3jk\u0105tny dekolt. Jej po\u0142ysk dodaje nonszalancji prostej stylizacji. \u015awietna do jeans\u00f3w, garniturowych szerokich spodni lub w\u0105skiej sp\u00f3dnicy. Pi\u0119knie zab\u0142yszczy w pe\u0142nym s\u0142o\u0144cu i w blasku wieczoru. Uszyta jest z mi\u0119kkiej i delikatnej dzianiny wiskozowej. Wybierz jeden z dost\u0119pnych dw\u00f3ch kolor\u00f3w koszulki, zab\u0142y\u015bnij i [...]","og_url":"https:\/\/bythemoon.eu\/en\/product\/bluzka-mia-sun\/","og_site_name":"By The Moon EN","article_modified_time":"2025-11-14T13:17:22+00:00","og_image":[{"width":1000,"height":1400,"url":"https:\/\/bythemoon.eu\/en\/wp-content\/uploads\/2025\/06\/Mia_sun_top.jpg","type":"image\/jpeg"}],"schema":{"@context":"https:\/\/schema.org","@graph":[{"@type":"WebPage","@id":"https:\/\/bythemoon.eu\/en\/product\/bluzka-mia-sun\/","url":"https:\/\/bythemoon.eu\/en\/product\/bluzka-mia-sun\/","name":"bluzka Mia Sun - By The Moon EN","isPartOf":{"@id":"https:\/\/bythemoon.eu\/en\/#website"},"primaryImageOfPage":{"@id":"https:\/\/bythemoon.eu\/en\/product\/bluzka-mia-sun\/#primaryimage"},"image":{"@id":"https:\/\/bythemoon.eu\/en\/product\/bluzka-mia-sun\/#primaryimage"},"thumbnailUrl":"https:\/\/bythemoon.eu\/en\/wp-content\/uploads\/2025\/06\/Mia_sun_top.jpg","datePublished":"2025-06-25T13:11:45+00:00","dateModified":"2025-11-14T13:17:22+00:00","breadcrumb":{"@id":"https:\/\/bythemoon.eu\/en\/product\/bluzka-mia-sun\/#breadcrumb"},"inLanguage":"en-US","potentialAction":[{"@type":"ReadAction","target":["https:\/\/bythemoon.eu\/en\/product\/bluzka-mia-sun\/"]}]},{"@type":"ImageObject","inLanguage":"en-US","@id":"https:\/\/bythemoon.eu\/en\/product\/bluzka-mia-sun\/#primaryimage","url":"https:\/\/bythemoon.eu\/en\/wp-content\/uploads\/2025\/06\/Mia_sun_top.jpg","contentUrl":"https:\/\/bythemoon.eu\/en\/wp-content\/uploads\/2025\/06\/Mia_sun_top.jpg","width":1000,"height":1400,"caption":"\u017c\u00f3\u0142ty t-shirt damski, b\u0142yszcz\u0105cy, Mia, koszulka, w serek, z wiskozy, polska marka"},{"@type":"BreadcrumbList","@id":"https:\/\/bythemoon.eu\/en\/product\/bluzka-mia-sun\/#breadcrumb","itemListElement":[{"@type":"ListItem","position":1,"name":"Strona g\u0142\u00f3wna","item":"https:\/\/bythemoon.eu\/en\/"},{"@type":"ListItem","position":2,"name":"Shop","item":"https:\/\/bythemoon.eu\/en\/shop\/"},{"@type":"ListItem","position":3,"name":"bluzka Mia Sun"}]},{"@type":"WebSite","@id":"https:\/\/bythemoon.eu\/en\/#website","url":"https:\/\/bythemoon.eu\/en\/","name":"By The Moon EN","description":"","potentialAction":[{"@type":"SearchAction","target":{"@type":"EntryPoint","urlTemplate":"https:\/\/bythemoon.eu\/en\/?s={search_term_string}"},"query-input":{"@type":"PropertyValueSpecification","valueRequired":true,"valueName":"search_term_string"}}],"inLanguage":"en-US"}]}},"_links":{"self":[{"href":"https:\/\/bythemoon.eu\/en\/wp-json\/wp\/v2\/product\/5904","targetHints":{"allow":["GET"]}}],"collection":[{"href":"https:\/\/bythemoon.eu\/en\/wp-json\/wp\/v2\/product"}],"about":[{"href":"https:\/\/bythemoon.eu\/en\/wp-json\/wp\/v2\/types\/product"}],"wp:featuredmedia":[{"embeddable":true,"href":"https:\/\/bythemoon.eu\/en\/wp-json\/wp\/v2\/media\/5911"}],"wp:attachment":[{"href":"https:\/\/bythemoon.eu\/en\/wp-json\/wp\/v2\/media?parent=5904"}],"wp:term":[{"taxonomy":"product_brand","embeddable":true,"href":"https:\/\/bythemoon.eu\/en\/wp-json\/wp\/v2\/product_brand?post=5904"},{"taxonomy":"product_cat","embeddable":true,"href":"https:\/\/bythemoon.eu\/en\/wp-json\/wp\/v2\/product_cat?post=5904"},{"taxonomy":"product_tag","embeddable":true,"href":"https:\/\/bythemoon.eu\/en\/wp-json\/wp\/v2\/product_tag?post=5904"}],"curies":[{"name":"wp","href":"https:\/\/api.w.org\/{rel}","templated":true}]}}