{"id":5850,"date":"2025-06-25T15:11:33","date_gmt":"2025-06-25T13:11:33","guid":{"rendered":"https:\/\/bythemoon.eu\/en\/produkt\/bluza-so-romantic\/"},"modified":"2025-11-14T14:17:24","modified_gmt":"2025-11-14T13:17:24","slug":"bluza-so-romantic","status":"publish","type":"product","link":"https:\/\/bythemoon.eu\/en\/product\/bluza-so-romantic\/","title":{"rendered":"bluza So romantic"},"content":{"rendered":"<p>Bluza So romantic, to propozycja dla tych z Was, kt\u00f3re \u017cyj\u0105 z g\u0142ow\u0105 w chmurach i lubi\u0105 podda\u0107 si\u0119 chwili. Dla odwa\u017cnych romantyczek i niezale\u017cnych marzycielek, pe\u0142nych uczu\u0107 i wra\u017cliwo\u015bci. Dla kt\u00f3rych \u015bwiat wewn\u0119trzny i zewn\u0119trzny jest zawsze pi\u0119kny. W delikatnym niebieskim odcieniu z karminowym nadrukiem flock. Uszyta z mi\u0119kkiej drapanej dzianiny, z delikatnym meszkiem od wewn\u0105trz.<\/p>\n<p><strong>Wymiary bluzy w cm:<\/strong><\/p>\n<table width=\"471\">\n<tbody>\n<tr>\n<td width=\"90\"><\/td>\n<td style=\"text-align: center\" width=\"64\"><strong>XS<\/strong><\/td>\n<td style=\"text-align: center\" width=\"64\"><strong>S<\/strong><\/td>\n<td style=\"text-align: center\" width=\"64\"><strong>M<\/strong><\/td>\n<td style=\"text-align: center\" width=\"64\"><strong>L<\/strong><\/td>\n<\/tr>\n<tr>\n<td style=\"text-align: left\">szer. w klatce<\/td>\n<td style=\"text-align: center\">53<\/td>\n<td style=\"text-align: center\">56<\/td>\n<td style=\"text-align: center\">59<\/td>\n<td style=\"text-align: center\">62<\/td>\n<\/tr>\n<tr>\n<td style=\"text-align: left\" width=\"90\">d\u0142ugo\u015b\u0107 od ramienia przy dekolcie<\/td>\n<td style=\"text-align: center\">62<\/td>\n<td style=\"text-align: center\">62,5<\/td>\n<td style=\"text-align: center\">63<\/td>\n<td style=\"text-align: center\">63,5<\/td>\n<\/tr>\n<\/tbody>\n<\/table>\n<p>&nbsp;<\/p>\n","protected":false},"excerpt":{"rendered":"<p>Bluza So romantic, to propozycja dla tych z Was, kt\u00f3re \u017cyj\u0105 z g\u0142ow\u0105 w chmurach i lubi\u0105 podda\u0107 si\u0119 chwili. Dla odwa\u017cnych romantyczek i niezale\u017cnych marzycielek, pe\u0142nych uczu\u0107 i wra\u017cliwo\u015bci. Dla kt\u00f3rych \u015bwiat wewn\u0119trzny i zewn\u0119trzny jest zawsze pi\u0119kny. W delikatnym niebieskim odcieniu z karminowym nadrukiem flock. Uszyta z mi\u0119kkiej drapanej dzianiny, z delikatnym meszkiem [&#8230;]\n","protected":false},"featured_media":5851,"template":"","meta":[],"product_brand":[],"product_cat":[21,48,52],"product_tag":[],"class_list":{"0":"post-5850","1":"product","2":"type-product","3":"status-publish","4":"has-post-thumbnail","6":"product_cat-btm-en","7":"product_cat-love-collection","8":"product_cat-sweatshirts","10":"first","11":"instock","12":"taxable","13":"shipping-taxable","14":"purchasable","15":"product-type-variable"},"yoast_head":"<!-- This site is optimized with the Yoast SEO plugin v27.0 - https:\/\/yoast.com\/product\/yoast-seo-wordpress\/ -->\n<title>bluza So romantic - By The Moon EN<\/title>\n<meta name=\"robots\" content=\"index, follow, max-snippet:-1, max-image-preview:large, max-video-preview:-1\" \/>\n<link rel=\"canonical\" href=\"https:\/\/bythemoon.eu\/en\/product\/bluza-so-romantic\/\" \/>\n<meta property=\"og:locale\" content=\"en_US\" \/>\n<meta property=\"og:type\" content=\"article\" \/>\n<meta property=\"og:title\" content=\"bluza So romantic - By The Moon EN\" \/>\n<meta property=\"og:description\" content=\"Bluza So romantic, to propozycja dla tych z Was, kt\u00f3re \u017cyj\u0105 z g\u0142ow\u0105 w chmurach i lubi\u0105 podda\u0107 si\u0119 chwili. Dla odwa\u017cnych romantyczek i niezale\u017cnych marzycielek, pe\u0142nych uczu\u0107 i wra\u017cliwo\u015bci. Dla kt\u00f3rych \u015bwiat wewn\u0119trzny i zewn\u0119trzny jest zawsze pi\u0119kny. W delikatnym niebieskim odcieniu z karminowym nadrukiem flock. Uszyta z mi\u0119kkiej drapanej dzianiny, z delikatnym meszkiem [...]\" \/>\n<meta property=\"og:url\" content=\"https:\/\/bythemoon.eu\/en\/product\/bluza-so-romantic\/\" \/>\n<meta property=\"og:site_name\" content=\"By The Moon EN\" \/>\n<meta property=\"article:modified_time\" content=\"2025-11-14T13:17:24+00:00\" \/>\n<meta property=\"og:image\" content=\"https:\/\/bythemoon.eu\/en\/wp-content\/uploads\/2025\/06\/bluza_soromantic_2.jpg\" \/>\n\t<meta property=\"og:image:width\" content=\"1000\" \/>\n\t<meta property=\"og:image:height\" content=\"1400\" \/>\n\t<meta property=\"og:image:type\" content=\"image\/jpeg\" \/>\n<script type=\"application\/ld+json\" class=\"yoast-schema-graph\">{\"@context\":\"https:\/\/schema.org\",\"@graph\":[{\"@type\":\"WebPage\",\"@id\":\"https:\/\/bythemoon.eu\/en\/product\/bluza-so-romantic\/\",\"url\":\"https:\/\/bythemoon.eu\/en\/product\/bluza-so-romantic\/\",\"name\":\"bluza So romantic - By The Moon EN\",\"isPartOf\":{\"@id\":\"https:\/\/bythemoon.eu\/en\/#website\"},\"primaryImageOfPage\":{\"@id\":\"https:\/\/bythemoon.eu\/en\/product\/bluza-so-romantic\/#primaryimage\"},\"image\":{\"@id\":\"https:\/\/bythemoon.eu\/en\/product\/bluza-so-romantic\/#primaryimage\"},\"thumbnailUrl\":\"https:\/\/bythemoon.eu\/en\/wp-content\/uploads\/2025\/06\/bluza_soromantic_2.jpg\",\"datePublished\":\"2025-06-25T13:11:33+00:00\",\"dateModified\":\"2025-11-14T13:17:24+00:00\",\"breadcrumb\":{\"@id\":\"https:\/\/bythemoon.eu\/en\/product\/bluza-so-romantic\/#breadcrumb\"},\"inLanguage\":\"en-US\",\"potentialAction\":[{\"@type\":\"ReadAction\",\"target\":[\"https:\/\/bythemoon.eu\/en\/product\/bluza-so-romantic\/\"]}]},{\"@type\":\"ImageObject\",\"inLanguage\":\"en-US\",\"@id\":\"https:\/\/bythemoon.eu\/en\/product\/bluza-so-romantic\/#primaryimage\",\"url\":\"https:\/\/bythemoon.eu\/en\/wp-content\/uploads\/2025\/06\/bluza_soromantic_2.jpg\",\"contentUrl\":\"https:\/\/bythemoon.eu\/en\/wp-content\/uploads\/2025\/06\/bluza_soromantic_2.jpg\",\"width\":1000,\"height\":1400,\"caption\":\"damska bluza bawe\u0142niana, b\u0142\u0119kitna, niebieska, polska marka, so romantic nadruk, flock, na lato\"},{\"@type\":\"BreadcrumbList\",\"@id\":\"https:\/\/bythemoon.eu\/en\/product\/bluza-so-romantic\/#breadcrumb\",\"itemListElement\":[{\"@type\":\"ListItem\",\"position\":1,\"name\":\"Strona g\u0142\u00f3wna\",\"item\":\"https:\/\/bythemoon.eu\/en\/\"},{\"@type\":\"ListItem\",\"position\":2,\"name\":\"Shop\",\"item\":\"https:\/\/bythemoon.eu\/en\/shop\/\"},{\"@type\":\"ListItem\",\"position\":3,\"name\":\"bluza So romantic\"}]},{\"@type\":\"WebSite\",\"@id\":\"https:\/\/bythemoon.eu\/en\/#website\",\"url\":\"https:\/\/bythemoon.eu\/en\/\",\"name\":\"By The Moon EN\",\"description\":\"\",\"potentialAction\":[{\"@type\":\"SearchAction\",\"target\":{\"@type\":\"EntryPoint\",\"urlTemplate\":\"https:\/\/bythemoon.eu\/en\/?s={search_term_string}\"},\"query-input\":{\"@type\":\"PropertyValueSpecification\",\"valueRequired\":true,\"valueName\":\"search_term_string\"}}],\"inLanguage\":\"en-US\"}]}<\/script>\n<!-- \/ Yoast SEO plugin. -->","yoast_head_json":{"title":"bluza So romantic - By The Moon EN","robots":{"index":"index","follow":"follow","max-snippet":"max-snippet:-1","max-image-preview":"max-image-preview:large","max-video-preview":"max-video-preview:-1"},"canonical":"https:\/\/bythemoon.eu\/en\/product\/bluza-so-romantic\/","og_locale":"en_US","og_type":"article","og_title":"bluza So romantic - By The Moon EN","og_description":"Bluza So romantic, to propozycja dla tych z Was, kt\u00f3re \u017cyj\u0105 z g\u0142ow\u0105 w chmurach i lubi\u0105 podda\u0107 si\u0119 chwili. Dla odwa\u017cnych romantyczek i niezale\u017cnych marzycielek, pe\u0142nych uczu\u0107 i wra\u017cliwo\u015bci. Dla kt\u00f3rych \u015bwiat wewn\u0119trzny i zewn\u0119trzny jest zawsze pi\u0119kny. W delikatnym niebieskim odcieniu z karminowym nadrukiem flock. Uszyta z mi\u0119kkiej drapanej dzianiny, z delikatnym meszkiem [...]","og_url":"https:\/\/bythemoon.eu\/en\/product\/bluza-so-romantic\/","og_site_name":"By The Moon EN","article_modified_time":"2025-11-14T13:17:24+00:00","og_image":[{"width":1000,"height":1400,"url":"https:\/\/bythemoon.eu\/en\/wp-content\/uploads\/2025\/06\/bluza_soromantic_2.jpg","type":"image\/jpeg"}],"schema":{"@context":"https:\/\/schema.org","@graph":[{"@type":"WebPage","@id":"https:\/\/bythemoon.eu\/en\/product\/bluza-so-romantic\/","url":"https:\/\/bythemoon.eu\/en\/product\/bluza-so-romantic\/","name":"bluza So romantic - By The Moon EN","isPartOf":{"@id":"https:\/\/bythemoon.eu\/en\/#website"},"primaryImageOfPage":{"@id":"https:\/\/bythemoon.eu\/en\/product\/bluza-so-romantic\/#primaryimage"},"image":{"@id":"https:\/\/bythemoon.eu\/en\/product\/bluza-so-romantic\/#primaryimage"},"thumbnailUrl":"https:\/\/bythemoon.eu\/en\/wp-content\/uploads\/2025\/06\/bluza_soromantic_2.jpg","datePublished":"2025-06-25T13:11:33+00:00","dateModified":"2025-11-14T13:17:24+00:00","breadcrumb":{"@id":"https:\/\/bythemoon.eu\/en\/product\/bluza-so-romantic\/#breadcrumb"},"inLanguage":"en-US","potentialAction":[{"@type":"ReadAction","target":["https:\/\/bythemoon.eu\/en\/product\/bluza-so-romantic\/"]}]},{"@type":"ImageObject","inLanguage":"en-US","@id":"https:\/\/bythemoon.eu\/en\/product\/bluza-so-romantic\/#primaryimage","url":"https:\/\/bythemoon.eu\/en\/wp-content\/uploads\/2025\/06\/bluza_soromantic_2.jpg","contentUrl":"https:\/\/bythemoon.eu\/en\/wp-content\/uploads\/2025\/06\/bluza_soromantic_2.jpg","width":1000,"height":1400,"caption":"damska bluza bawe\u0142niana, b\u0142\u0119kitna, niebieska, polska marka, so romantic nadruk, flock, na lato"},{"@type":"BreadcrumbList","@id":"https:\/\/bythemoon.eu\/en\/product\/bluza-so-romantic\/#breadcrumb","itemListElement":[{"@type":"ListItem","position":1,"name":"Strona g\u0142\u00f3wna","item":"https:\/\/bythemoon.eu\/en\/"},{"@type":"ListItem","position":2,"name":"Shop","item":"https:\/\/bythemoon.eu\/en\/shop\/"},{"@type":"ListItem","position":3,"name":"bluza So romantic"}]},{"@type":"WebSite","@id":"https:\/\/bythemoon.eu\/en\/#website","url":"https:\/\/bythemoon.eu\/en\/","name":"By The Moon EN","description":"","potentialAction":[{"@type":"SearchAction","target":{"@type":"EntryPoint","urlTemplate":"https:\/\/bythemoon.eu\/en\/?s={search_term_string}"},"query-input":{"@type":"PropertyValueSpecification","valueRequired":true,"valueName":"search_term_string"}}],"inLanguage":"en-US"}]}},"_links":{"self":[{"href":"https:\/\/bythemoon.eu\/en\/wp-json\/wp\/v2\/product\/5850","targetHints":{"allow":["GET"]}}],"collection":[{"href":"https:\/\/bythemoon.eu\/en\/wp-json\/wp\/v2\/product"}],"about":[{"href":"https:\/\/bythemoon.eu\/en\/wp-json\/wp\/v2\/types\/product"}],"wp:featuredmedia":[{"embeddable":true,"href":"https:\/\/bythemoon.eu\/en\/wp-json\/wp\/v2\/media\/5851"}],"wp:attachment":[{"href":"https:\/\/bythemoon.eu\/en\/wp-json\/wp\/v2\/media?parent=5850"}],"wp:term":[{"taxonomy":"product_brand","embeddable":true,"href":"https:\/\/bythemoon.eu\/en\/wp-json\/wp\/v2\/product_brand?post=5850"},{"taxonomy":"product_cat","embeddable":true,"href":"https:\/\/bythemoon.eu\/en\/wp-json\/wp\/v2\/product_cat?post=5850"},{"taxonomy":"product_tag","embeddable":true,"href":"https:\/\/bythemoon.eu\/en\/wp-json\/wp\/v2\/product_tag?post=5850"}],"curies":[{"name":"wp","href":"https:\/\/api.w.org\/{rel}","templated":true}]}}