{"id":5822,"date":"2025-06-25T15:11:24","date_gmt":"2025-06-25T13:11:24","guid":{"rendered":"https:\/\/bythemoon.eu\/en\/produkt\/t-shirt-damski-lovely\/"},"modified":"2025-11-14T14:17:24","modified_gmt":"2025-11-14T13:17:24","slug":"t-shirt-damski-lovely","status":"publish","type":"product","link":"https:\/\/bythemoon.eu\/en\/product\/t-shirt-damski-lovely\/","title":{"rendered":"t-shirt damski Lovely"},"content":{"rendered":"<p>Ciesz si\u0119 mi\u0142o\u015bci\u0105! Lovely T-shirt to koszulka stworzona z mi\u0142o\u015bci i pozytywnych wibracji. W mocnym, soczystym odcieniu r\u00f3\u017cu z napisem LOVE. Napis wykonany jest flockiem, z delikatnym meszkiem, w kolorze czerwonym. \u015awietna do jeans\u00f3w, sp\u00f3dnic, naszego garnituru Colette czy dres\u00f3w.\u00a0\u00a0Nasz LOVE jest do wszystkiego i dla ka\u017cdego. Ma lu\u017any kr\u00f3j, uszyty jest z wysokiej jako\u015bci dzianiny z certyfikatem OEKO-Tex.<\/p>\n<p><strong>Wymiary t-shirtu:<\/strong><\/p>\n<table style=\"height: 132px\" width=\"550\">\n<tbody>\n<tr>\n<td width=\"90\"><\/td>\n<td style=\"text-align: center\" width=\"64\"><strong>XS<\/strong><\/td>\n<td style=\"text-align: center\" width=\"64\"><strong>S<\/strong><\/td>\n<td style=\"text-align: center\" width=\"64\"><strong>M<\/strong><\/td>\n<td style=\"text-align: center\" width=\"64\"><strong>L<\/strong><\/td>\n<\/tr>\n<tr>\n<td>szer. w klatce<\/td>\n<td style=\"text-align: center\">50<\/td>\n<td style=\"text-align: center\">53<\/td>\n<td style=\"text-align: center\">56<\/td>\n<td style=\"text-align: center\">59<\/td>\n<\/tr>\n<tr>\n<td style=\"text-align: left\" width=\"90\">d\u0142ugo\u015b\u0107<\/td>\n<td style=\"text-align: center\">65<\/td>\n<td style=\"text-align: center\">67<\/td>\n<td style=\"text-align: center\">69<\/td>\n<td style=\"text-align: center\">71<\/td>\n<\/tr>\n<\/tbody>\n<\/table>\n<p>&nbsp;<\/p>\n","protected":false},"excerpt":{"rendered":"<p>Ciesz si\u0119 mi\u0142o\u015bci\u0105! Lovely T-shirt to koszulka stworzona z mi\u0142o\u015bci i pozytywnych wibracji. W mocnym, soczystym odcieniu r\u00f3\u017cu z napisem LOVE. Napis wykonany jest flockiem, z delikatnym meszkiem, w kolorze czerwonym. \u015awietna do jeans\u00f3w, sp\u00f3dnic, naszego garnituru Colette czy dres\u00f3w.\u00a0\u00a0Nasz LOVE jest do wszystkiego i dla ka\u017cdego. Ma lu\u017any kr\u00f3j, uszyty jest z wysokiej jako\u015bci [&#8230;]\n","protected":false},"featured_media":5823,"template":"","meta":[],"product_brand":[],"product_cat":[21,55,24],"product_tag":[],"class_list":{"0":"post-5822","1":"product","2":"type-product","3":"status-publish","4":"has-post-thumbnail","6":"product_cat-btm-en","7":"product_cat-sale","8":"product_cat-t-shirts","10":"first","11":"instock","12":"sale","13":"taxable","14":"shipping-taxable","15":"purchasable","16":"product-type-variable"},"yoast_head":"<!-- This site is optimized with the Yoast SEO plugin v27.0 - https:\/\/yoast.com\/product\/yoast-seo-wordpress\/ -->\n<title>t-shirt damski Lovely - By The Moon EN<\/title>\n<meta name=\"robots\" content=\"index, follow, max-snippet:-1, max-image-preview:large, max-video-preview:-1\" \/>\n<link rel=\"canonical\" href=\"https:\/\/bythemoon.eu\/en\/product\/t-shirt-damski-lovely\/\" \/>\n<meta property=\"og:locale\" content=\"en_US\" \/>\n<meta property=\"og:type\" content=\"article\" \/>\n<meta property=\"og:title\" content=\"t-shirt damski Lovely - By The Moon EN\" \/>\n<meta property=\"og:description\" content=\"Ciesz si\u0119 mi\u0142o\u015bci\u0105! Lovely T-shirt to koszulka stworzona z mi\u0142o\u015bci i pozytywnych wibracji. W mocnym, soczystym odcieniu r\u00f3\u017cu z napisem LOVE. Napis wykonany jest flockiem, z delikatnym meszkiem, w kolorze czerwonym. \u015awietna do jeans\u00f3w, sp\u00f3dnic, naszego garnituru Colette czy dres\u00f3w.\u00a0\u00a0Nasz LOVE jest do wszystkiego i dla ka\u017cdego. Ma lu\u017any kr\u00f3j, uszyty jest z wysokiej jako\u015bci [...]\" \/>\n<meta property=\"og:url\" content=\"https:\/\/bythemoon.eu\/en\/product\/t-shirt-damski-lovely\/\" \/>\n<meta property=\"og:site_name\" content=\"By The Moon EN\" \/>\n<meta property=\"article:modified_time\" content=\"2025-11-14T13:17:24+00:00\" \/>\n<meta property=\"og:image\" content=\"https:\/\/bythemoon.eu\/en\/wp-content\/uploads\/2025\/06\/lovely_t-shirt_maj.jpg\" \/>\n\t<meta property=\"og:image:width\" content=\"1000\" \/>\n\t<meta property=\"og:image:height\" content=\"1400\" \/>\n\t<meta property=\"og:image:type\" content=\"image\/jpeg\" \/>\n<script type=\"application\/ld+json\" class=\"yoast-schema-graph\">{\"@context\":\"https:\/\/schema.org\",\"@graph\":[{\"@type\":\"WebPage\",\"@id\":\"https:\/\/bythemoon.eu\/en\/product\/t-shirt-damski-lovely\/\",\"url\":\"https:\/\/bythemoon.eu\/en\/product\/t-shirt-damski-lovely\/\",\"name\":\"t-shirt damski Lovely - By The Moon EN\",\"isPartOf\":{\"@id\":\"https:\/\/bythemoon.eu\/en\/#website\"},\"primaryImageOfPage\":{\"@id\":\"https:\/\/bythemoon.eu\/en\/product\/t-shirt-damski-lovely\/#primaryimage\"},\"image\":{\"@id\":\"https:\/\/bythemoon.eu\/en\/product\/t-shirt-damski-lovely\/#primaryimage\"},\"thumbnailUrl\":\"https:\/\/bythemoon.eu\/en\/wp-content\/uploads\/2025\/06\/lovely_t-shirt_maj.jpg\",\"datePublished\":\"2025-06-25T13:11:24+00:00\",\"dateModified\":\"2025-11-14T13:17:24+00:00\",\"breadcrumb\":{\"@id\":\"https:\/\/bythemoon.eu\/en\/product\/t-shirt-damski-lovely\/#breadcrumb\"},\"inLanguage\":\"en-US\",\"potentialAction\":[{\"@type\":\"ReadAction\",\"target\":[\"https:\/\/bythemoon.eu\/en\/product\/t-shirt-damski-lovely\/\"]}]},{\"@type\":\"ImageObject\",\"inLanguage\":\"en-US\",\"@id\":\"https:\/\/bythemoon.eu\/en\/product\/t-shirt-damski-lovely\/#primaryimage\",\"url\":\"https:\/\/bythemoon.eu\/en\/wp-content\/uploads\/2025\/06\/lovely_t-shirt_maj.jpg\",\"contentUrl\":\"https:\/\/bythemoon.eu\/en\/wp-content\/uploads\/2025\/06\/lovely_t-shirt_maj.jpg\",\"width\":1000,\"height\":1400,\"caption\":\"r\u00f3zowy t-shirt damski, podkoszulka, z nadrukiem Love, flock,\"},{\"@type\":\"BreadcrumbList\",\"@id\":\"https:\/\/bythemoon.eu\/en\/product\/t-shirt-damski-lovely\/#breadcrumb\",\"itemListElement\":[{\"@type\":\"ListItem\",\"position\":1,\"name\":\"Strona g\u0142\u00f3wna\",\"item\":\"https:\/\/bythemoon.eu\/en\/\"},{\"@type\":\"ListItem\",\"position\":2,\"name\":\"Shop\",\"item\":\"https:\/\/bythemoon.eu\/en\/shop\/\"},{\"@type\":\"ListItem\",\"position\":3,\"name\":\"t-shirt damski Lovely\"}]},{\"@type\":\"WebSite\",\"@id\":\"https:\/\/bythemoon.eu\/en\/#website\",\"url\":\"https:\/\/bythemoon.eu\/en\/\",\"name\":\"By The Moon EN\",\"description\":\"\",\"potentialAction\":[{\"@type\":\"SearchAction\",\"target\":{\"@type\":\"EntryPoint\",\"urlTemplate\":\"https:\/\/bythemoon.eu\/en\/?s={search_term_string}\"},\"query-input\":{\"@type\":\"PropertyValueSpecification\",\"valueRequired\":true,\"valueName\":\"search_term_string\"}}],\"inLanguage\":\"en-US\"}]}<\/script>\n<!-- \/ Yoast SEO plugin. -->","yoast_head_json":{"title":"t-shirt damski Lovely - By The Moon EN","robots":{"index":"index","follow":"follow","max-snippet":"max-snippet:-1","max-image-preview":"max-image-preview:large","max-video-preview":"max-video-preview:-1"},"canonical":"https:\/\/bythemoon.eu\/en\/product\/t-shirt-damski-lovely\/","og_locale":"en_US","og_type":"article","og_title":"t-shirt damski Lovely - By The Moon EN","og_description":"Ciesz si\u0119 mi\u0142o\u015bci\u0105! Lovely T-shirt to koszulka stworzona z mi\u0142o\u015bci i pozytywnych wibracji. W mocnym, soczystym odcieniu r\u00f3\u017cu z napisem LOVE. Napis wykonany jest flockiem, z delikatnym meszkiem, w kolorze czerwonym. \u015awietna do jeans\u00f3w, sp\u00f3dnic, naszego garnituru Colette czy dres\u00f3w.\u00a0\u00a0Nasz LOVE jest do wszystkiego i dla ka\u017cdego. Ma lu\u017any kr\u00f3j, uszyty jest z wysokiej jako\u015bci [...]","og_url":"https:\/\/bythemoon.eu\/en\/product\/t-shirt-damski-lovely\/","og_site_name":"By The Moon EN","article_modified_time":"2025-11-14T13:17:24+00:00","og_image":[{"width":1000,"height":1400,"url":"https:\/\/bythemoon.eu\/en\/wp-content\/uploads\/2025\/06\/lovely_t-shirt_maj.jpg","type":"image\/jpeg"}],"schema":{"@context":"https:\/\/schema.org","@graph":[{"@type":"WebPage","@id":"https:\/\/bythemoon.eu\/en\/product\/t-shirt-damski-lovely\/","url":"https:\/\/bythemoon.eu\/en\/product\/t-shirt-damski-lovely\/","name":"t-shirt damski Lovely - By The Moon EN","isPartOf":{"@id":"https:\/\/bythemoon.eu\/en\/#website"},"primaryImageOfPage":{"@id":"https:\/\/bythemoon.eu\/en\/product\/t-shirt-damski-lovely\/#primaryimage"},"image":{"@id":"https:\/\/bythemoon.eu\/en\/product\/t-shirt-damski-lovely\/#primaryimage"},"thumbnailUrl":"https:\/\/bythemoon.eu\/en\/wp-content\/uploads\/2025\/06\/lovely_t-shirt_maj.jpg","datePublished":"2025-06-25T13:11:24+00:00","dateModified":"2025-11-14T13:17:24+00:00","breadcrumb":{"@id":"https:\/\/bythemoon.eu\/en\/product\/t-shirt-damski-lovely\/#breadcrumb"},"inLanguage":"en-US","potentialAction":[{"@type":"ReadAction","target":["https:\/\/bythemoon.eu\/en\/product\/t-shirt-damski-lovely\/"]}]},{"@type":"ImageObject","inLanguage":"en-US","@id":"https:\/\/bythemoon.eu\/en\/product\/t-shirt-damski-lovely\/#primaryimage","url":"https:\/\/bythemoon.eu\/en\/wp-content\/uploads\/2025\/06\/lovely_t-shirt_maj.jpg","contentUrl":"https:\/\/bythemoon.eu\/en\/wp-content\/uploads\/2025\/06\/lovely_t-shirt_maj.jpg","width":1000,"height":1400,"caption":"r\u00f3zowy t-shirt damski, podkoszulka, z nadrukiem Love, flock,"},{"@type":"BreadcrumbList","@id":"https:\/\/bythemoon.eu\/en\/product\/t-shirt-damski-lovely\/#breadcrumb","itemListElement":[{"@type":"ListItem","position":1,"name":"Strona g\u0142\u00f3wna","item":"https:\/\/bythemoon.eu\/en\/"},{"@type":"ListItem","position":2,"name":"Shop","item":"https:\/\/bythemoon.eu\/en\/shop\/"},{"@type":"ListItem","position":3,"name":"t-shirt damski Lovely"}]},{"@type":"WebSite","@id":"https:\/\/bythemoon.eu\/en\/#website","url":"https:\/\/bythemoon.eu\/en\/","name":"By The Moon EN","description":"","potentialAction":[{"@type":"SearchAction","target":{"@type":"EntryPoint","urlTemplate":"https:\/\/bythemoon.eu\/en\/?s={search_term_string}"},"query-input":{"@type":"PropertyValueSpecification","valueRequired":true,"valueName":"search_term_string"}}],"inLanguage":"en-US"}]}},"_links":{"self":[{"href":"https:\/\/bythemoon.eu\/en\/wp-json\/wp\/v2\/product\/5822","targetHints":{"allow":["GET"]}}],"collection":[{"href":"https:\/\/bythemoon.eu\/en\/wp-json\/wp\/v2\/product"}],"about":[{"href":"https:\/\/bythemoon.eu\/en\/wp-json\/wp\/v2\/types\/product"}],"wp:featuredmedia":[{"embeddable":true,"href":"https:\/\/bythemoon.eu\/en\/wp-json\/wp\/v2\/media\/5823"}],"wp:attachment":[{"href":"https:\/\/bythemoon.eu\/en\/wp-json\/wp\/v2\/media?parent=5822"}],"wp:term":[{"taxonomy":"product_brand","embeddable":true,"href":"https:\/\/bythemoon.eu\/en\/wp-json\/wp\/v2\/product_brand?post=5822"},{"taxonomy":"product_cat","embeddable":true,"href":"https:\/\/bythemoon.eu\/en\/wp-json\/wp\/v2\/product_cat?post=5822"},{"taxonomy":"product_tag","embeddable":true,"href":"https:\/\/bythemoon.eu\/en\/wp-json\/wp\/v2\/product_tag?post=5822"}],"curies":[{"name":"wp","href":"https:\/\/api.w.org\/{rel}","templated":true}]}}