{"id":5797,"date":"2025-06-25T15:11:24","date_gmt":"2025-06-25T13:11:24","guid":{"rendered":"https:\/\/bythemoon.eu\/en\/produkt\/bluza-pink-crush\/"},"modified":"2025-11-14T14:17:25","modified_gmt":"2025-11-14T13:17:25","slug":"bluza-pink-crush","status":"publish","type":"product","link":"https:\/\/bythemoon.eu\/en\/product\/bluza-pink-crush\/","title":{"rendered":"bluza Pink crush"},"content":{"rendered":"<p>Klasyczna bluza damska w pastelowym odcieniu r\u00f3\u017cu, z napisem PINK CRUSH na przodzie. Napis wykonany jest flockiem, z delikatnym meszkiem, w kolorze czerwonym. Ma lu\u017any kr\u00f3j, raglanowe r\u0119kawy, zako\u0144czona jest \u015bci\u0105gaczem. Uszyta z mi\u0119kkiej, drapanej dzianiny. Ciep\u0142a i bardzo mi\u0142a w dotyku. Bluza dla mi\u0142o\u015bniczek r\u00f3\u017cu. Mo\u017cesz uzupe\u0142ni\u0107 r\u00f3\u017cowy look kupuj\u0105c tak\u017ce r\u00f3\u017cow\u0105 koszulk\u0119 PINK CRUSH &#8211; w odcieniu bardziej mocnego, intensywnego r\u00f3\u017cu.<\/p>\n<p><strong>Wymiary bluzy w cm:<\/strong><\/p>\n<table width=\"471\">\n<tbody>\n<tr>\n<td width=\"90\"><\/td>\n<td style=\"text-align: center\" width=\"64\"><strong>XS<\/strong><\/td>\n<td style=\"text-align: center\" width=\"64\"><strong>S<\/strong><\/td>\n<td style=\"text-align: center\" width=\"64\"><strong>M<\/strong><\/td>\n<td style=\"text-align: center\" width=\"64\"><strong>L<\/strong><\/td>\n<\/tr>\n<tr>\n<td>szer. w klatce<\/td>\n<td style=\"text-align: center\">53<\/td>\n<td style=\"text-align: center\">56<\/td>\n<td style=\"text-align: center\">59<\/td>\n<td style=\"text-align: center\">62<\/td>\n<\/tr>\n<tr>\n<td style=\"text-align: left\" width=\"90\">d\u0142ugo\u015b\u0107 od ramienia przy dekolcie<\/td>\n<td style=\"text-align: center\">62<\/td>\n<td style=\"text-align: center\">62,5<\/td>\n<td style=\"text-align: center\">63<\/td>\n<td style=\"text-align: center\">63,5<\/td>\n<\/tr>\n<\/tbody>\n<\/table>\n<p>&nbsp;<\/p>\n","protected":false},"excerpt":{"rendered":"<p>Klasyczna bluza damska w pastelowym odcieniu r\u00f3\u017cu, z napisem PINK CRUSH na przodzie. Napis wykonany jest flockiem, z delikatnym meszkiem, w kolorze czerwonym. Ma lu\u017any kr\u00f3j, raglanowe r\u0119kawy, zako\u0144czona jest \u015bci\u0105gaczem. Uszyta z mi\u0119kkiej, drapanej dzianiny. Ciep\u0142a i bardzo mi\u0142a w dotyku. Bluza dla mi\u0142o\u015bniczek r\u00f3\u017cu. Mo\u017cesz uzupe\u0142ni\u0107 r\u00f3\u017cowy look kupuj\u0105c tak\u017ce r\u00f3\u017cow\u0105 koszulk\u0119 PINK [&#8230;]\n","protected":false},"featured_media":5800,"template":"","meta":[],"product_brand":[],"product_cat":[21,55,52],"product_tag":[],"class_list":{"0":"post-5797","1":"product","2":"type-product","3":"status-publish","4":"has-post-thumbnail","6":"product_cat-btm-en","7":"product_cat-sale","8":"product_cat-sweatshirts","10":"first","11":"instock","12":"sale","13":"taxable","14":"shipping-taxable","15":"purchasable","16":"product-type-variable"},"yoast_head":"<!-- This site is optimized with the Yoast SEO plugin v27.0 - https:\/\/yoast.com\/product\/yoast-seo-wordpress\/ -->\n<title>bluza Pink crush - By The Moon EN<\/title>\n<meta name=\"robots\" content=\"index, follow, max-snippet:-1, max-image-preview:large, max-video-preview:-1\" \/>\n<link rel=\"canonical\" href=\"https:\/\/bythemoon.eu\/en\/product\/bluza-pink-crush\/\" \/>\n<meta property=\"og:locale\" content=\"en_US\" \/>\n<meta property=\"og:type\" content=\"article\" \/>\n<meta property=\"og:title\" content=\"bluza Pink crush - By The Moon EN\" \/>\n<meta property=\"og:description\" content=\"Klasyczna bluza damska w pastelowym odcieniu r\u00f3\u017cu, z napisem PINK CRUSH na przodzie. Napis wykonany jest flockiem, z delikatnym meszkiem, w kolorze czerwonym. Ma lu\u017any kr\u00f3j, raglanowe r\u0119kawy, zako\u0144czona jest \u015bci\u0105gaczem. Uszyta z mi\u0119kkiej, drapanej dzianiny. Ciep\u0142a i bardzo mi\u0142a w dotyku. Bluza dla mi\u0142o\u015bniczek r\u00f3\u017cu. Mo\u017cesz uzupe\u0142ni\u0107 r\u00f3\u017cowy look kupuj\u0105c tak\u017ce r\u00f3\u017cow\u0105 koszulk\u0119 PINK [...]\" \/>\n<meta property=\"og:url\" content=\"https:\/\/bythemoon.eu\/en\/product\/bluza-pink-crush\/\" \/>\n<meta property=\"og:site_name\" content=\"By The Moon EN\" \/>\n<meta property=\"article:modified_time\" content=\"2025-11-14T13:17:25+00:00\" \/>\n<meta property=\"og:image\" content=\"https:\/\/bythemoon.eu\/en\/wp-content\/uploads\/2025\/06\/pink-crush.jpg\" \/>\n\t<meta property=\"og:image:width\" content=\"1000\" \/>\n\t<meta property=\"og:image:height\" content=\"1400\" \/>\n\t<meta property=\"og:image:type\" content=\"image\/jpeg\" \/>\n<script type=\"application\/ld+json\" class=\"yoast-schema-graph\">{\"@context\":\"https:\/\/schema.org\",\"@graph\":[{\"@type\":\"WebPage\",\"@id\":\"https:\/\/bythemoon.eu\/en\/product\/bluza-pink-crush\/\",\"url\":\"https:\/\/bythemoon.eu\/en\/product\/bluza-pink-crush\/\",\"name\":\"bluza Pink crush - By The Moon EN\",\"isPartOf\":{\"@id\":\"https:\/\/bythemoon.eu\/en\/#website\"},\"primaryImageOfPage\":{\"@id\":\"https:\/\/bythemoon.eu\/en\/product\/bluza-pink-crush\/#primaryimage\"},\"image\":{\"@id\":\"https:\/\/bythemoon.eu\/en\/product\/bluza-pink-crush\/#primaryimage\"},\"thumbnailUrl\":\"https:\/\/bythemoon.eu\/en\/wp-content\/uploads\/2025\/06\/pink-crush.jpg\",\"datePublished\":\"2025-06-25T13:11:24+00:00\",\"dateModified\":\"2025-11-14T13:17:25+00:00\",\"breadcrumb\":{\"@id\":\"https:\/\/bythemoon.eu\/en\/product\/bluza-pink-crush\/#breadcrumb\"},\"inLanguage\":\"en-US\",\"potentialAction\":[{\"@type\":\"ReadAction\",\"target\":[\"https:\/\/bythemoon.eu\/en\/product\/bluza-pink-crush\/\"]}]},{\"@type\":\"ImageObject\",\"inLanguage\":\"en-US\",\"@id\":\"https:\/\/bythemoon.eu\/en\/product\/bluza-pink-crush\/#primaryimage\",\"url\":\"https:\/\/bythemoon.eu\/en\/wp-content\/uploads\/2025\/06\/pink-crush.jpg\",\"contentUrl\":\"https:\/\/bythemoon.eu\/en\/wp-content\/uploads\/2025\/06\/pink-crush.jpg\",\"width\":1000,\"height\":1400,\"caption\":\"pink crush, r\u00f3zowa bluza dzianinowa damska, polska marka\"},{\"@type\":\"BreadcrumbList\",\"@id\":\"https:\/\/bythemoon.eu\/en\/product\/bluza-pink-crush\/#breadcrumb\",\"itemListElement\":[{\"@type\":\"ListItem\",\"position\":1,\"name\":\"Strona g\u0142\u00f3wna\",\"item\":\"https:\/\/bythemoon.eu\/en\/\"},{\"@type\":\"ListItem\",\"position\":2,\"name\":\"Shop\",\"item\":\"https:\/\/bythemoon.eu\/en\/shop\/\"},{\"@type\":\"ListItem\",\"position\":3,\"name\":\"bluza Pink crush\"}]},{\"@type\":\"WebSite\",\"@id\":\"https:\/\/bythemoon.eu\/en\/#website\",\"url\":\"https:\/\/bythemoon.eu\/en\/\",\"name\":\"By The Moon EN\",\"description\":\"\",\"potentialAction\":[{\"@type\":\"SearchAction\",\"target\":{\"@type\":\"EntryPoint\",\"urlTemplate\":\"https:\/\/bythemoon.eu\/en\/?s={search_term_string}\"},\"query-input\":{\"@type\":\"PropertyValueSpecification\",\"valueRequired\":true,\"valueName\":\"search_term_string\"}}],\"inLanguage\":\"en-US\"}]}<\/script>\n<!-- \/ Yoast SEO plugin. -->","yoast_head_json":{"title":"bluza Pink crush - By The Moon EN","robots":{"index":"index","follow":"follow","max-snippet":"max-snippet:-1","max-image-preview":"max-image-preview:large","max-video-preview":"max-video-preview:-1"},"canonical":"https:\/\/bythemoon.eu\/en\/product\/bluza-pink-crush\/","og_locale":"en_US","og_type":"article","og_title":"bluza Pink crush - By The Moon EN","og_description":"Klasyczna bluza damska w pastelowym odcieniu r\u00f3\u017cu, z napisem PINK CRUSH na przodzie. Napis wykonany jest flockiem, z delikatnym meszkiem, w kolorze czerwonym. Ma lu\u017any kr\u00f3j, raglanowe r\u0119kawy, zako\u0144czona jest \u015bci\u0105gaczem. Uszyta z mi\u0119kkiej, drapanej dzianiny. Ciep\u0142a i bardzo mi\u0142a w dotyku. Bluza dla mi\u0142o\u015bniczek r\u00f3\u017cu. Mo\u017cesz uzupe\u0142ni\u0107 r\u00f3\u017cowy look kupuj\u0105c tak\u017ce r\u00f3\u017cow\u0105 koszulk\u0119 PINK [...]","og_url":"https:\/\/bythemoon.eu\/en\/product\/bluza-pink-crush\/","og_site_name":"By The Moon EN","article_modified_time":"2025-11-14T13:17:25+00:00","og_image":[{"width":1000,"height":1400,"url":"https:\/\/bythemoon.eu\/en\/wp-content\/uploads\/2025\/06\/pink-crush.jpg","type":"image\/jpeg"}],"schema":{"@context":"https:\/\/schema.org","@graph":[{"@type":"WebPage","@id":"https:\/\/bythemoon.eu\/en\/product\/bluza-pink-crush\/","url":"https:\/\/bythemoon.eu\/en\/product\/bluza-pink-crush\/","name":"bluza Pink crush - By The Moon EN","isPartOf":{"@id":"https:\/\/bythemoon.eu\/en\/#website"},"primaryImageOfPage":{"@id":"https:\/\/bythemoon.eu\/en\/product\/bluza-pink-crush\/#primaryimage"},"image":{"@id":"https:\/\/bythemoon.eu\/en\/product\/bluza-pink-crush\/#primaryimage"},"thumbnailUrl":"https:\/\/bythemoon.eu\/en\/wp-content\/uploads\/2025\/06\/pink-crush.jpg","datePublished":"2025-06-25T13:11:24+00:00","dateModified":"2025-11-14T13:17:25+00:00","breadcrumb":{"@id":"https:\/\/bythemoon.eu\/en\/product\/bluza-pink-crush\/#breadcrumb"},"inLanguage":"en-US","potentialAction":[{"@type":"ReadAction","target":["https:\/\/bythemoon.eu\/en\/product\/bluza-pink-crush\/"]}]},{"@type":"ImageObject","inLanguage":"en-US","@id":"https:\/\/bythemoon.eu\/en\/product\/bluza-pink-crush\/#primaryimage","url":"https:\/\/bythemoon.eu\/en\/wp-content\/uploads\/2025\/06\/pink-crush.jpg","contentUrl":"https:\/\/bythemoon.eu\/en\/wp-content\/uploads\/2025\/06\/pink-crush.jpg","width":1000,"height":1400,"caption":"pink crush, r\u00f3zowa bluza dzianinowa damska, polska marka"},{"@type":"BreadcrumbList","@id":"https:\/\/bythemoon.eu\/en\/product\/bluza-pink-crush\/#breadcrumb","itemListElement":[{"@type":"ListItem","position":1,"name":"Strona g\u0142\u00f3wna","item":"https:\/\/bythemoon.eu\/en\/"},{"@type":"ListItem","position":2,"name":"Shop","item":"https:\/\/bythemoon.eu\/en\/shop\/"},{"@type":"ListItem","position":3,"name":"bluza Pink crush"}]},{"@type":"WebSite","@id":"https:\/\/bythemoon.eu\/en\/#website","url":"https:\/\/bythemoon.eu\/en\/","name":"By The Moon EN","description":"","potentialAction":[{"@type":"SearchAction","target":{"@type":"EntryPoint","urlTemplate":"https:\/\/bythemoon.eu\/en\/?s={search_term_string}"},"query-input":{"@type":"PropertyValueSpecification","valueRequired":true,"valueName":"search_term_string"}}],"inLanguage":"en-US"}]}},"_links":{"self":[{"href":"https:\/\/bythemoon.eu\/en\/wp-json\/wp\/v2\/product\/5797","targetHints":{"allow":["GET"]}}],"collection":[{"href":"https:\/\/bythemoon.eu\/en\/wp-json\/wp\/v2\/product"}],"about":[{"href":"https:\/\/bythemoon.eu\/en\/wp-json\/wp\/v2\/types\/product"}],"wp:featuredmedia":[{"embeddable":true,"href":"https:\/\/bythemoon.eu\/en\/wp-json\/wp\/v2\/media\/5800"}],"wp:attachment":[{"href":"https:\/\/bythemoon.eu\/en\/wp-json\/wp\/v2\/media?parent=5797"}],"wp:term":[{"taxonomy":"product_brand","embeddable":true,"href":"https:\/\/bythemoon.eu\/en\/wp-json\/wp\/v2\/product_brand?post=5797"},{"taxonomy":"product_cat","embeddable":true,"href":"https:\/\/bythemoon.eu\/en\/wp-json\/wp\/v2\/product_cat?post=5797"},{"taxonomy":"product_tag","embeddable":true,"href":"https:\/\/bythemoon.eu\/en\/wp-json\/wp\/v2\/product_tag?post=5797"}],"curies":[{"name":"wp","href":"https:\/\/api.w.org\/{rel}","templated":true}]}}