{"id":5780,"date":"2025-06-25T15:11:16","date_gmt":"2025-06-25T13:11:16","guid":{"rendered":"https:\/\/bythemoon.eu\/en\/produkt\/golf-bezrekawnik-merino-sparkle-mood\/"},"modified":"2025-11-14T14:17:25","modified_gmt":"2025-11-14T13:17:25","slug":"golf-bezrekawnik-merino-sparkle-mood","status":"publish","type":"product","link":"https:\/\/bythemoon.eu\/en\/product\/golf-bezrekawnik-merino-sparkle-mood\/","title":{"rendered":"golf bezr\u0119kawnik merino Sparkle mood"},"content":{"rendered":"<p>Klasyczny bezr\u0119kawnik damski o dopasowanym kroju, z golfem. Wykonany z w\u0142oskiej, wysokogatunkowej we\u0142nianej prz\u0119dzy extrafine merino wool \u2013 niezwykle mi\u0142ej i mi\u0119kkiej w dotyku, niegryz\u0105cej, lekko po\u0142yskuj\u0105cej we\u0142ny z merynos\u00f3w. W\u0142\u00f3kna tej we\u0142ny s\u0105 jednymi z najbardziej oddychaj\u0105cych, co przek\u0142ada si\u0119 na du\u017cy komfort u\u017cytkowania ubra\u0144. We\u0142na merino posiada w\u0142a\u015bciwo\u015bci termoregulacyjne, a wi\u0119c \u015bwietnie ociepla gdy jest zimno, a w cieplejszy dzie\u0144 daje wra\u017cenie \u201coch\u0142odzenia\u201d i pozwala sk\u00f3rze na swobodne oddychanie. Kolejn\u0105 cech\u0105 we\u0142ny Merino Extra Fine jest mi\u0119kko\u015b\u0107, spr\u0119\u017cysto\u015b\u0107 i delikatno\u015b\u0107. Ta prz\u0119dza jest bardzo mi\u0142a dla sk\u00f3ry, nie powoduje podra\u017cnie\u0144, jest idealna dla wszystkich os\u00f3b z wra\u017cliw\u0105 sk\u00f3r\u0105.<\/p>\n<p>Bezr\u0119kawnik Sparkle mood jest w kolorze czarnym z delikatnie mieni\u0105c\u0105 si\u0119 nitk\u0105, co dodaje mu wyj\u0105tkowego, niecodziennego charakteru. Delikatny blask zwr\u00f3ci uwag\u0119 i przyci\u0105gnie wzrok. Mo\u017cna nosi\u0107 na sportowo do spodni, jak r\u00f3wnie\u017c pod marynark\u0119 tworz\u0105c bardziej elegancki zestaw. Po\u0142\u0105cz z naszym garniturem Colette noir lub ametyst lub sztruksami Lizbona long.<\/p>\n<p><strong>Wymiary swetra:<\/strong><\/p>\n<table style=\"height: 119px\" width=\"385\">\n<tbody>\n<tr>\n<td width=\"91\"><\/td>\n<td style=\"text-align: center\" width=\"64\"><strong>XS\/S<\/strong><\/td>\n<td style=\"text-align: center\" width=\"64\"><strong>M\/L<\/strong><\/td>\n<\/tr>\n<tr>\n<td>szer. w klatce<\/td>\n<td style=\"text-align: center\">45<\/td>\n<td style=\"text-align: center\">49<\/td>\n<\/tr>\n<tr>\n<td width=\"91\">d\u0142ugo\u015b\u0107<\/td>\n<td style=\"text-align: center\">60<\/td>\n<td style=\"text-align: center\">60<\/td>\n<\/tr>\n<\/tbody>\n<\/table>\n<p>&nbsp;<\/p>\n","protected":false},"excerpt":{"rendered":"<p>Klasyczny bezr\u0119kawnik damski o dopasowanym kroju, z golfem. Wykonany z w\u0142oskiej, wysokogatunkowej we\u0142nianej prz\u0119dzy extrafine merino wool \u2013 niezwykle mi\u0142ej i mi\u0119kkiej w dotyku, niegryz\u0105cej, lekko po\u0142yskuj\u0105cej we\u0142ny z merynos\u00f3w. W\u0142\u00f3kna tej we\u0142ny s\u0105 jednymi z najbardziej oddychaj\u0105cych, co przek\u0142ada si\u0119 na du\u017cy komfort u\u017cytkowania ubra\u0144. We\u0142na merino posiada w\u0142a\u015bciwo\u015bci termoregulacyjne, a wi\u0119c \u015bwietnie ociepla [&#8230;]\n","protected":false},"featured_media":5781,"template":"","meta":[],"product_brand":[],"product_cat":[23,21,55,53],"product_tag":[],"class_list":{"0":"post-5780","1":"product","2":"type-product","3":"status-publish","4":"has-post-thumbnail","6":"product_cat-blouses-longsleeves","7":"product_cat-btm-en","8":"product_cat-sale","9":"product_cat-sweaters","11":"first","12":"instock","13":"sale","14":"taxable","15":"shipping-taxable","16":"purchasable","17":"product-type-variable"},"yoast_head":"<!-- This site is optimized with the Yoast SEO plugin v27.0 - https:\/\/yoast.com\/product\/yoast-seo-wordpress\/ -->\n<title>golf bezr\u0119kawnik merino Sparkle mood - By The Moon EN<\/title>\n<meta name=\"robots\" content=\"index, follow, max-snippet:-1, max-image-preview:large, max-video-preview:-1\" \/>\n<link rel=\"canonical\" href=\"https:\/\/bythemoon.eu\/en\/product\/golf-bezrekawnik-merino-sparkle-mood\/\" \/>\n<meta property=\"og:locale\" content=\"en_US\" \/>\n<meta property=\"og:type\" content=\"article\" \/>\n<meta property=\"og:title\" content=\"golf bezr\u0119kawnik merino Sparkle mood - By The Moon EN\" \/>\n<meta property=\"og:description\" content=\"Klasyczny bezr\u0119kawnik damski o dopasowanym kroju, z golfem. Wykonany z w\u0142oskiej, wysokogatunkowej we\u0142nianej prz\u0119dzy extrafine merino wool \u2013 niezwykle mi\u0142ej i mi\u0119kkiej w dotyku, niegryz\u0105cej, lekko po\u0142yskuj\u0105cej we\u0142ny z merynos\u00f3w. W\u0142\u00f3kna tej we\u0142ny s\u0105 jednymi z najbardziej oddychaj\u0105cych, co przek\u0142ada si\u0119 na du\u017cy komfort u\u017cytkowania ubra\u0144. We\u0142na merino posiada w\u0142a\u015bciwo\u015bci termoregulacyjne, a wi\u0119c \u015bwietnie ociepla [...]\" \/>\n<meta property=\"og:url\" content=\"https:\/\/bythemoon.eu\/en\/product\/golf-bezrekawnik-merino-sparkle-mood\/\" \/>\n<meta property=\"og:site_name\" content=\"By The Moon EN\" \/>\n<meta property=\"article:modified_time\" content=\"2025-11-14T13:17:25+00:00\" \/>\n<meta property=\"og:image\" content=\"https:\/\/bythemoon.eu\/en\/wp-content\/uploads\/2025\/06\/golf-czarny.jpg\" \/>\n\t<meta property=\"og:image:width\" content=\"1000\" \/>\n\t<meta property=\"og:image:height\" content=\"1400\" \/>\n\t<meta property=\"og:image:type\" content=\"image\/jpeg\" \/>\n<script type=\"application\/ld+json\" class=\"yoast-schema-graph\">{\"@context\":\"https:\/\/schema.org\",\"@graph\":[{\"@type\":\"WebPage\",\"@id\":\"https:\/\/bythemoon.eu\/en\/product\/golf-bezrekawnik-merino-sparkle-mood\/\",\"url\":\"https:\/\/bythemoon.eu\/en\/product\/golf-bezrekawnik-merino-sparkle-mood\/\",\"name\":\"golf bezr\u0119kawnik merino Sparkle mood - By The Moon EN\",\"isPartOf\":{\"@id\":\"https:\/\/bythemoon.eu\/en\/#website\"},\"primaryImageOfPage\":{\"@id\":\"https:\/\/bythemoon.eu\/en\/product\/golf-bezrekawnik-merino-sparkle-mood\/#primaryimage\"},\"image\":{\"@id\":\"https:\/\/bythemoon.eu\/en\/product\/golf-bezrekawnik-merino-sparkle-mood\/#primaryimage\"},\"thumbnailUrl\":\"https:\/\/bythemoon.eu\/en\/wp-content\/uploads\/2025\/06\/golf-czarny.jpg\",\"datePublished\":\"2025-06-25T13:11:16+00:00\",\"dateModified\":\"2025-11-14T13:17:25+00:00\",\"breadcrumb\":{\"@id\":\"https:\/\/bythemoon.eu\/en\/product\/golf-bezrekawnik-merino-sparkle-mood\/#breadcrumb\"},\"inLanguage\":\"en-US\",\"potentialAction\":[{\"@type\":\"ReadAction\",\"target\":[\"https:\/\/bythemoon.eu\/en\/product\/golf-bezrekawnik-merino-sparkle-mood\/\"]}]},{\"@type\":\"ImageObject\",\"inLanguage\":\"en-US\",\"@id\":\"https:\/\/bythemoon.eu\/en\/product\/golf-bezrekawnik-merino-sparkle-mood\/#primaryimage\",\"url\":\"https:\/\/bythemoon.eu\/en\/wp-content\/uploads\/2025\/06\/golf-czarny.jpg\",\"contentUrl\":\"https:\/\/bythemoon.eu\/en\/wp-content\/uploads\/2025\/06\/golf-czarny.jpg\",\"width\":1000,\"height\":1400,\"caption\":\"czarny damski golf, bezr\u0119kawnik, \u015bwiec\u0105cy, nitka metalizowana, kamizelka we\u0142niana, we\u0142na merino, z merynos\u00f3w,\"},{\"@type\":\"BreadcrumbList\",\"@id\":\"https:\/\/bythemoon.eu\/en\/product\/golf-bezrekawnik-merino-sparkle-mood\/#breadcrumb\",\"itemListElement\":[{\"@type\":\"ListItem\",\"position\":1,\"name\":\"Strona g\u0142\u00f3wna\",\"item\":\"https:\/\/bythemoon.eu\/en\/\"},{\"@type\":\"ListItem\",\"position\":2,\"name\":\"Shop\",\"item\":\"https:\/\/bythemoon.eu\/en\/shop\/\"},{\"@type\":\"ListItem\",\"position\":3,\"name\":\"golf bezr\u0119kawnik merino Sparkle mood\"}]},{\"@type\":\"WebSite\",\"@id\":\"https:\/\/bythemoon.eu\/en\/#website\",\"url\":\"https:\/\/bythemoon.eu\/en\/\",\"name\":\"By The Moon EN\",\"description\":\"\",\"potentialAction\":[{\"@type\":\"SearchAction\",\"target\":{\"@type\":\"EntryPoint\",\"urlTemplate\":\"https:\/\/bythemoon.eu\/en\/?s={search_term_string}\"},\"query-input\":{\"@type\":\"PropertyValueSpecification\",\"valueRequired\":true,\"valueName\":\"search_term_string\"}}],\"inLanguage\":\"en-US\"}]}<\/script>\n<!-- \/ Yoast SEO plugin. -->","yoast_head_json":{"title":"golf bezr\u0119kawnik merino Sparkle mood - By The Moon EN","robots":{"index":"index","follow":"follow","max-snippet":"max-snippet:-1","max-image-preview":"max-image-preview:large","max-video-preview":"max-video-preview:-1"},"canonical":"https:\/\/bythemoon.eu\/en\/product\/golf-bezrekawnik-merino-sparkle-mood\/","og_locale":"en_US","og_type":"article","og_title":"golf bezr\u0119kawnik merino Sparkle mood - By The Moon EN","og_description":"Klasyczny bezr\u0119kawnik damski o dopasowanym kroju, z golfem. Wykonany z w\u0142oskiej, wysokogatunkowej we\u0142nianej prz\u0119dzy extrafine merino wool \u2013 niezwykle mi\u0142ej i mi\u0119kkiej w dotyku, niegryz\u0105cej, lekko po\u0142yskuj\u0105cej we\u0142ny z merynos\u00f3w. W\u0142\u00f3kna tej we\u0142ny s\u0105 jednymi z najbardziej oddychaj\u0105cych, co przek\u0142ada si\u0119 na du\u017cy komfort u\u017cytkowania ubra\u0144. We\u0142na merino posiada w\u0142a\u015bciwo\u015bci termoregulacyjne, a wi\u0119c \u015bwietnie ociepla [...]","og_url":"https:\/\/bythemoon.eu\/en\/product\/golf-bezrekawnik-merino-sparkle-mood\/","og_site_name":"By The Moon EN","article_modified_time":"2025-11-14T13:17:25+00:00","og_image":[{"width":1000,"height":1400,"url":"https:\/\/bythemoon.eu\/en\/wp-content\/uploads\/2025\/06\/golf-czarny.jpg","type":"image\/jpeg"}],"schema":{"@context":"https:\/\/schema.org","@graph":[{"@type":"WebPage","@id":"https:\/\/bythemoon.eu\/en\/product\/golf-bezrekawnik-merino-sparkle-mood\/","url":"https:\/\/bythemoon.eu\/en\/product\/golf-bezrekawnik-merino-sparkle-mood\/","name":"golf bezr\u0119kawnik merino Sparkle mood - By The Moon EN","isPartOf":{"@id":"https:\/\/bythemoon.eu\/en\/#website"},"primaryImageOfPage":{"@id":"https:\/\/bythemoon.eu\/en\/product\/golf-bezrekawnik-merino-sparkle-mood\/#primaryimage"},"image":{"@id":"https:\/\/bythemoon.eu\/en\/product\/golf-bezrekawnik-merino-sparkle-mood\/#primaryimage"},"thumbnailUrl":"https:\/\/bythemoon.eu\/en\/wp-content\/uploads\/2025\/06\/golf-czarny.jpg","datePublished":"2025-06-25T13:11:16+00:00","dateModified":"2025-11-14T13:17:25+00:00","breadcrumb":{"@id":"https:\/\/bythemoon.eu\/en\/product\/golf-bezrekawnik-merino-sparkle-mood\/#breadcrumb"},"inLanguage":"en-US","potentialAction":[{"@type":"ReadAction","target":["https:\/\/bythemoon.eu\/en\/product\/golf-bezrekawnik-merino-sparkle-mood\/"]}]},{"@type":"ImageObject","inLanguage":"en-US","@id":"https:\/\/bythemoon.eu\/en\/product\/golf-bezrekawnik-merino-sparkle-mood\/#primaryimage","url":"https:\/\/bythemoon.eu\/en\/wp-content\/uploads\/2025\/06\/golf-czarny.jpg","contentUrl":"https:\/\/bythemoon.eu\/en\/wp-content\/uploads\/2025\/06\/golf-czarny.jpg","width":1000,"height":1400,"caption":"czarny damski golf, bezr\u0119kawnik, \u015bwiec\u0105cy, nitka metalizowana, kamizelka we\u0142niana, we\u0142na merino, z merynos\u00f3w,"},{"@type":"BreadcrumbList","@id":"https:\/\/bythemoon.eu\/en\/product\/golf-bezrekawnik-merino-sparkle-mood\/#breadcrumb","itemListElement":[{"@type":"ListItem","position":1,"name":"Strona g\u0142\u00f3wna","item":"https:\/\/bythemoon.eu\/en\/"},{"@type":"ListItem","position":2,"name":"Shop","item":"https:\/\/bythemoon.eu\/en\/shop\/"},{"@type":"ListItem","position":3,"name":"golf bezr\u0119kawnik merino Sparkle mood"}]},{"@type":"WebSite","@id":"https:\/\/bythemoon.eu\/en\/#website","url":"https:\/\/bythemoon.eu\/en\/","name":"By The Moon EN","description":"","potentialAction":[{"@type":"SearchAction","target":{"@type":"EntryPoint","urlTemplate":"https:\/\/bythemoon.eu\/en\/?s={search_term_string}"},"query-input":{"@type":"PropertyValueSpecification","valueRequired":true,"valueName":"search_term_string"}}],"inLanguage":"en-US"}]}},"_links":{"self":[{"href":"https:\/\/bythemoon.eu\/en\/wp-json\/wp\/v2\/product\/5780","targetHints":{"allow":["GET"]}}],"collection":[{"href":"https:\/\/bythemoon.eu\/en\/wp-json\/wp\/v2\/product"}],"about":[{"href":"https:\/\/bythemoon.eu\/en\/wp-json\/wp\/v2\/types\/product"}],"wp:featuredmedia":[{"embeddable":true,"href":"https:\/\/bythemoon.eu\/en\/wp-json\/wp\/v2\/media\/5781"}],"wp:attachment":[{"href":"https:\/\/bythemoon.eu\/en\/wp-json\/wp\/v2\/media?parent=5780"}],"wp:term":[{"taxonomy":"product_brand","embeddable":true,"href":"https:\/\/bythemoon.eu\/en\/wp-json\/wp\/v2\/product_brand?post=5780"},{"taxonomy":"product_cat","embeddable":true,"href":"https:\/\/bythemoon.eu\/en\/wp-json\/wp\/v2\/product_cat?post=5780"},{"taxonomy":"product_tag","embeddable":true,"href":"https:\/\/bythemoon.eu\/en\/wp-json\/wp\/v2\/product_tag?post=5780"}],"curies":[{"name":"wp","href":"https:\/\/api.w.org\/{rel}","templated":true}]}}