{"id":5768,"date":"2025-06-25T15:11:16","date_gmt":"2025-06-25T13:11:16","guid":{"rendered":"https:\/\/bythemoon.eu\/en\/produkt\/dzianinowa-bluzka-damska-take-a-bow\/"},"modified":"2025-11-14T14:17:26","modified_gmt":"2025-11-14T13:17:26","slug":"dzianinowa-bluzka-damska-take-a-bow","status":"publish","type":"product","link":"https:\/\/bythemoon.eu\/en\/product\/dzianinowa-bluzka-damska-take-a-bow\/","title":{"rendered":"dzianinowa bluzka damska Take a bow"},"content":{"rendered":"<p>Wyj\u0105tkowy basic w twojej szafie! Bluzka z dzianiny w kolorze szarego melan\u017cu, z wyj\u0105tkowym dodatkiem w postaci szarfy, kt\u00f3ra przy odrobinie fantazji zmienia ca\u0142\u0105 stylizacj\u0119. Mo\u017cna j\u0105 wi\u0105za\u0107 i zawija\u0107 na kilka sposob\u00f3w. Zrobisz z niej lekki szal, eleganck\u0105 kokard\u0119, czy nonszalancki krawat. I co\u015b dla m\u0142odych mam &#8211; du\u017cy dekolt, kt\u00f3ry pozwala na karmienie.\u00a0 Lekko bufiaste r\u0119kawy zebrane w w\u0105ski, d\u0142ugi mankiet.<\/p>\n<p>Jeste\u015b osob\u0105 \u201cmultitasking\u201d? Ta bluzka jest dla Ciebie. No\u015b j\u0105 w komplecie z marynark\u0105, do jeans\u00f3w lub o\u0142\u00f3wkowej sp\u00f3dnicy i zmieniaj charakter swojej stylizacji w zale\u017cno\u015bci od pory dnia czy okazji;-)<\/p>\n<p>Bluzka uszyta jest z wysokogatunkowej dzianiny Lyocell (inaczej tencel), kt\u00f3ra nazywana jest sztucznym jedwabiem. Jest niezwykle mi\u0119kka i przyjemna w dotyku. Lyocell wykonywany jest z naturalnych, celulozowych w\u0142\u00f3kien, jest zdrowy dla naszej sk\u00f3ry, a jego produkcja jest ekologiczna. Ma w\u0142a\u015bciwo\u015bci termoregulacyjne &#8211; och\u0142odzi nas latem i nie pozwoli zmarzn\u0105\u0107 zim\u0105. Oddycha nawet lepiej ni\u017c bawe\u0142na.\u00a0Lyocell \u0142\u0105czy zalety bawe\u0142ny i wiskozy.<\/p>\n<p><strong>Wymiary bluzki:<\/strong><\/p>\n<table style=\"height: 116px\" width=\"399\">\n<tbody>\n<tr>\n<td width=\"90\"><\/td>\n<td style=\"text-align: center\" width=\"64\"><strong>XS\/S<\/strong><\/td>\n<td style=\"text-align: center\" width=\"64\"><strong>M\/L<\/strong><\/td>\n<\/tr>\n<tr>\n<td>szer. w klatce<\/td>\n<td style=\"text-align: center\">56<\/td>\n<td style=\"text-align: center\">62<\/td>\n<\/tr>\n<tr>\n<td width=\"90\">d\u0142ugo\u015b\u0107<\/td>\n<td style=\"text-align: center\">62<\/td>\n<td style=\"text-align: center\">62<\/td>\n<\/tr>\n<\/tbody>\n<\/table>\n<p>&nbsp;<\/p>\n<p><strong>sk\u0142ad:<\/strong> 95% Lyocell, 5% elastan<\/p>\n","protected":false},"excerpt":{"rendered":"<p>Wyj\u0105tkowy basic w twojej szafie! Bluzka z dzianiny w kolorze szarego melan\u017cu, z wyj\u0105tkowym dodatkiem w postaci szarfy, kt\u00f3ra przy odrobinie fantazji zmienia ca\u0142\u0105 stylizacj\u0119. Mo\u017cna j\u0105 wi\u0105za\u0107 i zawija\u0107 na kilka sposob\u00f3w. Zrobisz z niej lekki szal, eleganck\u0105 kokard\u0119, czy nonszalancki krawat. I co\u015b dla m\u0142odych mam &#8211; du\u017cy dekolt, kt\u00f3ry pozwala na karmienie.\u00a0 [&#8230;]\n","protected":false},"featured_media":5712,"template":"","meta":[],"product_brand":[],"product_cat":[23,21],"product_tag":[],"class_list":{"0":"post-5768","1":"product","2":"type-product","3":"status-publish","4":"has-post-thumbnail","6":"product_cat-blouses-longsleeves","7":"product_cat-btm-en","9":"first","10":"instock","11":"sale","12":"taxable","13":"shipping-taxable","14":"purchasable","15":"product-type-variable"},"yoast_head":"<!-- This site is optimized with the Yoast SEO plugin v27.0 - https:\/\/yoast.com\/product\/yoast-seo-wordpress\/ -->\n<title>dzianinowa bluzka damska Take a bow - By The Moon EN<\/title>\n<meta name=\"robots\" content=\"index, follow, max-snippet:-1, max-image-preview:large, max-video-preview:-1\" \/>\n<link rel=\"canonical\" href=\"https:\/\/bythemoon.eu\/en\/product\/dzianinowa-bluzka-damska-take-a-bow\/\" \/>\n<meta property=\"og:locale\" content=\"en_US\" \/>\n<meta property=\"og:type\" content=\"article\" \/>\n<meta property=\"og:title\" content=\"dzianinowa bluzka damska Take a bow - By The Moon EN\" \/>\n<meta property=\"og:description\" content=\"Wyj\u0105tkowy basic w twojej szafie! Bluzka z dzianiny w kolorze szarego melan\u017cu, z wyj\u0105tkowym dodatkiem w postaci szarfy, kt\u00f3ra przy odrobinie fantazji zmienia ca\u0142\u0105 stylizacj\u0119. Mo\u017cna j\u0105 wi\u0105za\u0107 i zawija\u0107 na kilka sposob\u00f3w. Zrobisz z niej lekki szal, eleganck\u0105 kokard\u0119, czy nonszalancki krawat. I co\u015b dla m\u0142odych mam &#8211; du\u017cy dekolt, kt\u00f3ry pozwala na karmienie.\u00a0 [...]\" \/>\n<meta property=\"og:url\" content=\"https:\/\/bythemoon.eu\/en\/product\/dzianinowa-bluzka-damska-take-a-bow\/\" \/>\n<meta property=\"og:site_name\" content=\"By The Moon EN\" \/>\n<meta property=\"article:modified_time\" content=\"2025-11-14T13:17:26+00:00\" \/>\n<meta property=\"og:image\" content=\"https:\/\/bythemoon.eu\/en\/wp-content\/uploads\/2025\/06\/bluzka_szara_kokarda_2.jpeg\" \/>\n\t<meta property=\"og:image:width\" content=\"914\" \/>\n\t<meta property=\"og:image:height\" content=\"1280\" \/>\n\t<meta property=\"og:image:type\" content=\"image\/jpeg\" \/>\n<script type=\"application\/ld+json\" class=\"yoast-schema-graph\">{\"@context\":\"https:\/\/schema.org\",\"@graph\":[{\"@type\":\"WebPage\",\"@id\":\"https:\/\/bythemoon.eu\/en\/product\/dzianinowa-bluzka-damska-take-a-bow\/\",\"url\":\"https:\/\/bythemoon.eu\/en\/product\/dzianinowa-bluzka-damska-take-a-bow\/\",\"name\":\"dzianinowa bluzka damska Take a bow - By The Moon EN\",\"isPartOf\":{\"@id\":\"https:\/\/bythemoon.eu\/en\/#website\"},\"primaryImageOfPage\":{\"@id\":\"https:\/\/bythemoon.eu\/en\/product\/dzianinowa-bluzka-damska-take-a-bow\/#primaryimage\"},\"image\":{\"@id\":\"https:\/\/bythemoon.eu\/en\/product\/dzianinowa-bluzka-damska-take-a-bow\/#primaryimage\"},\"thumbnailUrl\":\"https:\/\/bythemoon.eu\/en\/wp-content\/uploads\/2025\/06\/bluzka_szara_kokarda_2.jpeg\",\"datePublished\":\"2025-06-25T13:11:16+00:00\",\"dateModified\":\"2025-11-14T13:17:26+00:00\",\"breadcrumb\":{\"@id\":\"https:\/\/bythemoon.eu\/en\/product\/dzianinowa-bluzka-damska-take-a-bow\/#breadcrumb\"},\"inLanguage\":\"en-US\",\"potentialAction\":[{\"@type\":\"ReadAction\",\"target\":[\"https:\/\/bythemoon.eu\/en\/product\/dzianinowa-bluzka-damska-take-a-bow\/\"]}]},{\"@type\":\"ImageObject\",\"inLanguage\":\"en-US\",\"@id\":\"https:\/\/bythemoon.eu\/en\/product\/dzianinowa-bluzka-damska-take-a-bow\/#primaryimage\",\"url\":\"https:\/\/bythemoon.eu\/en\/wp-content\/uploads\/2025\/06\/bluzka_szara_kokarda_2.jpeg\",\"contentUrl\":\"https:\/\/bythemoon.eu\/en\/wp-content\/uploads\/2025\/06\/bluzka_szara_kokarda_2.jpeg\",\"width\":914,\"height\":1280,\"caption\":\"dzianinowa, damska bluzka z szalem, kokard\u0105, szarf\u0105, melan\u017c, melan\u017cowa, z d\u0142ugim r\u0119kawem\"},{\"@type\":\"BreadcrumbList\",\"@id\":\"https:\/\/bythemoon.eu\/en\/product\/dzianinowa-bluzka-damska-take-a-bow\/#breadcrumb\",\"itemListElement\":[{\"@type\":\"ListItem\",\"position\":1,\"name\":\"Strona g\u0142\u00f3wna\",\"item\":\"https:\/\/bythemoon.eu\/en\/\"},{\"@type\":\"ListItem\",\"position\":2,\"name\":\"Shop\",\"item\":\"https:\/\/bythemoon.eu\/en\/shop\/\"},{\"@type\":\"ListItem\",\"position\":3,\"name\":\"dzianinowa bluzka damska Take a bow\"}]},{\"@type\":\"WebSite\",\"@id\":\"https:\/\/bythemoon.eu\/en\/#website\",\"url\":\"https:\/\/bythemoon.eu\/en\/\",\"name\":\"By The Moon EN\",\"description\":\"\",\"potentialAction\":[{\"@type\":\"SearchAction\",\"target\":{\"@type\":\"EntryPoint\",\"urlTemplate\":\"https:\/\/bythemoon.eu\/en\/?s={search_term_string}\"},\"query-input\":{\"@type\":\"PropertyValueSpecification\",\"valueRequired\":true,\"valueName\":\"search_term_string\"}}],\"inLanguage\":\"en-US\"}]}<\/script>\n<!-- \/ Yoast SEO plugin. -->","yoast_head_json":{"title":"dzianinowa bluzka damska Take a bow - By The Moon EN","robots":{"index":"index","follow":"follow","max-snippet":"max-snippet:-1","max-image-preview":"max-image-preview:large","max-video-preview":"max-video-preview:-1"},"canonical":"https:\/\/bythemoon.eu\/en\/product\/dzianinowa-bluzka-damska-take-a-bow\/","og_locale":"en_US","og_type":"article","og_title":"dzianinowa bluzka damska Take a bow - By The Moon EN","og_description":"Wyj\u0105tkowy basic w twojej szafie! Bluzka z dzianiny w kolorze szarego melan\u017cu, z wyj\u0105tkowym dodatkiem w postaci szarfy, kt\u00f3ra przy odrobinie fantazji zmienia ca\u0142\u0105 stylizacj\u0119. Mo\u017cna j\u0105 wi\u0105za\u0107 i zawija\u0107 na kilka sposob\u00f3w. Zrobisz z niej lekki szal, eleganck\u0105 kokard\u0119, czy nonszalancki krawat. I co\u015b dla m\u0142odych mam &#8211; du\u017cy dekolt, kt\u00f3ry pozwala na karmienie.\u00a0 [...]","og_url":"https:\/\/bythemoon.eu\/en\/product\/dzianinowa-bluzka-damska-take-a-bow\/","og_site_name":"By The Moon EN","article_modified_time":"2025-11-14T13:17:26+00:00","og_image":[{"width":914,"height":1280,"url":"https:\/\/bythemoon.eu\/en\/wp-content\/uploads\/2025\/06\/bluzka_szara_kokarda_2.jpeg","type":"image\/jpeg"}],"schema":{"@context":"https:\/\/schema.org","@graph":[{"@type":"WebPage","@id":"https:\/\/bythemoon.eu\/en\/product\/dzianinowa-bluzka-damska-take-a-bow\/","url":"https:\/\/bythemoon.eu\/en\/product\/dzianinowa-bluzka-damska-take-a-bow\/","name":"dzianinowa bluzka damska Take a bow - By The Moon EN","isPartOf":{"@id":"https:\/\/bythemoon.eu\/en\/#website"},"primaryImageOfPage":{"@id":"https:\/\/bythemoon.eu\/en\/product\/dzianinowa-bluzka-damska-take-a-bow\/#primaryimage"},"image":{"@id":"https:\/\/bythemoon.eu\/en\/product\/dzianinowa-bluzka-damska-take-a-bow\/#primaryimage"},"thumbnailUrl":"https:\/\/bythemoon.eu\/en\/wp-content\/uploads\/2025\/06\/bluzka_szara_kokarda_2.jpeg","datePublished":"2025-06-25T13:11:16+00:00","dateModified":"2025-11-14T13:17:26+00:00","breadcrumb":{"@id":"https:\/\/bythemoon.eu\/en\/product\/dzianinowa-bluzka-damska-take-a-bow\/#breadcrumb"},"inLanguage":"en-US","potentialAction":[{"@type":"ReadAction","target":["https:\/\/bythemoon.eu\/en\/product\/dzianinowa-bluzka-damska-take-a-bow\/"]}]},{"@type":"ImageObject","inLanguage":"en-US","@id":"https:\/\/bythemoon.eu\/en\/product\/dzianinowa-bluzka-damska-take-a-bow\/#primaryimage","url":"https:\/\/bythemoon.eu\/en\/wp-content\/uploads\/2025\/06\/bluzka_szara_kokarda_2.jpeg","contentUrl":"https:\/\/bythemoon.eu\/en\/wp-content\/uploads\/2025\/06\/bluzka_szara_kokarda_2.jpeg","width":914,"height":1280,"caption":"dzianinowa, damska bluzka z szalem, kokard\u0105, szarf\u0105, melan\u017c, melan\u017cowa, z d\u0142ugim r\u0119kawem"},{"@type":"BreadcrumbList","@id":"https:\/\/bythemoon.eu\/en\/product\/dzianinowa-bluzka-damska-take-a-bow\/#breadcrumb","itemListElement":[{"@type":"ListItem","position":1,"name":"Strona g\u0142\u00f3wna","item":"https:\/\/bythemoon.eu\/en\/"},{"@type":"ListItem","position":2,"name":"Shop","item":"https:\/\/bythemoon.eu\/en\/shop\/"},{"@type":"ListItem","position":3,"name":"dzianinowa bluzka damska Take a bow"}]},{"@type":"WebSite","@id":"https:\/\/bythemoon.eu\/en\/#website","url":"https:\/\/bythemoon.eu\/en\/","name":"By The Moon EN","description":"","potentialAction":[{"@type":"SearchAction","target":{"@type":"EntryPoint","urlTemplate":"https:\/\/bythemoon.eu\/en\/?s={search_term_string}"},"query-input":{"@type":"PropertyValueSpecification","valueRequired":true,"valueName":"search_term_string"}}],"inLanguage":"en-US"}]}},"_links":{"self":[{"href":"https:\/\/bythemoon.eu\/en\/wp-json\/wp\/v2\/product\/5768","targetHints":{"allow":["GET"]}}],"collection":[{"href":"https:\/\/bythemoon.eu\/en\/wp-json\/wp\/v2\/product"}],"about":[{"href":"https:\/\/bythemoon.eu\/en\/wp-json\/wp\/v2\/types\/product"}],"wp:featuredmedia":[{"embeddable":true,"href":"https:\/\/bythemoon.eu\/en\/wp-json\/wp\/v2\/media\/5712"}],"wp:attachment":[{"href":"https:\/\/bythemoon.eu\/en\/wp-json\/wp\/v2\/media?parent=5768"}],"wp:term":[{"taxonomy":"product_brand","embeddable":true,"href":"https:\/\/bythemoon.eu\/en\/wp-json\/wp\/v2\/product_brand?post=5768"},{"taxonomy":"product_cat","embeddable":true,"href":"https:\/\/bythemoon.eu\/en\/wp-json\/wp\/v2\/product_cat?post=5768"},{"taxonomy":"product_tag","embeddable":true,"href":"https:\/\/bythemoon.eu\/en\/wp-json\/wp\/v2\/product_tag?post=5768"}],"curies":[{"name":"wp","href":"https:\/\/api.w.org\/{rel}","templated":true}]}}