{"id":5734,"date":"2025-06-25T15:11:07","date_gmt":"2025-06-25T13:11:07","guid":{"rendered":"https:\/\/bythemoon.eu\/en\/produkt\/pizama-damska-blue-night\/"},"modified":"2025-11-14T14:17:26","modified_gmt":"2025-11-14T13:17:26","slug":"pizama-damska-blue-night","status":"publish","type":"product","link":"https:\/\/bythemoon.eu\/en\/product\/pizama-damska-blue-night\/","title":{"rendered":"pi\u017cama damska Blue night"},"content":{"rendered":"<p>Damska pi\u017cama dwucz\u0119\u015bciowa na noc i na leniwe, d\u0142ugie poranki z kaw\u0105. Lu\u017ana koszulka zapiana na guziki i wygodne spodenki zapakowane w elegancki woreczek to super kobieca pi\u017cama, swobodny homewear i idealny podr\u00f3\u017cny set w jednym. Pi\u017cama uszyta jest z 100% bawe\u0142ny, z ponadczasowym, klasycznym motywem Paisley. Dost\u0119pna jest w dw\u00f3ch wersjach kolorystycznych &#8211; b\u0142\u0119kitnej i jasno-r\u00f3\u017cowej. Zr\u00f3b sobie przyjemno\u015b\u0107, ten uroczy zestaw pi\u0119knie uzupe\u0142ni Twoj\u0105 nocn\u0105 garderob\u0119. To r\u00f3wnie\u017c doskona\u0142y pomys\u0142 na prezent dla bliskiej osoby.<\/p>\n<p><strong>Wymiary zestawu:<\/strong><\/p>\n<table style=\"height: 217px\" width=\"403\">\n<tbody>\n<tr>\n<td width=\"91\"><\/td>\n<td style=\"text-align: center\" width=\"64\"><strong>XS\/S<\/strong><\/td>\n<td style=\"text-align: center\" width=\"64\"><strong>M\/L<\/strong><\/td>\n<\/tr>\n<tr>\n<td>szer. w klatce<\/td>\n<td style=\"text-align: center\">51<\/td>\n<td style=\"text-align: center\">56<\/td>\n<\/tr>\n<tr>\n<td width=\"91\">d\u0142ugo\u015b\u0107 koszuli<\/td>\n<td style=\"text-align: center\">60<\/td>\n<td style=\"text-align: center\">60<\/td>\n<\/tr>\n<tr>\n<td>szer. w pasie (guma)<\/td>\n<td style=\"text-align: center\">34-40<\/td>\n<td style=\"text-align: center\">38-42<\/td>\n<\/tr>\n<tr>\n<td style=\"text-align: left\">szer. w biodrach<\/td>\n<td style=\"text-align: center\">50<\/td>\n<td style=\"text-align: center\">58<\/td>\n<\/tr>\n<\/tbody>\n<\/table>\n<p>&nbsp;<\/p>\n","protected":false},"excerpt":{"rendered":"<p>Damska pi\u017cama dwucz\u0119\u015bciowa na noc i na leniwe, d\u0142ugie poranki z kaw\u0105. Lu\u017ana koszulka zapiana na guziki i wygodne spodenki zapakowane w elegancki woreczek to super kobieca pi\u017cama, swobodny homewear i idealny podr\u00f3\u017cny set w jednym. Pi\u017cama uszyta jest z 100% bawe\u0142ny, z ponadczasowym, klasycznym motywem Paisley. Dost\u0119pna jest w dw\u00f3ch wersjach kolorystycznych &#8211; b\u0142\u0119kitnej [&#8230;]\n","protected":false},"featured_media":5735,"template":"","meta":[],"product_brand":[],"product_cat":[30,21],"product_tag":[],"class_list":{"0":"post-5734","1":"product","2":"type-product","3":"status-publish","4":"has-post-thumbnail","6":"product_cat-accessories","7":"product_cat-btm-en","9":"first","10":"outofstock","11":"sale","12":"taxable","13":"shipping-taxable","14":"purchasable","15":"product-type-variable"},"yoast_head":"<!-- This site is optimized with the Yoast SEO plugin v27.0 - https:\/\/yoast.com\/product\/yoast-seo-wordpress\/ -->\n<title>pi\u017cama damska Blue night - By The Moon EN<\/title>\n<meta name=\"robots\" content=\"index, follow, max-snippet:-1, max-image-preview:large, max-video-preview:-1\" \/>\n<link rel=\"canonical\" href=\"https:\/\/bythemoon.eu\/en\/product\/pizama-damska-blue-night\/\" \/>\n<meta property=\"og:locale\" content=\"en_US\" \/>\n<meta property=\"og:type\" content=\"article\" \/>\n<meta property=\"og:title\" content=\"pi\u017cama damska Blue night - By The Moon EN\" \/>\n<meta property=\"og:description\" content=\"Damska pi\u017cama dwucz\u0119\u015bciowa na noc i na leniwe, d\u0142ugie poranki z kaw\u0105. Lu\u017ana koszulka zapiana na guziki i wygodne spodenki zapakowane w elegancki woreczek to super kobieca pi\u017cama, swobodny homewear i idealny podr\u00f3\u017cny set w jednym. Pi\u017cama uszyta jest z 100% bawe\u0142ny, z ponadczasowym, klasycznym motywem Paisley. Dost\u0119pna jest w dw\u00f3ch wersjach kolorystycznych &#8211; b\u0142\u0119kitnej [...]\" \/>\n<meta property=\"og:url\" content=\"https:\/\/bythemoon.eu\/en\/product\/pizama-damska-blue-night\/\" \/>\n<meta property=\"og:site_name\" content=\"By The Moon EN\" \/>\n<meta property=\"article:modified_time\" content=\"2025-11-14T13:17:26+00:00\" \/>\n<meta property=\"og:image\" content=\"https:\/\/bythemoon.eu\/en\/wp-content\/uploads\/2025\/06\/pizama_blue_1.jpg\" \/>\n\t<meta property=\"og:image:width\" content=\"1000\" \/>\n\t<meta property=\"og:image:height\" content=\"1400\" \/>\n\t<meta property=\"og:image:type\" content=\"image\/jpeg\" \/>\n<script type=\"application\/ld+json\" class=\"yoast-schema-graph\">{\"@context\":\"https:\/\/schema.org\",\"@graph\":[{\"@type\":\"WebPage\",\"@id\":\"https:\/\/bythemoon.eu\/en\/product\/pizama-damska-blue-night\/\",\"url\":\"https:\/\/bythemoon.eu\/en\/product\/pizama-damska-blue-night\/\",\"name\":\"pi\u017cama damska Blue night - By The Moon EN\",\"isPartOf\":{\"@id\":\"https:\/\/bythemoon.eu\/en\/#website\"},\"primaryImageOfPage\":{\"@id\":\"https:\/\/bythemoon.eu\/en\/product\/pizama-damska-blue-night\/#primaryimage\"},\"image\":{\"@id\":\"https:\/\/bythemoon.eu\/en\/product\/pizama-damska-blue-night\/#primaryimage\"},\"thumbnailUrl\":\"https:\/\/bythemoon.eu\/en\/wp-content\/uploads\/2025\/06\/pizama_blue_1.jpg\",\"datePublished\":\"2025-06-25T13:11:07+00:00\",\"dateModified\":\"2025-11-14T13:17:26+00:00\",\"breadcrumb\":{\"@id\":\"https:\/\/bythemoon.eu\/en\/product\/pizama-damska-blue-night\/#breadcrumb\"},\"inLanguage\":\"en-US\",\"potentialAction\":[{\"@type\":\"ReadAction\",\"target\":[\"https:\/\/bythemoon.eu\/en\/product\/pizama-damska-blue-night\/\"]}]},{\"@type\":\"ImageObject\",\"inLanguage\":\"en-US\",\"@id\":\"https:\/\/bythemoon.eu\/en\/product\/pizama-damska-blue-night\/#primaryimage\",\"url\":\"https:\/\/bythemoon.eu\/en\/wp-content\/uploads\/2025\/06\/pizama_blue_1.jpg\",\"contentUrl\":\"https:\/\/bythemoon.eu\/en\/wp-content\/uploads\/2025\/06\/pizama_blue_1.jpg\",\"width\":1000,\"height\":1400,\"caption\":\"damska pi\u017cama, pi\u017camka, komplet pi\u017camowy, niebieski, b\u0142\u0119kitny, bawe\u0142na, polska marka, polski produkt, wz\u00f3r Paisley, koszula i spodenki od pi\u017camy\"},{\"@type\":\"BreadcrumbList\",\"@id\":\"https:\/\/bythemoon.eu\/en\/product\/pizama-damska-blue-night\/#breadcrumb\",\"itemListElement\":[{\"@type\":\"ListItem\",\"position\":1,\"name\":\"Strona g\u0142\u00f3wna\",\"item\":\"https:\/\/bythemoon.eu\/en\/\"},{\"@type\":\"ListItem\",\"position\":2,\"name\":\"Shop\",\"item\":\"https:\/\/bythemoon.eu\/en\/shop\/\"},{\"@type\":\"ListItem\",\"position\":3,\"name\":\"pi\u017cama damska Blue night\"}]},{\"@type\":\"WebSite\",\"@id\":\"https:\/\/bythemoon.eu\/en\/#website\",\"url\":\"https:\/\/bythemoon.eu\/en\/\",\"name\":\"By The Moon EN\",\"description\":\"\",\"potentialAction\":[{\"@type\":\"SearchAction\",\"target\":{\"@type\":\"EntryPoint\",\"urlTemplate\":\"https:\/\/bythemoon.eu\/en\/?s={search_term_string}\"},\"query-input\":{\"@type\":\"PropertyValueSpecification\",\"valueRequired\":true,\"valueName\":\"search_term_string\"}}],\"inLanguage\":\"en-US\"}]}<\/script>\n<!-- \/ Yoast SEO plugin. -->","yoast_head_json":{"title":"pi\u017cama damska Blue night - By The Moon EN","robots":{"index":"index","follow":"follow","max-snippet":"max-snippet:-1","max-image-preview":"max-image-preview:large","max-video-preview":"max-video-preview:-1"},"canonical":"https:\/\/bythemoon.eu\/en\/product\/pizama-damska-blue-night\/","og_locale":"en_US","og_type":"article","og_title":"pi\u017cama damska Blue night - By The Moon EN","og_description":"Damska pi\u017cama dwucz\u0119\u015bciowa na noc i na leniwe, d\u0142ugie poranki z kaw\u0105. Lu\u017ana koszulka zapiana na guziki i wygodne spodenki zapakowane w elegancki woreczek to super kobieca pi\u017cama, swobodny homewear i idealny podr\u00f3\u017cny set w jednym. Pi\u017cama uszyta jest z 100% bawe\u0142ny, z ponadczasowym, klasycznym motywem Paisley. Dost\u0119pna jest w dw\u00f3ch wersjach kolorystycznych &#8211; b\u0142\u0119kitnej [...]","og_url":"https:\/\/bythemoon.eu\/en\/product\/pizama-damska-blue-night\/","og_site_name":"By The Moon EN","article_modified_time":"2025-11-14T13:17:26+00:00","og_image":[{"width":1000,"height":1400,"url":"https:\/\/bythemoon.eu\/en\/wp-content\/uploads\/2025\/06\/pizama_blue_1.jpg","type":"image\/jpeg"}],"schema":{"@context":"https:\/\/schema.org","@graph":[{"@type":"WebPage","@id":"https:\/\/bythemoon.eu\/en\/product\/pizama-damska-blue-night\/","url":"https:\/\/bythemoon.eu\/en\/product\/pizama-damska-blue-night\/","name":"pi\u017cama damska Blue night - By The Moon EN","isPartOf":{"@id":"https:\/\/bythemoon.eu\/en\/#website"},"primaryImageOfPage":{"@id":"https:\/\/bythemoon.eu\/en\/product\/pizama-damska-blue-night\/#primaryimage"},"image":{"@id":"https:\/\/bythemoon.eu\/en\/product\/pizama-damska-blue-night\/#primaryimage"},"thumbnailUrl":"https:\/\/bythemoon.eu\/en\/wp-content\/uploads\/2025\/06\/pizama_blue_1.jpg","datePublished":"2025-06-25T13:11:07+00:00","dateModified":"2025-11-14T13:17:26+00:00","breadcrumb":{"@id":"https:\/\/bythemoon.eu\/en\/product\/pizama-damska-blue-night\/#breadcrumb"},"inLanguage":"en-US","potentialAction":[{"@type":"ReadAction","target":["https:\/\/bythemoon.eu\/en\/product\/pizama-damska-blue-night\/"]}]},{"@type":"ImageObject","inLanguage":"en-US","@id":"https:\/\/bythemoon.eu\/en\/product\/pizama-damska-blue-night\/#primaryimage","url":"https:\/\/bythemoon.eu\/en\/wp-content\/uploads\/2025\/06\/pizama_blue_1.jpg","contentUrl":"https:\/\/bythemoon.eu\/en\/wp-content\/uploads\/2025\/06\/pizama_blue_1.jpg","width":1000,"height":1400,"caption":"damska pi\u017cama, pi\u017camka, komplet pi\u017camowy, niebieski, b\u0142\u0119kitny, bawe\u0142na, polska marka, polski produkt, wz\u00f3r Paisley, koszula i spodenki od pi\u017camy"},{"@type":"BreadcrumbList","@id":"https:\/\/bythemoon.eu\/en\/product\/pizama-damska-blue-night\/#breadcrumb","itemListElement":[{"@type":"ListItem","position":1,"name":"Strona g\u0142\u00f3wna","item":"https:\/\/bythemoon.eu\/en\/"},{"@type":"ListItem","position":2,"name":"Shop","item":"https:\/\/bythemoon.eu\/en\/shop\/"},{"@type":"ListItem","position":3,"name":"pi\u017cama damska Blue night"}]},{"@type":"WebSite","@id":"https:\/\/bythemoon.eu\/en\/#website","url":"https:\/\/bythemoon.eu\/en\/","name":"By The Moon EN","description":"","potentialAction":[{"@type":"SearchAction","target":{"@type":"EntryPoint","urlTemplate":"https:\/\/bythemoon.eu\/en\/?s={search_term_string}"},"query-input":{"@type":"PropertyValueSpecification","valueRequired":true,"valueName":"search_term_string"}}],"inLanguage":"en-US"}]}},"_links":{"self":[{"href":"https:\/\/bythemoon.eu\/en\/wp-json\/wp\/v2\/product\/5734","targetHints":{"allow":["GET"]}}],"collection":[{"href":"https:\/\/bythemoon.eu\/en\/wp-json\/wp\/v2\/product"}],"about":[{"href":"https:\/\/bythemoon.eu\/en\/wp-json\/wp\/v2\/types\/product"}],"wp:featuredmedia":[{"embeddable":true,"href":"https:\/\/bythemoon.eu\/en\/wp-json\/wp\/v2\/media\/5735"}],"wp:attachment":[{"href":"https:\/\/bythemoon.eu\/en\/wp-json\/wp\/v2\/media?parent=5734"}],"wp:term":[{"taxonomy":"product_brand","embeddable":true,"href":"https:\/\/bythemoon.eu\/en\/wp-json\/wp\/v2\/product_brand?post=5734"},{"taxonomy":"product_cat","embeddable":true,"href":"https:\/\/bythemoon.eu\/en\/wp-json\/wp\/v2\/product_cat?post=5734"},{"taxonomy":"product_tag","embeddable":true,"href":"https:\/\/bythemoon.eu\/en\/wp-json\/wp\/v2\/product_tag?post=5734"}],"curies":[{"name":"wp","href":"https:\/\/api.w.org\/{rel}","templated":true}]}}