{"id":5681,"date":"2025-06-25T15:10:58","date_gmt":"2025-06-25T13:10:58","guid":{"rendered":"https:\/\/bythemoon.eu\/en\/produkt\/spodnica-zakardowa-leopard-noir\/"},"modified":"2025-11-14T14:17:27","modified_gmt":"2025-11-14T13:17:27","slug":"spodnica-zakardowa-leopard-noir","status":"publish","type":"product","link":"https:\/\/bythemoon.eu\/en\/product\/spodnica-zakardowa-leopard-noir\/","title":{"rendered":"sp\u00f3dnica \u017cakardowa Leopard noir"},"content":{"rendered":"<p>Czarna \u017cakardowa sp\u00f3dnica damska typu slip skirt, w delikatny c\u0119tkowany dese\u0144. Najmodniejszy wz\u00f3r tego sezonu, a jednocze\u015bnie klasyk. Uszyta ze skosu, przez co idealnie uk\u0142ada si\u0119 na sylwetce, materia\u0142 lekko pracuje i dopasowuje si\u0119 w ten spos\u00f3b do ka\u017cdej sylwetki indywidualnie. D\u0142ugo\u015b\u0107 midi, do \u0142ydki, z suwakiem na lewym boku.&nbsp; Czarny materia\u0142 z panterk\u0105 delikatnie po\u0142yskuj\u0105c\u0105. Sp\u00f3dnica Leopard podkre\u015bli charakter ka\u017cdej stylizacji. Mo\u017cesz nosi\u0107 j\u0105 z koszul\u0105 Leopard noir z tej samej tkaniny, tworz\u0105c minimalistyczny total black look, nasz\u0105 marynarka Colette lub grubym swetrem. W po\u0142\u0105czeniu z super modnymi m\u0119skimi mokasynami, wysokimi kozakami, czy obcasami. Ilo\u015b\u0107 stylizacji &#8211; nieograniczona &#8211; zar\u00f3wno eleganckich jak i tych casualowych.<\/p>\n<p><strong>Sk\u0142ad:<\/strong> 100% wiskoza<\/p>\n<p><strong>Wymiary sp\u00f3dnicy:<\/strong><\/p>\n<table style=\"height: 151px;\" width=\"500\">\n<tbody>\n<tr>\n<td width=\"90\">&nbsp;<\/td>\n<td style=\"text-align: center;\" width=\"64\"><strong>XS<\/strong><\/td>\n<td style=\"text-align: center;\" width=\"64\"><strong>S<\/strong><\/td>\n<td style=\"text-align: center;\" width=\"64\"><strong>M<\/strong><\/td>\n<td style=\"text-align: center;\" width=\"64\"><strong>L<\/strong><\/td>\n<\/tr>\n<tr>\n<td>szer. w pasie<\/td>\n<td style=\"text-align: center;\">37,5<\/td>\n<td style=\"text-align: center;\">39,5<\/td>\n<td style=\"text-align: center;\">41,5<\/td>\n<td style=\"text-align: center;\">43,5<\/td>\n<\/tr>\n<tr>\n<td>szer. w biodrach<\/td>\n<td style=\"text-align: center;\">45,5<\/td>\n<td style=\"text-align: center;\">47,5<\/td>\n<td style=\"text-align: center;\">49,5<\/td>\n<td style=\"text-align: center;\">51,5<\/td>\n<\/tr>\n<tr>\n<td style=\"text-align: left;\">d\u0142ugo\u015b\u0107<\/td>\n<td style=\"text-align: center;\">83<\/td>\n<td style=\"text-align: center;\">83<\/td>\n<td style=\"text-align: center;\">83<\/td>\n<td style=\"text-align: center;\">83<\/td>\n<\/tr>\n<\/tbody>\n<\/table>\n","protected":false},"excerpt":{"rendered":"<p>Czarna \u017cakardowa sp\u00f3dnica damska typu slip skirt, w delikatny c\u0119tkowany dese\u0144. Najmodniejszy wz\u00f3r tego sezonu, a jednocze\u015bnie klasyk. Uszyta ze skosu, przez co idealnie uk\u0142ada si\u0119 na sylwetce, materia\u0142 lekko pracuje i dopasowuje si\u0119 w ten spos\u00f3b do ka\u017cdej sylwetki indywidualnie. D\u0142ugo\u015b\u0107 midi, do \u0142ydki, z suwakiem na lewym boku.&nbsp; Czarny materia\u0142 z panterk\u0105 delikatnie [&#8230;]\n","protected":false},"featured_media":5682,"template":"","meta":[],"product_brand":[],"product_cat":[55,38],"product_tag":[],"class_list":{"0":"post-5681","1":"product","2":"type-product","3":"status-publish","4":"has-post-thumbnail","6":"product_cat-sale","7":"product_cat-skirts","9":"first","10":"instock","11":"sale","12":"taxable","13":"shipping-taxable","14":"purchasable","15":"product-type-variable"},"yoast_head":"<!-- This site is optimized with the Yoast SEO plugin v27.0 - https:\/\/yoast.com\/product\/yoast-seo-wordpress\/ -->\n<title>sp\u00f3dnica \u017cakardowa Leopard noir - By The Moon EN<\/title>\n<meta name=\"robots\" content=\"index, follow, max-snippet:-1, max-image-preview:large, max-video-preview:-1\" \/>\n<link rel=\"canonical\" href=\"https:\/\/bythemoon.eu\/en\/product\/spodnica-zakardowa-leopard-noir\/\" \/>\n<meta property=\"og:locale\" content=\"en_US\" \/>\n<meta property=\"og:type\" content=\"article\" \/>\n<meta property=\"og:title\" content=\"sp\u00f3dnica \u017cakardowa Leopard noir - By The Moon EN\" \/>\n<meta property=\"og:description\" content=\"Czarna \u017cakardowa sp\u00f3dnica damska typu slip skirt, w delikatny c\u0119tkowany dese\u0144. Najmodniejszy wz\u00f3r tego sezonu, a jednocze\u015bnie klasyk. Uszyta ze skosu, przez co idealnie uk\u0142ada si\u0119 na sylwetce, materia\u0142 lekko pracuje i dopasowuje si\u0119 w ten spos\u00f3b do ka\u017cdej sylwetki indywidualnie. D\u0142ugo\u015b\u0107 midi, do \u0142ydki, z suwakiem na lewym boku.&nbsp; Czarny materia\u0142 z panterk\u0105 delikatnie [...]\" \/>\n<meta property=\"og:url\" content=\"https:\/\/bythemoon.eu\/en\/product\/spodnica-zakardowa-leopard-noir\/\" \/>\n<meta property=\"og:site_name\" content=\"By The Moon EN\" \/>\n<meta property=\"article:modified_time\" content=\"2025-11-14T13:17:27+00:00\" \/>\n<meta property=\"og:image\" content=\"https:\/\/bythemoon.eu\/en\/wp-content\/uploads\/2025\/06\/Leopard-noir-koszula-i-spodnica.jpg\" \/>\n\t<meta property=\"og:image:width\" content=\"1000\" \/>\n\t<meta property=\"og:image:height\" content=\"1400\" \/>\n\t<meta property=\"og:image:type\" content=\"image\/jpeg\" \/>\n<script type=\"application\/ld+json\" class=\"yoast-schema-graph\">{\"@context\":\"https:\/\/schema.org\",\"@graph\":[{\"@type\":\"WebPage\",\"@id\":\"https:\/\/bythemoon.eu\/en\/product\/spodnica-zakardowa-leopard-noir\/\",\"url\":\"https:\/\/bythemoon.eu\/en\/product\/spodnica-zakardowa-leopard-noir\/\",\"name\":\"sp\u00f3dnica \u017cakardowa Leopard noir - By The Moon EN\",\"isPartOf\":{\"@id\":\"https:\/\/bythemoon.eu\/en\/#website\"},\"primaryImageOfPage\":{\"@id\":\"https:\/\/bythemoon.eu\/en\/product\/spodnica-zakardowa-leopard-noir\/#primaryimage\"},\"image\":{\"@id\":\"https:\/\/bythemoon.eu\/en\/product\/spodnica-zakardowa-leopard-noir\/#primaryimage\"},\"thumbnailUrl\":\"https:\/\/bythemoon.eu\/en\/wp-content\/uploads\/2025\/06\/Leopard-noir-koszula-i-spodnica.jpg\",\"datePublished\":\"2025-06-25T13:10:58+00:00\",\"dateModified\":\"2025-11-14T13:17:27+00:00\",\"breadcrumb\":{\"@id\":\"https:\/\/bythemoon.eu\/en\/product\/spodnica-zakardowa-leopard-noir\/#breadcrumb\"},\"inLanguage\":\"en-US\",\"potentialAction\":[{\"@type\":\"ReadAction\",\"target\":[\"https:\/\/bythemoon.eu\/en\/product\/spodnica-zakardowa-leopard-noir\/\"]}]},{\"@type\":\"ImageObject\",\"inLanguage\":\"en-US\",\"@id\":\"https:\/\/bythemoon.eu\/en\/product\/spodnica-zakardowa-leopard-noir\/#primaryimage\",\"url\":\"https:\/\/bythemoon.eu\/en\/wp-content\/uploads\/2025\/06\/Leopard-noir-koszula-i-spodnica.jpg\",\"contentUrl\":\"https:\/\/bythemoon.eu\/en\/wp-content\/uploads\/2025\/06\/Leopard-noir-koszula-i-spodnica.jpg\",\"width\":1000,\"height\":1400,\"caption\":\"\u017cakardowa, satynowa, damska sp\u00f3dnica, z wiskozy, w czarn\u0105 panterk\u0119, z po\u0142yskiem, \u015bwiec\u0105ca, slip skirt\"},{\"@type\":\"BreadcrumbList\",\"@id\":\"https:\/\/bythemoon.eu\/en\/product\/spodnica-zakardowa-leopard-noir\/#breadcrumb\",\"itemListElement\":[{\"@type\":\"ListItem\",\"position\":1,\"name\":\"Strona g\u0142\u00f3wna\",\"item\":\"https:\/\/bythemoon.eu\/en\/\"},{\"@type\":\"ListItem\",\"position\":2,\"name\":\"Shop\",\"item\":\"https:\/\/bythemoon.eu\/en\/shop\/\"},{\"@type\":\"ListItem\",\"position\":3,\"name\":\"sp\u00f3dnica \u017cakardowa Leopard noir\"}]},{\"@type\":\"WebSite\",\"@id\":\"https:\/\/bythemoon.eu\/en\/#website\",\"url\":\"https:\/\/bythemoon.eu\/en\/\",\"name\":\"By The Moon EN\",\"description\":\"\",\"potentialAction\":[{\"@type\":\"SearchAction\",\"target\":{\"@type\":\"EntryPoint\",\"urlTemplate\":\"https:\/\/bythemoon.eu\/en\/?s={search_term_string}\"},\"query-input\":{\"@type\":\"PropertyValueSpecification\",\"valueRequired\":true,\"valueName\":\"search_term_string\"}}],\"inLanguage\":\"en-US\"}]}<\/script>\n<!-- \/ Yoast SEO plugin. -->","yoast_head_json":{"title":"sp\u00f3dnica \u017cakardowa Leopard noir - By The Moon EN","robots":{"index":"index","follow":"follow","max-snippet":"max-snippet:-1","max-image-preview":"max-image-preview:large","max-video-preview":"max-video-preview:-1"},"canonical":"https:\/\/bythemoon.eu\/en\/product\/spodnica-zakardowa-leopard-noir\/","og_locale":"en_US","og_type":"article","og_title":"sp\u00f3dnica \u017cakardowa Leopard noir - By The Moon EN","og_description":"Czarna \u017cakardowa sp\u00f3dnica damska typu slip skirt, w delikatny c\u0119tkowany dese\u0144. Najmodniejszy wz\u00f3r tego sezonu, a jednocze\u015bnie klasyk. Uszyta ze skosu, przez co idealnie uk\u0142ada si\u0119 na sylwetce, materia\u0142 lekko pracuje i dopasowuje si\u0119 w ten spos\u00f3b do ka\u017cdej sylwetki indywidualnie. D\u0142ugo\u015b\u0107 midi, do \u0142ydki, z suwakiem na lewym boku.&nbsp; Czarny materia\u0142 z panterk\u0105 delikatnie [...]","og_url":"https:\/\/bythemoon.eu\/en\/product\/spodnica-zakardowa-leopard-noir\/","og_site_name":"By The Moon EN","article_modified_time":"2025-11-14T13:17:27+00:00","og_image":[{"width":1000,"height":1400,"url":"https:\/\/bythemoon.eu\/en\/wp-content\/uploads\/2025\/06\/Leopard-noir-koszula-i-spodnica.jpg","type":"image\/jpeg"}],"schema":{"@context":"https:\/\/schema.org","@graph":[{"@type":"WebPage","@id":"https:\/\/bythemoon.eu\/en\/product\/spodnica-zakardowa-leopard-noir\/","url":"https:\/\/bythemoon.eu\/en\/product\/spodnica-zakardowa-leopard-noir\/","name":"sp\u00f3dnica \u017cakardowa Leopard noir - By The Moon EN","isPartOf":{"@id":"https:\/\/bythemoon.eu\/en\/#website"},"primaryImageOfPage":{"@id":"https:\/\/bythemoon.eu\/en\/product\/spodnica-zakardowa-leopard-noir\/#primaryimage"},"image":{"@id":"https:\/\/bythemoon.eu\/en\/product\/spodnica-zakardowa-leopard-noir\/#primaryimage"},"thumbnailUrl":"https:\/\/bythemoon.eu\/en\/wp-content\/uploads\/2025\/06\/Leopard-noir-koszula-i-spodnica.jpg","datePublished":"2025-06-25T13:10:58+00:00","dateModified":"2025-11-14T13:17:27+00:00","breadcrumb":{"@id":"https:\/\/bythemoon.eu\/en\/product\/spodnica-zakardowa-leopard-noir\/#breadcrumb"},"inLanguage":"en-US","potentialAction":[{"@type":"ReadAction","target":["https:\/\/bythemoon.eu\/en\/product\/spodnica-zakardowa-leopard-noir\/"]}]},{"@type":"ImageObject","inLanguage":"en-US","@id":"https:\/\/bythemoon.eu\/en\/product\/spodnica-zakardowa-leopard-noir\/#primaryimage","url":"https:\/\/bythemoon.eu\/en\/wp-content\/uploads\/2025\/06\/Leopard-noir-koszula-i-spodnica.jpg","contentUrl":"https:\/\/bythemoon.eu\/en\/wp-content\/uploads\/2025\/06\/Leopard-noir-koszula-i-spodnica.jpg","width":1000,"height":1400,"caption":"\u017cakardowa, satynowa, damska sp\u00f3dnica, z wiskozy, w czarn\u0105 panterk\u0119, z po\u0142yskiem, \u015bwiec\u0105ca, slip skirt"},{"@type":"BreadcrumbList","@id":"https:\/\/bythemoon.eu\/en\/product\/spodnica-zakardowa-leopard-noir\/#breadcrumb","itemListElement":[{"@type":"ListItem","position":1,"name":"Strona g\u0142\u00f3wna","item":"https:\/\/bythemoon.eu\/en\/"},{"@type":"ListItem","position":2,"name":"Shop","item":"https:\/\/bythemoon.eu\/en\/shop\/"},{"@type":"ListItem","position":3,"name":"sp\u00f3dnica \u017cakardowa Leopard noir"}]},{"@type":"WebSite","@id":"https:\/\/bythemoon.eu\/en\/#website","url":"https:\/\/bythemoon.eu\/en\/","name":"By The Moon EN","description":"","potentialAction":[{"@type":"SearchAction","target":{"@type":"EntryPoint","urlTemplate":"https:\/\/bythemoon.eu\/en\/?s={search_term_string}"},"query-input":{"@type":"PropertyValueSpecification","valueRequired":true,"valueName":"search_term_string"}}],"inLanguage":"en-US"}]}},"_links":{"self":[{"href":"https:\/\/bythemoon.eu\/en\/wp-json\/wp\/v2\/product\/5681","targetHints":{"allow":["GET"]}}],"collection":[{"href":"https:\/\/bythemoon.eu\/en\/wp-json\/wp\/v2\/product"}],"about":[{"href":"https:\/\/bythemoon.eu\/en\/wp-json\/wp\/v2\/types\/product"}],"wp:featuredmedia":[{"embeddable":true,"href":"https:\/\/bythemoon.eu\/en\/wp-json\/wp\/v2\/media\/5682"}],"wp:attachment":[{"href":"https:\/\/bythemoon.eu\/en\/wp-json\/wp\/v2\/media?parent=5681"}],"wp:term":[{"taxonomy":"product_brand","embeddable":true,"href":"https:\/\/bythemoon.eu\/en\/wp-json\/wp\/v2\/product_brand?post=5681"},{"taxonomy":"product_cat","embeddable":true,"href":"https:\/\/bythemoon.eu\/en\/wp-json\/wp\/v2\/product_cat?post=5681"},{"taxonomy":"product_tag","embeddable":true,"href":"https:\/\/bythemoon.eu\/en\/wp-json\/wp\/v2\/product_tag?post=5681"}],"curies":[{"name":"wp","href":"https:\/\/api.w.org\/{rel}","templated":true}]}}