{"id":5646,"date":"2025-06-25T15:10:51","date_gmt":"2025-06-25T13:10:51","guid":{"rendered":"https:\/\/bythemoon.eu\/en\/produkt\/spodnie-sztruksowe-lizbona-cream\/"},"modified":"2025-11-14T14:17:27","modified_gmt":"2025-11-14T13:17:27","slug":"spodnie-sztruksowe-lizbona-cream","status":"publish","type":"product","link":"https:\/\/bythemoon.eu\/en\/product\/spodnie-sztruksowe-lizbona-cream\/","title":{"rendered":"spodnie sztruksowe Lizbona cream"},"content":{"rendered":"<p>Damskie spodnie uszyte z mi\u0119kkiego sztruksu, o lu\u017anym kroju. Zapinane na suwak i dwa nabijane metalowe guziki, z ty\u0142u wszyta jest guma, dzi\u0119ki kt\u00f3rej spodnie dobrze si\u0119 dopasowuj\u0105 do r\u00f3\u017cnych sylwetek. Z przodu i z ty\u0142u posiadaj\u0105 kieszenie. Dost\u0119pne s\u0105 w pi\u0119knym kolorze kremowym, lawendowym i niebieskim. Nasz bawe\u0142niany sztruks z domieszk\u0105 elastanu jest mi\u0119kki i mi\u0142y w dotyku oraz elastyczny, przez co spodnie zachowuj\u0105 swoj\u0105 form\u0119 podczas noszenia. Mi\u0119kkie i mi\u0142e w dotyku sztruksy s\u0105 idealn\u0105 baz\u0105 do \u0142\u0105czenia z r\u00f3\u017cnymi g\u00f3rami. Po\u0142\u0105cz z naszymi longsleevami czy kolorowymi bluzami! Must-have w Twojej szafie!<\/p>\n<p><strong>Wymiary spodni:<\/strong><\/p>\n<p>Spodnie maj\u0105 lu\u017any kr\u00f3j &#8211; przed wyborem rozmiaru, sprawd\u017a wymiary. Je\u015bli jeste\u015b pomi\u0119dzy rozmiarami, wybierz rozmiar mniejszy.<\/p>\n<table style=\"height: 141px\" width=\"520\">\n<tbody>\n<tr>\n<td width=\"109\"><\/td>\n<td style=\"text-align: center\" width=\"64\"><strong>XS<\/strong><\/td>\n<td style=\"text-align: center\" width=\"64\"><strong>S<\/strong><\/td>\n<td style=\"text-align: center\" width=\"64\"><strong>M<\/strong><\/td>\n<td style=\"text-align: center\" width=\"64\"><strong>L<\/strong><\/td>\n<\/tr>\n<tr>\n<td width=\"109\">szer. w pasie<\/td>\n<td style=\"text-align: center\" width=\"64\">36-41<\/td>\n<td style=\"text-align: center\" width=\"64\">38-43<\/td>\n<td style=\"text-align: center\" width=\"64\">40-45<\/td>\n<td style=\"text-align: center\" width=\"64\">42-47<\/td>\n<\/tr>\n<tr>\n<td style=\"text-align: left\" width=\"109\">szer. w biodrach<\/td>\n<td style=\"text-align: center\" width=\"64\">48<\/td>\n<td style=\"text-align: center\" width=\"64\">52<\/td>\n<td style=\"text-align: center\" width=\"64\">54<\/td>\n<td style=\"text-align: center\" width=\"64\">56<\/td>\n<\/tr>\n<tr>\n<td style=\"text-align: left\" width=\"109\">d\u0142ugo\u015b\u0107<\/td>\n<td style=\"text-align: center\" width=\"64\">103,5<\/td>\n<td style=\"text-align: center\" width=\"64\">104<\/td>\n<td style=\"text-align: center\" width=\"64\">104,5<\/td>\n<td style=\"text-align: center\" width=\"64\">105<\/td>\n<\/tr>\n<\/tbody>\n<\/table>\n","protected":false},"excerpt":{"rendered":"<p>Damskie spodnie uszyte z mi\u0119kkiego sztruksu, o lu\u017anym kroju. Zapinane na suwak i dwa nabijane metalowe guziki, z ty\u0142u wszyta jest guma, dzi\u0119ki kt\u00f3rej spodnie dobrze si\u0119 dopasowuj\u0105 do r\u00f3\u017cnych sylwetek. Z przodu i z ty\u0142u posiadaj\u0105 kieszenie. Dost\u0119pne s\u0105 w pi\u0119knym kolorze kremowym, lawendowym i niebieskim. Nasz bawe\u0142niany sztruks z domieszk\u0105 elastanu jest mi\u0119kki [&#8230;]\n","protected":false},"featured_media":5647,"template":"","meta":[],"product_brand":[],"product_cat":[22,21,55],"product_tag":[],"class_list":{"0":"post-5646","1":"product","2":"type-product","3":"status-publish","4":"has-post-thumbnail","6":"product_cat-bottoms","7":"product_cat-btm-en","8":"product_cat-sale","10":"first","11":"instock","12":"sale","13":"taxable","14":"shipping-taxable","15":"purchasable","16":"product-type-variable"},"yoast_head":"<!-- This site is optimized with the Yoast SEO plugin v27.0 - https:\/\/yoast.com\/product\/yoast-seo-wordpress\/ -->\n<title>spodnie sztruksowe Lizbona cream - By The Moon EN<\/title>\n<meta name=\"robots\" content=\"index, follow, max-snippet:-1, max-image-preview:large, max-video-preview:-1\" \/>\n<link rel=\"canonical\" href=\"https:\/\/bythemoon.eu\/en\/product\/spodnie-sztruksowe-lizbona-cream\/\" \/>\n<meta property=\"og:locale\" content=\"en_US\" \/>\n<meta property=\"og:type\" content=\"article\" \/>\n<meta property=\"og:title\" content=\"spodnie sztruksowe Lizbona cream - By The Moon EN\" \/>\n<meta property=\"og:description\" content=\"Damskie spodnie uszyte z mi\u0119kkiego sztruksu, o lu\u017anym kroju. Zapinane na suwak i dwa nabijane metalowe guziki, z ty\u0142u wszyta jest guma, dzi\u0119ki kt\u00f3rej spodnie dobrze si\u0119 dopasowuj\u0105 do r\u00f3\u017cnych sylwetek. Z przodu i z ty\u0142u posiadaj\u0105 kieszenie. Dost\u0119pne s\u0105 w pi\u0119knym kolorze kremowym, lawendowym i niebieskim. Nasz bawe\u0142niany sztruks z domieszk\u0105 elastanu jest mi\u0119kki [...]\" \/>\n<meta property=\"og:url\" content=\"https:\/\/bythemoon.eu\/en\/product\/spodnie-sztruksowe-lizbona-cream\/\" \/>\n<meta property=\"og:site_name\" content=\"By The Moon EN\" \/>\n<meta property=\"article:modified_time\" content=\"2025-11-14T13:17:27+00:00\" \/>\n<meta property=\"og:image\" content=\"https:\/\/bythemoon.eu\/en\/wp-content\/uploads\/2025\/06\/bluza_green_lifespodnie-lizbona_kadr.jpg\" \/>\n\t<meta property=\"og:image:width\" content=\"1000\" \/>\n\t<meta property=\"og:image:height\" content=\"1400\" \/>\n\t<meta property=\"og:image:type\" content=\"image\/jpeg\" \/>\n<script type=\"application\/ld+json\" class=\"yoast-schema-graph\">{\"@context\":\"https:\/\/schema.org\",\"@graph\":[{\"@type\":\"WebPage\",\"@id\":\"https:\/\/bythemoon.eu\/en\/product\/spodnie-sztruksowe-lizbona-cream\/\",\"url\":\"https:\/\/bythemoon.eu\/en\/product\/spodnie-sztruksowe-lizbona-cream\/\",\"name\":\"spodnie sztruksowe Lizbona cream - By The Moon EN\",\"isPartOf\":{\"@id\":\"https:\/\/bythemoon.eu\/en\/#website\"},\"primaryImageOfPage\":{\"@id\":\"https:\/\/bythemoon.eu\/en\/product\/spodnie-sztruksowe-lizbona-cream\/#primaryimage\"},\"image\":{\"@id\":\"https:\/\/bythemoon.eu\/en\/product\/spodnie-sztruksowe-lizbona-cream\/#primaryimage\"},\"thumbnailUrl\":\"https:\/\/bythemoon.eu\/en\/wp-content\/uploads\/2025\/06\/bluza_green_lifespodnie-lizbona_kadr.jpg\",\"datePublished\":\"2025-06-25T13:10:51+00:00\",\"dateModified\":\"2025-11-14T13:17:27+00:00\",\"breadcrumb\":{\"@id\":\"https:\/\/bythemoon.eu\/en\/product\/spodnie-sztruksowe-lizbona-cream\/#breadcrumb\"},\"inLanguage\":\"en-US\",\"potentialAction\":[{\"@type\":\"ReadAction\",\"target\":[\"https:\/\/bythemoon.eu\/en\/product\/spodnie-sztruksowe-lizbona-cream\/\"]}]},{\"@type\":\"ImageObject\",\"inLanguage\":\"en-US\",\"@id\":\"https:\/\/bythemoon.eu\/en\/product\/spodnie-sztruksowe-lizbona-cream\/#primaryimage\",\"url\":\"https:\/\/bythemoon.eu\/en\/wp-content\/uploads\/2025\/06\/bluza_green_lifespodnie-lizbona_kadr.jpg\",\"contentUrl\":\"https:\/\/bythemoon.eu\/en\/wp-content\/uploads\/2025\/06\/bluza_green_lifespodnie-lizbona_kadr.jpg\",\"width\":1000,\"height\":1400,\"caption\":\"sztruksy kremowe damskie, spodnie sztruksowe,zielona damska bluza, dzianinowa, green life, eko, ekologia, natura\"},{\"@type\":\"BreadcrumbList\",\"@id\":\"https:\/\/bythemoon.eu\/en\/product\/spodnie-sztruksowe-lizbona-cream\/#breadcrumb\",\"itemListElement\":[{\"@type\":\"ListItem\",\"position\":1,\"name\":\"Strona g\u0142\u00f3wna\",\"item\":\"https:\/\/bythemoon.eu\/en\/\"},{\"@type\":\"ListItem\",\"position\":2,\"name\":\"Shop\",\"item\":\"https:\/\/bythemoon.eu\/en\/shop\/\"},{\"@type\":\"ListItem\",\"position\":3,\"name\":\"spodnie sztruksowe Lizbona cream\"}]},{\"@type\":\"WebSite\",\"@id\":\"https:\/\/bythemoon.eu\/en\/#website\",\"url\":\"https:\/\/bythemoon.eu\/en\/\",\"name\":\"By The Moon EN\",\"description\":\"\",\"potentialAction\":[{\"@type\":\"SearchAction\",\"target\":{\"@type\":\"EntryPoint\",\"urlTemplate\":\"https:\/\/bythemoon.eu\/en\/?s={search_term_string}\"},\"query-input\":{\"@type\":\"PropertyValueSpecification\",\"valueRequired\":true,\"valueName\":\"search_term_string\"}}],\"inLanguage\":\"en-US\"}]}<\/script>\n<!-- \/ Yoast SEO plugin. -->","yoast_head_json":{"title":"spodnie sztruksowe Lizbona cream - By The Moon EN","robots":{"index":"index","follow":"follow","max-snippet":"max-snippet:-1","max-image-preview":"max-image-preview:large","max-video-preview":"max-video-preview:-1"},"canonical":"https:\/\/bythemoon.eu\/en\/product\/spodnie-sztruksowe-lizbona-cream\/","og_locale":"en_US","og_type":"article","og_title":"spodnie sztruksowe Lizbona cream - By The Moon EN","og_description":"Damskie spodnie uszyte z mi\u0119kkiego sztruksu, o lu\u017anym kroju. Zapinane na suwak i dwa nabijane metalowe guziki, z ty\u0142u wszyta jest guma, dzi\u0119ki kt\u00f3rej spodnie dobrze si\u0119 dopasowuj\u0105 do r\u00f3\u017cnych sylwetek. Z przodu i z ty\u0142u posiadaj\u0105 kieszenie. Dost\u0119pne s\u0105 w pi\u0119knym kolorze kremowym, lawendowym i niebieskim. Nasz bawe\u0142niany sztruks z domieszk\u0105 elastanu jest mi\u0119kki [...]","og_url":"https:\/\/bythemoon.eu\/en\/product\/spodnie-sztruksowe-lizbona-cream\/","og_site_name":"By The Moon EN","article_modified_time":"2025-11-14T13:17:27+00:00","og_image":[{"width":1000,"height":1400,"url":"https:\/\/bythemoon.eu\/en\/wp-content\/uploads\/2025\/06\/bluza_green_lifespodnie-lizbona_kadr.jpg","type":"image\/jpeg"}],"schema":{"@context":"https:\/\/schema.org","@graph":[{"@type":"WebPage","@id":"https:\/\/bythemoon.eu\/en\/product\/spodnie-sztruksowe-lizbona-cream\/","url":"https:\/\/bythemoon.eu\/en\/product\/spodnie-sztruksowe-lizbona-cream\/","name":"spodnie sztruksowe Lizbona cream - By The Moon EN","isPartOf":{"@id":"https:\/\/bythemoon.eu\/en\/#website"},"primaryImageOfPage":{"@id":"https:\/\/bythemoon.eu\/en\/product\/spodnie-sztruksowe-lizbona-cream\/#primaryimage"},"image":{"@id":"https:\/\/bythemoon.eu\/en\/product\/spodnie-sztruksowe-lizbona-cream\/#primaryimage"},"thumbnailUrl":"https:\/\/bythemoon.eu\/en\/wp-content\/uploads\/2025\/06\/bluza_green_lifespodnie-lizbona_kadr.jpg","datePublished":"2025-06-25T13:10:51+00:00","dateModified":"2025-11-14T13:17:27+00:00","breadcrumb":{"@id":"https:\/\/bythemoon.eu\/en\/product\/spodnie-sztruksowe-lizbona-cream\/#breadcrumb"},"inLanguage":"en-US","potentialAction":[{"@type":"ReadAction","target":["https:\/\/bythemoon.eu\/en\/product\/spodnie-sztruksowe-lizbona-cream\/"]}]},{"@type":"ImageObject","inLanguage":"en-US","@id":"https:\/\/bythemoon.eu\/en\/product\/spodnie-sztruksowe-lizbona-cream\/#primaryimage","url":"https:\/\/bythemoon.eu\/en\/wp-content\/uploads\/2025\/06\/bluza_green_lifespodnie-lizbona_kadr.jpg","contentUrl":"https:\/\/bythemoon.eu\/en\/wp-content\/uploads\/2025\/06\/bluza_green_lifespodnie-lizbona_kadr.jpg","width":1000,"height":1400,"caption":"sztruksy kremowe damskie, spodnie sztruksowe,zielona damska bluza, dzianinowa, green life, eko, ekologia, natura"},{"@type":"BreadcrumbList","@id":"https:\/\/bythemoon.eu\/en\/product\/spodnie-sztruksowe-lizbona-cream\/#breadcrumb","itemListElement":[{"@type":"ListItem","position":1,"name":"Strona g\u0142\u00f3wna","item":"https:\/\/bythemoon.eu\/en\/"},{"@type":"ListItem","position":2,"name":"Shop","item":"https:\/\/bythemoon.eu\/en\/shop\/"},{"@type":"ListItem","position":3,"name":"spodnie sztruksowe Lizbona cream"}]},{"@type":"WebSite","@id":"https:\/\/bythemoon.eu\/en\/#website","url":"https:\/\/bythemoon.eu\/en\/","name":"By The Moon EN","description":"","potentialAction":[{"@type":"SearchAction","target":{"@type":"EntryPoint","urlTemplate":"https:\/\/bythemoon.eu\/en\/?s={search_term_string}"},"query-input":{"@type":"PropertyValueSpecification","valueRequired":true,"valueName":"search_term_string"}}],"inLanguage":"en-US"}]}},"_links":{"self":[{"href":"https:\/\/bythemoon.eu\/en\/wp-json\/wp\/v2\/product\/5646","targetHints":{"allow":["GET"]}}],"collection":[{"href":"https:\/\/bythemoon.eu\/en\/wp-json\/wp\/v2\/product"}],"about":[{"href":"https:\/\/bythemoon.eu\/en\/wp-json\/wp\/v2\/types\/product"}],"wp:featuredmedia":[{"embeddable":true,"href":"https:\/\/bythemoon.eu\/en\/wp-json\/wp\/v2\/media\/5647"}],"wp:attachment":[{"href":"https:\/\/bythemoon.eu\/en\/wp-json\/wp\/v2\/media?parent=5646"}],"wp:term":[{"taxonomy":"product_brand","embeddable":true,"href":"https:\/\/bythemoon.eu\/en\/wp-json\/wp\/v2\/product_brand?post=5646"},{"taxonomy":"product_cat","embeddable":true,"href":"https:\/\/bythemoon.eu\/en\/wp-json\/wp\/v2\/product_cat?post=5646"},{"taxonomy":"product_tag","embeddable":true,"href":"https:\/\/bythemoon.eu\/en\/wp-json\/wp\/v2\/product_tag?post=5646"}],"curies":[{"name":"wp","href":"https:\/\/api.w.org\/{rel}","templated":true}]}}