{"id":5636,"date":"2025-06-25T15:10:51","date_gmt":"2025-06-25T13:10:51","guid":{"rendered":"https:\/\/bythemoon.eu\/en\/produkt\/bluza-harmony\/"},"modified":"2025-11-14T14:17:28","modified_gmt":"2025-11-14T13:17:28","slug":"bluza-harmony","status":"publish","type":"product","link":"https:\/\/bythemoon.eu\/en\/product\/bluza-harmony\/","title":{"rendered":"bluza Harmony"},"content":{"rendered":"<p><strong>Wprowad\u017a harmoni\u0119 do swojej szafy.\u00a0<\/strong><\/p>\n<p>Ciep\u0142a bluza damska z\u00a0 napisem \u201c<em>harmony<\/em>\u201d wyhaftowanym na przodzie.\u00a0 Haft zrobiony jest metod\u0105 chenille &#8211; jest puszysty i optycznie grubszy. Bluza jest w pi\u0119knym odcieniu fioletu &#8211; najmodniejszym kolorze tego sezonu. Ten kolor dzia\u0142a na emocje, wprowadza wewn\u0119trzn\u0105 r\u00f3wnowag\u0119, koi zmys\u0142y. Uszyta z drapanej, mi\u0119kkiej i ciep\u0142ej dzianiny, kt\u00f3ra otuli Ci\u0119 tak\u017ce w ch\u0142odniejsze dni. Ma raglanowe r\u0119kawy, zako\u0144czona \u015bci\u0105gaczem. Zr\u00f3b sobie przyjemno\u015b\u0107 i otul si\u0119 w mi\u0119kk\u0105, ciep\u0142\u0105 dzianin\u0119 na zim\u0119:-)<\/p>\n<p><strong>Wymiary bluzy w cm:<\/strong><\/p>\n<table style=\"height: 196px\" width=\"471\">\n<tbody>\n<tr>\n<td width=\"90\"><\/td>\n<td style=\"text-align: center\" width=\"64\"><strong>XS<\/strong><\/td>\n<td style=\"text-align: center\" width=\"64\"><strong>S<\/strong><\/td>\n<td style=\"text-align: center\" width=\"64\"><strong>M<\/strong><\/td>\n<td style=\"text-align: center\" width=\"64\"><strong>L<\/strong><\/td>\n<\/tr>\n<tr>\n<td>szer. w klatce<\/td>\n<td style=\"text-align: center\">53<\/td>\n<td style=\"text-align: center\">56<\/td>\n<td style=\"text-align: center\">59<\/td>\n<td style=\"text-align: center\">62<\/td>\n<\/tr>\n<tr>\n<td width=\"90\">d\u0142ugo\u015b\u0107 od ramienia przy dekolcie<\/td>\n<td style=\"text-align: center\">62<\/td>\n<td style=\"text-align: center\">62,5<\/td>\n<td style=\"text-align: center\">63<\/td>\n<td style=\"text-align: center\">63,5<\/td>\n<\/tr>\n<\/tbody>\n<\/table>\n<p>&nbsp;<\/p>\n","protected":false},"excerpt":{"rendered":"<p>Wprowad\u017a harmoni\u0119 do swojej szafy.\u00a0 Ciep\u0142a bluza damska z\u00a0 napisem \u201charmony\u201d wyhaftowanym na przodzie.\u00a0 Haft zrobiony jest metod\u0105 chenille &#8211; jest puszysty i optycznie grubszy. Bluza jest w pi\u0119knym odcieniu fioletu &#8211; najmodniejszym kolorze tego sezonu. Ten kolor dzia\u0142a na emocje, wprowadza wewn\u0119trzn\u0105 r\u00f3wnowag\u0119, koi zmys\u0142y. Uszyta z drapanej, mi\u0119kkiej i ciep\u0142ej dzianiny, kt\u00f3ra otuli [&#8230;]\n","protected":false},"featured_media":5637,"template":"","meta":[],"product_brand":[],"product_cat":[21,52],"product_tag":[],"class_list":{"0":"post-5636","1":"product","2":"type-product","3":"status-publish","4":"has-post-thumbnail","6":"product_cat-btm-en","7":"product_cat-sweatshirts","9":"first","10":"instock","11":"taxable","12":"shipping-taxable","13":"purchasable","14":"product-type-variable"},"yoast_head":"<!-- This site is optimized with the Yoast SEO plugin v27.0 - https:\/\/yoast.com\/product\/yoast-seo-wordpress\/ -->\n<title>bluza Harmony - By The Moon EN<\/title>\n<meta name=\"robots\" content=\"index, follow, max-snippet:-1, max-image-preview:large, max-video-preview:-1\" \/>\n<link rel=\"canonical\" href=\"https:\/\/bythemoon.eu\/en\/product\/bluza-harmony\/\" \/>\n<meta property=\"og:locale\" content=\"en_US\" \/>\n<meta property=\"og:type\" content=\"article\" \/>\n<meta property=\"og:title\" content=\"bluza Harmony - By The Moon EN\" \/>\n<meta property=\"og:description\" content=\"Wprowad\u017a harmoni\u0119 do swojej szafy.\u00a0 Ciep\u0142a bluza damska z\u00a0 napisem \u201charmony\u201d wyhaftowanym na przodzie.\u00a0 Haft zrobiony jest metod\u0105 chenille &#8211; jest puszysty i optycznie grubszy. Bluza jest w pi\u0119knym odcieniu fioletu &#8211; najmodniejszym kolorze tego sezonu. Ten kolor dzia\u0142a na emocje, wprowadza wewn\u0119trzn\u0105 r\u00f3wnowag\u0119, koi zmys\u0142y. Uszyta z drapanej, mi\u0119kkiej i ciep\u0142ej dzianiny, kt\u00f3ra otuli [...]\" \/>\n<meta property=\"og:url\" content=\"https:\/\/bythemoon.eu\/en\/product\/bluza-harmony\/\" \/>\n<meta property=\"og:site_name\" content=\"By The Moon EN\" \/>\n<meta property=\"article:modified_time\" content=\"2025-11-14T13:17:28+00:00\" \/>\n<meta property=\"og:image\" content=\"https:\/\/bythemoon.eu\/en\/wp-content\/uploads\/2025\/06\/bluza_harmony.jpg\" \/>\n\t<meta property=\"og:image:width\" content=\"1000\" \/>\n\t<meta property=\"og:image:height\" content=\"1400\" \/>\n\t<meta property=\"og:image:type\" content=\"image\/jpeg\" \/>\n<script type=\"application\/ld+json\" class=\"yoast-schema-graph\">{\"@context\":\"https:\/\/schema.org\",\"@graph\":[{\"@type\":\"WebPage\",\"@id\":\"https:\/\/bythemoon.eu\/en\/product\/bluza-harmony\/\",\"url\":\"https:\/\/bythemoon.eu\/en\/product\/bluza-harmony\/\",\"name\":\"bluza Harmony - By The Moon EN\",\"isPartOf\":{\"@id\":\"https:\/\/bythemoon.eu\/en\/#website\"},\"primaryImageOfPage\":{\"@id\":\"https:\/\/bythemoon.eu\/en\/product\/bluza-harmony\/#primaryimage\"},\"image\":{\"@id\":\"https:\/\/bythemoon.eu\/en\/product\/bluza-harmony\/#primaryimage\"},\"thumbnailUrl\":\"https:\/\/bythemoon.eu\/en\/wp-content\/uploads\/2025\/06\/bluza_harmony.jpg\",\"datePublished\":\"2025-06-25T13:10:51+00:00\",\"dateModified\":\"2025-11-14T13:17:28+00:00\",\"breadcrumb\":{\"@id\":\"https:\/\/bythemoon.eu\/en\/product\/bluza-harmony\/#breadcrumb\"},\"inLanguage\":\"en-US\",\"potentialAction\":[{\"@type\":\"ReadAction\",\"target\":[\"https:\/\/bythemoon.eu\/en\/product\/bluza-harmony\/\"]}]},{\"@type\":\"ImageObject\",\"inLanguage\":\"en-US\",\"@id\":\"https:\/\/bythemoon.eu\/en\/product\/bluza-harmony\/#primaryimage\",\"url\":\"https:\/\/bythemoon.eu\/en\/wp-content\/uploads\/2025\/06\/bluza_harmony.jpg\",\"contentUrl\":\"https:\/\/bythemoon.eu\/en\/wp-content\/uploads\/2025\/06\/bluza_harmony.jpg\",\"width\":1000,\"height\":1400,\"caption\":\"bluza z haftem chenille harmony, fioletowa, purpurowa, bawe\u0142niana, dzianinowa, damska, raglanowe r\u0119kawy\"},{\"@type\":\"BreadcrumbList\",\"@id\":\"https:\/\/bythemoon.eu\/en\/product\/bluza-harmony\/#breadcrumb\",\"itemListElement\":[{\"@type\":\"ListItem\",\"position\":1,\"name\":\"Strona g\u0142\u00f3wna\",\"item\":\"https:\/\/bythemoon.eu\/en\/\"},{\"@type\":\"ListItem\",\"position\":2,\"name\":\"Shop\",\"item\":\"https:\/\/bythemoon.eu\/en\/shop\/\"},{\"@type\":\"ListItem\",\"position\":3,\"name\":\"bluza Harmony\"}]},{\"@type\":\"WebSite\",\"@id\":\"https:\/\/bythemoon.eu\/en\/#website\",\"url\":\"https:\/\/bythemoon.eu\/en\/\",\"name\":\"By The Moon EN\",\"description\":\"\",\"potentialAction\":[{\"@type\":\"SearchAction\",\"target\":{\"@type\":\"EntryPoint\",\"urlTemplate\":\"https:\/\/bythemoon.eu\/en\/?s={search_term_string}\"},\"query-input\":{\"@type\":\"PropertyValueSpecification\",\"valueRequired\":true,\"valueName\":\"search_term_string\"}}],\"inLanguage\":\"en-US\"}]}<\/script>\n<!-- \/ Yoast SEO plugin. -->","yoast_head_json":{"title":"bluza Harmony - By The Moon EN","robots":{"index":"index","follow":"follow","max-snippet":"max-snippet:-1","max-image-preview":"max-image-preview:large","max-video-preview":"max-video-preview:-1"},"canonical":"https:\/\/bythemoon.eu\/en\/product\/bluza-harmony\/","og_locale":"en_US","og_type":"article","og_title":"bluza Harmony - By The Moon EN","og_description":"Wprowad\u017a harmoni\u0119 do swojej szafy.\u00a0 Ciep\u0142a bluza damska z\u00a0 napisem \u201charmony\u201d wyhaftowanym na przodzie.\u00a0 Haft zrobiony jest metod\u0105 chenille &#8211; jest puszysty i optycznie grubszy. Bluza jest w pi\u0119knym odcieniu fioletu &#8211; najmodniejszym kolorze tego sezonu. Ten kolor dzia\u0142a na emocje, wprowadza wewn\u0119trzn\u0105 r\u00f3wnowag\u0119, koi zmys\u0142y. Uszyta z drapanej, mi\u0119kkiej i ciep\u0142ej dzianiny, kt\u00f3ra otuli [...]","og_url":"https:\/\/bythemoon.eu\/en\/product\/bluza-harmony\/","og_site_name":"By The Moon EN","article_modified_time":"2025-11-14T13:17:28+00:00","og_image":[{"width":1000,"height":1400,"url":"https:\/\/bythemoon.eu\/en\/wp-content\/uploads\/2025\/06\/bluza_harmony.jpg","type":"image\/jpeg"}],"schema":{"@context":"https:\/\/schema.org","@graph":[{"@type":"WebPage","@id":"https:\/\/bythemoon.eu\/en\/product\/bluza-harmony\/","url":"https:\/\/bythemoon.eu\/en\/product\/bluza-harmony\/","name":"bluza Harmony - By The Moon EN","isPartOf":{"@id":"https:\/\/bythemoon.eu\/en\/#website"},"primaryImageOfPage":{"@id":"https:\/\/bythemoon.eu\/en\/product\/bluza-harmony\/#primaryimage"},"image":{"@id":"https:\/\/bythemoon.eu\/en\/product\/bluza-harmony\/#primaryimage"},"thumbnailUrl":"https:\/\/bythemoon.eu\/en\/wp-content\/uploads\/2025\/06\/bluza_harmony.jpg","datePublished":"2025-06-25T13:10:51+00:00","dateModified":"2025-11-14T13:17:28+00:00","breadcrumb":{"@id":"https:\/\/bythemoon.eu\/en\/product\/bluza-harmony\/#breadcrumb"},"inLanguage":"en-US","potentialAction":[{"@type":"ReadAction","target":["https:\/\/bythemoon.eu\/en\/product\/bluza-harmony\/"]}]},{"@type":"ImageObject","inLanguage":"en-US","@id":"https:\/\/bythemoon.eu\/en\/product\/bluza-harmony\/#primaryimage","url":"https:\/\/bythemoon.eu\/en\/wp-content\/uploads\/2025\/06\/bluza_harmony.jpg","contentUrl":"https:\/\/bythemoon.eu\/en\/wp-content\/uploads\/2025\/06\/bluza_harmony.jpg","width":1000,"height":1400,"caption":"bluza z haftem chenille harmony, fioletowa, purpurowa, bawe\u0142niana, dzianinowa, damska, raglanowe r\u0119kawy"},{"@type":"BreadcrumbList","@id":"https:\/\/bythemoon.eu\/en\/product\/bluza-harmony\/#breadcrumb","itemListElement":[{"@type":"ListItem","position":1,"name":"Strona g\u0142\u00f3wna","item":"https:\/\/bythemoon.eu\/en\/"},{"@type":"ListItem","position":2,"name":"Shop","item":"https:\/\/bythemoon.eu\/en\/shop\/"},{"@type":"ListItem","position":3,"name":"bluza Harmony"}]},{"@type":"WebSite","@id":"https:\/\/bythemoon.eu\/en\/#website","url":"https:\/\/bythemoon.eu\/en\/","name":"By The Moon EN","description":"","potentialAction":[{"@type":"SearchAction","target":{"@type":"EntryPoint","urlTemplate":"https:\/\/bythemoon.eu\/en\/?s={search_term_string}"},"query-input":{"@type":"PropertyValueSpecification","valueRequired":true,"valueName":"search_term_string"}}],"inLanguage":"en-US"}]}},"_links":{"self":[{"href":"https:\/\/bythemoon.eu\/en\/wp-json\/wp\/v2\/product\/5636","targetHints":{"allow":["GET"]}}],"collection":[{"href":"https:\/\/bythemoon.eu\/en\/wp-json\/wp\/v2\/product"}],"about":[{"href":"https:\/\/bythemoon.eu\/en\/wp-json\/wp\/v2\/types\/product"}],"wp:featuredmedia":[{"embeddable":true,"href":"https:\/\/bythemoon.eu\/en\/wp-json\/wp\/v2\/media\/5637"}],"wp:attachment":[{"href":"https:\/\/bythemoon.eu\/en\/wp-json\/wp\/v2\/media?parent=5636"}],"wp:term":[{"taxonomy":"product_brand","embeddable":true,"href":"https:\/\/bythemoon.eu\/en\/wp-json\/wp\/v2\/product_brand?post=5636"},{"taxonomy":"product_cat","embeddable":true,"href":"https:\/\/bythemoon.eu\/en\/wp-json\/wp\/v2\/product_cat?post=5636"},{"taxonomy":"product_tag","embeddable":true,"href":"https:\/\/bythemoon.eu\/en\/wp-json\/wp\/v2\/product_tag?post=5636"}],"curies":[{"name":"wp","href":"https:\/\/api.w.org\/{rel}","templated":true}]}}