{"id":5602,"date":"2025-06-25T15:10:39","date_gmt":"2025-06-25T13:10:39","guid":{"rendered":"https:\/\/bythemoon.eu\/en\/produkt\/marynarka-damska-colette-noir\/"},"modified":"2025-11-14T14:17:28","modified_gmt":"2025-11-14T13:17:28","slug":"marynarka-damska-colette-noir","status":"publish","type":"product","link":"https:\/\/bythemoon.eu\/en\/product\/marynarka-damska-colette-noir\/","title":{"rendered":"marynarka damska Colette noir"},"content":{"rendered":"<p>Pi\u0119kna damska marynarka o lekko m\u0119skim kroju, uszyta ze szlachetnej tkaniny wiskozowej. Zapinana na jeden guzik z przodu. Guziki na mankietach, rozci\u0119cie z ty\u0142u. Elegancka i jednocze\u015bnie swobodna. Prosty fason, lekko podkre\u015blaj\u0105cy ramiona. Bez du\u017cego taliowania. Marynarka tworzy \u015bwietny zestaw z kamizelk\u0105 i szerokimi spodniami Colette z naszej kolekcji. Mo\u017cna j\u0105 \u0142\u0105czy\u0107 w r\u00f3\u017cnorodnych stylizacjach z sukienkami, bluzkami lub jeansami. To ponadczasowy model, kt\u00f3ry pozostanie z Tob\u0105 na d\u0142ugo, daj\u0105c wiele mo\u017cliwo\u015bci tworzenia kapsu\u0142owej garderoby. To must-have w kobiecej szafie!<\/p>\n<p><strong>Wymiary marynarki w cm:<\/strong><\/p>\n<table style=\"height: 165px\" width=\"541\">\n<tbody>\n<tr>\n<td width=\"98\"><\/td>\n<td style=\"text-align: center\" width=\"64\"><strong>XS<\/strong><\/td>\n<td style=\"text-align: center\" width=\"64\"><strong>S<\/strong><\/td>\n<td style=\"text-align: center\" width=\"64\"><strong>M<\/strong><\/td>\n<td style=\"text-align: center\" width=\"64\"><strong>L<\/strong><\/td>\n<\/tr>\n<tr>\n<td style=\"text-align: left\">d\u0142. ty\u0142u &#8211; \u015brodek<\/td>\n<td style=\"text-align: center\">68,5<\/td>\n<td style=\"text-align: center\">69<\/td>\n<td style=\"text-align: center\">69<\/td>\n<td style=\"text-align: center\">70<\/td>\n<\/tr>\n<tr>\n<td>szer. w biu\u015bcie<\/td>\n<td style=\"text-align: center\">46<\/td>\n<td style=\"text-align: center\">48<\/td>\n<td style=\"text-align: center\">50<\/td>\n<td style=\"text-align: center\">52<\/td>\n<\/tr>\n<tr>\n<td style=\"text-align: left\">d\u0142. r\u0119kawa<\/td>\n<td style=\"text-align: center\">59<\/td>\n<td style=\"text-align: center\">59,5<\/td>\n<td style=\"text-align: center\">60<\/td>\n<td style=\"text-align: center\">60,5<\/td>\n<\/tr>\n<\/tbody>\n<\/table>\n<p>&nbsp;<\/p>\n","protected":false},"excerpt":{"rendered":"<p>Pi\u0119kna damska marynarka o lekko m\u0119skim kroju, uszyta ze szlachetnej tkaniny wiskozowej. Zapinana na jeden guzik z przodu. Guziki na mankietach, rozci\u0119cie z ty\u0142u. Elegancka i jednocze\u015bnie swobodna. Prosty fason, lekko podkre\u015blaj\u0105cy ramiona. Bez du\u017cego taliowania. Marynarka tworzy \u015bwietny zestaw z kamizelk\u0105 i szerokimi spodniami Colette z naszej kolekcji. Mo\u017cna j\u0105 \u0142\u0105czy\u0107 w r\u00f3\u017cnorodnych stylizacjach [&#8230;]\n","protected":false},"featured_media":5604,"template":"","meta":[],"product_brand":[],"product_cat":[21,37],"product_tag":[],"class_list":{"0":"post-5602","1":"product","2":"type-product","3":"status-publish","4":"has-post-thumbnail","6":"product_cat-btm-en","7":"product_cat-jackets","9":"first","10":"instock","11":"sale","12":"taxable","13":"shipping-taxable","14":"purchasable","15":"product-type-variable"},"yoast_head":"<!-- This site is optimized with the Yoast SEO plugin v27.0 - https:\/\/yoast.com\/product\/yoast-seo-wordpress\/ -->\n<title>marynarka damska Colette noir - By The Moon EN<\/title>\n<meta name=\"robots\" content=\"index, follow, max-snippet:-1, max-image-preview:large, max-video-preview:-1\" \/>\n<link rel=\"canonical\" href=\"https:\/\/bythemoon.eu\/en\/product\/marynarka-damska-colette-noir\/\" \/>\n<meta property=\"og:locale\" content=\"en_US\" \/>\n<meta property=\"og:type\" content=\"article\" \/>\n<meta property=\"og:title\" content=\"marynarka damska Colette noir - By The Moon EN\" \/>\n<meta property=\"og:description\" content=\"Pi\u0119kna damska marynarka o lekko m\u0119skim kroju, uszyta ze szlachetnej tkaniny wiskozowej. Zapinana na jeden guzik z przodu. Guziki na mankietach, rozci\u0119cie z ty\u0142u. Elegancka i jednocze\u015bnie swobodna. Prosty fason, lekko podkre\u015blaj\u0105cy ramiona. Bez du\u017cego taliowania. Marynarka tworzy \u015bwietny zestaw z kamizelk\u0105 i szerokimi spodniami Colette z naszej kolekcji. Mo\u017cna j\u0105 \u0142\u0105czy\u0107 w r\u00f3\u017cnorodnych stylizacjach [...]\" \/>\n<meta property=\"og:url\" content=\"https:\/\/bythemoon.eu\/en\/product\/marynarka-damska-colette-noir\/\" \/>\n<meta property=\"og:site_name\" content=\"By The Moon EN\" \/>\n<meta property=\"article:modified_time\" content=\"2025-11-14T13:17:28+00:00\" \/>\n<meta property=\"og:image\" content=\"https:\/\/bythemoon.eu\/en\/wp-content\/uploads\/2025\/06\/garnitur_colette_noir.jpg\" \/>\n\t<meta property=\"og:image:width\" content=\"1000\" \/>\n\t<meta property=\"og:image:height\" content=\"1400\" \/>\n\t<meta property=\"og:image:type\" content=\"image\/jpeg\" \/>\n<script type=\"application\/ld+json\" class=\"yoast-schema-graph\">{\"@context\":\"https:\/\/schema.org\",\"@graph\":[{\"@type\":\"WebPage\",\"@id\":\"https:\/\/bythemoon.eu\/en\/product\/marynarka-damska-colette-noir\/\",\"url\":\"https:\/\/bythemoon.eu\/en\/product\/marynarka-damska-colette-noir\/\",\"name\":\"marynarka damska Colette noir - By The Moon EN\",\"isPartOf\":{\"@id\":\"https:\/\/bythemoon.eu\/en\/#website\"},\"primaryImageOfPage\":{\"@id\":\"https:\/\/bythemoon.eu\/en\/product\/marynarka-damska-colette-noir\/#primaryimage\"},\"image\":{\"@id\":\"https:\/\/bythemoon.eu\/en\/product\/marynarka-damska-colette-noir\/#primaryimage\"},\"thumbnailUrl\":\"https:\/\/bythemoon.eu\/en\/wp-content\/uploads\/2025\/06\/garnitur_colette_noir.jpg\",\"datePublished\":\"2025-06-25T13:10:39+00:00\",\"dateModified\":\"2025-11-14T13:17:28+00:00\",\"breadcrumb\":{\"@id\":\"https:\/\/bythemoon.eu\/en\/product\/marynarka-damska-colette-noir\/#breadcrumb\"},\"inLanguage\":\"en-US\",\"potentialAction\":[{\"@type\":\"ReadAction\",\"target\":[\"https:\/\/bythemoon.eu\/en\/product\/marynarka-damska-colette-noir\/\"]}]},{\"@type\":\"ImageObject\",\"inLanguage\":\"en-US\",\"@id\":\"https:\/\/bythemoon.eu\/en\/product\/marynarka-damska-colette-noir\/#primaryimage\",\"url\":\"https:\/\/bythemoon.eu\/en\/wp-content\/uploads\/2025\/06\/garnitur_colette_noir.jpg\",\"contentUrl\":\"https:\/\/bythemoon.eu\/en\/wp-content\/uploads\/2025\/06\/garnitur_colette_noir.jpg\",\"width\":1000,\"height\":1400,\"caption\":\"czarne, damskie spodnie garniturowe, szerokie nogawki, lu\u017ane, eleganckie, modne, z wiskozy, do garnituru, czarna marynarka damska, polski produkt, made in poland\"},{\"@type\":\"BreadcrumbList\",\"@id\":\"https:\/\/bythemoon.eu\/en\/product\/marynarka-damska-colette-noir\/#breadcrumb\",\"itemListElement\":[{\"@type\":\"ListItem\",\"position\":1,\"name\":\"Strona g\u0142\u00f3wna\",\"item\":\"https:\/\/bythemoon.eu\/en\/\"},{\"@type\":\"ListItem\",\"position\":2,\"name\":\"Shop\",\"item\":\"https:\/\/bythemoon.eu\/en\/shop\/\"},{\"@type\":\"ListItem\",\"position\":3,\"name\":\"marynarka damska Colette noir\"}]},{\"@type\":\"WebSite\",\"@id\":\"https:\/\/bythemoon.eu\/en\/#website\",\"url\":\"https:\/\/bythemoon.eu\/en\/\",\"name\":\"By The Moon EN\",\"description\":\"\",\"potentialAction\":[{\"@type\":\"SearchAction\",\"target\":{\"@type\":\"EntryPoint\",\"urlTemplate\":\"https:\/\/bythemoon.eu\/en\/?s={search_term_string}\"},\"query-input\":{\"@type\":\"PropertyValueSpecification\",\"valueRequired\":true,\"valueName\":\"search_term_string\"}}],\"inLanguage\":\"en-US\"}]}<\/script>\n<!-- \/ Yoast SEO plugin. -->","yoast_head_json":{"title":"marynarka damska Colette noir - By The Moon EN","robots":{"index":"index","follow":"follow","max-snippet":"max-snippet:-1","max-image-preview":"max-image-preview:large","max-video-preview":"max-video-preview:-1"},"canonical":"https:\/\/bythemoon.eu\/en\/product\/marynarka-damska-colette-noir\/","og_locale":"en_US","og_type":"article","og_title":"marynarka damska Colette noir - By The Moon EN","og_description":"Pi\u0119kna damska marynarka o lekko m\u0119skim kroju, uszyta ze szlachetnej tkaniny wiskozowej. Zapinana na jeden guzik z przodu. Guziki na mankietach, rozci\u0119cie z ty\u0142u. Elegancka i jednocze\u015bnie swobodna. Prosty fason, lekko podkre\u015blaj\u0105cy ramiona. Bez du\u017cego taliowania. Marynarka tworzy \u015bwietny zestaw z kamizelk\u0105 i szerokimi spodniami Colette z naszej kolekcji. Mo\u017cna j\u0105 \u0142\u0105czy\u0107 w r\u00f3\u017cnorodnych stylizacjach [...]","og_url":"https:\/\/bythemoon.eu\/en\/product\/marynarka-damska-colette-noir\/","og_site_name":"By The Moon EN","article_modified_time":"2025-11-14T13:17:28+00:00","og_image":[{"width":1000,"height":1400,"url":"https:\/\/bythemoon.eu\/en\/wp-content\/uploads\/2025\/06\/garnitur_colette_noir.jpg","type":"image\/jpeg"}],"schema":{"@context":"https:\/\/schema.org","@graph":[{"@type":"WebPage","@id":"https:\/\/bythemoon.eu\/en\/product\/marynarka-damska-colette-noir\/","url":"https:\/\/bythemoon.eu\/en\/product\/marynarka-damska-colette-noir\/","name":"marynarka damska Colette noir - By The Moon EN","isPartOf":{"@id":"https:\/\/bythemoon.eu\/en\/#website"},"primaryImageOfPage":{"@id":"https:\/\/bythemoon.eu\/en\/product\/marynarka-damska-colette-noir\/#primaryimage"},"image":{"@id":"https:\/\/bythemoon.eu\/en\/product\/marynarka-damska-colette-noir\/#primaryimage"},"thumbnailUrl":"https:\/\/bythemoon.eu\/en\/wp-content\/uploads\/2025\/06\/garnitur_colette_noir.jpg","datePublished":"2025-06-25T13:10:39+00:00","dateModified":"2025-11-14T13:17:28+00:00","breadcrumb":{"@id":"https:\/\/bythemoon.eu\/en\/product\/marynarka-damska-colette-noir\/#breadcrumb"},"inLanguage":"en-US","potentialAction":[{"@type":"ReadAction","target":["https:\/\/bythemoon.eu\/en\/product\/marynarka-damska-colette-noir\/"]}]},{"@type":"ImageObject","inLanguage":"en-US","@id":"https:\/\/bythemoon.eu\/en\/product\/marynarka-damska-colette-noir\/#primaryimage","url":"https:\/\/bythemoon.eu\/en\/wp-content\/uploads\/2025\/06\/garnitur_colette_noir.jpg","contentUrl":"https:\/\/bythemoon.eu\/en\/wp-content\/uploads\/2025\/06\/garnitur_colette_noir.jpg","width":1000,"height":1400,"caption":"czarne, damskie spodnie garniturowe, szerokie nogawki, lu\u017ane, eleganckie, modne, z wiskozy, do garnituru, czarna marynarka damska, polski produkt, made in poland"},{"@type":"BreadcrumbList","@id":"https:\/\/bythemoon.eu\/en\/product\/marynarka-damska-colette-noir\/#breadcrumb","itemListElement":[{"@type":"ListItem","position":1,"name":"Strona g\u0142\u00f3wna","item":"https:\/\/bythemoon.eu\/en\/"},{"@type":"ListItem","position":2,"name":"Shop","item":"https:\/\/bythemoon.eu\/en\/shop\/"},{"@type":"ListItem","position":3,"name":"marynarka damska Colette noir"}]},{"@type":"WebSite","@id":"https:\/\/bythemoon.eu\/en\/#website","url":"https:\/\/bythemoon.eu\/en\/","name":"By The Moon EN","description":"","potentialAction":[{"@type":"SearchAction","target":{"@type":"EntryPoint","urlTemplate":"https:\/\/bythemoon.eu\/en\/?s={search_term_string}"},"query-input":{"@type":"PropertyValueSpecification","valueRequired":true,"valueName":"search_term_string"}}],"inLanguage":"en-US"}]}},"_links":{"self":[{"href":"https:\/\/bythemoon.eu\/en\/wp-json\/wp\/v2\/product\/5602","targetHints":{"allow":["GET"]}}],"collection":[{"href":"https:\/\/bythemoon.eu\/en\/wp-json\/wp\/v2\/product"}],"about":[{"href":"https:\/\/bythemoon.eu\/en\/wp-json\/wp\/v2\/types\/product"}],"wp:featuredmedia":[{"embeddable":true,"href":"https:\/\/bythemoon.eu\/en\/wp-json\/wp\/v2\/media\/5604"}],"wp:attachment":[{"href":"https:\/\/bythemoon.eu\/en\/wp-json\/wp\/v2\/media?parent=5602"}],"wp:term":[{"taxonomy":"product_brand","embeddable":true,"href":"https:\/\/bythemoon.eu\/en\/wp-json\/wp\/v2\/product_brand?post=5602"},{"taxonomy":"product_cat","embeddable":true,"href":"https:\/\/bythemoon.eu\/en\/wp-json\/wp\/v2\/product_cat?post=5602"},{"taxonomy":"product_tag","embeddable":true,"href":"https:\/\/bythemoon.eu\/en\/wp-json\/wp\/v2\/product_tag?post=5602"}],"curies":[{"name":"wp","href":"https:\/\/api.w.org\/{rel}","templated":true}]}}