{"id":5577,"date":"2025-06-25T15:10:39","date_gmt":"2025-06-25T13:10:39","guid":{"rendered":"https:\/\/bythemoon.eu\/en\/produkt\/koszula-damska-orient\/"},"modified":"2025-11-14T14:17:28","modified_gmt":"2025-11-14T13:17:28","slug":"koszula-damska-orient","status":"publish","type":"product","link":"https:\/\/bythemoon.eu\/en\/product\/koszula-damska-orient\/","title":{"rendered":"koszula damska Orient"},"content":{"rendered":"<p>Damska koszula o lekko m\u0119skim kroju, uszyta z bawe\u0142nianej, delikatnej tkaniny nadrukowanej w orientalne, kolorowe wzory \u2013 bardzo modne w tym sezonie Mankiety zapinane na guziki, \u015bwietnie wygl\u0105daj\u0105 te\u017c w wersji podwini\u0119tej. Koszula pi\u0119knie pasuje do naszych spodni sztruksowych Lizbona cream, jak r\u00f3wnie\u017c do garniturowych spodni Colette, zar\u00f3wno w kolorze fioletu, orchidei czy cynamonu. Mo\u017cna po\u0142\u0105czy\u0107 j\u0105 z kurtk\u0105 YOKO z tym samym printem, tworz\u0105c w ten spos\u00f3b oryginalny i modny zestaw. Must-have w damskiej garderobie.<\/p>\n<p>Sk\u0142ad: 100% bawe\u0142na<\/p>\n<p>Wymiary:<\/p>\n<div class=\"woocommerce-product-details__short-description\">\n<p>XS: obw\u00f3d w klatce 112cm, d\u0142ugo\u015b\u0107 69 cm<\/p>\n<p>S: obw\u00f3d w klatce 116cm, d\u0142ugo\u015b\u0107 70 cm<\/p>\n<p>M: obw\u00f3d w klatce 124cm, d\u0142ugo\u015b\u0107 71 cm<\/p>\n<p>L: obw\u00f3d w klatce 128cm, d\u0142ugo\u015b\u0107 72 cm<\/p>\n<\/div>\n","protected":false},"excerpt":{"rendered":"<p>Damska koszula o lekko m\u0119skim kroju, uszyta z bawe\u0142nianej, delikatnej tkaniny nadrukowanej w orientalne, kolorowe wzory \u2013 bardzo modne w tym sezonie Mankiety zapinane na guziki, \u015bwietnie wygl\u0105daj\u0105 te\u017c w wersji podwini\u0119tej. Koszula pi\u0119knie pasuje do naszych spodni sztruksowych Lizbona cream, jak r\u00f3wnie\u017c do garniturowych spodni Colette, zar\u00f3wno w kolorze fioletu, orchidei czy cynamonu. Mo\u017cna [&#8230;]\n","protected":false},"featured_media":5578,"template":"","meta":[],"product_brand":[],"product_cat":[42,21],"product_tag":[],"class_list":{"0":"post-5577","1":"product","2":"type-product","3":"status-publish","4":"has-post-thumbnail","6":"product_cat-archive","7":"product_cat-btm-en","9":"first","10":"instock","11":"sale","12":"taxable","13":"shipping-taxable","14":"purchasable","15":"product-type-variable"},"yoast_head":"<!-- This site is optimized with the Yoast SEO plugin v27.0 - https:\/\/yoast.com\/product\/yoast-seo-wordpress\/ -->\n<title>koszula damska Orient - By The Moon EN<\/title>\n<meta name=\"robots\" content=\"index, follow, max-snippet:-1, max-image-preview:large, max-video-preview:-1\" \/>\n<link rel=\"canonical\" href=\"https:\/\/bythemoon.eu\/en\/product\/koszula-damska-orient\/\" \/>\n<meta property=\"og:locale\" content=\"en_US\" \/>\n<meta property=\"og:type\" content=\"article\" \/>\n<meta property=\"og:title\" content=\"koszula damska Orient - By The Moon EN\" \/>\n<meta property=\"og:description\" content=\"Damska koszula o lekko m\u0119skim kroju, uszyta z bawe\u0142nianej, delikatnej tkaniny nadrukowanej w orientalne, kolorowe wzory \u2013 bardzo modne w tym sezonie Mankiety zapinane na guziki, \u015bwietnie wygl\u0105daj\u0105 te\u017c w wersji podwini\u0119tej. Koszula pi\u0119knie pasuje do naszych spodni sztruksowych Lizbona cream, jak r\u00f3wnie\u017c do garniturowych spodni Colette, zar\u00f3wno w kolorze fioletu, orchidei czy cynamonu. Mo\u017cna [...]\" \/>\n<meta property=\"og:url\" content=\"https:\/\/bythemoon.eu\/en\/product\/koszula-damska-orient\/\" \/>\n<meta property=\"og:site_name\" content=\"By The Moon EN\" \/>\n<meta property=\"article:modified_time\" content=\"2025-11-14T13:17:28+00:00\" \/>\n<meta property=\"og:image\" content=\"https:\/\/bythemoon.eu\/en\/wp-content\/uploads\/2025\/06\/koszula_orient.jpg\" \/>\n\t<meta property=\"og:image:width\" content=\"1000\" \/>\n\t<meta property=\"og:image:height\" content=\"1400\" \/>\n\t<meta property=\"og:image:type\" content=\"image\/jpeg\" \/>\n<script type=\"application\/ld+json\" class=\"yoast-schema-graph\">{\"@context\":\"https:\/\/schema.org\",\"@graph\":[{\"@type\":\"WebPage\",\"@id\":\"https:\/\/bythemoon.eu\/en\/product\/koszula-damska-orient\/\",\"url\":\"https:\/\/bythemoon.eu\/en\/product\/koszula-damska-orient\/\",\"name\":\"koszula damska Orient - By The Moon EN\",\"isPartOf\":{\"@id\":\"https:\/\/bythemoon.eu\/en\/#website\"},\"primaryImageOfPage\":{\"@id\":\"https:\/\/bythemoon.eu\/en\/product\/koszula-damska-orient\/#primaryimage\"},\"image\":{\"@id\":\"https:\/\/bythemoon.eu\/en\/product\/koszula-damska-orient\/#primaryimage\"},\"thumbnailUrl\":\"https:\/\/bythemoon.eu\/en\/wp-content\/uploads\/2025\/06\/koszula_orient.jpg\",\"datePublished\":\"2025-06-25T13:10:39+00:00\",\"dateModified\":\"2025-11-14T13:17:28+00:00\",\"breadcrumb\":{\"@id\":\"https:\/\/bythemoon.eu\/en\/product\/koszula-damska-orient\/#breadcrumb\"},\"inLanguage\":\"en-US\",\"potentialAction\":[{\"@type\":\"ReadAction\",\"target\":[\"https:\/\/bythemoon.eu\/en\/product\/koszula-damska-orient\/\"]}]},{\"@type\":\"ImageObject\",\"inLanguage\":\"en-US\",\"@id\":\"https:\/\/bythemoon.eu\/en\/product\/koszula-damska-orient\/#primaryimage\",\"url\":\"https:\/\/bythemoon.eu\/en\/wp-content\/uploads\/2025\/06\/koszula_orient.jpg\",\"contentUrl\":\"https:\/\/bythemoon.eu\/en\/wp-content\/uploads\/2025\/06\/koszula_orient.jpg\",\"width\":1000,\"height\":1400,\"caption\":\"damska koszula bawe\u0142niana, 100% bawe\u0142na, lekka, zwiewna, w orientalny wz\u00f3r, kolorowe wzory, produkt polski, jasne spodnie sztruksowe damskie, kremowe sztruksy\"},{\"@type\":\"BreadcrumbList\",\"@id\":\"https:\/\/bythemoon.eu\/en\/product\/koszula-damska-orient\/#breadcrumb\",\"itemListElement\":[{\"@type\":\"ListItem\",\"position\":1,\"name\":\"Strona g\u0142\u00f3wna\",\"item\":\"https:\/\/bythemoon.eu\/en\/\"},{\"@type\":\"ListItem\",\"position\":2,\"name\":\"Shop\",\"item\":\"https:\/\/bythemoon.eu\/en\/shop\/\"},{\"@type\":\"ListItem\",\"position\":3,\"name\":\"koszula damska Orient\"}]},{\"@type\":\"WebSite\",\"@id\":\"https:\/\/bythemoon.eu\/en\/#website\",\"url\":\"https:\/\/bythemoon.eu\/en\/\",\"name\":\"By The Moon EN\",\"description\":\"\",\"potentialAction\":[{\"@type\":\"SearchAction\",\"target\":{\"@type\":\"EntryPoint\",\"urlTemplate\":\"https:\/\/bythemoon.eu\/en\/?s={search_term_string}\"},\"query-input\":{\"@type\":\"PropertyValueSpecification\",\"valueRequired\":true,\"valueName\":\"search_term_string\"}}],\"inLanguage\":\"en-US\"}]}<\/script>\n<!-- \/ Yoast SEO plugin. -->","yoast_head_json":{"title":"koszula damska Orient - By The Moon EN","robots":{"index":"index","follow":"follow","max-snippet":"max-snippet:-1","max-image-preview":"max-image-preview:large","max-video-preview":"max-video-preview:-1"},"canonical":"https:\/\/bythemoon.eu\/en\/product\/koszula-damska-orient\/","og_locale":"en_US","og_type":"article","og_title":"koszula damska Orient - By The Moon EN","og_description":"Damska koszula o lekko m\u0119skim kroju, uszyta z bawe\u0142nianej, delikatnej tkaniny nadrukowanej w orientalne, kolorowe wzory \u2013 bardzo modne w tym sezonie Mankiety zapinane na guziki, \u015bwietnie wygl\u0105daj\u0105 te\u017c w wersji podwini\u0119tej. Koszula pi\u0119knie pasuje do naszych spodni sztruksowych Lizbona cream, jak r\u00f3wnie\u017c do garniturowych spodni Colette, zar\u00f3wno w kolorze fioletu, orchidei czy cynamonu. Mo\u017cna [...]","og_url":"https:\/\/bythemoon.eu\/en\/product\/koszula-damska-orient\/","og_site_name":"By The Moon EN","article_modified_time":"2025-11-14T13:17:28+00:00","og_image":[{"width":1000,"height":1400,"url":"https:\/\/bythemoon.eu\/en\/wp-content\/uploads\/2025\/06\/koszula_orient.jpg","type":"image\/jpeg"}],"schema":{"@context":"https:\/\/schema.org","@graph":[{"@type":"WebPage","@id":"https:\/\/bythemoon.eu\/en\/product\/koszula-damska-orient\/","url":"https:\/\/bythemoon.eu\/en\/product\/koszula-damska-orient\/","name":"koszula damska Orient - By The Moon EN","isPartOf":{"@id":"https:\/\/bythemoon.eu\/en\/#website"},"primaryImageOfPage":{"@id":"https:\/\/bythemoon.eu\/en\/product\/koszula-damska-orient\/#primaryimage"},"image":{"@id":"https:\/\/bythemoon.eu\/en\/product\/koszula-damska-orient\/#primaryimage"},"thumbnailUrl":"https:\/\/bythemoon.eu\/en\/wp-content\/uploads\/2025\/06\/koszula_orient.jpg","datePublished":"2025-06-25T13:10:39+00:00","dateModified":"2025-11-14T13:17:28+00:00","breadcrumb":{"@id":"https:\/\/bythemoon.eu\/en\/product\/koszula-damska-orient\/#breadcrumb"},"inLanguage":"en-US","potentialAction":[{"@type":"ReadAction","target":["https:\/\/bythemoon.eu\/en\/product\/koszula-damska-orient\/"]}]},{"@type":"ImageObject","inLanguage":"en-US","@id":"https:\/\/bythemoon.eu\/en\/product\/koszula-damska-orient\/#primaryimage","url":"https:\/\/bythemoon.eu\/en\/wp-content\/uploads\/2025\/06\/koszula_orient.jpg","contentUrl":"https:\/\/bythemoon.eu\/en\/wp-content\/uploads\/2025\/06\/koszula_orient.jpg","width":1000,"height":1400,"caption":"damska koszula bawe\u0142niana, 100% bawe\u0142na, lekka, zwiewna, w orientalny wz\u00f3r, kolorowe wzory, produkt polski, jasne spodnie sztruksowe damskie, kremowe sztruksy"},{"@type":"BreadcrumbList","@id":"https:\/\/bythemoon.eu\/en\/product\/koszula-damska-orient\/#breadcrumb","itemListElement":[{"@type":"ListItem","position":1,"name":"Strona g\u0142\u00f3wna","item":"https:\/\/bythemoon.eu\/en\/"},{"@type":"ListItem","position":2,"name":"Shop","item":"https:\/\/bythemoon.eu\/en\/shop\/"},{"@type":"ListItem","position":3,"name":"koszula damska Orient"}]},{"@type":"WebSite","@id":"https:\/\/bythemoon.eu\/en\/#website","url":"https:\/\/bythemoon.eu\/en\/","name":"By The Moon EN","description":"","potentialAction":[{"@type":"SearchAction","target":{"@type":"EntryPoint","urlTemplate":"https:\/\/bythemoon.eu\/en\/?s={search_term_string}"},"query-input":{"@type":"PropertyValueSpecification","valueRequired":true,"valueName":"search_term_string"}}],"inLanguage":"en-US"}]}},"_links":{"self":[{"href":"https:\/\/bythemoon.eu\/en\/wp-json\/wp\/v2\/product\/5577","targetHints":{"allow":["GET"]}}],"collection":[{"href":"https:\/\/bythemoon.eu\/en\/wp-json\/wp\/v2\/product"}],"about":[{"href":"https:\/\/bythemoon.eu\/en\/wp-json\/wp\/v2\/types\/product"}],"wp:featuredmedia":[{"embeddable":true,"href":"https:\/\/bythemoon.eu\/en\/wp-json\/wp\/v2\/media\/5578"}],"wp:attachment":[{"href":"https:\/\/bythemoon.eu\/en\/wp-json\/wp\/v2\/media?parent=5577"}],"wp:term":[{"taxonomy":"product_brand","embeddable":true,"href":"https:\/\/bythemoon.eu\/en\/wp-json\/wp\/v2\/product_brand?post=5577"},{"taxonomy":"product_cat","embeddable":true,"href":"https:\/\/bythemoon.eu\/en\/wp-json\/wp\/v2\/product_cat?post=5577"},{"taxonomy":"product_tag","embeddable":true,"href":"https:\/\/bythemoon.eu\/en\/wp-json\/wp\/v2\/product_tag?post=5577"}],"curies":[{"name":"wp","href":"https:\/\/api.w.org\/{rel}","templated":true}]}}