{"id":5546,"date":"2025-06-25T15:10:31","date_gmt":"2025-06-25T13:10:31","guid":{"rendered":"https:\/\/bythemoon.eu\/en\/produkt\/szorty-jeansowe-charlotte-black\/"},"modified":"2025-11-14T14:17:29","modified_gmt":"2025-11-14T13:17:29","slug":"szorty-jeansowe-charlotte-black","status":"publish","type":"product","link":"https:\/\/bythemoon.eu\/en\/product\/szorty-jeansowe-charlotte-black\/","title":{"rendered":"szorty jeansowe Charlotte black"},"content":{"rendered":"<p>Czarne, damskie szorty z elastycznego, lekko spranego denimu. Szeroki karczek i wysoki stan pi\u0119knie podkre\u015blaj\u0105 i wysmuklaj\u0105 sylwetk\u0119. Zapinane na suwak i metalowy guzik, z kieszeniami na bokach i z ty\u0142u. Na przodzie posiadaj\u0105 zak\u0142adki dodaj\u0105ce kobieco\u015bci i elegancji. Spodenki mo\u017cna wywin\u0105\u0107 tworz\u0105c swobodny, pla\u017cowy look lub nosi\u0107 nieco d\u0142u\u017csze. \u015awietnie wygl\u0105daj\u0105 w po\u0142\u0105czeniu z klasycznym tank topem czy sportow\u0105 bluz\u0105. Ale mo\u017cna nosi\u0107 te\u017c z koszulami i kobiecymi bluzkami. Elastyczna tkanina jeansowa dobrze dopasowuje si\u0119 do cia\u0142a, zapewniaj\u0105c komfort noszenia i nie opinaj\u0105c zbytnio sylwetki.<\/p>\n<p><strong>sk\u0142ad:<\/strong> 81% bawe\u0142na, 17% poliester, 2% elastan<\/p>\n<p><strong>wymiary:<\/strong><\/p>\n<p>Sugerujemy wybra\u0107 rozmiar wi\u0119kszy, rozmiar\u00f3wka lekko zani\u017cona.<\/p>\n<p>XS: szer. w pasie 31 cm., biodra 44 cm.<\/p>\n<p>S: szer. w pasie 33 cm., biodra 46 cm.<\/p>\n<p>M: szer. w pasie 35 cm., biodra 48 cm.<\/p>\n<p>L: szer. w pasie 37 cm., biodra 50 cm.<\/p>\n<p>&nbsp;<\/p>\n","protected":false},"excerpt":{"rendered":"<p>Czarne, damskie szorty z elastycznego, lekko spranego denimu. Szeroki karczek i wysoki stan pi\u0119knie podkre\u015blaj\u0105 i wysmuklaj\u0105 sylwetk\u0119. Zapinane na suwak i metalowy guzik, z kieszeniami na bokach i z ty\u0142u. Na przodzie posiadaj\u0105 zak\u0142adki dodaj\u0105ce kobieco\u015bci i elegancji. Spodenki mo\u017cna wywin\u0105\u0107 tworz\u0105c swobodny, pla\u017cowy look lub nosi\u0107 nieco d\u0142u\u017csze. \u015awietnie wygl\u0105daj\u0105 w po\u0142\u0105czeniu z [&#8230;]\n","protected":false},"featured_media":5547,"template":"","meta":[],"product_brand":[],"product_cat":[42,21],"product_tag":[],"class_list":{"0":"post-5546","1":"product","2":"type-product","3":"status-publish","4":"has-post-thumbnail","6":"product_cat-archive","7":"product_cat-btm-en","9":"first","10":"instock","11":"sale","12":"taxable","13":"shipping-taxable","14":"purchasable","15":"product-type-variable"},"yoast_head":"<!-- This site is optimized with the Yoast SEO plugin v27.0 - https:\/\/yoast.com\/product\/yoast-seo-wordpress\/ -->\n<title>szorty jeansowe Charlotte black - By The Moon EN<\/title>\n<meta name=\"robots\" content=\"index, follow, max-snippet:-1, max-image-preview:large, max-video-preview:-1\" \/>\n<link rel=\"canonical\" href=\"https:\/\/bythemoon.eu\/en\/product\/szorty-jeansowe-charlotte-black\/\" \/>\n<meta property=\"og:locale\" content=\"en_US\" \/>\n<meta property=\"og:type\" content=\"article\" \/>\n<meta property=\"og:title\" content=\"szorty jeansowe Charlotte black - By The Moon EN\" \/>\n<meta property=\"og:description\" content=\"Czarne, damskie szorty z elastycznego, lekko spranego denimu. Szeroki karczek i wysoki stan pi\u0119knie podkre\u015blaj\u0105 i wysmuklaj\u0105 sylwetk\u0119. Zapinane na suwak i metalowy guzik, z kieszeniami na bokach i z ty\u0142u. Na przodzie posiadaj\u0105 zak\u0142adki dodaj\u0105ce kobieco\u015bci i elegancji. Spodenki mo\u017cna wywin\u0105\u0107 tworz\u0105c swobodny, pla\u017cowy look lub nosi\u0107 nieco d\u0142u\u017csze. \u015awietnie wygl\u0105daj\u0105 w po\u0142\u0105czeniu z [...]\" \/>\n<meta property=\"og:url\" content=\"https:\/\/bythemoon.eu\/en\/product\/szorty-jeansowe-charlotte-black\/\" \/>\n<meta property=\"og:site_name\" content=\"By The Moon EN\" \/>\n<meta property=\"article:modified_time\" content=\"2025-11-14T13:17:29+00:00\" \/>\n<meta property=\"og:image\" content=\"https:\/\/bythemoon.eu\/en\/wp-content\/uploads\/2025\/06\/szorty_denim_black_f.jpg\" \/>\n\t<meta property=\"og:image:width\" content=\"1000\" \/>\n\t<meta property=\"og:image:height\" content=\"1400\" \/>\n\t<meta property=\"og:image:type\" content=\"image\/jpeg\" \/>\n<script type=\"application\/ld+json\" class=\"yoast-schema-graph\">{\"@context\":\"https:\/\/schema.org\",\"@graph\":[{\"@type\":\"WebPage\",\"@id\":\"https:\/\/bythemoon.eu\/en\/product\/szorty-jeansowe-charlotte-black\/\",\"url\":\"https:\/\/bythemoon.eu\/en\/product\/szorty-jeansowe-charlotte-black\/\",\"name\":\"szorty jeansowe Charlotte black - By The Moon EN\",\"isPartOf\":{\"@id\":\"https:\/\/bythemoon.eu\/en\/#website\"},\"primaryImageOfPage\":{\"@id\":\"https:\/\/bythemoon.eu\/en\/product\/szorty-jeansowe-charlotte-black\/#primaryimage\"},\"image\":{\"@id\":\"https:\/\/bythemoon.eu\/en\/product\/szorty-jeansowe-charlotte-black\/#primaryimage\"},\"thumbnailUrl\":\"https:\/\/bythemoon.eu\/en\/wp-content\/uploads\/2025\/06\/szorty_denim_black_f.jpg\",\"datePublished\":\"2025-06-25T13:10:31+00:00\",\"dateModified\":\"2025-11-14T13:17:29+00:00\",\"breadcrumb\":{\"@id\":\"https:\/\/bythemoon.eu\/en\/product\/szorty-jeansowe-charlotte-black\/#breadcrumb\"},\"inLanguage\":\"en-US\",\"potentialAction\":[{\"@type\":\"ReadAction\",\"target\":[\"https:\/\/bythemoon.eu\/en\/product\/szorty-jeansowe-charlotte-black\/\"]}]},{\"@type\":\"ImageObject\",\"inLanguage\":\"en-US\",\"@id\":\"https:\/\/bythemoon.eu\/en\/product\/szorty-jeansowe-charlotte-black\/#primaryimage\",\"url\":\"https:\/\/bythemoon.eu\/en\/wp-content\/uploads\/2025\/06\/szorty_denim_black_f.jpg\",\"contentUrl\":\"https:\/\/bythemoon.eu\/en\/wp-content\/uploads\/2025\/06\/szorty_denim_black_f.jpg\",\"width\":1000,\"height\":1400,\"caption\":\"czarne, damskie szorty jeansowe, z denimu, z jeansu, denimowe, kr\u00f3tkie nogawki, z kieszeniami, z karczkiem, modne, zgrabne, kobiece\"},{\"@type\":\"BreadcrumbList\",\"@id\":\"https:\/\/bythemoon.eu\/en\/product\/szorty-jeansowe-charlotte-black\/#breadcrumb\",\"itemListElement\":[{\"@type\":\"ListItem\",\"position\":1,\"name\":\"Strona g\u0142\u00f3wna\",\"item\":\"https:\/\/bythemoon.eu\/en\/\"},{\"@type\":\"ListItem\",\"position\":2,\"name\":\"Shop\",\"item\":\"https:\/\/bythemoon.eu\/en\/shop\/\"},{\"@type\":\"ListItem\",\"position\":3,\"name\":\"szorty jeansowe Charlotte black\"}]},{\"@type\":\"WebSite\",\"@id\":\"https:\/\/bythemoon.eu\/en\/#website\",\"url\":\"https:\/\/bythemoon.eu\/en\/\",\"name\":\"By The Moon EN\",\"description\":\"\",\"potentialAction\":[{\"@type\":\"SearchAction\",\"target\":{\"@type\":\"EntryPoint\",\"urlTemplate\":\"https:\/\/bythemoon.eu\/en\/?s={search_term_string}\"},\"query-input\":{\"@type\":\"PropertyValueSpecification\",\"valueRequired\":true,\"valueName\":\"search_term_string\"}}],\"inLanguage\":\"en-US\"}]}<\/script>\n<!-- \/ Yoast SEO plugin. -->","yoast_head_json":{"title":"szorty jeansowe Charlotte black - By The Moon EN","robots":{"index":"index","follow":"follow","max-snippet":"max-snippet:-1","max-image-preview":"max-image-preview:large","max-video-preview":"max-video-preview:-1"},"canonical":"https:\/\/bythemoon.eu\/en\/product\/szorty-jeansowe-charlotte-black\/","og_locale":"en_US","og_type":"article","og_title":"szorty jeansowe Charlotte black - By The Moon EN","og_description":"Czarne, damskie szorty z elastycznego, lekko spranego denimu. Szeroki karczek i wysoki stan pi\u0119knie podkre\u015blaj\u0105 i wysmuklaj\u0105 sylwetk\u0119. Zapinane na suwak i metalowy guzik, z kieszeniami na bokach i z ty\u0142u. Na przodzie posiadaj\u0105 zak\u0142adki dodaj\u0105ce kobieco\u015bci i elegancji. Spodenki mo\u017cna wywin\u0105\u0107 tworz\u0105c swobodny, pla\u017cowy look lub nosi\u0107 nieco d\u0142u\u017csze. \u015awietnie wygl\u0105daj\u0105 w po\u0142\u0105czeniu z [...]","og_url":"https:\/\/bythemoon.eu\/en\/product\/szorty-jeansowe-charlotte-black\/","og_site_name":"By The Moon EN","article_modified_time":"2025-11-14T13:17:29+00:00","og_image":[{"width":1000,"height":1400,"url":"https:\/\/bythemoon.eu\/en\/wp-content\/uploads\/2025\/06\/szorty_denim_black_f.jpg","type":"image\/jpeg"}],"schema":{"@context":"https:\/\/schema.org","@graph":[{"@type":"WebPage","@id":"https:\/\/bythemoon.eu\/en\/product\/szorty-jeansowe-charlotte-black\/","url":"https:\/\/bythemoon.eu\/en\/product\/szorty-jeansowe-charlotte-black\/","name":"szorty jeansowe Charlotte black - By The Moon EN","isPartOf":{"@id":"https:\/\/bythemoon.eu\/en\/#website"},"primaryImageOfPage":{"@id":"https:\/\/bythemoon.eu\/en\/product\/szorty-jeansowe-charlotte-black\/#primaryimage"},"image":{"@id":"https:\/\/bythemoon.eu\/en\/product\/szorty-jeansowe-charlotte-black\/#primaryimage"},"thumbnailUrl":"https:\/\/bythemoon.eu\/en\/wp-content\/uploads\/2025\/06\/szorty_denim_black_f.jpg","datePublished":"2025-06-25T13:10:31+00:00","dateModified":"2025-11-14T13:17:29+00:00","breadcrumb":{"@id":"https:\/\/bythemoon.eu\/en\/product\/szorty-jeansowe-charlotte-black\/#breadcrumb"},"inLanguage":"en-US","potentialAction":[{"@type":"ReadAction","target":["https:\/\/bythemoon.eu\/en\/product\/szorty-jeansowe-charlotte-black\/"]}]},{"@type":"ImageObject","inLanguage":"en-US","@id":"https:\/\/bythemoon.eu\/en\/product\/szorty-jeansowe-charlotte-black\/#primaryimage","url":"https:\/\/bythemoon.eu\/en\/wp-content\/uploads\/2025\/06\/szorty_denim_black_f.jpg","contentUrl":"https:\/\/bythemoon.eu\/en\/wp-content\/uploads\/2025\/06\/szorty_denim_black_f.jpg","width":1000,"height":1400,"caption":"czarne, damskie szorty jeansowe, z denimu, z jeansu, denimowe, kr\u00f3tkie nogawki, z kieszeniami, z karczkiem, modne, zgrabne, kobiece"},{"@type":"BreadcrumbList","@id":"https:\/\/bythemoon.eu\/en\/product\/szorty-jeansowe-charlotte-black\/#breadcrumb","itemListElement":[{"@type":"ListItem","position":1,"name":"Strona g\u0142\u00f3wna","item":"https:\/\/bythemoon.eu\/en\/"},{"@type":"ListItem","position":2,"name":"Shop","item":"https:\/\/bythemoon.eu\/en\/shop\/"},{"@type":"ListItem","position":3,"name":"szorty jeansowe Charlotte black"}]},{"@type":"WebSite","@id":"https:\/\/bythemoon.eu\/en\/#website","url":"https:\/\/bythemoon.eu\/en\/","name":"By The Moon EN","description":"","potentialAction":[{"@type":"SearchAction","target":{"@type":"EntryPoint","urlTemplate":"https:\/\/bythemoon.eu\/en\/?s={search_term_string}"},"query-input":{"@type":"PropertyValueSpecification","valueRequired":true,"valueName":"search_term_string"}}],"inLanguage":"en-US"}]}},"_links":{"self":[{"href":"https:\/\/bythemoon.eu\/en\/wp-json\/wp\/v2\/product\/5546","targetHints":{"allow":["GET"]}}],"collection":[{"href":"https:\/\/bythemoon.eu\/en\/wp-json\/wp\/v2\/product"}],"about":[{"href":"https:\/\/bythemoon.eu\/en\/wp-json\/wp\/v2\/types\/product"}],"wp:featuredmedia":[{"embeddable":true,"href":"https:\/\/bythemoon.eu\/en\/wp-json\/wp\/v2\/media\/5547"}],"wp:attachment":[{"href":"https:\/\/bythemoon.eu\/en\/wp-json\/wp\/v2\/media?parent=5546"}],"wp:term":[{"taxonomy":"product_brand","embeddable":true,"href":"https:\/\/bythemoon.eu\/en\/wp-json\/wp\/v2\/product_brand?post=5546"},{"taxonomy":"product_cat","embeddable":true,"href":"https:\/\/bythemoon.eu\/en\/wp-json\/wp\/v2\/product_cat?post=5546"},{"taxonomy":"product_tag","embeddable":true,"href":"https:\/\/bythemoon.eu\/en\/wp-json\/wp\/v2\/product_tag?post=5546"}],"curies":[{"name":"wp","href":"https:\/\/api.w.org\/{rel}","templated":true}]}}