{"id":5494,"date":"2025-06-25T15:10:26","date_gmt":"2025-06-25T13:10:26","guid":{"rendered":"https:\/\/bythemoon.eu\/en\/produkt\/kombinezon-damski-stella-ecru\/"},"modified":"2025-11-14T14:17:31","modified_gmt":"2025-11-14T13:17:31","slug":"kombinezon-damski-stella-ecru","status":"publish","type":"product","link":"https:\/\/bythemoon.eu\/en\/product\/kombinezon-damski-stella-ecru\/","title":{"rendered":"kombinezon damski Stella ecru"},"content":{"rendered":"<p>Damski kombinezon uszyty z 100% bawe\u0142ny, w kremowym odcieniu bieli. Bardzo kobiecy, z mo\u017cliwo\u015bci\u0105 noszenia na r\u00f3\u017cne sposoby. Koszulowa g\u00f3ra kombinezonu zapinana jest na guziki, z ty\u0142u znajduje si\u0119 karczek. D\u0142ugie r\u0119kawy zako\u0144czone s\u0105 mankietem zapinanym na guziki. Kombinezon ma lu\u017ane nogawki, kt\u00f3re mo\u017cna swobodnie zawija\u0107. Mo\u017cna go wi\u0105za\u0107 w pasie podkre\u015blaj\u0105c tali\u0119 (do\u0142\u0105czony jest materia\u0142owy pasek) lub lu\u017ano bez paska. Rozpinany dekolt \u015bwietnie sprawdzi si\u0119 w gor\u0105ce dni.<\/p>\n<p>&nbsp;<\/p>\n<p><strong>Wymiary kombinezonu:<\/strong><\/p>\n<p>XS &#8211; szer. w klatce 43 cm, biodra 46 cm<\/p>\n<p>S &#8211; szer. w klatce 47 cm, biodra 48 cm<\/p>\n<p>M- szer. w klatce 51 cm, biodra 52 cm<\/p>\n<p>L &#8211; szer. w klatce 55 cm, biodra 56 cm<\/p>\n","protected":false},"excerpt":{"rendered":"<p>Damski kombinezon uszyty z 100% bawe\u0142ny, w kremowym odcieniu bieli. Bardzo kobiecy, z mo\u017cliwo\u015bci\u0105 noszenia na r\u00f3\u017cne sposoby. Koszulowa g\u00f3ra kombinezonu zapinana jest na guziki, z ty\u0142u znajduje si\u0119 karczek. D\u0142ugie r\u0119kawy zako\u0144czone s\u0105 mankietem zapinanym na guziki. Kombinezon ma lu\u017ane nogawki, kt\u00f3re mo\u017cna swobodnie zawija\u0107. Mo\u017cna go wi\u0105za\u0107 w pasie podkre\u015blaj\u0105c tali\u0119 (do\u0142\u0105czony jest [&#8230;]\n","protected":false},"featured_media":5495,"template":"","meta":[],"product_brand":[],"product_cat":[22,21,55],"product_tag":[],"class_list":{"0":"post-5494","1":"product","2":"type-product","3":"status-publish","4":"has-post-thumbnail","6":"product_cat-bottoms","7":"product_cat-btm-en","8":"product_cat-sale","10":"first","11":"instock","12":"sale","13":"taxable","14":"shipping-taxable","15":"purchasable","16":"product-type-variable"},"yoast_head":"<!-- This site is optimized with the Yoast SEO plugin v27.0 - https:\/\/yoast.com\/product\/yoast-seo-wordpress\/ -->\n<title>kombinezon damski Stella ecru - By The Moon EN<\/title>\n<meta name=\"robots\" content=\"index, follow, max-snippet:-1, max-image-preview:large, max-video-preview:-1\" \/>\n<link rel=\"canonical\" href=\"https:\/\/bythemoon.eu\/en\/product\/kombinezon-damski-stella-ecru\/\" \/>\n<meta property=\"og:locale\" content=\"en_US\" \/>\n<meta property=\"og:type\" content=\"article\" \/>\n<meta property=\"og:title\" content=\"kombinezon damski Stella ecru - By The Moon EN\" \/>\n<meta property=\"og:description\" content=\"Damski kombinezon uszyty z 100% bawe\u0142ny, w kremowym odcieniu bieli. Bardzo kobiecy, z mo\u017cliwo\u015bci\u0105 noszenia na r\u00f3\u017cne sposoby. Koszulowa g\u00f3ra kombinezonu zapinana jest na guziki, z ty\u0142u znajduje si\u0119 karczek. D\u0142ugie r\u0119kawy zako\u0144czone s\u0105 mankietem zapinanym na guziki. Kombinezon ma lu\u017ane nogawki, kt\u00f3re mo\u017cna swobodnie zawija\u0107. Mo\u017cna go wi\u0105za\u0107 w pasie podkre\u015blaj\u0105c tali\u0119 (do\u0142\u0105czony jest [...]\" \/>\n<meta property=\"og:url\" content=\"https:\/\/bythemoon.eu\/en\/product\/kombinezon-damski-stella-ecru\/\" \/>\n<meta property=\"og:site_name\" content=\"By The Moon EN\" \/>\n<meta property=\"article:modified_time\" content=\"2025-11-14T13:17:31+00:00\" \/>\n<meta property=\"og:image\" content=\"https:\/\/bythemoon.eu\/en\/wp-content\/uploads\/2025\/06\/kombinezon_bialy_.jpg\" \/>\n\t<meta property=\"og:image:width\" content=\"1000\" \/>\n\t<meta property=\"og:image:height\" content=\"1400\" \/>\n\t<meta property=\"og:image:type\" content=\"image\/jpeg\" \/>\n<script type=\"application\/ld+json\" class=\"yoast-schema-graph\">{\"@context\":\"https:\/\/schema.org\",\"@graph\":[{\"@type\":\"WebPage\",\"@id\":\"https:\/\/bythemoon.eu\/en\/product\/kombinezon-damski-stella-ecru\/\",\"url\":\"https:\/\/bythemoon.eu\/en\/product\/kombinezon-damski-stella-ecru\/\",\"name\":\"kombinezon damski Stella ecru - By The Moon EN\",\"isPartOf\":{\"@id\":\"https:\/\/bythemoon.eu\/en\/#website\"},\"primaryImageOfPage\":{\"@id\":\"https:\/\/bythemoon.eu\/en\/product\/kombinezon-damski-stella-ecru\/#primaryimage\"},\"image\":{\"@id\":\"https:\/\/bythemoon.eu\/en\/product\/kombinezon-damski-stella-ecru\/#primaryimage\"},\"thumbnailUrl\":\"https:\/\/bythemoon.eu\/en\/wp-content\/uploads\/2025\/06\/kombinezon_bialy_.jpg\",\"datePublished\":\"2025-06-25T13:10:26+00:00\",\"dateModified\":\"2025-11-14T13:17:31+00:00\",\"breadcrumb\":{\"@id\":\"https:\/\/bythemoon.eu\/en\/product\/kombinezon-damski-stella-ecru\/#breadcrumb\"},\"inLanguage\":\"en-US\",\"potentialAction\":[{\"@type\":\"ReadAction\",\"target\":[\"https:\/\/bythemoon.eu\/en\/product\/kombinezon-damski-stella-ecru\/\"]}]},{\"@type\":\"ImageObject\",\"inLanguage\":\"en-US\",\"@id\":\"https:\/\/bythemoon.eu\/en\/product\/kombinezon-damski-stella-ecru\/#primaryimage\",\"url\":\"https:\/\/bythemoon.eu\/en\/wp-content\/uploads\/2025\/06\/kombinezon_bialy_.jpg\",\"contentUrl\":\"https:\/\/bythemoon.eu\/en\/wp-content\/uploads\/2025\/06\/kombinezon_bialy_.jpg\",\"width\":1000,\"height\":1400,\"caption\":\"damski kombinezon bawe\u0142niany, ecru, jasny, be\u017cowy, modny kombinezon kobiecy\"},{\"@type\":\"BreadcrumbList\",\"@id\":\"https:\/\/bythemoon.eu\/en\/product\/kombinezon-damski-stella-ecru\/#breadcrumb\",\"itemListElement\":[{\"@type\":\"ListItem\",\"position\":1,\"name\":\"Strona g\u0142\u00f3wna\",\"item\":\"https:\/\/bythemoon.eu\/en\/\"},{\"@type\":\"ListItem\",\"position\":2,\"name\":\"Shop\",\"item\":\"https:\/\/bythemoon.eu\/en\/shop\/\"},{\"@type\":\"ListItem\",\"position\":3,\"name\":\"kombinezon damski Stella ecru\"}]},{\"@type\":\"WebSite\",\"@id\":\"https:\/\/bythemoon.eu\/en\/#website\",\"url\":\"https:\/\/bythemoon.eu\/en\/\",\"name\":\"By The Moon EN\",\"description\":\"\",\"potentialAction\":[{\"@type\":\"SearchAction\",\"target\":{\"@type\":\"EntryPoint\",\"urlTemplate\":\"https:\/\/bythemoon.eu\/en\/?s={search_term_string}\"},\"query-input\":{\"@type\":\"PropertyValueSpecification\",\"valueRequired\":true,\"valueName\":\"search_term_string\"}}],\"inLanguage\":\"en-US\"}]}<\/script>\n<!-- \/ Yoast SEO plugin. -->","yoast_head_json":{"title":"kombinezon damski Stella ecru - By The Moon EN","robots":{"index":"index","follow":"follow","max-snippet":"max-snippet:-1","max-image-preview":"max-image-preview:large","max-video-preview":"max-video-preview:-1"},"canonical":"https:\/\/bythemoon.eu\/en\/product\/kombinezon-damski-stella-ecru\/","og_locale":"en_US","og_type":"article","og_title":"kombinezon damski Stella ecru - By The Moon EN","og_description":"Damski kombinezon uszyty z 100% bawe\u0142ny, w kremowym odcieniu bieli. Bardzo kobiecy, z mo\u017cliwo\u015bci\u0105 noszenia na r\u00f3\u017cne sposoby. Koszulowa g\u00f3ra kombinezonu zapinana jest na guziki, z ty\u0142u znajduje si\u0119 karczek. D\u0142ugie r\u0119kawy zako\u0144czone s\u0105 mankietem zapinanym na guziki. Kombinezon ma lu\u017ane nogawki, kt\u00f3re mo\u017cna swobodnie zawija\u0107. Mo\u017cna go wi\u0105za\u0107 w pasie podkre\u015blaj\u0105c tali\u0119 (do\u0142\u0105czony jest [...]","og_url":"https:\/\/bythemoon.eu\/en\/product\/kombinezon-damski-stella-ecru\/","og_site_name":"By The Moon EN","article_modified_time":"2025-11-14T13:17:31+00:00","og_image":[{"width":1000,"height":1400,"url":"https:\/\/bythemoon.eu\/en\/wp-content\/uploads\/2025\/06\/kombinezon_bialy_.jpg","type":"image\/jpeg"}],"schema":{"@context":"https:\/\/schema.org","@graph":[{"@type":"WebPage","@id":"https:\/\/bythemoon.eu\/en\/product\/kombinezon-damski-stella-ecru\/","url":"https:\/\/bythemoon.eu\/en\/product\/kombinezon-damski-stella-ecru\/","name":"kombinezon damski Stella ecru - By The Moon EN","isPartOf":{"@id":"https:\/\/bythemoon.eu\/en\/#website"},"primaryImageOfPage":{"@id":"https:\/\/bythemoon.eu\/en\/product\/kombinezon-damski-stella-ecru\/#primaryimage"},"image":{"@id":"https:\/\/bythemoon.eu\/en\/product\/kombinezon-damski-stella-ecru\/#primaryimage"},"thumbnailUrl":"https:\/\/bythemoon.eu\/en\/wp-content\/uploads\/2025\/06\/kombinezon_bialy_.jpg","datePublished":"2025-06-25T13:10:26+00:00","dateModified":"2025-11-14T13:17:31+00:00","breadcrumb":{"@id":"https:\/\/bythemoon.eu\/en\/product\/kombinezon-damski-stella-ecru\/#breadcrumb"},"inLanguage":"en-US","potentialAction":[{"@type":"ReadAction","target":["https:\/\/bythemoon.eu\/en\/product\/kombinezon-damski-stella-ecru\/"]}]},{"@type":"ImageObject","inLanguage":"en-US","@id":"https:\/\/bythemoon.eu\/en\/product\/kombinezon-damski-stella-ecru\/#primaryimage","url":"https:\/\/bythemoon.eu\/en\/wp-content\/uploads\/2025\/06\/kombinezon_bialy_.jpg","contentUrl":"https:\/\/bythemoon.eu\/en\/wp-content\/uploads\/2025\/06\/kombinezon_bialy_.jpg","width":1000,"height":1400,"caption":"damski kombinezon bawe\u0142niany, ecru, jasny, be\u017cowy, modny kombinezon kobiecy"},{"@type":"BreadcrumbList","@id":"https:\/\/bythemoon.eu\/en\/product\/kombinezon-damski-stella-ecru\/#breadcrumb","itemListElement":[{"@type":"ListItem","position":1,"name":"Strona g\u0142\u00f3wna","item":"https:\/\/bythemoon.eu\/en\/"},{"@type":"ListItem","position":2,"name":"Shop","item":"https:\/\/bythemoon.eu\/en\/shop\/"},{"@type":"ListItem","position":3,"name":"kombinezon damski Stella ecru"}]},{"@type":"WebSite","@id":"https:\/\/bythemoon.eu\/en\/#website","url":"https:\/\/bythemoon.eu\/en\/","name":"By The Moon EN","description":"","potentialAction":[{"@type":"SearchAction","target":{"@type":"EntryPoint","urlTemplate":"https:\/\/bythemoon.eu\/en\/?s={search_term_string}"},"query-input":{"@type":"PropertyValueSpecification","valueRequired":true,"valueName":"search_term_string"}}],"inLanguage":"en-US"}]}},"_links":{"self":[{"href":"https:\/\/bythemoon.eu\/en\/wp-json\/wp\/v2\/product\/5494","targetHints":{"allow":["GET"]}}],"collection":[{"href":"https:\/\/bythemoon.eu\/en\/wp-json\/wp\/v2\/product"}],"about":[{"href":"https:\/\/bythemoon.eu\/en\/wp-json\/wp\/v2\/types\/product"}],"wp:featuredmedia":[{"embeddable":true,"href":"https:\/\/bythemoon.eu\/en\/wp-json\/wp\/v2\/media\/5495"}],"wp:attachment":[{"href":"https:\/\/bythemoon.eu\/en\/wp-json\/wp\/v2\/media?parent=5494"}],"wp:term":[{"taxonomy":"product_brand","embeddable":true,"href":"https:\/\/bythemoon.eu\/en\/wp-json\/wp\/v2\/product_brand?post=5494"},{"taxonomy":"product_cat","embeddable":true,"href":"https:\/\/bythemoon.eu\/en\/wp-json\/wp\/v2\/product_cat?post=5494"},{"taxonomy":"product_tag","embeddable":true,"href":"https:\/\/bythemoon.eu\/en\/wp-json\/wp\/v2\/product_tag?post=5494"}],"curies":[{"name":"wp","href":"https:\/\/api.w.org\/{rel}","templated":true}]}}