{"id":5480,"date":"2025-06-25T15:10:18","date_gmt":"2025-06-25T13:10:18","guid":{"rendered":"https:\/\/bythemoon.eu\/en\/produkt\/t-shirt-olive-heart\/"},"modified":"2025-11-14T14:17:32","modified_gmt":"2025-11-14T13:17:32","slug":"t-shirt-olive-heart","status":"publish","type":"product","link":"https:\/\/bythemoon.eu\/en\/product\/t-shirt-olive-heart\/","title":{"rendered":"t-shirt Olive heart"},"content":{"rendered":"<p>Damska koszulka z kr\u00f3tkim r\u0119kawem uszyta z niezwykle mi\u0119kkiej w dotyku i lej\u0105cej si\u0119 dzianiny bambusowej z dodatkiem bawe\u0142ny i elastanu. W pi\u0119knym oliwkowym kolorze, z przodu nadrukowane czarne serce &#8211; jakby ma\u017ani\u0119te farb\u0105. \u015awietna baza do dalszych stylizacji. Cudownie wygl\u0105da z naszymi szerokimi spodniami Colette orchidea.<\/p>\n<p>Sk\u0142ad: 68% bambus, 20% bawe\u0142na, 4% elastan<\/p>\n<p>Wymiary:<br \/>\nXS: szeroko\u015b\u0107 50 cm, d\u0142. 65 cm<br \/>\nS: szeroko\u015b\u0107: 53 cm, d\u0142. 67 cm<br \/>\nM: szeroko\u015b\u0107: 56 cm, d\u0142. 69 cm<br \/>\nL: szeroko\u015b\u0107 58 cm, d\u0142. 73 cm<\/p>\n","protected":false},"excerpt":{"rendered":"<p>Damska koszulka z kr\u00f3tkim r\u0119kawem uszyta z niezwykle mi\u0119kkiej w dotyku i lej\u0105cej si\u0119 dzianiny bambusowej z dodatkiem bawe\u0142ny i elastanu. W pi\u0119knym oliwkowym kolorze, z przodu nadrukowane czarne serce &#8211; jakby ma\u017ani\u0119te farb\u0105. \u015awietna baza do dalszych stylizacji. Cudownie wygl\u0105da z naszymi szerokimi spodniami Colette orchidea. Sk\u0142ad: 68% bambus, 20% bawe\u0142na, 4% elastan Wymiary: [&#8230;]\n","protected":false},"featured_media":5481,"template":"","meta":[],"product_brand":[],"product_cat":[42,21,55,24],"product_tag":[],"class_list":{"0":"post-5480","1":"product","2":"type-product","3":"status-publish","4":"has-post-thumbnail","6":"product_cat-archive","7":"product_cat-btm-en","8":"product_cat-sale","9":"product_cat-t-shirts","11":"first","12":"instock","13":"sale","14":"taxable","15":"shipping-taxable","16":"purchasable","17":"product-type-variable"},"yoast_head":"<!-- This site is optimized with the Yoast SEO plugin v27.0 - https:\/\/yoast.com\/product\/yoast-seo-wordpress\/ -->\n<title>t-shirt Olive heart - By The Moon EN<\/title>\n<meta name=\"robots\" content=\"index, follow, max-snippet:-1, max-image-preview:large, max-video-preview:-1\" \/>\n<link rel=\"canonical\" href=\"https:\/\/bythemoon.eu\/en\/product\/t-shirt-olive-heart\/\" \/>\n<meta property=\"og:locale\" content=\"en_US\" \/>\n<meta property=\"og:type\" content=\"article\" \/>\n<meta property=\"og:title\" content=\"t-shirt Olive heart - By The Moon EN\" \/>\n<meta property=\"og:description\" content=\"Damska koszulka z kr\u00f3tkim r\u0119kawem uszyta z niezwykle mi\u0119kkiej w dotyku i lej\u0105cej si\u0119 dzianiny bambusowej z dodatkiem bawe\u0142ny i elastanu. W pi\u0119knym oliwkowym kolorze, z przodu nadrukowane czarne serce &#8211; jakby ma\u017ani\u0119te farb\u0105. \u015awietna baza do dalszych stylizacji. Cudownie wygl\u0105da z naszymi szerokimi spodniami Colette orchidea. Sk\u0142ad: 68% bambus, 20% bawe\u0142na, 4% elastan Wymiary: [...]\" \/>\n<meta property=\"og:url\" content=\"https:\/\/bythemoon.eu\/en\/product\/t-shirt-olive-heart\/\" \/>\n<meta property=\"og:site_name\" content=\"By The Moon EN\" \/>\n<meta property=\"article:modified_time\" content=\"2025-11-14T13:17:32+00:00\" \/>\n<meta property=\"og:image\" content=\"https:\/\/bythemoon.eu\/en\/wp-content\/uploads\/2025\/06\/t-shirt-olive-heart-by-the-moon-scaled-1.jpg\" \/>\n\t<meta property=\"og:image:width\" content=\"1707\" \/>\n\t<meta property=\"og:image:height\" content=\"2560\" \/>\n\t<meta property=\"og:image:type\" content=\"image\/jpeg\" \/>\n<script type=\"application\/ld+json\" class=\"yoast-schema-graph\">{\"@context\":\"https:\/\/schema.org\",\"@graph\":[{\"@type\":\"WebPage\",\"@id\":\"https:\/\/bythemoon.eu\/en\/product\/t-shirt-olive-heart\/\",\"url\":\"https:\/\/bythemoon.eu\/en\/product\/t-shirt-olive-heart\/\",\"name\":\"t-shirt Olive heart - By The Moon EN\",\"isPartOf\":{\"@id\":\"https:\/\/bythemoon.eu\/en\/#website\"},\"primaryImageOfPage\":{\"@id\":\"https:\/\/bythemoon.eu\/en\/product\/t-shirt-olive-heart\/#primaryimage\"},\"image\":{\"@id\":\"https:\/\/bythemoon.eu\/en\/product\/t-shirt-olive-heart\/#primaryimage\"},\"thumbnailUrl\":\"https:\/\/bythemoon.eu\/en\/wp-content\/uploads\/2025\/06\/t-shirt-olive-heart-by-the-moon-scaled-1.jpg\",\"datePublished\":\"2025-06-25T13:10:18+00:00\",\"dateModified\":\"2025-11-14T13:17:32+00:00\",\"breadcrumb\":{\"@id\":\"https:\/\/bythemoon.eu\/en\/product\/t-shirt-olive-heart\/#breadcrumb\"},\"inLanguage\":\"en-US\",\"potentialAction\":[{\"@type\":\"ReadAction\",\"target\":[\"https:\/\/bythemoon.eu\/en\/product\/t-shirt-olive-heart\/\"]}]},{\"@type\":\"ImageObject\",\"inLanguage\":\"en-US\",\"@id\":\"https:\/\/bythemoon.eu\/en\/product\/t-shirt-olive-heart\/#primaryimage\",\"url\":\"https:\/\/bythemoon.eu\/en\/wp-content\/uploads\/2025\/06\/t-shirt-olive-heart-by-the-moon-scaled-1.jpg\",\"contentUrl\":\"https:\/\/bythemoon.eu\/en\/wp-content\/uploads\/2025\/06\/t-shirt-olive-heart-by-the-moon-scaled-1.jpg\",\"width\":1707,\"height\":2560,\"caption\":\"damski t-shirt oliwkowy, zielony, z sercem, z nadrukiem,\"},{\"@type\":\"BreadcrumbList\",\"@id\":\"https:\/\/bythemoon.eu\/en\/product\/t-shirt-olive-heart\/#breadcrumb\",\"itemListElement\":[{\"@type\":\"ListItem\",\"position\":1,\"name\":\"Strona g\u0142\u00f3wna\",\"item\":\"https:\/\/bythemoon.eu\/en\/\"},{\"@type\":\"ListItem\",\"position\":2,\"name\":\"Shop\",\"item\":\"https:\/\/bythemoon.eu\/en\/shop\/\"},{\"@type\":\"ListItem\",\"position\":3,\"name\":\"t-shirt Olive heart\"}]},{\"@type\":\"WebSite\",\"@id\":\"https:\/\/bythemoon.eu\/en\/#website\",\"url\":\"https:\/\/bythemoon.eu\/en\/\",\"name\":\"By The Moon EN\",\"description\":\"\",\"potentialAction\":[{\"@type\":\"SearchAction\",\"target\":{\"@type\":\"EntryPoint\",\"urlTemplate\":\"https:\/\/bythemoon.eu\/en\/?s={search_term_string}\"},\"query-input\":{\"@type\":\"PropertyValueSpecification\",\"valueRequired\":true,\"valueName\":\"search_term_string\"}}],\"inLanguage\":\"en-US\"}]}<\/script>\n<!-- \/ Yoast SEO plugin. -->","yoast_head_json":{"title":"t-shirt Olive heart - By The Moon EN","robots":{"index":"index","follow":"follow","max-snippet":"max-snippet:-1","max-image-preview":"max-image-preview:large","max-video-preview":"max-video-preview:-1"},"canonical":"https:\/\/bythemoon.eu\/en\/product\/t-shirt-olive-heart\/","og_locale":"en_US","og_type":"article","og_title":"t-shirt Olive heart - By The Moon EN","og_description":"Damska koszulka z kr\u00f3tkim r\u0119kawem uszyta z niezwykle mi\u0119kkiej w dotyku i lej\u0105cej si\u0119 dzianiny bambusowej z dodatkiem bawe\u0142ny i elastanu. W pi\u0119knym oliwkowym kolorze, z przodu nadrukowane czarne serce &#8211; jakby ma\u017ani\u0119te farb\u0105. \u015awietna baza do dalszych stylizacji. Cudownie wygl\u0105da z naszymi szerokimi spodniami Colette orchidea. Sk\u0142ad: 68% bambus, 20% bawe\u0142na, 4% elastan Wymiary: [...]","og_url":"https:\/\/bythemoon.eu\/en\/product\/t-shirt-olive-heart\/","og_site_name":"By The Moon EN","article_modified_time":"2025-11-14T13:17:32+00:00","og_image":[{"width":1707,"height":2560,"url":"https:\/\/bythemoon.eu\/en\/wp-content\/uploads\/2025\/06\/t-shirt-olive-heart-by-the-moon-scaled-1.jpg","type":"image\/jpeg"}],"schema":{"@context":"https:\/\/schema.org","@graph":[{"@type":"WebPage","@id":"https:\/\/bythemoon.eu\/en\/product\/t-shirt-olive-heart\/","url":"https:\/\/bythemoon.eu\/en\/product\/t-shirt-olive-heart\/","name":"t-shirt Olive heart - By The Moon EN","isPartOf":{"@id":"https:\/\/bythemoon.eu\/en\/#website"},"primaryImageOfPage":{"@id":"https:\/\/bythemoon.eu\/en\/product\/t-shirt-olive-heart\/#primaryimage"},"image":{"@id":"https:\/\/bythemoon.eu\/en\/product\/t-shirt-olive-heart\/#primaryimage"},"thumbnailUrl":"https:\/\/bythemoon.eu\/en\/wp-content\/uploads\/2025\/06\/t-shirt-olive-heart-by-the-moon-scaled-1.jpg","datePublished":"2025-06-25T13:10:18+00:00","dateModified":"2025-11-14T13:17:32+00:00","breadcrumb":{"@id":"https:\/\/bythemoon.eu\/en\/product\/t-shirt-olive-heart\/#breadcrumb"},"inLanguage":"en-US","potentialAction":[{"@type":"ReadAction","target":["https:\/\/bythemoon.eu\/en\/product\/t-shirt-olive-heart\/"]}]},{"@type":"ImageObject","inLanguage":"en-US","@id":"https:\/\/bythemoon.eu\/en\/product\/t-shirt-olive-heart\/#primaryimage","url":"https:\/\/bythemoon.eu\/en\/wp-content\/uploads\/2025\/06\/t-shirt-olive-heart-by-the-moon-scaled-1.jpg","contentUrl":"https:\/\/bythemoon.eu\/en\/wp-content\/uploads\/2025\/06\/t-shirt-olive-heart-by-the-moon-scaled-1.jpg","width":1707,"height":2560,"caption":"damski t-shirt oliwkowy, zielony, z sercem, z nadrukiem,"},{"@type":"BreadcrumbList","@id":"https:\/\/bythemoon.eu\/en\/product\/t-shirt-olive-heart\/#breadcrumb","itemListElement":[{"@type":"ListItem","position":1,"name":"Strona g\u0142\u00f3wna","item":"https:\/\/bythemoon.eu\/en\/"},{"@type":"ListItem","position":2,"name":"Shop","item":"https:\/\/bythemoon.eu\/en\/shop\/"},{"@type":"ListItem","position":3,"name":"t-shirt Olive heart"}]},{"@type":"WebSite","@id":"https:\/\/bythemoon.eu\/en\/#website","url":"https:\/\/bythemoon.eu\/en\/","name":"By The Moon EN","description":"","potentialAction":[{"@type":"SearchAction","target":{"@type":"EntryPoint","urlTemplate":"https:\/\/bythemoon.eu\/en\/?s={search_term_string}"},"query-input":{"@type":"PropertyValueSpecification","valueRequired":true,"valueName":"search_term_string"}}],"inLanguage":"en-US"}]}},"_links":{"self":[{"href":"https:\/\/bythemoon.eu\/en\/wp-json\/wp\/v2\/product\/5480","targetHints":{"allow":["GET"]}}],"collection":[{"href":"https:\/\/bythemoon.eu\/en\/wp-json\/wp\/v2\/product"}],"about":[{"href":"https:\/\/bythemoon.eu\/en\/wp-json\/wp\/v2\/types\/product"}],"wp:featuredmedia":[{"embeddable":true,"href":"https:\/\/bythemoon.eu\/en\/wp-json\/wp\/v2\/media\/5481"}],"wp:attachment":[{"href":"https:\/\/bythemoon.eu\/en\/wp-json\/wp\/v2\/media?parent=5480"}],"wp:term":[{"taxonomy":"product_brand","embeddable":true,"href":"https:\/\/bythemoon.eu\/en\/wp-json\/wp\/v2\/product_brand?post=5480"},{"taxonomy":"product_cat","embeddable":true,"href":"https:\/\/bythemoon.eu\/en\/wp-json\/wp\/v2\/product_cat?post=5480"},{"taxonomy":"product_tag","embeddable":true,"href":"https:\/\/bythemoon.eu\/en\/wp-json\/wp\/v2\/product_tag?post=5480"}],"curies":[{"name":"wp","href":"https:\/\/api.w.org\/{rel}","templated":true}]}}