{"id":5471,"date":"2025-06-25T15:10:18","date_gmt":"2025-06-25T13:10:18","guid":{"rendered":"https:\/\/bythemoon.eu\/en\/produkt\/sukienka-damska-blossom\/"},"modified":"2025-11-14T14:17:32","modified_gmt":"2025-11-14T13:17:32","slug":"sukienka-damska-blossom","status":"publish","type":"product","link":"https:\/\/bythemoon.eu\/en\/product\/sukienka-damska-blossom\/","title":{"rendered":"sukienka damska Blossom"},"content":{"rendered":"<p>Damska sukienka &#8211; lu\u017ana i zwiewna, pokryta pi\u0119knym printem w odcieniach fioletu i zieleni. Uszyta z cienkiego i przewiewnego 100% bawe\u0142nianego materia\u0142u. Wyko\u0144czona delikatn\u0105 falbank\u0105 przy dekolcie i mankietach. Ma lekko bufiaste, d\u0142ugie r\u0119kawy marszczone przy ramionach. Tr\u00f3jk\u0105tny dekolt zako\u0144czony troczkami, z mo\u017cliwo\u015bci\u0105 zawi\u0105zania. Na dole du\u017ca falbana nadaj\u0105ca lekko\u015bci, z dodatkow\u0105, dekoracyjn\u0105 falbank\u0105 przy szwie. Sukienka idealna zar\u00f3wno na pla\u017c\u0119, letnie weekendowe wypady jak i na co dzie\u0144. Pi\u0119knie wygl\u0105da z klapkami, szpilkami i super modnymi kowbojkami. Na ch\u0142odniejsze dni sprawdzi si\u0119 w komplecie z delikatnie pikowan\u0105 nasz\u0105 kamizelk\u0105 boho Blossom. D\u0142ugo\u015b\u0107 w okolicy kolan.<\/p>\n<p><strong>Sk\u0142ad:<\/strong> 100% bawe\u0142na<\/p>\n<p><strong>Wymiary sukienki w cm:<\/strong><\/p>\n<table style=\"height: 177px;\" width=\"456\">\n<tbody>\n<tr>\n<td width=\"91\">&nbsp;<\/td>\n<td style=\"text-align: center;\" width=\"64\"><strong>XS\/S<\/strong><\/td>\n<td style=\"text-align: center;\" width=\"64\"><strong>M\/L<\/strong><\/td>\n<\/tr>\n<tr>\n<td>szer. w klatce<\/td>\n<td style=\"text-align: center;\">60<\/td>\n<td style=\"text-align: center;\">63<\/td>\n<\/tr>\n<tr>\n<td width=\"91\">szer. w biodrach<\/td>\n<td style=\"text-align: center;\">65<\/td>\n<td style=\"text-align: center;\">70<\/td>\n<\/tr>\n<tr>\n<td style=\"text-align: left;\">d\u0142ugo\u015b\u0107<\/td>\n<td style=\"text-align: center;\">95<\/td>\n<td style=\"text-align: center;\">95<\/td>\n<\/tr>\n<\/tbody>\n<\/table>\n","protected":false},"excerpt":{"rendered":"<p>Damska sukienka &#8211; lu\u017ana i zwiewna, pokryta pi\u0119knym printem w odcieniach fioletu i zieleni. Uszyta z cienkiego i przewiewnego 100% bawe\u0142nianego materia\u0142u. Wyko\u0144czona delikatn\u0105 falbank\u0105 przy dekolcie i mankietach. Ma lekko bufiaste, d\u0142ugie r\u0119kawy marszczone przy ramionach. Tr\u00f3jk\u0105tny dekolt zako\u0144czony troczkami, z mo\u017cliwo\u015bci\u0105 zawi\u0105zania. Na dole du\u017ca falbana nadaj\u0105ca lekko\u015bci, z dodatkow\u0105, dekoracyjn\u0105 falbank\u0105 przy [&#8230;]\n","protected":false},"featured_media":5472,"template":"","meta":[],"product_brand":[],"product_cat":[42,21],"product_tag":[],"class_list":{"0":"post-5471","1":"product","2":"type-product","3":"status-publish","4":"has-post-thumbnail","6":"product_cat-archive","7":"product_cat-btm-en","9":"first","10":"instock","11":"sale","12":"taxable","13":"shipping-taxable","14":"purchasable","15":"product-type-variable"},"yoast_head":"<!-- This site is optimized with the Yoast SEO plugin v27.0 - https:\/\/yoast.com\/product\/yoast-seo-wordpress\/ -->\n<title>sukienka damska Blossom - By The Moon EN<\/title>\n<meta name=\"robots\" content=\"index, follow, max-snippet:-1, max-image-preview:large, max-video-preview:-1\" \/>\n<link rel=\"canonical\" href=\"https:\/\/bythemoon.eu\/en\/product\/sukienka-damska-blossom\/\" \/>\n<meta property=\"og:locale\" content=\"en_US\" \/>\n<meta property=\"og:type\" content=\"article\" \/>\n<meta property=\"og:title\" content=\"sukienka damska Blossom - By The Moon EN\" \/>\n<meta property=\"og:description\" content=\"Damska sukienka &#8211; lu\u017ana i zwiewna, pokryta pi\u0119knym printem w odcieniach fioletu i zieleni. Uszyta z cienkiego i przewiewnego 100% bawe\u0142nianego materia\u0142u. Wyko\u0144czona delikatn\u0105 falbank\u0105 przy dekolcie i mankietach. Ma lekko bufiaste, d\u0142ugie r\u0119kawy marszczone przy ramionach. Tr\u00f3jk\u0105tny dekolt zako\u0144czony troczkami, z mo\u017cliwo\u015bci\u0105 zawi\u0105zania. Na dole du\u017ca falbana nadaj\u0105ca lekko\u015bci, z dodatkow\u0105, dekoracyjn\u0105 falbank\u0105 przy [...]\" \/>\n<meta property=\"og:url\" content=\"https:\/\/bythemoon.eu\/en\/product\/sukienka-damska-blossom\/\" \/>\n<meta property=\"og:site_name\" content=\"By The Moon EN\" \/>\n<meta property=\"article:modified_time\" content=\"2025-11-14T13:17:32+00:00\" \/>\n<meta property=\"og:image\" content=\"https:\/\/bythemoon.eu\/en\/wp-content\/uploads\/2025\/06\/sukienka_blossom_1.jpg\" \/>\n\t<meta property=\"og:image:width\" content=\"1000\" \/>\n\t<meta property=\"og:image:height\" content=\"1400\" \/>\n\t<meta property=\"og:image:type\" content=\"image\/jpeg\" \/>\n<script type=\"application\/ld+json\" class=\"yoast-schema-graph\">{\"@context\":\"https:\/\/schema.org\",\"@graph\":[{\"@type\":\"WebPage\",\"@id\":\"https:\/\/bythemoon.eu\/en\/product\/sukienka-damska-blossom\/\",\"url\":\"https:\/\/bythemoon.eu\/en\/product\/sukienka-damska-blossom\/\",\"name\":\"sukienka damska Blossom - By The Moon EN\",\"isPartOf\":{\"@id\":\"https:\/\/bythemoon.eu\/en\/#website\"},\"primaryImageOfPage\":{\"@id\":\"https:\/\/bythemoon.eu\/en\/product\/sukienka-damska-blossom\/#primaryimage\"},\"image\":{\"@id\":\"https:\/\/bythemoon.eu\/en\/product\/sukienka-damska-blossom\/#primaryimage\"},\"thumbnailUrl\":\"https:\/\/bythemoon.eu\/en\/wp-content\/uploads\/2025\/06\/sukienka_blossom_1.jpg\",\"datePublished\":\"2025-06-25T13:10:18+00:00\",\"dateModified\":\"2025-11-14T13:17:32+00:00\",\"breadcrumb\":{\"@id\":\"https:\/\/bythemoon.eu\/en\/product\/sukienka-damska-blossom\/#breadcrumb\"},\"inLanguage\":\"en-US\",\"potentialAction\":[{\"@type\":\"ReadAction\",\"target\":[\"https:\/\/bythemoon.eu\/en\/product\/sukienka-damska-blossom\/\"]}]},{\"@type\":\"ImageObject\",\"inLanguage\":\"en-US\",\"@id\":\"https:\/\/bythemoon.eu\/en\/product\/sukienka-damska-blossom\/#primaryimage\",\"url\":\"https:\/\/bythemoon.eu\/en\/wp-content\/uploads\/2025\/06\/sukienka_blossom_1.jpg\",\"contentUrl\":\"https:\/\/bythemoon.eu\/en\/wp-content\/uploads\/2025\/06\/sukienka_blossom_1.jpg\",\"width\":1000,\"height\":1400,\"caption\":\"damska sukienka boho, lu\u017ana, zwiewna, bawe\u0142niana, 100% bawe\u0142na, w fioletowe wzory, kwiaty, z d\u0142ugim r\u0119kawem, do kolan, z dekoltem, z falban\u0105\"},{\"@type\":\"BreadcrumbList\",\"@id\":\"https:\/\/bythemoon.eu\/en\/product\/sukienka-damska-blossom\/#breadcrumb\",\"itemListElement\":[{\"@type\":\"ListItem\",\"position\":1,\"name\":\"Strona g\u0142\u00f3wna\",\"item\":\"https:\/\/bythemoon.eu\/en\/\"},{\"@type\":\"ListItem\",\"position\":2,\"name\":\"Shop\",\"item\":\"https:\/\/bythemoon.eu\/en\/shop\/\"},{\"@type\":\"ListItem\",\"position\":3,\"name\":\"sukienka damska Blossom\"}]},{\"@type\":\"WebSite\",\"@id\":\"https:\/\/bythemoon.eu\/en\/#website\",\"url\":\"https:\/\/bythemoon.eu\/en\/\",\"name\":\"By The Moon EN\",\"description\":\"\",\"potentialAction\":[{\"@type\":\"SearchAction\",\"target\":{\"@type\":\"EntryPoint\",\"urlTemplate\":\"https:\/\/bythemoon.eu\/en\/?s={search_term_string}\"},\"query-input\":{\"@type\":\"PropertyValueSpecification\",\"valueRequired\":true,\"valueName\":\"search_term_string\"}}],\"inLanguage\":\"en-US\"}]}<\/script>\n<!-- \/ Yoast SEO plugin. -->","yoast_head_json":{"title":"sukienka damska Blossom - By The Moon EN","robots":{"index":"index","follow":"follow","max-snippet":"max-snippet:-1","max-image-preview":"max-image-preview:large","max-video-preview":"max-video-preview:-1"},"canonical":"https:\/\/bythemoon.eu\/en\/product\/sukienka-damska-blossom\/","og_locale":"en_US","og_type":"article","og_title":"sukienka damska Blossom - By The Moon EN","og_description":"Damska sukienka &#8211; lu\u017ana i zwiewna, pokryta pi\u0119knym printem w odcieniach fioletu i zieleni. Uszyta z cienkiego i przewiewnego 100% bawe\u0142nianego materia\u0142u. Wyko\u0144czona delikatn\u0105 falbank\u0105 przy dekolcie i mankietach. Ma lekko bufiaste, d\u0142ugie r\u0119kawy marszczone przy ramionach. Tr\u00f3jk\u0105tny dekolt zako\u0144czony troczkami, z mo\u017cliwo\u015bci\u0105 zawi\u0105zania. Na dole du\u017ca falbana nadaj\u0105ca lekko\u015bci, z dodatkow\u0105, dekoracyjn\u0105 falbank\u0105 przy [...]","og_url":"https:\/\/bythemoon.eu\/en\/product\/sukienka-damska-blossom\/","og_site_name":"By The Moon EN","article_modified_time":"2025-11-14T13:17:32+00:00","og_image":[{"width":1000,"height":1400,"url":"https:\/\/bythemoon.eu\/en\/wp-content\/uploads\/2025\/06\/sukienka_blossom_1.jpg","type":"image\/jpeg"}],"schema":{"@context":"https:\/\/schema.org","@graph":[{"@type":"WebPage","@id":"https:\/\/bythemoon.eu\/en\/product\/sukienka-damska-blossom\/","url":"https:\/\/bythemoon.eu\/en\/product\/sukienka-damska-blossom\/","name":"sukienka damska Blossom - By The Moon EN","isPartOf":{"@id":"https:\/\/bythemoon.eu\/en\/#website"},"primaryImageOfPage":{"@id":"https:\/\/bythemoon.eu\/en\/product\/sukienka-damska-blossom\/#primaryimage"},"image":{"@id":"https:\/\/bythemoon.eu\/en\/product\/sukienka-damska-blossom\/#primaryimage"},"thumbnailUrl":"https:\/\/bythemoon.eu\/en\/wp-content\/uploads\/2025\/06\/sukienka_blossom_1.jpg","datePublished":"2025-06-25T13:10:18+00:00","dateModified":"2025-11-14T13:17:32+00:00","breadcrumb":{"@id":"https:\/\/bythemoon.eu\/en\/product\/sukienka-damska-blossom\/#breadcrumb"},"inLanguage":"en-US","potentialAction":[{"@type":"ReadAction","target":["https:\/\/bythemoon.eu\/en\/product\/sukienka-damska-blossom\/"]}]},{"@type":"ImageObject","inLanguage":"en-US","@id":"https:\/\/bythemoon.eu\/en\/product\/sukienka-damska-blossom\/#primaryimage","url":"https:\/\/bythemoon.eu\/en\/wp-content\/uploads\/2025\/06\/sukienka_blossom_1.jpg","contentUrl":"https:\/\/bythemoon.eu\/en\/wp-content\/uploads\/2025\/06\/sukienka_blossom_1.jpg","width":1000,"height":1400,"caption":"damska sukienka boho, lu\u017ana, zwiewna, bawe\u0142niana, 100% bawe\u0142na, w fioletowe wzory, kwiaty, z d\u0142ugim r\u0119kawem, do kolan, z dekoltem, z falban\u0105"},{"@type":"BreadcrumbList","@id":"https:\/\/bythemoon.eu\/en\/product\/sukienka-damska-blossom\/#breadcrumb","itemListElement":[{"@type":"ListItem","position":1,"name":"Strona g\u0142\u00f3wna","item":"https:\/\/bythemoon.eu\/en\/"},{"@type":"ListItem","position":2,"name":"Shop","item":"https:\/\/bythemoon.eu\/en\/shop\/"},{"@type":"ListItem","position":3,"name":"sukienka damska Blossom"}]},{"@type":"WebSite","@id":"https:\/\/bythemoon.eu\/en\/#website","url":"https:\/\/bythemoon.eu\/en\/","name":"By The Moon EN","description":"","potentialAction":[{"@type":"SearchAction","target":{"@type":"EntryPoint","urlTemplate":"https:\/\/bythemoon.eu\/en\/?s={search_term_string}"},"query-input":{"@type":"PropertyValueSpecification","valueRequired":true,"valueName":"search_term_string"}}],"inLanguage":"en-US"}]}},"_links":{"self":[{"href":"https:\/\/bythemoon.eu\/en\/wp-json\/wp\/v2\/product\/5471","targetHints":{"allow":["GET"]}}],"collection":[{"href":"https:\/\/bythemoon.eu\/en\/wp-json\/wp\/v2\/product"}],"about":[{"href":"https:\/\/bythemoon.eu\/en\/wp-json\/wp\/v2\/types\/product"}],"wp:featuredmedia":[{"embeddable":true,"href":"https:\/\/bythemoon.eu\/en\/wp-json\/wp\/v2\/media\/5472"}],"wp:attachment":[{"href":"https:\/\/bythemoon.eu\/en\/wp-json\/wp\/v2\/media?parent=5471"}],"wp:term":[{"taxonomy":"product_brand","embeddable":true,"href":"https:\/\/bythemoon.eu\/en\/wp-json\/wp\/v2\/product_brand?post=5471"},{"taxonomy":"product_cat","embeddable":true,"href":"https:\/\/bythemoon.eu\/en\/wp-json\/wp\/v2\/product_cat?post=5471"},{"taxonomy":"product_tag","embeddable":true,"href":"https:\/\/bythemoon.eu\/en\/wp-json\/wp\/v2\/product_tag?post=5471"}],"curies":[{"name":"wp","href":"https:\/\/api.w.org\/{rel}","templated":true}]}}