{"id":5326,"date":"2025-06-25T15:09:43","date_gmt":"2025-06-25T13:09:43","guid":{"rendered":"https:\/\/bythemoon.eu\/en\/produkt\/koszula-damska-blossom\/"},"modified":"2025-11-14T14:17:33","modified_gmt":"2025-11-14T13:17:33","slug":"koszula-damska-blossom","status":"publish","type":"product","link":"https:\/\/bythemoon.eu\/en\/product\/koszula-damska-blossom\/","title":{"rendered":"koszula damska Blossom"},"content":{"rendered":"<p>Damska koszula o lekko m\u0119skim kroju, uszyta z bawe\u0142nianej, przewiewnej tkaniny z pi\u0119knym printem w kolorach fioletu i zieleni. Mankiety zapinane na guziki, \u015bwietnie wygl\u0105daj\u0105 te\u017c w wersji podwini\u0119tej. Koszula, kt\u00f3ra sprawdzi si\u0119 zar\u00f3wno do jeans\u00f3w jak i prostych garniturowych spodni. Mo\u017cna po\u0142\u0105czy\u0107 z kamizelk\u0105 boho Blossom z tym samym printem, tworz\u0105c w ten spos\u00f3b oryginalny i modny zestaw.<\/p>\n<p><strong>Sk\u0142ad:<\/strong> 100% bawe\u0142na<\/p>\n<p><strong>Wymiary:<\/strong><\/p>\n<p>XS: obw\u00f3d w klatce 112cm, d\u0142ugo\u015b\u0107 69 cm<\/p>\n<p>S: obw\u00f3d w klatce 116cm, d\u0142ugo\u015b\u0107 70 cm<\/p>\n<p>M: obw\u00f3d w klatce 124cm, d\u0142ugo\u015b\u0107 71 cm<\/p>\n<p>L: obw\u00f3d w klatce 128cm, d\u0142ugo\u015b\u0107 72 cm<\/p>\n","protected":false},"excerpt":{"rendered":"<p>Damska koszula o lekko m\u0119skim kroju, uszyta z bawe\u0142nianej, przewiewnej tkaniny z pi\u0119knym printem w kolorach fioletu i zieleni. Mankiety zapinane na guziki, \u015bwietnie wygl\u0105daj\u0105 te\u017c w wersji podwini\u0119tej. Koszula, kt\u00f3ra sprawdzi si\u0119 zar\u00f3wno do jeans\u00f3w jak i prostych garniturowych spodni. Mo\u017cna po\u0142\u0105czy\u0107 z kamizelk\u0105 boho Blossom z tym samym printem, tworz\u0105c w ten spos\u00f3b [&#8230;]\n","protected":false},"featured_media":5327,"template":"","meta":[],"product_brand":[],"product_cat":[42,21],"product_tag":[],"class_list":{"0":"post-5326","1":"product","2":"type-product","3":"status-publish","4":"has-post-thumbnail","6":"product_cat-archive","7":"product_cat-btm-en","9":"first","10":"instock","11":"sale","12":"taxable","13":"shipping-taxable","14":"purchasable","15":"product-type-variable"},"yoast_head":"<!-- This site is optimized with the Yoast SEO plugin v27.0 - https:\/\/yoast.com\/product\/yoast-seo-wordpress\/ -->\n<title>koszula damska Blossom - By The Moon EN<\/title>\n<meta name=\"robots\" content=\"index, follow, max-snippet:-1, max-image-preview:large, max-video-preview:-1\" \/>\n<link rel=\"canonical\" href=\"https:\/\/bythemoon.eu\/en\/product\/koszula-damska-blossom\/\" \/>\n<meta property=\"og:locale\" content=\"en_US\" \/>\n<meta property=\"og:type\" content=\"article\" \/>\n<meta property=\"og:title\" content=\"koszula damska Blossom - By The Moon EN\" \/>\n<meta property=\"og:description\" content=\"Damska koszula o lekko m\u0119skim kroju, uszyta z bawe\u0142nianej, przewiewnej tkaniny z pi\u0119knym printem w kolorach fioletu i zieleni. Mankiety zapinane na guziki, \u015bwietnie wygl\u0105daj\u0105 te\u017c w wersji podwini\u0119tej. Koszula, kt\u00f3ra sprawdzi si\u0119 zar\u00f3wno do jeans\u00f3w jak i prostych garniturowych spodni. Mo\u017cna po\u0142\u0105czy\u0107 z kamizelk\u0105 boho Blossom z tym samym printem, tworz\u0105c w ten spos\u00f3b [...]\" \/>\n<meta property=\"og:url\" content=\"https:\/\/bythemoon.eu\/en\/product\/koszula-damska-blossom\/\" \/>\n<meta property=\"og:site_name\" content=\"By The Moon EN\" \/>\n<meta property=\"article:modified_time\" content=\"2025-11-14T13:17:33+00:00\" \/>\n<meta property=\"og:image\" content=\"https:\/\/bythemoon.eu\/en\/wp-content\/uploads\/2025\/06\/koszula-blossom-002.jpg\" \/>\n\t<meta property=\"og:image:width\" content=\"1000\" \/>\n\t<meta property=\"og:image:height\" content=\"1400\" \/>\n\t<meta property=\"og:image:type\" content=\"image\/jpeg\" \/>\n<script type=\"application\/ld+json\" class=\"yoast-schema-graph\">{\"@context\":\"https:\/\/schema.org\",\"@graph\":[{\"@type\":\"WebPage\",\"@id\":\"https:\/\/bythemoon.eu\/en\/product\/koszula-damska-blossom\/\",\"url\":\"https:\/\/bythemoon.eu\/en\/product\/koszula-damska-blossom\/\",\"name\":\"koszula damska Blossom - By The Moon EN\",\"isPartOf\":{\"@id\":\"https:\/\/bythemoon.eu\/en\/#website\"},\"primaryImageOfPage\":{\"@id\":\"https:\/\/bythemoon.eu\/en\/product\/koszula-damska-blossom\/#primaryimage\"},\"image\":{\"@id\":\"https:\/\/bythemoon.eu\/en\/product\/koszula-damska-blossom\/#primaryimage\"},\"thumbnailUrl\":\"https:\/\/bythemoon.eu\/en\/wp-content\/uploads\/2025\/06\/koszula-blossom-002.jpg\",\"datePublished\":\"2025-06-25T13:09:43+00:00\",\"dateModified\":\"2025-11-14T13:17:33+00:00\",\"breadcrumb\":{\"@id\":\"https:\/\/bythemoon.eu\/en\/product\/koszula-damska-blossom\/#breadcrumb\"},\"inLanguage\":\"en-US\",\"potentialAction\":[{\"@type\":\"ReadAction\",\"target\":[\"https:\/\/bythemoon.eu\/en\/product\/koszula-damska-blossom\/\"]}]},{\"@type\":\"ImageObject\",\"inLanguage\":\"en-US\",\"@id\":\"https:\/\/bythemoon.eu\/en\/product\/koszula-damska-blossom\/#primaryimage\",\"url\":\"https:\/\/bythemoon.eu\/en\/wp-content\/uploads\/2025\/06\/koszula-blossom-002.jpg\",\"contentUrl\":\"https:\/\/bythemoon.eu\/en\/wp-content\/uploads\/2025\/06\/koszula-blossom-002.jpg\",\"width\":1000,\"height\":1400,\"caption\":\"damska koszula z d\u0142ugim r\u0119kawem w fioletowy wz\u00f3r, kwiaty, bawe\u0142niana, modna koszula dla niej, dla pa\u0144\"},{\"@type\":\"BreadcrumbList\",\"@id\":\"https:\/\/bythemoon.eu\/en\/product\/koszula-damska-blossom\/#breadcrumb\",\"itemListElement\":[{\"@type\":\"ListItem\",\"position\":1,\"name\":\"Strona g\u0142\u00f3wna\",\"item\":\"https:\/\/bythemoon.eu\/en\/\"},{\"@type\":\"ListItem\",\"position\":2,\"name\":\"Shop\",\"item\":\"https:\/\/bythemoon.eu\/en\/shop\/\"},{\"@type\":\"ListItem\",\"position\":3,\"name\":\"koszula damska Blossom\"}]},{\"@type\":\"WebSite\",\"@id\":\"https:\/\/bythemoon.eu\/en\/#website\",\"url\":\"https:\/\/bythemoon.eu\/en\/\",\"name\":\"By The Moon EN\",\"description\":\"\",\"potentialAction\":[{\"@type\":\"SearchAction\",\"target\":{\"@type\":\"EntryPoint\",\"urlTemplate\":\"https:\/\/bythemoon.eu\/en\/?s={search_term_string}\"},\"query-input\":{\"@type\":\"PropertyValueSpecification\",\"valueRequired\":true,\"valueName\":\"search_term_string\"}}],\"inLanguage\":\"en-US\"}]}<\/script>\n<!-- \/ Yoast SEO plugin. -->","yoast_head_json":{"title":"koszula damska Blossom - By The Moon EN","robots":{"index":"index","follow":"follow","max-snippet":"max-snippet:-1","max-image-preview":"max-image-preview:large","max-video-preview":"max-video-preview:-1"},"canonical":"https:\/\/bythemoon.eu\/en\/product\/koszula-damska-blossom\/","og_locale":"en_US","og_type":"article","og_title":"koszula damska Blossom - By The Moon EN","og_description":"Damska koszula o lekko m\u0119skim kroju, uszyta z bawe\u0142nianej, przewiewnej tkaniny z pi\u0119knym printem w kolorach fioletu i zieleni. Mankiety zapinane na guziki, \u015bwietnie wygl\u0105daj\u0105 te\u017c w wersji podwini\u0119tej. Koszula, kt\u00f3ra sprawdzi si\u0119 zar\u00f3wno do jeans\u00f3w jak i prostych garniturowych spodni. Mo\u017cna po\u0142\u0105czy\u0107 z kamizelk\u0105 boho Blossom z tym samym printem, tworz\u0105c w ten spos\u00f3b [...]","og_url":"https:\/\/bythemoon.eu\/en\/product\/koszula-damska-blossom\/","og_site_name":"By The Moon EN","article_modified_time":"2025-11-14T13:17:33+00:00","og_image":[{"width":1000,"height":1400,"url":"https:\/\/bythemoon.eu\/en\/wp-content\/uploads\/2025\/06\/koszula-blossom-002.jpg","type":"image\/jpeg"}],"schema":{"@context":"https:\/\/schema.org","@graph":[{"@type":"WebPage","@id":"https:\/\/bythemoon.eu\/en\/product\/koszula-damska-blossom\/","url":"https:\/\/bythemoon.eu\/en\/product\/koszula-damska-blossom\/","name":"koszula damska Blossom - By The Moon EN","isPartOf":{"@id":"https:\/\/bythemoon.eu\/en\/#website"},"primaryImageOfPage":{"@id":"https:\/\/bythemoon.eu\/en\/product\/koszula-damska-blossom\/#primaryimage"},"image":{"@id":"https:\/\/bythemoon.eu\/en\/product\/koszula-damska-blossom\/#primaryimage"},"thumbnailUrl":"https:\/\/bythemoon.eu\/en\/wp-content\/uploads\/2025\/06\/koszula-blossom-002.jpg","datePublished":"2025-06-25T13:09:43+00:00","dateModified":"2025-11-14T13:17:33+00:00","breadcrumb":{"@id":"https:\/\/bythemoon.eu\/en\/product\/koszula-damska-blossom\/#breadcrumb"},"inLanguage":"en-US","potentialAction":[{"@type":"ReadAction","target":["https:\/\/bythemoon.eu\/en\/product\/koszula-damska-blossom\/"]}]},{"@type":"ImageObject","inLanguage":"en-US","@id":"https:\/\/bythemoon.eu\/en\/product\/koszula-damska-blossom\/#primaryimage","url":"https:\/\/bythemoon.eu\/en\/wp-content\/uploads\/2025\/06\/koszula-blossom-002.jpg","contentUrl":"https:\/\/bythemoon.eu\/en\/wp-content\/uploads\/2025\/06\/koszula-blossom-002.jpg","width":1000,"height":1400,"caption":"damska koszula z d\u0142ugim r\u0119kawem w fioletowy wz\u00f3r, kwiaty, bawe\u0142niana, modna koszula dla niej, dla pa\u0144"},{"@type":"BreadcrumbList","@id":"https:\/\/bythemoon.eu\/en\/product\/koszula-damska-blossom\/#breadcrumb","itemListElement":[{"@type":"ListItem","position":1,"name":"Strona g\u0142\u00f3wna","item":"https:\/\/bythemoon.eu\/en\/"},{"@type":"ListItem","position":2,"name":"Shop","item":"https:\/\/bythemoon.eu\/en\/shop\/"},{"@type":"ListItem","position":3,"name":"koszula damska Blossom"}]},{"@type":"WebSite","@id":"https:\/\/bythemoon.eu\/en\/#website","url":"https:\/\/bythemoon.eu\/en\/","name":"By The Moon EN","description":"","potentialAction":[{"@type":"SearchAction","target":{"@type":"EntryPoint","urlTemplate":"https:\/\/bythemoon.eu\/en\/?s={search_term_string}"},"query-input":{"@type":"PropertyValueSpecification","valueRequired":true,"valueName":"search_term_string"}}],"inLanguage":"en-US"}]}},"_links":{"self":[{"href":"https:\/\/bythemoon.eu\/en\/wp-json\/wp\/v2\/product\/5326","targetHints":{"allow":["GET"]}}],"collection":[{"href":"https:\/\/bythemoon.eu\/en\/wp-json\/wp\/v2\/product"}],"about":[{"href":"https:\/\/bythemoon.eu\/en\/wp-json\/wp\/v2\/types\/product"}],"wp:featuredmedia":[{"embeddable":true,"href":"https:\/\/bythemoon.eu\/en\/wp-json\/wp\/v2\/media\/5327"}],"wp:attachment":[{"href":"https:\/\/bythemoon.eu\/en\/wp-json\/wp\/v2\/media?parent=5326"}],"wp:term":[{"taxonomy":"product_brand","embeddable":true,"href":"https:\/\/bythemoon.eu\/en\/wp-json\/wp\/v2\/product_brand?post=5326"},{"taxonomy":"product_cat","embeddable":true,"href":"https:\/\/bythemoon.eu\/en\/wp-json\/wp\/v2\/product_cat?post=5326"},{"taxonomy":"product_tag","embeddable":true,"href":"https:\/\/bythemoon.eu\/en\/wp-json\/wp\/v2\/product_tag?post=5326"}],"curies":[{"name":"wp","href":"https:\/\/api.w.org\/{rel}","templated":true}]}}