{"id":5319,"date":"2025-06-25T15:09:43","date_gmt":"2025-06-25T13:09:43","guid":{"rendered":"https:\/\/bythemoon.eu\/en\/produkt\/bluza-carmine-love\/"},"modified":"2025-11-14T14:17:34","modified_gmt":"2025-11-14T13:17:34","slug":"bluza-carmine-love","status":"publish","type":"product","link":"https:\/\/bythemoon.eu\/en\/product\/bluza-carmine-love\/","title":{"rendered":"bluza carmine LOvE"},"content":{"rendered":"<p>Klasyczna bluza damska w przepi\u0119knym, energetycznym czerwonym kolorze z napisem LOvE. Ma lu\u017any kr\u00f3j, raglanowe r\u0119kawy i zako\u0144czona jest \u015bci\u0105gaczem. Uszyta z drapanej, mi\u0119kkiej dzianiny z meszkiem od wewn\u0119trznej strony. Napis na bluzie wykonany jest haftem chenille, przez co stwarza wra\u017cenie wypuk\u0142ego i jest dodatkowo mi\u0142y w dotyku.\u00a0 Kolor intensywnej czerwieni nadaje wyrazisto\u015bci i o\u017cywi\u00a0 ka\u017cd\u0105 stylizacj\u0119. Bluza wygl\u0105da \u015bwietnie zar\u00f3wno z jeansami, czy sp\u00f3dnicami. Mo\u017ce te\u017c by\u0107 pi\u0119knym prezentem na wiele okazji dla przyjaci\u00f3\u0142ki, czy na Walentynki.<\/p>\n<p><strong>Wymiary bluzy w cm:<\/strong><\/p>\n<table style=\"height: 196px\" width=\"471\">\n<tbody>\n<tr>\n<td width=\"90\"><\/td>\n<td style=\"text-align: center\" width=\"64\"><strong>XS<\/strong><\/td>\n<td style=\"text-align: center\" width=\"64\"><strong>S<\/strong><\/td>\n<td style=\"text-align: center\" width=\"64\"><strong>M<\/strong><\/td>\n<td style=\"text-align: center\" width=\"64\"><strong>L<\/strong><\/td>\n<\/tr>\n<tr>\n<td>szer. w klatce<\/td>\n<td style=\"text-align: center\">53<\/td>\n<td style=\"text-align: center\">56<\/td>\n<td style=\"text-align: center\">59<\/td>\n<td style=\"text-align: center\">62<\/td>\n<\/tr>\n<tr>\n<td width=\"90\">d\u0142ugo\u015b\u0107 od ramienia przy dekolcie<\/td>\n<td style=\"text-align: center\">62<\/td>\n<td style=\"text-align: center\">62,5<\/td>\n<td style=\"text-align: center\">63<\/td>\n<td style=\"text-align: center\">63,5<\/td>\n<\/tr>\n<\/tbody>\n<\/table>\n<p>&nbsp;<\/p>\n","protected":false},"excerpt":{"rendered":"<p>Klasyczna bluza damska w przepi\u0119knym, energetycznym czerwonym kolorze z napisem LOvE. Ma lu\u017any kr\u00f3j, raglanowe r\u0119kawy i zako\u0144czona jest \u015bci\u0105gaczem. Uszyta z drapanej, mi\u0119kkiej dzianiny z meszkiem od wewn\u0119trznej strony. Napis na bluzie wykonany jest haftem chenille, przez co stwarza wra\u017cenie wypuk\u0142ego i jest dodatkowo mi\u0142y w dotyku.\u00a0 Kolor intensywnej czerwieni nadaje wyrazisto\u015bci i o\u017cywi\u00a0 [&#8230;]\n","protected":false},"featured_media":5320,"template":"","meta":[],"product_brand":[],"product_cat":[21,48,52],"product_tag":[],"class_list":{"0":"post-5319","1":"product","2":"type-product","3":"status-publish","4":"has-post-thumbnail","6":"product_cat-btm-en","7":"product_cat-love-collection","8":"product_cat-sweatshirts","10":"first","11":"instock","12":"taxable","13":"shipping-taxable","14":"purchasable","15":"product-type-variable"},"yoast_head":"<!-- This site is optimized with the Yoast SEO plugin v27.0 - https:\/\/yoast.com\/product\/yoast-seo-wordpress\/ -->\n<title>bluza carmine LOvE - By The Moon EN<\/title>\n<meta name=\"robots\" content=\"index, follow, max-snippet:-1, max-image-preview:large, max-video-preview:-1\" \/>\n<link rel=\"canonical\" href=\"https:\/\/bythemoon.eu\/en\/product\/bluza-carmine-love\/\" \/>\n<meta property=\"og:locale\" content=\"en_US\" \/>\n<meta property=\"og:type\" content=\"article\" \/>\n<meta property=\"og:title\" content=\"bluza carmine LOvE - By The Moon EN\" \/>\n<meta property=\"og:description\" content=\"Klasyczna bluza damska w przepi\u0119knym, energetycznym czerwonym kolorze z napisem LOvE. Ma lu\u017any kr\u00f3j, raglanowe r\u0119kawy i zako\u0144czona jest \u015bci\u0105gaczem. Uszyta z drapanej, mi\u0119kkiej dzianiny z meszkiem od wewn\u0119trznej strony. Napis na bluzie wykonany jest haftem chenille, przez co stwarza wra\u017cenie wypuk\u0142ego i jest dodatkowo mi\u0142y w dotyku.\u00a0 Kolor intensywnej czerwieni nadaje wyrazisto\u015bci i o\u017cywi\u00a0 [...]\" \/>\n<meta property=\"og:url\" content=\"https:\/\/bythemoon.eu\/en\/product\/bluza-carmine-love\/\" \/>\n<meta property=\"og:site_name\" content=\"By The Moon EN\" \/>\n<meta property=\"article:modified_time\" content=\"2025-11-14T13:17:34+00:00\" \/>\n<meta property=\"og:image\" content=\"https:\/\/bythemoon.eu\/en\/wp-content\/uploads\/2025\/06\/bluza_carmin_love-1.jpg\" \/>\n\t<meta property=\"og:image:width\" content=\"1000\" \/>\n\t<meta property=\"og:image:height\" content=\"1400\" \/>\n\t<meta property=\"og:image:type\" content=\"image\/jpeg\" \/>\n<script type=\"application\/ld+json\" class=\"yoast-schema-graph\">{\"@context\":\"https:\/\/schema.org\",\"@graph\":[{\"@type\":\"WebPage\",\"@id\":\"https:\/\/bythemoon.eu\/en\/product\/bluza-carmine-love\/\",\"url\":\"https:\/\/bythemoon.eu\/en\/product\/bluza-carmine-love\/\",\"name\":\"bluza carmine LOvE - By The Moon EN\",\"isPartOf\":{\"@id\":\"https:\/\/bythemoon.eu\/en\/#website\"},\"primaryImageOfPage\":{\"@id\":\"https:\/\/bythemoon.eu\/en\/product\/bluza-carmine-love\/#primaryimage\"},\"image\":{\"@id\":\"https:\/\/bythemoon.eu\/en\/product\/bluza-carmine-love\/#primaryimage\"},\"thumbnailUrl\":\"https:\/\/bythemoon.eu\/en\/wp-content\/uploads\/2025\/06\/bluza_carmin_love-1.jpg\",\"datePublished\":\"2025-06-25T13:09:43+00:00\",\"dateModified\":\"2025-11-14T13:17:34+00:00\",\"breadcrumb\":{\"@id\":\"https:\/\/bythemoon.eu\/en\/product\/bluza-carmine-love\/#breadcrumb\"},\"inLanguage\":\"en-US\",\"potentialAction\":[{\"@type\":\"ReadAction\",\"target\":[\"https:\/\/bythemoon.eu\/en\/product\/bluza-carmine-love\/\"]}]},{\"@type\":\"ImageObject\",\"inLanguage\":\"en-US\",\"@id\":\"https:\/\/bythemoon.eu\/en\/product\/bluza-carmine-love\/#primaryimage\",\"url\":\"https:\/\/bythemoon.eu\/en\/wp-content\/uploads\/2025\/06\/bluza_carmin_love-1.jpg\",\"contentUrl\":\"https:\/\/bythemoon.eu\/en\/wp-content\/uploads\/2025\/06\/bluza_carmin_love-1.jpg\",\"width\":1000,\"height\":1400,\"caption\":\"czerwona bluza z hatem chenille love, damska, karminowa, bawe\u0142niana, polska marka\"},{\"@type\":\"BreadcrumbList\",\"@id\":\"https:\/\/bythemoon.eu\/en\/product\/bluza-carmine-love\/#breadcrumb\",\"itemListElement\":[{\"@type\":\"ListItem\",\"position\":1,\"name\":\"Strona g\u0142\u00f3wna\",\"item\":\"https:\/\/bythemoon.eu\/en\/\"},{\"@type\":\"ListItem\",\"position\":2,\"name\":\"Shop\",\"item\":\"https:\/\/bythemoon.eu\/en\/shop\/\"},{\"@type\":\"ListItem\",\"position\":3,\"name\":\"bluza carmine LOvE\"}]},{\"@type\":\"WebSite\",\"@id\":\"https:\/\/bythemoon.eu\/en\/#website\",\"url\":\"https:\/\/bythemoon.eu\/en\/\",\"name\":\"By The Moon EN\",\"description\":\"\",\"potentialAction\":[{\"@type\":\"SearchAction\",\"target\":{\"@type\":\"EntryPoint\",\"urlTemplate\":\"https:\/\/bythemoon.eu\/en\/?s={search_term_string}\"},\"query-input\":{\"@type\":\"PropertyValueSpecification\",\"valueRequired\":true,\"valueName\":\"search_term_string\"}}],\"inLanguage\":\"en-US\"}]}<\/script>\n<!-- \/ Yoast SEO plugin. -->","yoast_head_json":{"title":"bluza carmine LOvE - By The Moon EN","robots":{"index":"index","follow":"follow","max-snippet":"max-snippet:-1","max-image-preview":"max-image-preview:large","max-video-preview":"max-video-preview:-1"},"canonical":"https:\/\/bythemoon.eu\/en\/product\/bluza-carmine-love\/","og_locale":"en_US","og_type":"article","og_title":"bluza carmine LOvE - By The Moon EN","og_description":"Klasyczna bluza damska w przepi\u0119knym, energetycznym czerwonym kolorze z napisem LOvE. Ma lu\u017any kr\u00f3j, raglanowe r\u0119kawy i zako\u0144czona jest \u015bci\u0105gaczem. Uszyta z drapanej, mi\u0119kkiej dzianiny z meszkiem od wewn\u0119trznej strony. Napis na bluzie wykonany jest haftem chenille, przez co stwarza wra\u017cenie wypuk\u0142ego i jest dodatkowo mi\u0142y w dotyku.\u00a0 Kolor intensywnej czerwieni nadaje wyrazisto\u015bci i o\u017cywi\u00a0 [...]","og_url":"https:\/\/bythemoon.eu\/en\/product\/bluza-carmine-love\/","og_site_name":"By The Moon EN","article_modified_time":"2025-11-14T13:17:34+00:00","og_image":[{"width":1000,"height":1400,"url":"https:\/\/bythemoon.eu\/en\/wp-content\/uploads\/2025\/06\/bluza_carmin_love-1.jpg","type":"image\/jpeg"}],"schema":{"@context":"https:\/\/schema.org","@graph":[{"@type":"WebPage","@id":"https:\/\/bythemoon.eu\/en\/product\/bluza-carmine-love\/","url":"https:\/\/bythemoon.eu\/en\/product\/bluza-carmine-love\/","name":"bluza carmine LOvE - By The Moon EN","isPartOf":{"@id":"https:\/\/bythemoon.eu\/en\/#website"},"primaryImageOfPage":{"@id":"https:\/\/bythemoon.eu\/en\/product\/bluza-carmine-love\/#primaryimage"},"image":{"@id":"https:\/\/bythemoon.eu\/en\/product\/bluza-carmine-love\/#primaryimage"},"thumbnailUrl":"https:\/\/bythemoon.eu\/en\/wp-content\/uploads\/2025\/06\/bluza_carmin_love-1.jpg","datePublished":"2025-06-25T13:09:43+00:00","dateModified":"2025-11-14T13:17:34+00:00","breadcrumb":{"@id":"https:\/\/bythemoon.eu\/en\/product\/bluza-carmine-love\/#breadcrumb"},"inLanguage":"en-US","potentialAction":[{"@type":"ReadAction","target":["https:\/\/bythemoon.eu\/en\/product\/bluza-carmine-love\/"]}]},{"@type":"ImageObject","inLanguage":"en-US","@id":"https:\/\/bythemoon.eu\/en\/product\/bluza-carmine-love\/#primaryimage","url":"https:\/\/bythemoon.eu\/en\/wp-content\/uploads\/2025\/06\/bluza_carmin_love-1.jpg","contentUrl":"https:\/\/bythemoon.eu\/en\/wp-content\/uploads\/2025\/06\/bluza_carmin_love-1.jpg","width":1000,"height":1400,"caption":"czerwona bluza z hatem chenille love, damska, karminowa, bawe\u0142niana, polska marka"},{"@type":"BreadcrumbList","@id":"https:\/\/bythemoon.eu\/en\/product\/bluza-carmine-love\/#breadcrumb","itemListElement":[{"@type":"ListItem","position":1,"name":"Strona g\u0142\u00f3wna","item":"https:\/\/bythemoon.eu\/en\/"},{"@type":"ListItem","position":2,"name":"Shop","item":"https:\/\/bythemoon.eu\/en\/shop\/"},{"@type":"ListItem","position":3,"name":"bluza carmine LOvE"}]},{"@type":"WebSite","@id":"https:\/\/bythemoon.eu\/en\/#website","url":"https:\/\/bythemoon.eu\/en\/","name":"By The Moon EN","description":"","potentialAction":[{"@type":"SearchAction","target":{"@type":"EntryPoint","urlTemplate":"https:\/\/bythemoon.eu\/en\/?s={search_term_string}"},"query-input":{"@type":"PropertyValueSpecification","valueRequired":true,"valueName":"search_term_string"}}],"inLanguage":"en-US"}]}},"_links":{"self":[{"href":"https:\/\/bythemoon.eu\/en\/wp-json\/wp\/v2\/product\/5319","targetHints":{"allow":["GET"]}}],"collection":[{"href":"https:\/\/bythemoon.eu\/en\/wp-json\/wp\/v2\/product"}],"about":[{"href":"https:\/\/bythemoon.eu\/en\/wp-json\/wp\/v2\/types\/product"}],"wp:featuredmedia":[{"embeddable":true,"href":"https:\/\/bythemoon.eu\/en\/wp-json\/wp\/v2\/media\/5320"}],"wp:attachment":[{"href":"https:\/\/bythemoon.eu\/en\/wp-json\/wp\/v2\/media?parent=5319"}],"wp:term":[{"taxonomy":"product_brand","embeddable":true,"href":"https:\/\/bythemoon.eu\/en\/wp-json\/wp\/v2\/product_brand?post=5319"},{"taxonomy":"product_cat","embeddable":true,"href":"https:\/\/bythemoon.eu\/en\/wp-json\/wp\/v2\/product_cat?post=5319"},{"taxonomy":"product_tag","embeddable":true,"href":"https:\/\/bythemoon.eu\/en\/wp-json\/wp\/v2\/product_tag?post=5319"}],"curies":[{"name":"wp","href":"https:\/\/api.w.org\/{rel}","templated":true}]}}