{"id":5283,"date":"2025-06-25T15:09:43","date_gmt":"2025-06-25T13:09:43","guid":{"rendered":"https:\/\/bythemoon.eu\/en\/produkt\/bluza-amour\/"},"modified":"2025-11-14T14:17:34","modified_gmt":"2025-11-14T13:17:34","slug":"bluza-amour","status":"publish","type":"product","link":"https:\/\/bythemoon.eu\/en\/product\/bluza-amour\/","title":{"rendered":"bluza Amour"},"content":{"rendered":"<p>Bawe\u0142niana bluza damska typu raglan w kolorze fuksji, z karminowym napisem Amour. Pi\u0119kne i bardzo modne w tym sezonie po\u0142\u0105czenie dw\u00f3ch intensywnych kolor\u00f3w, kt\u00f3re przywo\u0142uje niezapomniane chwile wprost z romantycznych uliczek Pary\u017ca. Na przodzie napis wykonany haftem chenille &#8211; puszysty i gruby splot nadaje przestrzenno\u015bci. Bluza uszyta jest z drapanej, niezwykle mi\u0119kkiej i ciep\u0142ej dzianiny, kt\u00f3ra otuli Ci\u0119 nawet w najch\u0142odniejsze dni. Ma raglanowe r\u0119kawy, zako\u0144czona jest \u015bci\u0105gaczem.<\/p>\n<p><strong>Wymiary bluzy:<\/strong><\/p>\n<table style=\"height: 196px\" width=\"471\">\n<tbody>\n<tr>\n<td width=\"90\"><\/td>\n<td style=\"text-align: center\" width=\"64\"><strong>XS<\/strong><\/td>\n<td style=\"text-align: center\" width=\"64\"><strong>S<\/strong><\/td>\n<td style=\"text-align: center\" width=\"64\"><strong>M<\/strong><\/td>\n<td style=\"text-align: center\" width=\"64\"><strong>L<\/strong><\/td>\n<\/tr>\n<tr>\n<td>szer. w klatce<\/td>\n<td style=\"text-align: center\">53<\/td>\n<td style=\"text-align: center\">56<\/td>\n<td style=\"text-align: center\">59<\/td>\n<td style=\"text-align: center\">62<\/td>\n<\/tr>\n<tr>\n<td width=\"90\">d\u0142ugo\u015b\u0107 od ramienia przy dekolcie<\/td>\n<td style=\"text-align: center\">62<\/td>\n<td style=\"text-align: center\">62,5<\/td>\n<td style=\"text-align: center\">63<\/td>\n<td style=\"text-align: center\">63,5<\/td>\n<\/tr>\n<\/tbody>\n<\/table>\n<p>&nbsp;<\/p>\n","protected":false},"excerpt":{"rendered":"<p>Bawe\u0142niana bluza damska typu raglan w kolorze fuksji, z karminowym napisem Amour. Pi\u0119kne i bardzo modne w tym sezonie po\u0142\u0105czenie dw\u00f3ch intensywnych kolor\u00f3w, kt\u00f3re przywo\u0142uje niezapomniane chwile wprost z romantycznych uliczek Pary\u017ca. Na przodzie napis wykonany haftem chenille &#8211; puszysty i gruby splot nadaje przestrzenno\u015bci. Bluza uszyta jest z drapanej, niezwykle mi\u0119kkiej i ciep\u0142ej dzianiny, [&#8230;]\n","protected":false},"featured_media":5284,"template":"","meta":[],"product_brand":[],"product_cat":[21,48,52],"product_tag":[],"class_list":{"0":"post-5283","1":"product","2":"type-product","3":"status-publish","4":"has-post-thumbnail","6":"product_cat-btm-en","7":"product_cat-love-collection","8":"product_cat-sweatshirts","10":"first","11":"instock","12":"taxable","13":"shipping-taxable","14":"purchasable","15":"product-type-variable"},"yoast_head":"<!-- This site is optimized with the Yoast SEO plugin v27.0 - https:\/\/yoast.com\/product\/yoast-seo-wordpress\/ -->\n<title>bluza Amour - By The Moon EN<\/title>\n<meta name=\"robots\" content=\"index, follow, max-snippet:-1, max-image-preview:large, max-video-preview:-1\" \/>\n<link rel=\"canonical\" href=\"https:\/\/bythemoon.eu\/en\/product\/bluza-amour\/\" \/>\n<meta property=\"og:locale\" content=\"en_US\" \/>\n<meta property=\"og:type\" content=\"article\" \/>\n<meta property=\"og:title\" content=\"bluza Amour - By The Moon EN\" \/>\n<meta property=\"og:description\" content=\"Bawe\u0142niana bluza damska typu raglan w kolorze fuksji, z karminowym napisem Amour. Pi\u0119kne i bardzo modne w tym sezonie po\u0142\u0105czenie dw\u00f3ch intensywnych kolor\u00f3w, kt\u00f3re przywo\u0142uje niezapomniane chwile wprost z romantycznych uliczek Pary\u017ca. Na przodzie napis wykonany haftem chenille &#8211; puszysty i gruby splot nadaje przestrzenno\u015bci. Bluza uszyta jest z drapanej, niezwykle mi\u0119kkiej i ciep\u0142ej dzianiny, [...]\" \/>\n<meta property=\"og:url\" content=\"https:\/\/bythemoon.eu\/en\/product\/bluza-amour\/\" \/>\n<meta property=\"og:site_name\" content=\"By The Moon EN\" \/>\n<meta property=\"article:modified_time\" content=\"2025-11-14T13:17:34+00:00\" \/>\n<meta property=\"og:image\" content=\"https:\/\/bythemoon.eu\/en\/wp-content\/uploads\/2025\/06\/DSC2361kopia-scaled-1.jpg\" \/>\n\t<meta property=\"og:image:width\" content=\"1707\" \/>\n\t<meta property=\"og:image:height\" content=\"2560\" \/>\n\t<meta property=\"og:image:type\" content=\"image\/jpeg\" \/>\n<script type=\"application\/ld+json\" class=\"yoast-schema-graph\">{\"@context\":\"https:\/\/schema.org\",\"@graph\":[{\"@type\":\"WebPage\",\"@id\":\"https:\/\/bythemoon.eu\/en\/product\/bluza-amour\/\",\"url\":\"https:\/\/bythemoon.eu\/en\/product\/bluza-amour\/\",\"name\":\"bluza Amour - By The Moon EN\",\"isPartOf\":{\"@id\":\"https:\/\/bythemoon.eu\/en\/#website\"},\"primaryImageOfPage\":{\"@id\":\"https:\/\/bythemoon.eu\/en\/product\/bluza-amour\/#primaryimage\"},\"image\":{\"@id\":\"https:\/\/bythemoon.eu\/en\/product\/bluza-amour\/#primaryimage\"},\"thumbnailUrl\":\"https:\/\/bythemoon.eu\/en\/wp-content\/uploads\/2025\/06\/DSC2361kopia-scaled-1.jpg\",\"datePublished\":\"2025-06-25T13:09:43+00:00\",\"dateModified\":\"2025-11-14T13:17:34+00:00\",\"breadcrumb\":{\"@id\":\"https:\/\/bythemoon.eu\/en\/product\/bluza-amour\/#breadcrumb\"},\"inLanguage\":\"en-US\",\"potentialAction\":[{\"@type\":\"ReadAction\",\"target\":[\"https:\/\/bythemoon.eu\/en\/product\/bluza-amour\/\"]}]},{\"@type\":\"ImageObject\",\"inLanguage\":\"en-US\",\"@id\":\"https:\/\/bythemoon.eu\/en\/product\/bluza-amour\/#primaryimage\",\"url\":\"https:\/\/bythemoon.eu\/en\/wp-content\/uploads\/2025\/06\/DSC2361kopia-scaled-1.jpg\",\"contentUrl\":\"https:\/\/bythemoon.eu\/en\/wp-content\/uploads\/2025\/06\/DSC2361kopia-scaled-1.jpg\",\"width\":1707,\"height\":2560,\"caption\":\"r\u00f3\u017cowa damska bluza dzianinowa, z nadrukiem Amour, z haftem chenille, modna bluza damska z dzianiny, bawe\u0142niana\"},{\"@type\":\"BreadcrumbList\",\"@id\":\"https:\/\/bythemoon.eu\/en\/product\/bluza-amour\/#breadcrumb\",\"itemListElement\":[{\"@type\":\"ListItem\",\"position\":1,\"name\":\"Strona g\u0142\u00f3wna\",\"item\":\"https:\/\/bythemoon.eu\/en\/\"},{\"@type\":\"ListItem\",\"position\":2,\"name\":\"Shop\",\"item\":\"https:\/\/bythemoon.eu\/en\/shop\/\"},{\"@type\":\"ListItem\",\"position\":3,\"name\":\"bluza Amour\"}]},{\"@type\":\"WebSite\",\"@id\":\"https:\/\/bythemoon.eu\/en\/#website\",\"url\":\"https:\/\/bythemoon.eu\/en\/\",\"name\":\"By The Moon EN\",\"description\":\"\",\"potentialAction\":[{\"@type\":\"SearchAction\",\"target\":{\"@type\":\"EntryPoint\",\"urlTemplate\":\"https:\/\/bythemoon.eu\/en\/?s={search_term_string}\"},\"query-input\":{\"@type\":\"PropertyValueSpecification\",\"valueRequired\":true,\"valueName\":\"search_term_string\"}}],\"inLanguage\":\"en-US\"}]}<\/script>\n<!-- \/ Yoast SEO plugin. -->","yoast_head_json":{"title":"bluza Amour - By The Moon EN","robots":{"index":"index","follow":"follow","max-snippet":"max-snippet:-1","max-image-preview":"max-image-preview:large","max-video-preview":"max-video-preview:-1"},"canonical":"https:\/\/bythemoon.eu\/en\/product\/bluza-amour\/","og_locale":"en_US","og_type":"article","og_title":"bluza Amour - By The Moon EN","og_description":"Bawe\u0142niana bluza damska typu raglan w kolorze fuksji, z karminowym napisem Amour. Pi\u0119kne i bardzo modne w tym sezonie po\u0142\u0105czenie dw\u00f3ch intensywnych kolor\u00f3w, kt\u00f3re przywo\u0142uje niezapomniane chwile wprost z romantycznych uliczek Pary\u017ca. Na przodzie napis wykonany haftem chenille &#8211; puszysty i gruby splot nadaje przestrzenno\u015bci. Bluza uszyta jest z drapanej, niezwykle mi\u0119kkiej i ciep\u0142ej dzianiny, [...]","og_url":"https:\/\/bythemoon.eu\/en\/product\/bluza-amour\/","og_site_name":"By The Moon EN","article_modified_time":"2025-11-14T13:17:34+00:00","og_image":[{"width":1707,"height":2560,"url":"https:\/\/bythemoon.eu\/en\/wp-content\/uploads\/2025\/06\/DSC2361kopia-scaled-1.jpg","type":"image\/jpeg"}],"schema":{"@context":"https:\/\/schema.org","@graph":[{"@type":"WebPage","@id":"https:\/\/bythemoon.eu\/en\/product\/bluza-amour\/","url":"https:\/\/bythemoon.eu\/en\/product\/bluza-amour\/","name":"bluza Amour - By The Moon EN","isPartOf":{"@id":"https:\/\/bythemoon.eu\/en\/#website"},"primaryImageOfPage":{"@id":"https:\/\/bythemoon.eu\/en\/product\/bluza-amour\/#primaryimage"},"image":{"@id":"https:\/\/bythemoon.eu\/en\/product\/bluza-amour\/#primaryimage"},"thumbnailUrl":"https:\/\/bythemoon.eu\/en\/wp-content\/uploads\/2025\/06\/DSC2361kopia-scaled-1.jpg","datePublished":"2025-06-25T13:09:43+00:00","dateModified":"2025-11-14T13:17:34+00:00","breadcrumb":{"@id":"https:\/\/bythemoon.eu\/en\/product\/bluza-amour\/#breadcrumb"},"inLanguage":"en-US","potentialAction":[{"@type":"ReadAction","target":["https:\/\/bythemoon.eu\/en\/product\/bluza-amour\/"]}]},{"@type":"ImageObject","inLanguage":"en-US","@id":"https:\/\/bythemoon.eu\/en\/product\/bluza-amour\/#primaryimage","url":"https:\/\/bythemoon.eu\/en\/wp-content\/uploads\/2025\/06\/DSC2361kopia-scaled-1.jpg","contentUrl":"https:\/\/bythemoon.eu\/en\/wp-content\/uploads\/2025\/06\/DSC2361kopia-scaled-1.jpg","width":1707,"height":2560,"caption":"r\u00f3\u017cowa damska bluza dzianinowa, z nadrukiem Amour, z haftem chenille, modna bluza damska z dzianiny, bawe\u0142niana"},{"@type":"BreadcrumbList","@id":"https:\/\/bythemoon.eu\/en\/product\/bluza-amour\/#breadcrumb","itemListElement":[{"@type":"ListItem","position":1,"name":"Strona g\u0142\u00f3wna","item":"https:\/\/bythemoon.eu\/en\/"},{"@type":"ListItem","position":2,"name":"Shop","item":"https:\/\/bythemoon.eu\/en\/shop\/"},{"@type":"ListItem","position":3,"name":"bluza Amour"}]},{"@type":"WebSite","@id":"https:\/\/bythemoon.eu\/en\/#website","url":"https:\/\/bythemoon.eu\/en\/","name":"By The Moon EN","description":"","potentialAction":[{"@type":"SearchAction","target":{"@type":"EntryPoint","urlTemplate":"https:\/\/bythemoon.eu\/en\/?s={search_term_string}"},"query-input":{"@type":"PropertyValueSpecification","valueRequired":true,"valueName":"search_term_string"}}],"inLanguage":"en-US"}]}},"_links":{"self":[{"href":"https:\/\/bythemoon.eu\/en\/wp-json\/wp\/v2\/product\/5283","targetHints":{"allow":["GET"]}}],"collection":[{"href":"https:\/\/bythemoon.eu\/en\/wp-json\/wp\/v2\/product"}],"about":[{"href":"https:\/\/bythemoon.eu\/en\/wp-json\/wp\/v2\/types\/product"}],"wp:featuredmedia":[{"embeddable":true,"href":"https:\/\/bythemoon.eu\/en\/wp-json\/wp\/v2\/media\/5284"}],"wp:attachment":[{"href":"https:\/\/bythemoon.eu\/en\/wp-json\/wp\/v2\/media?parent=5283"}],"wp:term":[{"taxonomy":"product_brand","embeddable":true,"href":"https:\/\/bythemoon.eu\/en\/wp-json\/wp\/v2\/product_brand?post=5283"},{"taxonomy":"product_cat","embeddable":true,"href":"https:\/\/bythemoon.eu\/en\/wp-json\/wp\/v2\/product_cat?post=5283"},{"taxonomy":"product_tag","embeddable":true,"href":"https:\/\/bythemoon.eu\/en\/wp-json\/wp\/v2\/product_tag?post=5283"}],"curies":[{"name":"wp","href":"https:\/\/api.w.org\/{rel}","templated":true}]}}