{"id":5183,"date":"2025-06-25T15:09:22","date_gmt":"2025-06-25T13:09:22","guid":{"rendered":"https:\/\/bythemoon.eu\/en\/produkt\/spodnica-kopertowa-dark-night\/"},"modified":"2025-11-14T14:17:38","modified_gmt":"2025-11-14T13:17:38","slug":"spodnica-kopertowa-dark-night","status":"publish","type":"product","link":"https:\/\/bythemoon.eu\/en\/product\/spodnica-kopertowa-dark-night\/","title":{"rendered":"sp\u00f3dnica kopertowa Dark Night"},"content":{"rendered":"<p>Bawe\u0142niana sp\u00f3dnica o kopertowym kroju. D\u0142ugo\u015b\u0107 midi, mo\u017cliwo\u015b\u0107 regulacji poprzez wi\u0105zanie w pasie. Kopertowy kr\u00f3j z rozci\u0119ciem umo\u017cliwia swobodne ruchy i dodaje seksapilu i wdzi\u0119ku. Mo\u017cna po\u0142\u0105czy\u0107 j\u0105 zar\u00f3wno z lu\u017anym T-shirtem jak i z klasyczn\u0105 koszul\u0105 czy bluz\u0105. Z nasz\u0105 czarn\u0105 marynark\u0105 Colette noir, stworzy pi\u0119kny zestaw.<\/p>\n<p>Wymiary:<\/p>\n<p>XS\/S obw\u00f3d w pasie: 80 cm, z mo\u017cliwo\u015bci\u0105 regulacji +\/- 10 cm; d\u0142ugo\u015b\u0107: 80 cm<\/p>\n<p>M\/L obw\u00f3d w pasie: 88 cm, z mo\u017cliwo\u015bci\u0105 regulacji +\/- 10 cm; d\u0142ugo\u015b\u0107: 82 cm<\/p>\n","protected":false},"excerpt":{"rendered":"<p>Bawe\u0142niana sp\u00f3dnica o kopertowym kroju. D\u0142ugo\u015b\u0107 midi, mo\u017cliwo\u015b\u0107 regulacji poprzez wi\u0105zanie w pasie. Kopertowy kr\u00f3j z rozci\u0119ciem umo\u017cliwia swobodne ruchy i dodaje seksapilu i wdzi\u0119ku. Mo\u017cna po\u0142\u0105czy\u0107 j\u0105 zar\u00f3wno z lu\u017anym T-shirtem jak i z klasyczn\u0105 koszul\u0105 czy bluz\u0105. Z nasz\u0105 czarn\u0105 marynark\u0105 Colette noir, stworzy pi\u0119kny zestaw. Wymiary: XS\/S obw\u00f3d w pasie: 80 cm, [&#8230;]\n","protected":false},"featured_media":5184,"template":"","meta":[],"product_brand":[],"product_cat":[42,21],"product_tag":[],"class_list":{"0":"post-5183","1":"product","2":"type-product","3":"status-publish","4":"has-post-thumbnail","6":"product_cat-archive","7":"product_cat-btm-en","9":"first","10":"instock","11":"sale","12":"taxable","13":"shipping-taxable","14":"purchasable","15":"product-type-variable"},"yoast_head":"<!-- This site is optimized with the Yoast SEO plugin v27.0 - https:\/\/yoast.com\/product\/yoast-seo-wordpress\/ -->\n<title>sp\u00f3dnica kopertowa Dark Night - By The Moon EN<\/title>\n<meta name=\"robots\" content=\"index, follow, max-snippet:-1, max-image-preview:large, max-video-preview:-1\" \/>\n<link rel=\"canonical\" href=\"https:\/\/bythemoon.eu\/en\/product\/spodnica-kopertowa-dark-night\/\" \/>\n<meta property=\"og:locale\" content=\"en_US\" \/>\n<meta property=\"og:type\" content=\"article\" \/>\n<meta property=\"og:title\" content=\"sp\u00f3dnica kopertowa Dark Night - By The Moon EN\" \/>\n<meta property=\"og:description\" content=\"Bawe\u0142niana sp\u00f3dnica o kopertowym kroju. D\u0142ugo\u015b\u0107 midi, mo\u017cliwo\u015b\u0107 regulacji poprzez wi\u0105zanie w pasie. Kopertowy kr\u00f3j z rozci\u0119ciem umo\u017cliwia swobodne ruchy i dodaje seksapilu i wdzi\u0119ku. Mo\u017cna po\u0142\u0105czy\u0107 j\u0105 zar\u00f3wno z lu\u017anym T-shirtem jak i z klasyczn\u0105 koszul\u0105 czy bluz\u0105. Z nasz\u0105 czarn\u0105 marynark\u0105 Colette noir, stworzy pi\u0119kny zestaw. Wymiary: XS\/S obw\u00f3d w pasie: 80 cm, [...]\" \/>\n<meta property=\"og:url\" content=\"https:\/\/bythemoon.eu\/en\/product\/spodnica-kopertowa-dark-night\/\" \/>\n<meta property=\"og:site_name\" content=\"By The Moon EN\" \/>\n<meta property=\"article:modified_time\" content=\"2025-11-14T13:17:38+00:00\" \/>\n<meta property=\"og:image\" content=\"https:\/\/bythemoon.eu\/en\/wp-content\/uploads\/2025\/06\/spodnica-dark-night-1.jpg\" \/>\n\t<meta property=\"og:image:width\" content=\"1000\" \/>\n\t<meta property=\"og:image:height\" content=\"1400\" \/>\n\t<meta property=\"og:image:type\" content=\"image\/jpeg\" \/>\n<script type=\"application\/ld+json\" class=\"yoast-schema-graph\">{\"@context\":\"https:\/\/schema.org\",\"@graph\":[{\"@type\":\"WebPage\",\"@id\":\"https:\/\/bythemoon.eu\/en\/product\/spodnica-kopertowa-dark-night\/\",\"url\":\"https:\/\/bythemoon.eu\/en\/product\/spodnica-kopertowa-dark-night\/\",\"name\":\"sp\u00f3dnica kopertowa Dark Night - By The Moon EN\",\"isPartOf\":{\"@id\":\"https:\/\/bythemoon.eu\/en\/#website\"},\"primaryImageOfPage\":{\"@id\":\"https:\/\/bythemoon.eu\/en\/product\/spodnica-kopertowa-dark-night\/#primaryimage\"},\"image\":{\"@id\":\"https:\/\/bythemoon.eu\/en\/product\/spodnica-kopertowa-dark-night\/#primaryimage\"},\"thumbnailUrl\":\"https:\/\/bythemoon.eu\/en\/wp-content\/uploads\/2025\/06\/spodnica-dark-night-1.jpg\",\"datePublished\":\"2025-06-25T13:09:22+00:00\",\"dateModified\":\"2025-11-14T13:17:38+00:00\",\"breadcrumb\":{\"@id\":\"https:\/\/bythemoon.eu\/en\/product\/spodnica-kopertowa-dark-night\/#breadcrumb\"},\"inLanguage\":\"en-US\",\"potentialAction\":[{\"@type\":\"ReadAction\",\"target\":[\"https:\/\/bythemoon.eu\/en\/product\/spodnica-kopertowa-dark-night\/\"]}]},{\"@type\":\"ImageObject\",\"inLanguage\":\"en-US\",\"@id\":\"https:\/\/bythemoon.eu\/en\/product\/spodnica-kopertowa-dark-night\/#primaryimage\",\"url\":\"https:\/\/bythemoon.eu\/en\/wp-content\/uploads\/2025\/06\/spodnica-dark-night-1.jpg\",\"contentUrl\":\"https:\/\/bythemoon.eu\/en\/wp-content\/uploads\/2025\/06\/spodnica-dark-night-1.jpg\",\"width\":1000,\"height\":1400,\"caption\":\"czarna, kopertowa damska sp\u00f3dnica, z bawe\u0142ny, bawe\u0142niana, d\u0142uga, z rozci\u0119ciem\"},{\"@type\":\"BreadcrumbList\",\"@id\":\"https:\/\/bythemoon.eu\/en\/product\/spodnica-kopertowa-dark-night\/#breadcrumb\",\"itemListElement\":[{\"@type\":\"ListItem\",\"position\":1,\"name\":\"Strona g\u0142\u00f3wna\",\"item\":\"https:\/\/bythemoon.eu\/en\/\"},{\"@type\":\"ListItem\",\"position\":2,\"name\":\"Shop\",\"item\":\"https:\/\/bythemoon.eu\/en\/shop\/\"},{\"@type\":\"ListItem\",\"position\":3,\"name\":\"sp\u00f3dnica kopertowa Dark Night\"}]},{\"@type\":\"WebSite\",\"@id\":\"https:\/\/bythemoon.eu\/en\/#website\",\"url\":\"https:\/\/bythemoon.eu\/en\/\",\"name\":\"By The Moon EN\",\"description\":\"\",\"potentialAction\":[{\"@type\":\"SearchAction\",\"target\":{\"@type\":\"EntryPoint\",\"urlTemplate\":\"https:\/\/bythemoon.eu\/en\/?s={search_term_string}\"},\"query-input\":{\"@type\":\"PropertyValueSpecification\",\"valueRequired\":true,\"valueName\":\"search_term_string\"}}],\"inLanguage\":\"en-US\"}]}<\/script>\n<!-- \/ Yoast SEO plugin. -->","yoast_head_json":{"title":"sp\u00f3dnica kopertowa Dark Night - By The Moon EN","robots":{"index":"index","follow":"follow","max-snippet":"max-snippet:-1","max-image-preview":"max-image-preview:large","max-video-preview":"max-video-preview:-1"},"canonical":"https:\/\/bythemoon.eu\/en\/product\/spodnica-kopertowa-dark-night\/","og_locale":"en_US","og_type":"article","og_title":"sp\u00f3dnica kopertowa Dark Night - By The Moon EN","og_description":"Bawe\u0142niana sp\u00f3dnica o kopertowym kroju. D\u0142ugo\u015b\u0107 midi, mo\u017cliwo\u015b\u0107 regulacji poprzez wi\u0105zanie w pasie. Kopertowy kr\u00f3j z rozci\u0119ciem umo\u017cliwia swobodne ruchy i dodaje seksapilu i wdzi\u0119ku. Mo\u017cna po\u0142\u0105czy\u0107 j\u0105 zar\u00f3wno z lu\u017anym T-shirtem jak i z klasyczn\u0105 koszul\u0105 czy bluz\u0105. Z nasz\u0105 czarn\u0105 marynark\u0105 Colette noir, stworzy pi\u0119kny zestaw. Wymiary: XS\/S obw\u00f3d w pasie: 80 cm, [...]","og_url":"https:\/\/bythemoon.eu\/en\/product\/spodnica-kopertowa-dark-night\/","og_site_name":"By The Moon EN","article_modified_time":"2025-11-14T13:17:38+00:00","og_image":[{"width":1000,"height":1400,"url":"https:\/\/bythemoon.eu\/en\/wp-content\/uploads\/2025\/06\/spodnica-dark-night-1.jpg","type":"image\/jpeg"}],"schema":{"@context":"https:\/\/schema.org","@graph":[{"@type":"WebPage","@id":"https:\/\/bythemoon.eu\/en\/product\/spodnica-kopertowa-dark-night\/","url":"https:\/\/bythemoon.eu\/en\/product\/spodnica-kopertowa-dark-night\/","name":"sp\u00f3dnica kopertowa Dark Night - By The Moon EN","isPartOf":{"@id":"https:\/\/bythemoon.eu\/en\/#website"},"primaryImageOfPage":{"@id":"https:\/\/bythemoon.eu\/en\/product\/spodnica-kopertowa-dark-night\/#primaryimage"},"image":{"@id":"https:\/\/bythemoon.eu\/en\/product\/spodnica-kopertowa-dark-night\/#primaryimage"},"thumbnailUrl":"https:\/\/bythemoon.eu\/en\/wp-content\/uploads\/2025\/06\/spodnica-dark-night-1.jpg","datePublished":"2025-06-25T13:09:22+00:00","dateModified":"2025-11-14T13:17:38+00:00","breadcrumb":{"@id":"https:\/\/bythemoon.eu\/en\/product\/spodnica-kopertowa-dark-night\/#breadcrumb"},"inLanguage":"en-US","potentialAction":[{"@type":"ReadAction","target":["https:\/\/bythemoon.eu\/en\/product\/spodnica-kopertowa-dark-night\/"]}]},{"@type":"ImageObject","inLanguage":"en-US","@id":"https:\/\/bythemoon.eu\/en\/product\/spodnica-kopertowa-dark-night\/#primaryimage","url":"https:\/\/bythemoon.eu\/en\/wp-content\/uploads\/2025\/06\/spodnica-dark-night-1.jpg","contentUrl":"https:\/\/bythemoon.eu\/en\/wp-content\/uploads\/2025\/06\/spodnica-dark-night-1.jpg","width":1000,"height":1400,"caption":"czarna, kopertowa damska sp\u00f3dnica, z bawe\u0142ny, bawe\u0142niana, d\u0142uga, z rozci\u0119ciem"},{"@type":"BreadcrumbList","@id":"https:\/\/bythemoon.eu\/en\/product\/spodnica-kopertowa-dark-night\/#breadcrumb","itemListElement":[{"@type":"ListItem","position":1,"name":"Strona g\u0142\u00f3wna","item":"https:\/\/bythemoon.eu\/en\/"},{"@type":"ListItem","position":2,"name":"Shop","item":"https:\/\/bythemoon.eu\/en\/shop\/"},{"@type":"ListItem","position":3,"name":"sp\u00f3dnica kopertowa Dark Night"}]},{"@type":"WebSite","@id":"https:\/\/bythemoon.eu\/en\/#website","url":"https:\/\/bythemoon.eu\/en\/","name":"By The Moon EN","description":"","potentialAction":[{"@type":"SearchAction","target":{"@type":"EntryPoint","urlTemplate":"https:\/\/bythemoon.eu\/en\/?s={search_term_string}"},"query-input":{"@type":"PropertyValueSpecification","valueRequired":true,"valueName":"search_term_string"}}],"inLanguage":"en-US"}]}},"_links":{"self":[{"href":"https:\/\/bythemoon.eu\/en\/wp-json\/wp\/v2\/product\/5183","targetHints":{"allow":["GET"]}}],"collection":[{"href":"https:\/\/bythemoon.eu\/en\/wp-json\/wp\/v2\/product"}],"about":[{"href":"https:\/\/bythemoon.eu\/en\/wp-json\/wp\/v2\/types\/product"}],"wp:featuredmedia":[{"embeddable":true,"href":"https:\/\/bythemoon.eu\/en\/wp-json\/wp\/v2\/media\/5184"}],"wp:attachment":[{"href":"https:\/\/bythemoon.eu\/en\/wp-json\/wp\/v2\/media?parent=5183"}],"wp:term":[{"taxonomy":"product_brand","embeddable":true,"href":"https:\/\/bythemoon.eu\/en\/wp-json\/wp\/v2\/product_brand?post=5183"},{"taxonomy":"product_cat","embeddable":true,"href":"https:\/\/bythemoon.eu\/en\/wp-json\/wp\/v2\/product_cat?post=5183"},{"taxonomy":"product_tag","embeddable":true,"href":"https:\/\/bythemoon.eu\/en\/wp-json\/wp\/v2\/product_tag?post=5183"}],"curies":[{"name":"wp","href":"https:\/\/api.w.org\/{rel}","templated":true}]}}