{"id":5177,"date":"2025-06-25T15:09:22","date_gmt":"2025-06-25T13:09:22","guid":{"rendered":"https:\/\/bythemoon.eu\/en\/produkt\/sukienka-dark-night\/"},"modified":"2025-11-14T14:17:38","modified_gmt":"2025-11-14T13:17:38","slug":"sukienka-dark-night","status":"publish","type":"product","link":"https:\/\/bythemoon.eu\/en\/product\/sukienka-dark-night\/","title":{"rendered":"sukienka Dark Night"},"content":{"rendered":"<p>Bawe\u0142niana, damska sukienka o kopertowym kroju. Uszyta z lekko gniecionej czarnej tkaniny w nieregularn\u0105 kratk\u0119. Wi\u0105zanie w pasie podkre\u015bla sylwetk\u0119, daje mo\u017cliwo\u015b\u0107 regulacji i dobrze skrywa ewentualne &#8220;niedoskona\u0142o\u015bci&#8221; \ud83d\ude09 Kr\u00f3tki, szeroki r\u0119kaw. Rozci\u0119cie z przodu dodaje seksapilu.<\/p>\n<p><strong>Wymiary sukienki:<\/strong><\/p>\n<p>XS\/S&nbsp;<\/p>\n<p>obw\u00f3d w klatce: 96 cm; obw\u00f3d w pasie: 84 cm z mo\u017cliwo\u015bci\u0105 regulacji +\/- 10 cm; d\u0142ugo\u015b\u0107: 92 cm<\/p>\n<p>M\/L&nbsp;&nbsp;&nbsp;<\/p>\n<p>obw\u00f3d w klatce: 108 cm; obw\u00f3d w pasie: 88 cm z mo\u017cliwo\u015bci\u0105 regulacji +\/- 10 cm; d\u0142ugo\u015b\u0107: 94 cm&nbsp; &nbsp; &nbsp;<\/p>\n","protected":false},"excerpt":{"rendered":"<p>Bawe\u0142niana, damska sukienka o kopertowym kroju. Uszyta z lekko gniecionej czarnej tkaniny w nieregularn\u0105 kratk\u0119. Wi\u0105zanie w pasie podkre\u015bla sylwetk\u0119, daje mo\u017cliwo\u015b\u0107 regulacji i dobrze skrywa ewentualne &#8220;niedoskona\u0142o\u015bci&#8221; \ud83d\ude09 Kr\u00f3tki, szeroki r\u0119kaw. Rozci\u0119cie z przodu dodaje seksapilu. Wymiary sukienki: XS\/S&nbsp; obw\u00f3d w klatce: 96 cm; obw\u00f3d w pasie: 84 cm z mo\u017cliwo\u015bci\u0105 regulacji +\/- 10 [&#8230;]\n","protected":false},"featured_media":5178,"template":"","meta":[],"product_brand":[],"product_cat":[42,21],"product_tag":[],"class_list":{"0":"post-5177","1":"product","2":"type-product","3":"status-publish","4":"has-post-thumbnail","6":"product_cat-archive","7":"product_cat-btm-en","9":"first","10":"instock","11":"sale","12":"taxable","13":"shipping-taxable","14":"purchasable","15":"product-type-variable"},"yoast_head":"<!-- This site is optimized with the Yoast SEO plugin v27.0 - https:\/\/yoast.com\/product\/yoast-seo-wordpress\/ -->\n<title>sukienka Dark Night - By The Moon EN<\/title>\n<meta name=\"robots\" content=\"index, follow, max-snippet:-1, max-image-preview:large, max-video-preview:-1\" \/>\n<link rel=\"canonical\" href=\"https:\/\/bythemoon.eu\/en\/product\/sukienka-dark-night\/\" \/>\n<meta property=\"og:locale\" content=\"en_US\" \/>\n<meta property=\"og:type\" content=\"article\" \/>\n<meta property=\"og:title\" content=\"sukienka Dark Night - By The Moon EN\" \/>\n<meta property=\"og:description\" content=\"Bawe\u0142niana, damska sukienka o kopertowym kroju. Uszyta z lekko gniecionej czarnej tkaniny w nieregularn\u0105 kratk\u0119. Wi\u0105zanie w pasie podkre\u015bla sylwetk\u0119, daje mo\u017cliwo\u015b\u0107 regulacji i dobrze skrywa ewentualne &#8220;niedoskona\u0142o\u015bci&#8221; \ud83d\ude09 Kr\u00f3tki, szeroki r\u0119kaw. Rozci\u0119cie z przodu dodaje seksapilu. Wymiary sukienki: XS\/S&nbsp; obw\u00f3d w klatce: 96 cm; obw\u00f3d w pasie: 84 cm z mo\u017cliwo\u015bci\u0105 regulacji +\/- 10 [...]\" \/>\n<meta property=\"og:url\" content=\"https:\/\/bythemoon.eu\/en\/product\/sukienka-dark-night\/\" \/>\n<meta property=\"og:site_name\" content=\"By The Moon EN\" \/>\n<meta property=\"article:modified_time\" content=\"2025-11-14T13:17:38+00:00\" \/>\n<meta property=\"og:image\" content=\"https:\/\/bythemoon.eu\/en\/wp-content\/uploads\/2025\/06\/sukienka-dark-night-1.jpg\" \/>\n\t<meta property=\"og:image:width\" content=\"1000\" \/>\n\t<meta property=\"og:image:height\" content=\"1400\" \/>\n\t<meta property=\"og:image:type\" content=\"image\/jpeg\" \/>\n<script type=\"application\/ld+json\" class=\"yoast-schema-graph\">{\"@context\":\"https:\/\/schema.org\",\"@graph\":[{\"@type\":\"WebPage\",\"@id\":\"https:\/\/bythemoon.eu\/en\/product\/sukienka-dark-night\/\",\"url\":\"https:\/\/bythemoon.eu\/en\/product\/sukienka-dark-night\/\",\"name\":\"sukienka Dark Night - By The Moon EN\",\"isPartOf\":{\"@id\":\"https:\/\/bythemoon.eu\/en\/#website\"},\"primaryImageOfPage\":{\"@id\":\"https:\/\/bythemoon.eu\/en\/product\/sukienka-dark-night\/#primaryimage\"},\"image\":{\"@id\":\"https:\/\/bythemoon.eu\/en\/product\/sukienka-dark-night\/#primaryimage\"},\"thumbnailUrl\":\"https:\/\/bythemoon.eu\/en\/wp-content\/uploads\/2025\/06\/sukienka-dark-night-1.jpg\",\"datePublished\":\"2025-06-25T13:09:22+00:00\",\"dateModified\":\"2025-11-14T13:17:38+00:00\",\"breadcrumb\":{\"@id\":\"https:\/\/bythemoon.eu\/en\/product\/sukienka-dark-night\/#breadcrumb\"},\"inLanguage\":\"en-US\",\"potentialAction\":[{\"@type\":\"ReadAction\",\"target\":[\"https:\/\/bythemoon.eu\/en\/product\/sukienka-dark-night\/\"]}]},{\"@type\":\"ImageObject\",\"inLanguage\":\"en-US\",\"@id\":\"https:\/\/bythemoon.eu\/en\/product\/sukienka-dark-night\/#primaryimage\",\"url\":\"https:\/\/bythemoon.eu\/en\/wp-content\/uploads\/2025\/06\/sukienka-dark-night-1.jpg\",\"contentUrl\":\"https:\/\/bythemoon.eu\/en\/wp-content\/uploads\/2025\/06\/sukienka-dark-night-1.jpg\",\"width\":1000,\"height\":1400,\"caption\":\"sukienka damska bawe\u0142niana, kopertowa, czarna, w kratk\u0119, z kr\u00f3tkimi r\u0119kawami, wi\u0105zana z przodu, do kolan\"},{\"@type\":\"BreadcrumbList\",\"@id\":\"https:\/\/bythemoon.eu\/en\/product\/sukienka-dark-night\/#breadcrumb\",\"itemListElement\":[{\"@type\":\"ListItem\",\"position\":1,\"name\":\"Strona g\u0142\u00f3wna\",\"item\":\"https:\/\/bythemoon.eu\/en\/\"},{\"@type\":\"ListItem\",\"position\":2,\"name\":\"Shop\",\"item\":\"https:\/\/bythemoon.eu\/en\/shop\/\"},{\"@type\":\"ListItem\",\"position\":3,\"name\":\"sukienka Dark Night\"}]},{\"@type\":\"WebSite\",\"@id\":\"https:\/\/bythemoon.eu\/en\/#website\",\"url\":\"https:\/\/bythemoon.eu\/en\/\",\"name\":\"By The Moon EN\",\"description\":\"\",\"potentialAction\":[{\"@type\":\"SearchAction\",\"target\":{\"@type\":\"EntryPoint\",\"urlTemplate\":\"https:\/\/bythemoon.eu\/en\/?s={search_term_string}\"},\"query-input\":{\"@type\":\"PropertyValueSpecification\",\"valueRequired\":true,\"valueName\":\"search_term_string\"}}],\"inLanguage\":\"en-US\"}]}<\/script>\n<!-- \/ Yoast SEO plugin. -->","yoast_head_json":{"title":"sukienka Dark Night - By The Moon EN","robots":{"index":"index","follow":"follow","max-snippet":"max-snippet:-1","max-image-preview":"max-image-preview:large","max-video-preview":"max-video-preview:-1"},"canonical":"https:\/\/bythemoon.eu\/en\/product\/sukienka-dark-night\/","og_locale":"en_US","og_type":"article","og_title":"sukienka Dark Night - By The Moon EN","og_description":"Bawe\u0142niana, damska sukienka o kopertowym kroju. Uszyta z lekko gniecionej czarnej tkaniny w nieregularn\u0105 kratk\u0119. Wi\u0105zanie w pasie podkre\u015bla sylwetk\u0119, daje mo\u017cliwo\u015b\u0107 regulacji i dobrze skrywa ewentualne &#8220;niedoskona\u0142o\u015bci&#8221; \ud83d\ude09 Kr\u00f3tki, szeroki r\u0119kaw. Rozci\u0119cie z przodu dodaje seksapilu. Wymiary sukienki: XS\/S&nbsp; obw\u00f3d w klatce: 96 cm; obw\u00f3d w pasie: 84 cm z mo\u017cliwo\u015bci\u0105 regulacji +\/- 10 [...]","og_url":"https:\/\/bythemoon.eu\/en\/product\/sukienka-dark-night\/","og_site_name":"By The Moon EN","article_modified_time":"2025-11-14T13:17:38+00:00","og_image":[{"width":1000,"height":1400,"url":"https:\/\/bythemoon.eu\/en\/wp-content\/uploads\/2025\/06\/sukienka-dark-night-1.jpg","type":"image\/jpeg"}],"schema":{"@context":"https:\/\/schema.org","@graph":[{"@type":"WebPage","@id":"https:\/\/bythemoon.eu\/en\/product\/sukienka-dark-night\/","url":"https:\/\/bythemoon.eu\/en\/product\/sukienka-dark-night\/","name":"sukienka Dark Night - By The Moon EN","isPartOf":{"@id":"https:\/\/bythemoon.eu\/en\/#website"},"primaryImageOfPage":{"@id":"https:\/\/bythemoon.eu\/en\/product\/sukienka-dark-night\/#primaryimage"},"image":{"@id":"https:\/\/bythemoon.eu\/en\/product\/sukienka-dark-night\/#primaryimage"},"thumbnailUrl":"https:\/\/bythemoon.eu\/en\/wp-content\/uploads\/2025\/06\/sukienka-dark-night-1.jpg","datePublished":"2025-06-25T13:09:22+00:00","dateModified":"2025-11-14T13:17:38+00:00","breadcrumb":{"@id":"https:\/\/bythemoon.eu\/en\/product\/sukienka-dark-night\/#breadcrumb"},"inLanguage":"en-US","potentialAction":[{"@type":"ReadAction","target":["https:\/\/bythemoon.eu\/en\/product\/sukienka-dark-night\/"]}]},{"@type":"ImageObject","inLanguage":"en-US","@id":"https:\/\/bythemoon.eu\/en\/product\/sukienka-dark-night\/#primaryimage","url":"https:\/\/bythemoon.eu\/en\/wp-content\/uploads\/2025\/06\/sukienka-dark-night-1.jpg","contentUrl":"https:\/\/bythemoon.eu\/en\/wp-content\/uploads\/2025\/06\/sukienka-dark-night-1.jpg","width":1000,"height":1400,"caption":"sukienka damska bawe\u0142niana, kopertowa, czarna, w kratk\u0119, z kr\u00f3tkimi r\u0119kawami, wi\u0105zana z przodu, do kolan"},{"@type":"BreadcrumbList","@id":"https:\/\/bythemoon.eu\/en\/product\/sukienka-dark-night\/#breadcrumb","itemListElement":[{"@type":"ListItem","position":1,"name":"Strona g\u0142\u00f3wna","item":"https:\/\/bythemoon.eu\/en\/"},{"@type":"ListItem","position":2,"name":"Shop","item":"https:\/\/bythemoon.eu\/en\/shop\/"},{"@type":"ListItem","position":3,"name":"sukienka Dark Night"}]},{"@type":"WebSite","@id":"https:\/\/bythemoon.eu\/en\/#website","url":"https:\/\/bythemoon.eu\/en\/","name":"By The Moon EN","description":"","potentialAction":[{"@type":"SearchAction","target":{"@type":"EntryPoint","urlTemplate":"https:\/\/bythemoon.eu\/en\/?s={search_term_string}"},"query-input":{"@type":"PropertyValueSpecification","valueRequired":true,"valueName":"search_term_string"}}],"inLanguage":"en-US"}]}},"_links":{"self":[{"href":"https:\/\/bythemoon.eu\/en\/wp-json\/wp\/v2\/product\/5177","targetHints":{"allow":["GET"]}}],"collection":[{"href":"https:\/\/bythemoon.eu\/en\/wp-json\/wp\/v2\/product"}],"about":[{"href":"https:\/\/bythemoon.eu\/en\/wp-json\/wp\/v2\/types\/product"}],"wp:featuredmedia":[{"embeddable":true,"href":"https:\/\/bythemoon.eu\/en\/wp-json\/wp\/v2\/media\/5178"}],"wp:attachment":[{"href":"https:\/\/bythemoon.eu\/en\/wp-json\/wp\/v2\/media?parent=5177"}],"wp:term":[{"taxonomy":"product_brand","embeddable":true,"href":"https:\/\/bythemoon.eu\/en\/wp-json\/wp\/v2\/product_brand?post=5177"},{"taxonomy":"product_cat","embeddable":true,"href":"https:\/\/bythemoon.eu\/en\/wp-json\/wp\/v2\/product_cat?post=5177"},{"taxonomy":"product_tag","embeddable":true,"href":"https:\/\/bythemoon.eu\/en\/wp-json\/wp\/v2\/product_tag?post=5177"}],"curies":[{"name":"wp","href":"https:\/\/api.w.org\/{rel}","templated":true}]}}