{"id":5148,"date":"2025-06-25T15:09:14","date_gmt":"2025-06-25T13:09:14","guid":{"rendered":"https:\/\/bythemoon.eu\/en\/produkt\/tunika-golden-leopard\/"},"modified":"2025-11-14T14:17:39","modified_gmt":"2025-11-14T13:17:39","slug":"tunika-golden-leopard","status":"publish","type":"product","link":"https:\/\/bythemoon.eu\/en\/product\/tunika-golden-leopard\/","title":{"rendered":"Golden Leopard tunic"},"content":{"rendered":"<p>Summer tunic dress for Boho lovers. This dress features a drawstring and wide sleeves with gathered cuffs. Soft animal print makes it perfect vacation outfit. Made from 100% organic cotton muslin.<\/p>\n<div>Measurements<\/div>\n<div>\n<p>XS\/S: chest 110, length 96cm<\/p>\n<p>M\/L:&nbsp;chest 124,&nbsp;length 98cm<\/p>\n<\/div>\n","protected":false},"excerpt":{"rendered":"<p>Summer tunic dress for Boho lovers. This dress features a drawstring and wide sleeves with gathered cuffs. Soft animal print makes it perfect vacation outfit. Made from 100% organic cotton muslin. Measurements XS\/S: chest 110, length 96cm M\/L:&nbsp;chest 124,&nbsp;length 98cm<\/p>\n","protected":false},"featured_media":5149,"template":"","meta":[],"product_brand":[],"product_cat":[42,21],"product_tag":[],"class_list":{"0":"post-5148","1":"product","2":"type-product","3":"status-publish","4":"has-post-thumbnail","6":"product_cat-archive","7":"product_cat-btm-en","9":"first","10":"instock","11":"sale","12":"taxable","13":"shipping-taxable","14":"purchasable","15":"product-type-variable","16":"has-default-attributes"},"yoast_head":"<!-- This site is optimized with the Yoast SEO plugin v27.0 - https:\/\/yoast.com\/product\/yoast-seo-wordpress\/ -->\n<title>Golden Leopard tunic - By The Moon EN<\/title>\n<meta name=\"robots\" content=\"index, follow, max-snippet:-1, max-image-preview:large, max-video-preview:-1\" \/>\n<link rel=\"canonical\" href=\"https:\/\/bythemoon.eu\/en\/product\/tunika-golden-leopard\/\" \/>\n<meta property=\"og:locale\" content=\"en_US\" \/>\n<meta property=\"og:type\" content=\"article\" \/>\n<meta property=\"og:title\" content=\"Golden Leopard tunic - By The Moon EN\" \/>\n<meta property=\"og:description\" content=\"Summer tunic dress for Boho lovers. This dress features a drawstring and wide sleeves with gathered cuffs. Soft animal print makes it perfect vacation outfit. Made from 100% organic cotton muslin. Measurements XS\/S: chest 110, length 96cm M\/L:&nbsp;chest 124,&nbsp;length 98cm\" \/>\n<meta property=\"og:url\" content=\"https:\/\/bythemoon.eu\/en\/product\/tunika-golden-leopard\/\" \/>\n<meta property=\"og:site_name\" content=\"By The Moon EN\" \/>\n<meta property=\"article:modified_time\" content=\"2025-11-14T13:17:39+00:00\" \/>\n<meta property=\"og:image\" content=\"https:\/\/bythemoon.eu\/en\/wp-content\/uploads\/2025\/06\/tunika-golden-leopard-3.jpg\" \/>\n\t<meta property=\"og:image:width\" content=\"1000\" \/>\n\t<meta property=\"og:image:height\" content=\"1400\" \/>\n\t<meta property=\"og:image:type\" content=\"image\/jpeg\" \/>\n<script type=\"application\/ld+json\" class=\"yoast-schema-graph\">{\"@context\":\"https:\/\/schema.org\",\"@graph\":[{\"@type\":\"WebPage\",\"@id\":\"https:\/\/bythemoon.eu\/en\/product\/tunika-golden-leopard\/\",\"url\":\"https:\/\/bythemoon.eu\/en\/product\/tunika-golden-leopard\/\",\"name\":\"Golden Leopard tunic - By The Moon EN\",\"isPartOf\":{\"@id\":\"https:\/\/bythemoon.eu\/en\/#website\"},\"primaryImageOfPage\":{\"@id\":\"https:\/\/bythemoon.eu\/en\/product\/tunika-golden-leopard\/#primaryimage\"},\"image\":{\"@id\":\"https:\/\/bythemoon.eu\/en\/product\/tunika-golden-leopard\/#primaryimage\"},\"thumbnailUrl\":\"https:\/\/bythemoon.eu\/en\/wp-content\/uploads\/2025\/06\/tunika-golden-leopard-3.jpg\",\"datePublished\":\"2025-06-25T13:09:14+00:00\",\"dateModified\":\"2025-11-14T13:17:39+00:00\",\"breadcrumb\":{\"@id\":\"https:\/\/bythemoon.eu\/en\/product\/tunika-golden-leopard\/#breadcrumb\"},\"inLanguage\":\"en-US\",\"potentialAction\":[{\"@type\":\"ReadAction\",\"target\":[\"https:\/\/bythemoon.eu\/en\/product\/tunika-golden-leopard\/\"]}]},{\"@type\":\"ImageObject\",\"inLanguage\":\"en-US\",\"@id\":\"https:\/\/bythemoon.eu\/en\/product\/tunika-golden-leopard\/#primaryimage\",\"url\":\"https:\/\/bythemoon.eu\/en\/wp-content\/uploads\/2025\/06\/tunika-golden-leopard-3.jpg\",\"contentUrl\":\"https:\/\/bythemoon.eu\/en\/wp-content\/uploads\/2025\/06\/tunika-golden-leopard-3.jpg\",\"width\":1000,\"height\":1400,\"caption\":\"tunika Golden Leopard, damska, bawe\u0142niana sukienka koszulowa, tunika, do kolan, wi\u0105zana na sznurki, z dekoltem, d\u0142ugim r\u0119kawem, w panterk\u0119 100% bawe\u0142na organiczna,\"},{\"@type\":\"BreadcrumbList\",\"@id\":\"https:\/\/bythemoon.eu\/en\/product\/tunika-golden-leopard\/#breadcrumb\",\"itemListElement\":[{\"@type\":\"ListItem\",\"position\":1,\"name\":\"Strona g\u0142\u00f3wna\",\"item\":\"https:\/\/bythemoon.eu\/en\/\"},{\"@type\":\"ListItem\",\"position\":2,\"name\":\"Shop\",\"item\":\"https:\/\/bythemoon.eu\/en\/shop\/\"},{\"@type\":\"ListItem\",\"position\":3,\"name\":\"Golden Leopard tunic\"}]},{\"@type\":\"WebSite\",\"@id\":\"https:\/\/bythemoon.eu\/en\/#website\",\"url\":\"https:\/\/bythemoon.eu\/en\/\",\"name\":\"By The Moon EN\",\"description\":\"\",\"potentialAction\":[{\"@type\":\"SearchAction\",\"target\":{\"@type\":\"EntryPoint\",\"urlTemplate\":\"https:\/\/bythemoon.eu\/en\/?s={search_term_string}\"},\"query-input\":{\"@type\":\"PropertyValueSpecification\",\"valueRequired\":true,\"valueName\":\"search_term_string\"}}],\"inLanguage\":\"en-US\"}]}<\/script>\n<!-- \/ Yoast SEO plugin. -->","yoast_head_json":{"title":"Golden Leopard tunic - By The Moon EN","robots":{"index":"index","follow":"follow","max-snippet":"max-snippet:-1","max-image-preview":"max-image-preview:large","max-video-preview":"max-video-preview:-1"},"canonical":"https:\/\/bythemoon.eu\/en\/product\/tunika-golden-leopard\/","og_locale":"en_US","og_type":"article","og_title":"Golden Leopard tunic - By The Moon EN","og_description":"Summer tunic dress for Boho lovers. This dress features a drawstring and wide sleeves with gathered cuffs. Soft animal print makes it perfect vacation outfit. Made from 100% organic cotton muslin. Measurements XS\/S: chest 110, length 96cm M\/L:&nbsp;chest 124,&nbsp;length 98cm","og_url":"https:\/\/bythemoon.eu\/en\/product\/tunika-golden-leopard\/","og_site_name":"By The Moon EN","article_modified_time":"2025-11-14T13:17:39+00:00","og_image":[{"width":1000,"height":1400,"url":"https:\/\/bythemoon.eu\/en\/wp-content\/uploads\/2025\/06\/tunika-golden-leopard-3.jpg","type":"image\/jpeg"}],"schema":{"@context":"https:\/\/schema.org","@graph":[{"@type":"WebPage","@id":"https:\/\/bythemoon.eu\/en\/product\/tunika-golden-leopard\/","url":"https:\/\/bythemoon.eu\/en\/product\/tunika-golden-leopard\/","name":"Golden Leopard tunic - By The Moon EN","isPartOf":{"@id":"https:\/\/bythemoon.eu\/en\/#website"},"primaryImageOfPage":{"@id":"https:\/\/bythemoon.eu\/en\/product\/tunika-golden-leopard\/#primaryimage"},"image":{"@id":"https:\/\/bythemoon.eu\/en\/product\/tunika-golden-leopard\/#primaryimage"},"thumbnailUrl":"https:\/\/bythemoon.eu\/en\/wp-content\/uploads\/2025\/06\/tunika-golden-leopard-3.jpg","datePublished":"2025-06-25T13:09:14+00:00","dateModified":"2025-11-14T13:17:39+00:00","breadcrumb":{"@id":"https:\/\/bythemoon.eu\/en\/product\/tunika-golden-leopard\/#breadcrumb"},"inLanguage":"en-US","potentialAction":[{"@type":"ReadAction","target":["https:\/\/bythemoon.eu\/en\/product\/tunika-golden-leopard\/"]}]},{"@type":"ImageObject","inLanguage":"en-US","@id":"https:\/\/bythemoon.eu\/en\/product\/tunika-golden-leopard\/#primaryimage","url":"https:\/\/bythemoon.eu\/en\/wp-content\/uploads\/2025\/06\/tunika-golden-leopard-3.jpg","contentUrl":"https:\/\/bythemoon.eu\/en\/wp-content\/uploads\/2025\/06\/tunika-golden-leopard-3.jpg","width":1000,"height":1400,"caption":"tunika Golden Leopard, damska, bawe\u0142niana sukienka koszulowa, tunika, do kolan, wi\u0105zana na sznurki, z dekoltem, d\u0142ugim r\u0119kawem, w panterk\u0119 100% bawe\u0142na organiczna,"},{"@type":"BreadcrumbList","@id":"https:\/\/bythemoon.eu\/en\/product\/tunika-golden-leopard\/#breadcrumb","itemListElement":[{"@type":"ListItem","position":1,"name":"Strona g\u0142\u00f3wna","item":"https:\/\/bythemoon.eu\/en\/"},{"@type":"ListItem","position":2,"name":"Shop","item":"https:\/\/bythemoon.eu\/en\/shop\/"},{"@type":"ListItem","position":3,"name":"Golden Leopard tunic"}]},{"@type":"WebSite","@id":"https:\/\/bythemoon.eu\/en\/#website","url":"https:\/\/bythemoon.eu\/en\/","name":"By The Moon EN","description":"","potentialAction":[{"@type":"SearchAction","target":{"@type":"EntryPoint","urlTemplate":"https:\/\/bythemoon.eu\/en\/?s={search_term_string}"},"query-input":{"@type":"PropertyValueSpecification","valueRequired":true,"valueName":"search_term_string"}}],"inLanguage":"en-US"}]}},"_links":{"self":[{"href":"https:\/\/bythemoon.eu\/en\/wp-json\/wp\/v2\/product\/5148","targetHints":{"allow":["GET"]}}],"collection":[{"href":"https:\/\/bythemoon.eu\/en\/wp-json\/wp\/v2\/product"}],"about":[{"href":"https:\/\/bythemoon.eu\/en\/wp-json\/wp\/v2\/types\/product"}],"wp:featuredmedia":[{"embeddable":true,"href":"https:\/\/bythemoon.eu\/en\/wp-json\/wp\/v2\/media\/5149"}],"wp:attachment":[{"href":"https:\/\/bythemoon.eu\/en\/wp-json\/wp\/v2\/media?parent=5148"}],"wp:term":[{"taxonomy":"product_brand","embeddable":true,"href":"https:\/\/bythemoon.eu\/en\/wp-json\/wp\/v2\/product_brand?post=5148"},{"taxonomy":"product_cat","embeddable":true,"href":"https:\/\/bythemoon.eu\/en\/wp-json\/wp\/v2\/product_cat?post=5148"},{"taxonomy":"product_tag","embeddable":true,"href":"https:\/\/bythemoon.eu\/en\/wp-json\/wp\/v2\/product_tag?post=5148"}],"curies":[{"name":"wp","href":"https:\/\/api.w.org\/{rel}","templated":true}]}}