{"id":5121,"date":"2025-06-25T15:09:08","date_gmt":"2025-06-25T13:09:08","guid":{"rendered":"https:\/\/bythemoon.eu\/en\/produkt\/bluzka-damska-frozen-peony\/"},"modified":"2025-11-14T14:17:39","modified_gmt":"2025-11-14T13:17:39","slug":"bluzka-damska-frozen-peony","status":"publish","type":"product","link":"https:\/\/bythemoon.eu\/en\/product\/bluzka-damska-frozen-peony\/","title":{"rendered":"bluzka damska Frozen Peony"},"content":{"rendered":"<p>Zwiewna, damska<span class=\"Apple-converted-space\">&nbsp;<\/span><span style=\"color: #000000;\">bluzka<\/span><span class=\"Apple-converted-space\">&nbsp;<\/span>z delikatn\u0105 plis\u0105 na froncie, kt\u00f3ra nadaje jej nowoczesn\u0105, lekko pude\u0142kow\u0105 form\u0119. Z ty\u0142u lekko d\u0142u\u017csza, po bokach owalnie wyko\u0144czona. Zapinana na jeden guzik przy ko\u0142nierzyku. Mo\u017cna nosi\u0107 odpi\u0119t\u0105, tworz\u0105c pi\u0119kny dekolt w serek. Uszyta z mi\u0119kkiej bawe\u0142ny organicznej z lekko flanelowym wyko\u0144czeniem.&nbsp; Bluzka Peony w kolorze pudrowego r\u00f3\u017cu, to ponadczasowy wyb\u00f3r na ka\u017cd\u0105 okazj\u0119.&nbsp;<\/p>\n<p>Wymiary bluzki:<\/p>\n<table style=\"height: 156px;\" width=\"489\">\n<tbody>\n<tr>\n<td width=\"90\">&nbsp;<\/td>\n<td style=\"text-align: center;\" width=\"64\"><strong>XS<\/strong><\/td>\n<td style=\"text-align: center;\" width=\"64\"><strong>S<\/strong><\/td>\n<td style=\"text-align: center;\" width=\"64\"><strong>M<\/strong><\/td>\n<td style=\"text-align: center;\" width=\"64\"><strong>L<\/strong><\/td>\n<\/tr>\n<tr>\n<td>szer. w klatce<\/td>\n<td style=\"text-align: center;\">55<\/td>\n<td style=\"text-align: center;\">58<\/td>\n<td style=\"text-align: center;\">61<\/td>\n<td style=\"text-align: center;\">64<\/td>\n<\/tr>\n<tr>\n<td width=\"90\">d\u0142ugo\u015b\u0107 &#8211; ty\u0142 bluzki<\/td>\n<td style=\"text-align: center;\">72<\/td>\n<td style=\"text-align: center;\">73<\/td>\n<td style=\"text-align: center;\">74<\/td>\n<td style=\"text-align: center;\">76<\/td>\n<\/tr>\n<\/tbody>\n<\/table>\n","protected":false},"excerpt":{"rendered":"<p>Zwiewna, damska&nbsp;bluzka&nbsp;z delikatn\u0105 plis\u0105 na froncie, kt\u00f3ra nadaje jej nowoczesn\u0105, lekko pude\u0142kow\u0105 form\u0119. Z ty\u0142u lekko d\u0142u\u017csza, po bokach owalnie wyko\u0144czona. Zapinana na jeden guzik przy ko\u0142nierzyku. Mo\u017cna nosi\u0107 odpi\u0119t\u0105, tworz\u0105c pi\u0119kny dekolt w serek. Uszyta z mi\u0119kkiej bawe\u0142ny organicznej z lekko flanelowym wyko\u0144czeniem.&nbsp; Bluzka Peony w kolorze pudrowego r\u00f3\u017cu, to ponadczasowy wyb\u00f3r na ka\u017cd\u0105 [&#8230;]\n","protected":false},"featured_media":5122,"template":"","meta":[],"product_brand":[],"product_cat":[42,21],"product_tag":[],"class_list":{"0":"post-5121","1":"product","2":"type-product","3":"status-publish","4":"has-post-thumbnail","6":"product_cat-archive","7":"product_cat-btm-en","9":"first","10":"instock","11":"sale","12":"taxable","13":"shipping-taxable","14":"purchasable","15":"product-type-variable","16":"has-default-attributes"},"yoast_head":"<!-- This site is optimized with the Yoast SEO plugin v27.0 - https:\/\/yoast.com\/product\/yoast-seo-wordpress\/ -->\n<title>bluzka damska Frozen Peony - By The Moon EN<\/title>\n<meta name=\"robots\" content=\"index, follow, max-snippet:-1, max-image-preview:large, max-video-preview:-1\" \/>\n<link rel=\"canonical\" href=\"https:\/\/bythemoon.eu\/en\/product\/bluzka-damska-frozen-peony\/\" \/>\n<meta property=\"og:locale\" content=\"en_US\" \/>\n<meta property=\"og:type\" content=\"article\" \/>\n<meta property=\"og:title\" content=\"bluzka damska Frozen Peony - By The Moon EN\" \/>\n<meta property=\"og:description\" content=\"Zwiewna, damska&nbsp;bluzka&nbsp;z delikatn\u0105 plis\u0105 na froncie, kt\u00f3ra nadaje jej nowoczesn\u0105, lekko pude\u0142kow\u0105 form\u0119. Z ty\u0142u lekko d\u0142u\u017csza, po bokach owalnie wyko\u0144czona. Zapinana na jeden guzik przy ko\u0142nierzyku. Mo\u017cna nosi\u0107 odpi\u0119t\u0105, tworz\u0105c pi\u0119kny dekolt w serek. Uszyta z mi\u0119kkiej bawe\u0142ny organicznej z lekko flanelowym wyko\u0144czeniem.&nbsp; Bluzka Peony w kolorze pudrowego r\u00f3\u017cu, to ponadczasowy wyb\u00f3r na ka\u017cd\u0105 [...]\" \/>\n<meta property=\"og:url\" content=\"https:\/\/bythemoon.eu\/en\/product\/bluzka-damska-frozen-peony\/\" \/>\n<meta property=\"og:site_name\" content=\"By The Moon EN\" \/>\n<meta property=\"article:modified_time\" content=\"2025-11-14T13:17:39+00:00\" \/>\n<meta property=\"og:image\" content=\"https:\/\/bythemoon.eu\/en\/wp-content\/uploads\/2025\/06\/frozen-peony-blouse.jpg\" \/>\n\t<meta property=\"og:image:width\" content=\"1000\" \/>\n\t<meta property=\"og:image:height\" content=\"1400\" \/>\n\t<meta property=\"og:image:type\" content=\"image\/jpeg\" \/>\n<script type=\"application\/ld+json\" class=\"yoast-schema-graph\">{\"@context\":\"https:\/\/schema.org\",\"@graph\":[{\"@type\":\"WebPage\",\"@id\":\"https:\/\/bythemoon.eu\/en\/product\/bluzka-damska-frozen-peony\/\",\"url\":\"https:\/\/bythemoon.eu\/en\/product\/bluzka-damska-frozen-peony\/\",\"name\":\"bluzka damska Frozen Peony - By The Moon EN\",\"isPartOf\":{\"@id\":\"https:\/\/bythemoon.eu\/en\/#website\"},\"primaryImageOfPage\":{\"@id\":\"https:\/\/bythemoon.eu\/en\/product\/bluzka-damska-frozen-peony\/#primaryimage\"},\"image\":{\"@id\":\"https:\/\/bythemoon.eu\/en\/product\/bluzka-damska-frozen-peony\/#primaryimage\"},\"thumbnailUrl\":\"https:\/\/bythemoon.eu\/en\/wp-content\/uploads\/2025\/06\/frozen-peony-blouse.jpg\",\"datePublished\":\"2025-06-25T13:09:08+00:00\",\"dateModified\":\"2025-11-14T13:17:39+00:00\",\"breadcrumb\":{\"@id\":\"https:\/\/bythemoon.eu\/en\/product\/bluzka-damska-frozen-peony\/#breadcrumb\"},\"inLanguage\":\"en-US\",\"potentialAction\":[{\"@type\":\"ReadAction\",\"target\":[\"https:\/\/bythemoon.eu\/en\/product\/bluzka-damska-frozen-peony\/\"]}]},{\"@type\":\"ImageObject\",\"inLanguage\":\"en-US\",\"@id\":\"https:\/\/bythemoon.eu\/en\/product\/bluzka-damska-frozen-peony\/#primaryimage\",\"url\":\"https:\/\/bythemoon.eu\/en\/wp-content\/uploads\/2025\/06\/frozen-peony-blouse.jpg\",\"contentUrl\":\"https:\/\/bythemoon.eu\/en\/wp-content\/uploads\/2025\/06\/frozen-peony-blouse.jpg\",\"width\":1000,\"height\":1400,\"caption\":\"Frozen Peony blouse\"},{\"@type\":\"BreadcrumbList\",\"@id\":\"https:\/\/bythemoon.eu\/en\/product\/bluzka-damska-frozen-peony\/#breadcrumb\",\"itemListElement\":[{\"@type\":\"ListItem\",\"position\":1,\"name\":\"Strona g\u0142\u00f3wna\",\"item\":\"https:\/\/bythemoon.eu\/en\/\"},{\"@type\":\"ListItem\",\"position\":2,\"name\":\"Shop\",\"item\":\"https:\/\/bythemoon.eu\/en\/shop\/\"},{\"@type\":\"ListItem\",\"position\":3,\"name\":\"bluzka damska Frozen Peony\"}]},{\"@type\":\"WebSite\",\"@id\":\"https:\/\/bythemoon.eu\/en\/#website\",\"url\":\"https:\/\/bythemoon.eu\/en\/\",\"name\":\"By The Moon EN\",\"description\":\"\",\"potentialAction\":[{\"@type\":\"SearchAction\",\"target\":{\"@type\":\"EntryPoint\",\"urlTemplate\":\"https:\/\/bythemoon.eu\/en\/?s={search_term_string}\"},\"query-input\":{\"@type\":\"PropertyValueSpecification\",\"valueRequired\":true,\"valueName\":\"search_term_string\"}}],\"inLanguage\":\"en-US\"}]}<\/script>\n<!-- \/ Yoast SEO plugin. -->","yoast_head_json":{"title":"bluzka damska Frozen Peony - By The Moon EN","robots":{"index":"index","follow":"follow","max-snippet":"max-snippet:-1","max-image-preview":"max-image-preview:large","max-video-preview":"max-video-preview:-1"},"canonical":"https:\/\/bythemoon.eu\/en\/product\/bluzka-damska-frozen-peony\/","og_locale":"en_US","og_type":"article","og_title":"bluzka damska Frozen Peony - By The Moon EN","og_description":"Zwiewna, damska&nbsp;bluzka&nbsp;z delikatn\u0105 plis\u0105 na froncie, kt\u00f3ra nadaje jej nowoczesn\u0105, lekko pude\u0142kow\u0105 form\u0119. Z ty\u0142u lekko d\u0142u\u017csza, po bokach owalnie wyko\u0144czona. Zapinana na jeden guzik przy ko\u0142nierzyku. Mo\u017cna nosi\u0107 odpi\u0119t\u0105, tworz\u0105c pi\u0119kny dekolt w serek. Uszyta z mi\u0119kkiej bawe\u0142ny organicznej z lekko flanelowym wyko\u0144czeniem.&nbsp; Bluzka Peony w kolorze pudrowego r\u00f3\u017cu, to ponadczasowy wyb\u00f3r na ka\u017cd\u0105 [...]","og_url":"https:\/\/bythemoon.eu\/en\/product\/bluzka-damska-frozen-peony\/","og_site_name":"By The Moon EN","article_modified_time":"2025-11-14T13:17:39+00:00","og_image":[{"width":1000,"height":1400,"url":"https:\/\/bythemoon.eu\/en\/wp-content\/uploads\/2025\/06\/frozen-peony-blouse.jpg","type":"image\/jpeg"}],"schema":{"@context":"https:\/\/schema.org","@graph":[{"@type":"WebPage","@id":"https:\/\/bythemoon.eu\/en\/product\/bluzka-damska-frozen-peony\/","url":"https:\/\/bythemoon.eu\/en\/product\/bluzka-damska-frozen-peony\/","name":"bluzka damska Frozen Peony - By The Moon EN","isPartOf":{"@id":"https:\/\/bythemoon.eu\/en\/#website"},"primaryImageOfPage":{"@id":"https:\/\/bythemoon.eu\/en\/product\/bluzka-damska-frozen-peony\/#primaryimage"},"image":{"@id":"https:\/\/bythemoon.eu\/en\/product\/bluzka-damska-frozen-peony\/#primaryimage"},"thumbnailUrl":"https:\/\/bythemoon.eu\/en\/wp-content\/uploads\/2025\/06\/frozen-peony-blouse.jpg","datePublished":"2025-06-25T13:09:08+00:00","dateModified":"2025-11-14T13:17:39+00:00","breadcrumb":{"@id":"https:\/\/bythemoon.eu\/en\/product\/bluzka-damska-frozen-peony\/#breadcrumb"},"inLanguage":"en-US","potentialAction":[{"@type":"ReadAction","target":["https:\/\/bythemoon.eu\/en\/product\/bluzka-damska-frozen-peony\/"]}]},{"@type":"ImageObject","inLanguage":"en-US","@id":"https:\/\/bythemoon.eu\/en\/product\/bluzka-damska-frozen-peony\/#primaryimage","url":"https:\/\/bythemoon.eu\/en\/wp-content\/uploads\/2025\/06\/frozen-peony-blouse.jpg","contentUrl":"https:\/\/bythemoon.eu\/en\/wp-content\/uploads\/2025\/06\/frozen-peony-blouse.jpg","width":1000,"height":1400,"caption":"Frozen Peony blouse"},{"@type":"BreadcrumbList","@id":"https:\/\/bythemoon.eu\/en\/product\/bluzka-damska-frozen-peony\/#breadcrumb","itemListElement":[{"@type":"ListItem","position":1,"name":"Strona g\u0142\u00f3wna","item":"https:\/\/bythemoon.eu\/en\/"},{"@type":"ListItem","position":2,"name":"Shop","item":"https:\/\/bythemoon.eu\/en\/shop\/"},{"@type":"ListItem","position":3,"name":"bluzka damska Frozen Peony"}]},{"@type":"WebSite","@id":"https:\/\/bythemoon.eu\/en\/#website","url":"https:\/\/bythemoon.eu\/en\/","name":"By The Moon EN","description":"","potentialAction":[{"@type":"SearchAction","target":{"@type":"EntryPoint","urlTemplate":"https:\/\/bythemoon.eu\/en\/?s={search_term_string}"},"query-input":{"@type":"PropertyValueSpecification","valueRequired":true,"valueName":"search_term_string"}}],"inLanguage":"en-US"}]}},"_links":{"self":[{"href":"https:\/\/bythemoon.eu\/en\/wp-json\/wp\/v2\/product\/5121","targetHints":{"allow":["GET"]}}],"collection":[{"href":"https:\/\/bythemoon.eu\/en\/wp-json\/wp\/v2\/product"}],"about":[{"href":"https:\/\/bythemoon.eu\/en\/wp-json\/wp\/v2\/types\/product"}],"wp:featuredmedia":[{"embeddable":true,"href":"https:\/\/bythemoon.eu\/en\/wp-json\/wp\/v2\/media\/5122"}],"wp:attachment":[{"href":"https:\/\/bythemoon.eu\/en\/wp-json\/wp\/v2\/media?parent=5121"}],"wp:term":[{"taxonomy":"product_brand","embeddable":true,"href":"https:\/\/bythemoon.eu\/en\/wp-json\/wp\/v2\/product_brand?post=5121"},{"taxonomy":"product_cat","embeddable":true,"href":"https:\/\/bythemoon.eu\/en\/wp-json\/wp\/v2\/product_cat?post=5121"},{"taxonomy":"product_tag","embeddable":true,"href":"https:\/\/bythemoon.eu\/en\/wp-json\/wp\/v2\/product_tag?post=5121"}],"curies":[{"name":"wp","href":"https:\/\/api.w.org\/{rel}","templated":true}]}}