{"id":5019,"date":"2025-06-25T15:08:56","date_gmt":"2025-06-25T13:08:56","guid":{"rendered":"https:\/\/bythemoon.eu\/en\/produkt\/winter-rose-dress\/"},"modified":"2025-11-14T14:17:42","modified_gmt":"2025-11-14T13:17:42","slug":"winter-rose-dress","status":"publish","type":"product","link":"https:\/\/bythemoon.eu\/en\/product\/winter-rose-dress\/","title":{"rendered":"winter rose dress"},"content":{"rendered":"<p>D\u0142uga, lu\u017ana sukienka z mi\u0119kkiej flaneli, w pi\u0119knym kolorze pudrowego r\u00f3\u017cu. Delikatna pastelowa kratka. r\u0119kawy 3\/4<\/p>\n","protected":false},"excerpt":{"rendered":"<p>D\u0142uga, lu\u017ana sukienka z mi\u0119kkiej flaneli, w pi\u0119knym kolorze pudrowego r\u00f3\u017cu. Delikatna pastelowa kratka. r\u0119kawy 3\/4<\/p>\n","protected":false},"featured_media":5020,"template":"","meta":[],"product_brand":[],"product_cat":[42,21],"product_tag":[],"class_list":{"0":"post-5019","1":"product","2":"type-product","3":"status-publish","4":"has-post-thumbnail","6":"product_cat-archive","7":"product_cat-btm-en","9":"first","10":"instock","11":"sale","12":"taxable","13":"shipping-taxable","14":"purchasable","15":"product-type-variable","16":"has-default-attributes"},"yoast_head":"<!-- This site is optimized with the Yoast SEO plugin v27.0 - https:\/\/yoast.com\/product\/yoast-seo-wordpress\/ -->\n<title>winter rose dress - By The Moon EN<\/title>\n<meta name=\"robots\" content=\"index, follow, max-snippet:-1, max-image-preview:large, max-video-preview:-1\" \/>\n<link rel=\"canonical\" href=\"https:\/\/bythemoon.eu\/en\/product\/winter-rose-dress\/\" \/>\n<meta property=\"og:locale\" content=\"en_US\" \/>\n<meta property=\"og:type\" content=\"article\" \/>\n<meta property=\"og:title\" content=\"winter rose dress - By The Moon EN\" \/>\n<meta property=\"og:description\" content=\"D\u0142uga, lu\u017ana sukienka z mi\u0119kkiej flaneli, w pi\u0119knym kolorze pudrowego r\u00f3\u017cu. Delikatna pastelowa kratka. r\u0119kawy 3\/4\" \/>\n<meta property=\"og:url\" content=\"https:\/\/bythemoon.eu\/en\/product\/winter-rose-dress\/\" \/>\n<meta property=\"og:site_name\" content=\"By The Moon EN\" \/>\n<meta property=\"article:modified_time\" content=\"2025-11-14T13:17:42+00:00\" \/>\n<meta property=\"og:image\" content=\"https:\/\/bythemoon.eu\/en\/wp-content\/uploads\/2025\/06\/winter-rose-dress-3.jpg\" \/>\n\t<meta property=\"og:image:width\" content=\"800\" \/>\n\t<meta property=\"og:image:height\" content=\"1116\" \/>\n\t<meta property=\"og:image:type\" content=\"image\/jpeg\" \/>\n<script type=\"application\/ld+json\" class=\"yoast-schema-graph\">{\"@context\":\"https:\/\/schema.org\",\"@graph\":[{\"@type\":\"WebPage\",\"@id\":\"https:\/\/bythemoon.eu\/en\/product\/winter-rose-dress\/\",\"url\":\"https:\/\/bythemoon.eu\/en\/product\/winter-rose-dress\/\",\"name\":\"winter rose dress - By The Moon EN\",\"isPartOf\":{\"@id\":\"https:\/\/bythemoon.eu\/en\/#website\"},\"primaryImageOfPage\":{\"@id\":\"https:\/\/bythemoon.eu\/en\/product\/winter-rose-dress\/#primaryimage\"},\"image\":{\"@id\":\"https:\/\/bythemoon.eu\/en\/product\/winter-rose-dress\/#primaryimage\"},\"thumbnailUrl\":\"https:\/\/bythemoon.eu\/en\/wp-content\/uploads\/2025\/06\/winter-rose-dress-3.jpg\",\"datePublished\":\"2025-06-25T13:08:56+00:00\",\"dateModified\":\"2025-11-14T13:17:42+00:00\",\"breadcrumb\":{\"@id\":\"https:\/\/bythemoon.eu\/en\/product\/winter-rose-dress\/#breadcrumb\"},\"inLanguage\":\"en-US\",\"potentialAction\":[{\"@type\":\"ReadAction\",\"target\":[\"https:\/\/bythemoon.eu\/en\/product\/winter-rose-dress\/\"]}]},{\"@type\":\"ImageObject\",\"inLanguage\":\"en-US\",\"@id\":\"https:\/\/bythemoon.eu\/en\/product\/winter-rose-dress\/#primaryimage\",\"url\":\"https:\/\/bythemoon.eu\/en\/wp-content\/uploads\/2025\/06\/winter-rose-dress-3.jpg\",\"contentUrl\":\"https:\/\/bythemoon.eu\/en\/wp-content\/uploads\/2025\/06\/winter-rose-dress-3.jpg\",\"width\":800,\"height\":1116,\"caption\":\"damska r\u00f3\u017cowa sukienka d\u0142uga, midi, w kratk\u0119,\"},{\"@type\":\"BreadcrumbList\",\"@id\":\"https:\/\/bythemoon.eu\/en\/product\/winter-rose-dress\/#breadcrumb\",\"itemListElement\":[{\"@type\":\"ListItem\",\"position\":1,\"name\":\"Strona g\u0142\u00f3wna\",\"item\":\"https:\/\/bythemoon.eu\/en\/\"},{\"@type\":\"ListItem\",\"position\":2,\"name\":\"Shop\",\"item\":\"https:\/\/bythemoon.eu\/en\/shop\/\"},{\"@type\":\"ListItem\",\"position\":3,\"name\":\"winter rose dress\"}]},{\"@type\":\"WebSite\",\"@id\":\"https:\/\/bythemoon.eu\/en\/#website\",\"url\":\"https:\/\/bythemoon.eu\/en\/\",\"name\":\"By The Moon EN\",\"description\":\"\",\"potentialAction\":[{\"@type\":\"SearchAction\",\"target\":{\"@type\":\"EntryPoint\",\"urlTemplate\":\"https:\/\/bythemoon.eu\/en\/?s={search_term_string}\"},\"query-input\":{\"@type\":\"PropertyValueSpecification\",\"valueRequired\":true,\"valueName\":\"search_term_string\"}}],\"inLanguage\":\"en-US\"}]}<\/script>\n<!-- \/ Yoast SEO plugin. -->","yoast_head_json":{"title":"winter rose dress - By The Moon EN","robots":{"index":"index","follow":"follow","max-snippet":"max-snippet:-1","max-image-preview":"max-image-preview:large","max-video-preview":"max-video-preview:-1"},"canonical":"https:\/\/bythemoon.eu\/en\/product\/winter-rose-dress\/","og_locale":"en_US","og_type":"article","og_title":"winter rose dress - By The Moon EN","og_description":"D\u0142uga, lu\u017ana sukienka z mi\u0119kkiej flaneli, w pi\u0119knym kolorze pudrowego r\u00f3\u017cu. Delikatna pastelowa kratka. r\u0119kawy 3\/4","og_url":"https:\/\/bythemoon.eu\/en\/product\/winter-rose-dress\/","og_site_name":"By The Moon EN","article_modified_time":"2025-11-14T13:17:42+00:00","og_image":[{"width":800,"height":1116,"url":"https:\/\/bythemoon.eu\/en\/wp-content\/uploads\/2025\/06\/winter-rose-dress-3.jpg","type":"image\/jpeg"}],"schema":{"@context":"https:\/\/schema.org","@graph":[{"@type":"WebPage","@id":"https:\/\/bythemoon.eu\/en\/product\/winter-rose-dress\/","url":"https:\/\/bythemoon.eu\/en\/product\/winter-rose-dress\/","name":"winter rose dress - By The Moon EN","isPartOf":{"@id":"https:\/\/bythemoon.eu\/en\/#website"},"primaryImageOfPage":{"@id":"https:\/\/bythemoon.eu\/en\/product\/winter-rose-dress\/#primaryimage"},"image":{"@id":"https:\/\/bythemoon.eu\/en\/product\/winter-rose-dress\/#primaryimage"},"thumbnailUrl":"https:\/\/bythemoon.eu\/en\/wp-content\/uploads\/2025\/06\/winter-rose-dress-3.jpg","datePublished":"2025-06-25T13:08:56+00:00","dateModified":"2025-11-14T13:17:42+00:00","breadcrumb":{"@id":"https:\/\/bythemoon.eu\/en\/product\/winter-rose-dress\/#breadcrumb"},"inLanguage":"en-US","potentialAction":[{"@type":"ReadAction","target":["https:\/\/bythemoon.eu\/en\/product\/winter-rose-dress\/"]}]},{"@type":"ImageObject","inLanguage":"en-US","@id":"https:\/\/bythemoon.eu\/en\/product\/winter-rose-dress\/#primaryimage","url":"https:\/\/bythemoon.eu\/en\/wp-content\/uploads\/2025\/06\/winter-rose-dress-3.jpg","contentUrl":"https:\/\/bythemoon.eu\/en\/wp-content\/uploads\/2025\/06\/winter-rose-dress-3.jpg","width":800,"height":1116,"caption":"damska r\u00f3\u017cowa sukienka d\u0142uga, midi, w kratk\u0119,"},{"@type":"BreadcrumbList","@id":"https:\/\/bythemoon.eu\/en\/product\/winter-rose-dress\/#breadcrumb","itemListElement":[{"@type":"ListItem","position":1,"name":"Strona g\u0142\u00f3wna","item":"https:\/\/bythemoon.eu\/en\/"},{"@type":"ListItem","position":2,"name":"Shop","item":"https:\/\/bythemoon.eu\/en\/shop\/"},{"@type":"ListItem","position":3,"name":"winter rose dress"}]},{"@type":"WebSite","@id":"https:\/\/bythemoon.eu\/en\/#website","url":"https:\/\/bythemoon.eu\/en\/","name":"By The Moon EN","description":"","potentialAction":[{"@type":"SearchAction","target":{"@type":"EntryPoint","urlTemplate":"https:\/\/bythemoon.eu\/en\/?s={search_term_string}"},"query-input":{"@type":"PropertyValueSpecification","valueRequired":true,"valueName":"search_term_string"}}],"inLanguage":"en-US"}]}},"_links":{"self":[{"href":"https:\/\/bythemoon.eu\/en\/wp-json\/wp\/v2\/product\/5019","targetHints":{"allow":["GET"]}}],"collection":[{"href":"https:\/\/bythemoon.eu\/en\/wp-json\/wp\/v2\/product"}],"about":[{"href":"https:\/\/bythemoon.eu\/en\/wp-json\/wp\/v2\/types\/product"}],"wp:featuredmedia":[{"embeddable":true,"href":"https:\/\/bythemoon.eu\/en\/wp-json\/wp\/v2\/media\/5020"}],"wp:attachment":[{"href":"https:\/\/bythemoon.eu\/en\/wp-json\/wp\/v2\/media?parent=5019"}],"wp:term":[{"taxonomy":"product_brand","embeddable":true,"href":"https:\/\/bythemoon.eu\/en\/wp-json\/wp\/v2\/product_brand?post=5019"},{"taxonomy":"product_cat","embeddable":true,"href":"https:\/\/bythemoon.eu\/en\/wp-json\/wp\/v2\/product_cat?post=5019"},{"taxonomy":"product_tag","embeddable":true,"href":"https:\/\/bythemoon.eu\/en\/wp-json\/wp\/v2\/product_tag?post=5019"}],"curies":[{"name":"wp","href":"https:\/\/api.w.org\/{rel}","templated":true}]}}