{"id":4992,"date":"2025-06-25T15:08:49","date_gmt":"2025-06-25T13:08:49","guid":{"rendered":"https:\/\/bythemoon.eu\/en\/produkt\/sukienka-dzianinowa-agave\/"},"modified":"2025-11-14T14:17:43","modified_gmt":"2025-11-14T13:17:43","slug":"sukienka-dzianinowa-agave","status":"publish","type":"product","link":"https:\/\/bythemoon.eu\/en\/product\/sukienka-dzianinowa-agave\/","title":{"rendered":"sukienka dzianinowa Agave"},"content":{"rendered":"<p>Damska d\u0142uga sukienka z mi\u0119kkiej, lej\u0105cej si\u0119 dzianiny bawe\u0142nianej. Kr\u00f3j tank-topowy, na rami\u0105czkach, z kontrastow\u0105 lam\u00f3wk\u0105 w kolorze pastelowego r\u00f3\u017cu. Prosty, sportowy kr\u00f3j, d\u0142ugo\u015b\u0107 za \u0142ydk\u0119\/ przed kostk\u0119. Idealna na upalne dni.<\/p>\n<p><strong>Wymiary sukienki w cm:<\/strong><\/p>\n<table style=\"height: 177px;\" width=\"456\">\n<tbody>\n<tr>\n<td width=\"91\">&nbsp;<\/td>\n<td style=\"text-align: center;\" width=\"64\"><strong>XS<\/strong><\/td>\n<td style=\"text-align: center;\" width=\"64\"><strong>S<\/strong><\/td>\n<\/tr>\n<tr>\n<td>szer. w biu\u015bcie<\/td>\n<td style=\"text-align: center;\">38<\/td>\n<td style=\"text-align: center;\">48<\/td>\n<\/tr>\n<tr>\n<td width=\"91\">szer. w biodrach<\/td>\n<td style=\"text-align: center;\">40<\/td>\n<td style=\"text-align: center;\">50<\/td>\n<\/tr>\n<tr>\n<td style=\"text-align: left;\">d\u0142ugo\u015b\u0107<\/td>\n<td style=\"text-align: center;\">125<\/td>\n<td style=\"text-align: center;\">125<\/td>\n<\/tr>\n<\/tbody>\n<\/table>\n<p>&nbsp;<\/p>\n","protected":false},"excerpt":{"rendered":"<p>Damska d\u0142uga sukienka z mi\u0119kkiej, lej\u0105cej si\u0119 dzianiny bawe\u0142nianej. Kr\u00f3j tank-topowy, na rami\u0105czkach, z kontrastow\u0105 lam\u00f3wk\u0105 w kolorze pastelowego r\u00f3\u017cu. Prosty, sportowy kr\u00f3j, d\u0142ugo\u015b\u0107 za \u0142ydk\u0119\/ przed kostk\u0119. Idealna na upalne dni. Wymiary sukienki w cm: &nbsp; XS S szer. w biu\u015bcie 38 48 szer. w biodrach 40 50 d\u0142ugo\u015b\u0107 125 125 &nbsp;<\/p>\n","protected":false},"featured_media":4993,"template":"","meta":[],"product_brand":[],"product_cat":[42,21],"product_tag":[],"class_list":{"0":"post-4992","1":"product","2":"type-product","3":"status-publish","4":"has-post-thumbnail","6":"product_cat-archive","7":"product_cat-btm-en","9":"first","10":"instock","11":"sale","12":"taxable","13":"shipping-taxable","14":"purchasable","15":"product-type-variable","16":"has-default-attributes"},"yoast_head":"<!-- This site is optimized with the Yoast SEO plugin v27.0 - https:\/\/yoast.com\/product\/yoast-seo-wordpress\/ -->\n<title>sukienka dzianinowa Agave - By The Moon EN<\/title>\n<meta name=\"robots\" content=\"index, follow, max-snippet:-1, max-image-preview:large, max-video-preview:-1\" \/>\n<link rel=\"canonical\" href=\"https:\/\/bythemoon.eu\/en\/product\/sukienka-dzianinowa-agave\/\" \/>\n<meta property=\"og:locale\" content=\"en_US\" \/>\n<meta property=\"og:type\" content=\"article\" \/>\n<meta property=\"og:title\" content=\"sukienka dzianinowa Agave - By The Moon EN\" \/>\n<meta property=\"og:description\" content=\"Damska d\u0142uga sukienka z mi\u0119kkiej, lej\u0105cej si\u0119 dzianiny bawe\u0142nianej. Kr\u00f3j tank-topowy, na rami\u0105czkach, z kontrastow\u0105 lam\u00f3wk\u0105 w kolorze pastelowego r\u00f3\u017cu. Prosty, sportowy kr\u00f3j, d\u0142ugo\u015b\u0107 za \u0142ydk\u0119\/ przed kostk\u0119. Idealna na upalne dni. Wymiary sukienki w cm: &nbsp; XS S szer. w biu\u015bcie 38 48 szer. w biodrach 40 50 d\u0142ugo\u015b\u0107 125 125 &nbsp;\" \/>\n<meta property=\"og:url\" content=\"https:\/\/bythemoon.eu\/en\/product\/sukienka-dzianinowa-agave\/\" \/>\n<meta property=\"og:site_name\" content=\"By The Moon EN\" \/>\n<meta property=\"article:modified_time\" content=\"2025-11-14T13:17:43+00:00\" \/>\n<meta property=\"og:image\" content=\"https:\/\/bythemoon.eu\/en\/wp-content\/uploads\/2025\/06\/59.jpg\" \/>\n\t<meta property=\"og:image:width\" content=\"1000\" \/>\n\t<meta property=\"og:image:height\" content=\"1400\" \/>\n\t<meta property=\"og:image:type\" content=\"image\/jpeg\" \/>\n<script type=\"application\/ld+json\" class=\"yoast-schema-graph\">{\"@context\":\"https:\/\/schema.org\",\"@graph\":[{\"@type\":\"WebPage\",\"@id\":\"https:\/\/bythemoon.eu\/en\/product\/sukienka-dzianinowa-agave\/\",\"url\":\"https:\/\/bythemoon.eu\/en\/product\/sukienka-dzianinowa-agave\/\",\"name\":\"sukienka dzianinowa Agave - By The Moon EN\",\"isPartOf\":{\"@id\":\"https:\/\/bythemoon.eu\/en\/#website\"},\"primaryImageOfPage\":{\"@id\":\"https:\/\/bythemoon.eu\/en\/product\/sukienka-dzianinowa-agave\/#primaryimage\"},\"image\":{\"@id\":\"https:\/\/bythemoon.eu\/en\/product\/sukienka-dzianinowa-agave\/#primaryimage\"},\"thumbnailUrl\":\"https:\/\/bythemoon.eu\/en\/wp-content\/uploads\/2025\/06\/59.jpg\",\"datePublished\":\"2025-06-25T13:08:49+00:00\",\"dateModified\":\"2025-11-14T13:17:43+00:00\",\"breadcrumb\":{\"@id\":\"https:\/\/bythemoon.eu\/en\/product\/sukienka-dzianinowa-agave\/#breadcrumb\"},\"inLanguage\":\"en-US\",\"potentialAction\":[{\"@type\":\"ReadAction\",\"target\":[\"https:\/\/bythemoon.eu\/en\/product\/sukienka-dzianinowa-agave\/\"]}]},{\"@type\":\"ImageObject\",\"inLanguage\":\"en-US\",\"@id\":\"https:\/\/bythemoon.eu\/en\/product\/sukienka-dzianinowa-agave\/#primaryimage\",\"url\":\"https:\/\/bythemoon.eu\/en\/wp-content\/uploads\/2025\/06\/59.jpg\",\"contentUrl\":\"https:\/\/bythemoon.eu\/en\/wp-content\/uploads\/2025\/06\/59.jpg\",\"width\":1000,\"height\":1400,\"caption\":\"khaki sukienka t-shirtowa, tanktop, damska, d\u0142uga z dzianiny, na lato, polska marka, na rami\u0105czkach\"},{\"@type\":\"BreadcrumbList\",\"@id\":\"https:\/\/bythemoon.eu\/en\/product\/sukienka-dzianinowa-agave\/#breadcrumb\",\"itemListElement\":[{\"@type\":\"ListItem\",\"position\":1,\"name\":\"Strona g\u0142\u00f3wna\",\"item\":\"https:\/\/bythemoon.eu\/en\/\"},{\"@type\":\"ListItem\",\"position\":2,\"name\":\"Shop\",\"item\":\"https:\/\/bythemoon.eu\/en\/shop\/\"},{\"@type\":\"ListItem\",\"position\":3,\"name\":\"sukienka dzianinowa Agave\"}]},{\"@type\":\"WebSite\",\"@id\":\"https:\/\/bythemoon.eu\/en\/#website\",\"url\":\"https:\/\/bythemoon.eu\/en\/\",\"name\":\"By The Moon EN\",\"description\":\"\",\"potentialAction\":[{\"@type\":\"SearchAction\",\"target\":{\"@type\":\"EntryPoint\",\"urlTemplate\":\"https:\/\/bythemoon.eu\/en\/?s={search_term_string}\"},\"query-input\":{\"@type\":\"PropertyValueSpecification\",\"valueRequired\":true,\"valueName\":\"search_term_string\"}}],\"inLanguage\":\"en-US\"}]}<\/script>\n<!-- \/ Yoast SEO plugin. -->","yoast_head_json":{"title":"sukienka dzianinowa Agave - By The Moon EN","robots":{"index":"index","follow":"follow","max-snippet":"max-snippet:-1","max-image-preview":"max-image-preview:large","max-video-preview":"max-video-preview:-1"},"canonical":"https:\/\/bythemoon.eu\/en\/product\/sukienka-dzianinowa-agave\/","og_locale":"en_US","og_type":"article","og_title":"sukienka dzianinowa Agave - By The Moon EN","og_description":"Damska d\u0142uga sukienka z mi\u0119kkiej, lej\u0105cej si\u0119 dzianiny bawe\u0142nianej. Kr\u00f3j tank-topowy, na rami\u0105czkach, z kontrastow\u0105 lam\u00f3wk\u0105 w kolorze pastelowego r\u00f3\u017cu. Prosty, sportowy kr\u00f3j, d\u0142ugo\u015b\u0107 za \u0142ydk\u0119\/ przed kostk\u0119. Idealna na upalne dni. Wymiary sukienki w cm: &nbsp; XS S szer. w biu\u015bcie 38 48 szer. w biodrach 40 50 d\u0142ugo\u015b\u0107 125 125 &nbsp;","og_url":"https:\/\/bythemoon.eu\/en\/product\/sukienka-dzianinowa-agave\/","og_site_name":"By The Moon EN","article_modified_time":"2025-11-14T13:17:43+00:00","og_image":[{"width":1000,"height":1400,"url":"https:\/\/bythemoon.eu\/en\/wp-content\/uploads\/2025\/06\/59.jpg","type":"image\/jpeg"}],"schema":{"@context":"https:\/\/schema.org","@graph":[{"@type":"WebPage","@id":"https:\/\/bythemoon.eu\/en\/product\/sukienka-dzianinowa-agave\/","url":"https:\/\/bythemoon.eu\/en\/product\/sukienka-dzianinowa-agave\/","name":"sukienka dzianinowa Agave - By The Moon EN","isPartOf":{"@id":"https:\/\/bythemoon.eu\/en\/#website"},"primaryImageOfPage":{"@id":"https:\/\/bythemoon.eu\/en\/product\/sukienka-dzianinowa-agave\/#primaryimage"},"image":{"@id":"https:\/\/bythemoon.eu\/en\/product\/sukienka-dzianinowa-agave\/#primaryimage"},"thumbnailUrl":"https:\/\/bythemoon.eu\/en\/wp-content\/uploads\/2025\/06\/59.jpg","datePublished":"2025-06-25T13:08:49+00:00","dateModified":"2025-11-14T13:17:43+00:00","breadcrumb":{"@id":"https:\/\/bythemoon.eu\/en\/product\/sukienka-dzianinowa-agave\/#breadcrumb"},"inLanguage":"en-US","potentialAction":[{"@type":"ReadAction","target":["https:\/\/bythemoon.eu\/en\/product\/sukienka-dzianinowa-agave\/"]}]},{"@type":"ImageObject","inLanguage":"en-US","@id":"https:\/\/bythemoon.eu\/en\/product\/sukienka-dzianinowa-agave\/#primaryimage","url":"https:\/\/bythemoon.eu\/en\/wp-content\/uploads\/2025\/06\/59.jpg","contentUrl":"https:\/\/bythemoon.eu\/en\/wp-content\/uploads\/2025\/06\/59.jpg","width":1000,"height":1400,"caption":"khaki sukienka t-shirtowa, tanktop, damska, d\u0142uga z dzianiny, na lato, polska marka, na rami\u0105czkach"},{"@type":"BreadcrumbList","@id":"https:\/\/bythemoon.eu\/en\/product\/sukienka-dzianinowa-agave\/#breadcrumb","itemListElement":[{"@type":"ListItem","position":1,"name":"Strona g\u0142\u00f3wna","item":"https:\/\/bythemoon.eu\/en\/"},{"@type":"ListItem","position":2,"name":"Shop","item":"https:\/\/bythemoon.eu\/en\/shop\/"},{"@type":"ListItem","position":3,"name":"sukienka dzianinowa Agave"}]},{"@type":"WebSite","@id":"https:\/\/bythemoon.eu\/en\/#website","url":"https:\/\/bythemoon.eu\/en\/","name":"By The Moon EN","description":"","potentialAction":[{"@type":"SearchAction","target":{"@type":"EntryPoint","urlTemplate":"https:\/\/bythemoon.eu\/en\/?s={search_term_string}"},"query-input":{"@type":"PropertyValueSpecification","valueRequired":true,"valueName":"search_term_string"}}],"inLanguage":"en-US"}]}},"_links":{"self":[{"href":"https:\/\/bythemoon.eu\/en\/wp-json\/wp\/v2\/product\/4992","targetHints":{"allow":["GET"]}}],"collection":[{"href":"https:\/\/bythemoon.eu\/en\/wp-json\/wp\/v2\/product"}],"about":[{"href":"https:\/\/bythemoon.eu\/en\/wp-json\/wp\/v2\/types\/product"}],"wp:featuredmedia":[{"embeddable":true,"href":"https:\/\/bythemoon.eu\/en\/wp-json\/wp\/v2\/media\/4993"}],"wp:attachment":[{"href":"https:\/\/bythemoon.eu\/en\/wp-json\/wp\/v2\/media?parent=4992"}],"wp:term":[{"taxonomy":"product_brand","embeddable":true,"href":"https:\/\/bythemoon.eu\/en\/wp-json\/wp\/v2\/product_brand?post=4992"},{"taxonomy":"product_cat","embeddable":true,"href":"https:\/\/bythemoon.eu\/en\/wp-json\/wp\/v2\/product_cat?post=4992"},{"taxonomy":"product_tag","embeddable":true,"href":"https:\/\/bythemoon.eu\/en\/wp-json\/wp\/v2\/product_tag?post=4992"}],"curies":[{"name":"wp","href":"https:\/\/api.w.org\/{rel}","templated":true}]}}