{"id":4974,"date":"2025-06-25T15:08:49","date_gmt":"2025-06-25T13:08:49","guid":{"rendered":"https:\/\/bythemoon.eu\/en\/produkt\/heart-on-fire-dress-white\/"},"modified":"2025-11-14T14:17:44","modified_gmt":"2025-11-14T13:17:44","slug":"heart-on-fire-dress-white","status":"publish","type":"product","link":"https:\/\/bythemoon.eu\/en\/product\/heart-on-fire-dress-white\/","title":{"rendered":"heart on fire dress white"},"content":{"rendered":"<p>Bia\u0142a, damska t-shirtowa sukienka, z mi\u0119kkiej bawe\u0142nianej dzianiny. Oryginalny nadruk autorstwa Zuzy Mi\u015bko. Ilustracja inspirowana stylem Zakopia\u0144skim. Z boku rozci\u0119cia, d\u0142ugo\u015b\u0107 w okolice kolan. Mo\u017cna nosi\u0107 tak\u017ce z paskiem.<\/p>\n<p>&nbsp;<\/p>\n","protected":false},"excerpt":{"rendered":"<p>Bia\u0142a, damska t-shirtowa sukienka, z mi\u0119kkiej bawe\u0142nianej dzianiny. Oryginalny nadruk autorstwa Zuzy Mi\u015bko. Ilustracja inspirowana stylem Zakopia\u0144skim. Z boku rozci\u0119cia, d\u0142ugo\u015b\u0107 w okolice kolan. Mo\u017cna nosi\u0107 tak\u017ce z paskiem. &nbsp;<\/p>\n","protected":false},"featured_media":4975,"template":"","meta":[],"product_brand":[],"product_cat":[42,21],"product_tag":[],"class_list":{"0":"post-4974","1":"product","2":"type-product","3":"status-publish","4":"has-post-thumbnail","6":"product_cat-archive","7":"product_cat-btm-en","9":"first","10":"instock","11":"sale","12":"taxable","13":"shipping-taxable","14":"purchasable","15":"product-type-variable","16":"has-default-attributes"},"yoast_head":"<!-- This site is optimized with the Yoast SEO plugin v27.0 - https:\/\/yoast.com\/product\/yoast-seo-wordpress\/ -->\n<title>heart on fire dress white - By The Moon EN<\/title>\n<meta name=\"robots\" content=\"index, follow, max-snippet:-1, max-image-preview:large, max-video-preview:-1\" \/>\n<link rel=\"canonical\" href=\"https:\/\/bythemoon.eu\/en\/product\/heart-on-fire-dress-white\/\" \/>\n<meta property=\"og:locale\" content=\"en_US\" \/>\n<meta property=\"og:type\" content=\"article\" \/>\n<meta property=\"og:title\" content=\"heart on fire dress white - By The Moon EN\" \/>\n<meta property=\"og:description\" content=\"Bia\u0142a, damska t-shirtowa sukienka, z mi\u0119kkiej bawe\u0142nianej dzianiny. Oryginalny nadruk autorstwa Zuzy Mi\u015bko. Ilustracja inspirowana stylem Zakopia\u0144skim. Z boku rozci\u0119cia, d\u0142ugo\u015b\u0107 w okolice kolan. Mo\u017cna nosi\u0107 tak\u017ce z paskiem. &nbsp;\" \/>\n<meta property=\"og:url\" content=\"https:\/\/bythemoon.eu\/en\/product\/heart-on-fire-dress-white\/\" \/>\n<meta property=\"og:site_name\" content=\"By The Moon EN\" \/>\n<meta property=\"article:modified_time\" content=\"2025-11-14T13:17:44+00:00\" \/>\n<meta property=\"og:image\" content=\"https:\/\/bythemoon.eu\/en\/wp-content\/uploads\/2025\/06\/heart-on-fire-dress-1.jpg\" \/>\n\t<meta property=\"og:image:width\" content=\"1000\" \/>\n\t<meta property=\"og:image:height\" content=\"1400\" \/>\n\t<meta property=\"og:image:type\" content=\"image\/jpeg\" \/>\n<script type=\"application\/ld+json\" class=\"yoast-schema-graph\">{\"@context\":\"https:\/\/schema.org\",\"@graph\":[{\"@type\":\"WebPage\",\"@id\":\"https:\/\/bythemoon.eu\/en\/product\/heart-on-fire-dress-white\/\",\"url\":\"https:\/\/bythemoon.eu\/en\/product\/heart-on-fire-dress-white\/\",\"name\":\"heart on fire dress white - By The Moon EN\",\"isPartOf\":{\"@id\":\"https:\/\/bythemoon.eu\/en\/#website\"},\"primaryImageOfPage\":{\"@id\":\"https:\/\/bythemoon.eu\/en\/product\/heart-on-fire-dress-white\/#primaryimage\"},\"image\":{\"@id\":\"https:\/\/bythemoon.eu\/en\/product\/heart-on-fire-dress-white\/#primaryimage\"},\"thumbnailUrl\":\"https:\/\/bythemoon.eu\/en\/wp-content\/uploads\/2025\/06\/heart-on-fire-dress-1.jpg\",\"datePublished\":\"2025-06-25T13:08:49+00:00\",\"dateModified\":\"2025-11-14T13:17:44+00:00\",\"breadcrumb\":{\"@id\":\"https:\/\/bythemoon.eu\/en\/product\/heart-on-fire-dress-white\/#breadcrumb\"},\"inLanguage\":\"en-US\",\"potentialAction\":[{\"@type\":\"ReadAction\",\"target\":[\"https:\/\/bythemoon.eu\/en\/product\/heart-on-fire-dress-white\/\"]}]},{\"@type\":\"ImageObject\",\"inLanguage\":\"en-US\",\"@id\":\"https:\/\/bythemoon.eu\/en\/product\/heart-on-fire-dress-white\/#primaryimage\",\"url\":\"https:\/\/bythemoon.eu\/en\/wp-content\/uploads\/2025\/06\/heart-on-fire-dress-1.jpg\",\"contentUrl\":\"https:\/\/bythemoon.eu\/en\/wp-content\/uploads\/2025\/06\/heart-on-fire-dress-1.jpg\",\"width\":1000,\"height\":1400,\"caption\":\"bia\u0142a koszulowa, t0shirtowa sukienka, tunika damska. z nadrukiem\"},{\"@type\":\"BreadcrumbList\",\"@id\":\"https:\/\/bythemoon.eu\/en\/product\/heart-on-fire-dress-white\/#breadcrumb\",\"itemListElement\":[{\"@type\":\"ListItem\",\"position\":1,\"name\":\"Strona g\u0142\u00f3wna\",\"item\":\"https:\/\/bythemoon.eu\/en\/\"},{\"@type\":\"ListItem\",\"position\":2,\"name\":\"Shop\",\"item\":\"https:\/\/bythemoon.eu\/en\/shop\/\"},{\"@type\":\"ListItem\",\"position\":3,\"name\":\"heart on fire dress white\"}]},{\"@type\":\"WebSite\",\"@id\":\"https:\/\/bythemoon.eu\/en\/#website\",\"url\":\"https:\/\/bythemoon.eu\/en\/\",\"name\":\"By The Moon EN\",\"description\":\"\",\"potentialAction\":[{\"@type\":\"SearchAction\",\"target\":{\"@type\":\"EntryPoint\",\"urlTemplate\":\"https:\/\/bythemoon.eu\/en\/?s={search_term_string}\"},\"query-input\":{\"@type\":\"PropertyValueSpecification\",\"valueRequired\":true,\"valueName\":\"search_term_string\"}}],\"inLanguage\":\"en-US\"}]}<\/script>\n<!-- \/ Yoast SEO plugin. -->","yoast_head_json":{"title":"heart on fire dress white - By The Moon EN","robots":{"index":"index","follow":"follow","max-snippet":"max-snippet:-1","max-image-preview":"max-image-preview:large","max-video-preview":"max-video-preview:-1"},"canonical":"https:\/\/bythemoon.eu\/en\/product\/heart-on-fire-dress-white\/","og_locale":"en_US","og_type":"article","og_title":"heart on fire dress white - By The Moon EN","og_description":"Bia\u0142a, damska t-shirtowa sukienka, z mi\u0119kkiej bawe\u0142nianej dzianiny. Oryginalny nadruk autorstwa Zuzy Mi\u015bko. Ilustracja inspirowana stylem Zakopia\u0144skim. Z boku rozci\u0119cia, d\u0142ugo\u015b\u0107 w okolice kolan. Mo\u017cna nosi\u0107 tak\u017ce z paskiem. &nbsp;","og_url":"https:\/\/bythemoon.eu\/en\/product\/heart-on-fire-dress-white\/","og_site_name":"By The Moon EN","article_modified_time":"2025-11-14T13:17:44+00:00","og_image":[{"width":1000,"height":1400,"url":"https:\/\/bythemoon.eu\/en\/wp-content\/uploads\/2025\/06\/heart-on-fire-dress-1.jpg","type":"image\/jpeg"}],"schema":{"@context":"https:\/\/schema.org","@graph":[{"@type":"WebPage","@id":"https:\/\/bythemoon.eu\/en\/product\/heart-on-fire-dress-white\/","url":"https:\/\/bythemoon.eu\/en\/product\/heart-on-fire-dress-white\/","name":"heart on fire dress white - By The Moon EN","isPartOf":{"@id":"https:\/\/bythemoon.eu\/en\/#website"},"primaryImageOfPage":{"@id":"https:\/\/bythemoon.eu\/en\/product\/heart-on-fire-dress-white\/#primaryimage"},"image":{"@id":"https:\/\/bythemoon.eu\/en\/product\/heart-on-fire-dress-white\/#primaryimage"},"thumbnailUrl":"https:\/\/bythemoon.eu\/en\/wp-content\/uploads\/2025\/06\/heart-on-fire-dress-1.jpg","datePublished":"2025-06-25T13:08:49+00:00","dateModified":"2025-11-14T13:17:44+00:00","breadcrumb":{"@id":"https:\/\/bythemoon.eu\/en\/product\/heart-on-fire-dress-white\/#breadcrumb"},"inLanguage":"en-US","potentialAction":[{"@type":"ReadAction","target":["https:\/\/bythemoon.eu\/en\/product\/heart-on-fire-dress-white\/"]}]},{"@type":"ImageObject","inLanguage":"en-US","@id":"https:\/\/bythemoon.eu\/en\/product\/heart-on-fire-dress-white\/#primaryimage","url":"https:\/\/bythemoon.eu\/en\/wp-content\/uploads\/2025\/06\/heart-on-fire-dress-1.jpg","contentUrl":"https:\/\/bythemoon.eu\/en\/wp-content\/uploads\/2025\/06\/heart-on-fire-dress-1.jpg","width":1000,"height":1400,"caption":"bia\u0142a koszulowa, t0shirtowa sukienka, tunika damska. z nadrukiem"},{"@type":"BreadcrumbList","@id":"https:\/\/bythemoon.eu\/en\/product\/heart-on-fire-dress-white\/#breadcrumb","itemListElement":[{"@type":"ListItem","position":1,"name":"Strona g\u0142\u00f3wna","item":"https:\/\/bythemoon.eu\/en\/"},{"@type":"ListItem","position":2,"name":"Shop","item":"https:\/\/bythemoon.eu\/en\/shop\/"},{"@type":"ListItem","position":3,"name":"heart on fire dress white"}]},{"@type":"WebSite","@id":"https:\/\/bythemoon.eu\/en\/#website","url":"https:\/\/bythemoon.eu\/en\/","name":"By The Moon EN","description":"","potentialAction":[{"@type":"SearchAction","target":{"@type":"EntryPoint","urlTemplate":"https:\/\/bythemoon.eu\/en\/?s={search_term_string}"},"query-input":{"@type":"PropertyValueSpecification","valueRequired":true,"valueName":"search_term_string"}}],"inLanguage":"en-US"}]}},"_links":{"self":[{"href":"https:\/\/bythemoon.eu\/en\/wp-json\/wp\/v2\/product\/4974","targetHints":{"allow":["GET"]}}],"collection":[{"href":"https:\/\/bythemoon.eu\/en\/wp-json\/wp\/v2\/product"}],"about":[{"href":"https:\/\/bythemoon.eu\/en\/wp-json\/wp\/v2\/types\/product"}],"wp:featuredmedia":[{"embeddable":true,"href":"https:\/\/bythemoon.eu\/en\/wp-json\/wp\/v2\/media\/4975"}],"wp:attachment":[{"href":"https:\/\/bythemoon.eu\/en\/wp-json\/wp\/v2\/media?parent=4974"}],"wp:term":[{"taxonomy":"product_brand","embeddable":true,"href":"https:\/\/bythemoon.eu\/en\/wp-json\/wp\/v2\/product_brand?post=4974"},{"taxonomy":"product_cat","embeddable":true,"href":"https:\/\/bythemoon.eu\/en\/wp-json\/wp\/v2\/product_cat?post=4974"},{"taxonomy":"product_tag","embeddable":true,"href":"https:\/\/bythemoon.eu\/en\/wp-json\/wp\/v2\/product_tag?post=4974"}],"curies":[{"name":"wp","href":"https:\/\/api.w.org\/{rel}","templated":true}]}}