{"id":4673,"date":"2025-06-17T16:04:48","date_gmt":"2025-06-17T14:04:48","guid":{"rendered":"https:\/\/bythemoon.eu\/en\/?page_id=4673"},"modified":"2025-06-26T00:16:06","modified_gmt":"2025-06-25T22:16:06","slug":"platnosci","status":"publish","type":"page","link":"https:\/\/bythemoon.eu\/en\/platnosci\/","title":{"rendered":"P\u0142atno\u015bci"},"content":{"rendered":"<p>U\u017cywamy certyfikatu SSL, nasze p\u0142atno\u015bci s\u0105 szyfrowane i w pe\u0142ni bezpieczne. Akceptujemy p\u0142atno\u015bci kartami p\u0142atniczymi, Blikiem, przelewami, odroczonymi p\u0142atno\u015bciami.<\/p>\n<p>Mo\u017cliwe jest korzystanie z nast\u0119puj\u0105cych form p\u0142atno\u015bci:<\/p>\n<p><strong>PayU<\/strong><\/p>\n<p>Po wybraniu przycisku \u201eZap\u0142a\u0107 przez PayU\u201d Klient zostaje przekierowany do strony serwisu PayU, gdzie b\u0119dzie m\u00f3g\u0142 wybra\u0107 p\u0142atno\u015b\u0107 przelewem bankowym, BLIKIEM lub p\u0142atno\u015b\u0107 kart\u0105. Oferujemy te\u017c p\u0142atno\u015b\u0107 odroczon\u0105 PayPo.<\/p>\n<p><strong>BLIK<\/strong><\/p>\n<p>Przekierujemy Ci\u0119 na stron\u0119 wprowadzenia kodu BLIK. <span style=\"color: #333333\">Zlecenie wykonuje PayU SA.<\/span><\/p>\n<div class=\"payu-accept-conditions\">\n<div class=\"payu-conditions-description\"><strong>PayPo\u00a0<\/strong><\/div>\n<div>P\u0142atno\u015b\u0107 odroczona. Kup teraz, zap\u0142a\u0107 za 30 dni.<\/div>\n<\/div>\n<div><\/div>\n<p>&nbsp;<\/p>\n<p><strong>Przelew bankowy tradycyjny<\/strong><\/p>\n<p>W tytule przelewu prosimy o wpisanie numeru zam\u00f3wienia.<\/p>\n<p>Odbiorca p\u0142atno\u015bci: Moon Sp\u00f3\u0142ka z ograniczon\u0105 odpowiedzialno\u015bci\u0105 Sp\u00f3\u0142ka komandytowa<\/p>\n<p><strong>numer konta dla p\u0142atno\u015bci w PLN:<\/strong><\/p>\n<p>PKO Bank Polski<\/p>\n<p>10 1020 1026 0000 1002 0311 3966<\/p>\n<p><strong>numer konta dla p\u0142atno\u015bci w EUR:<\/strong><\/p>\n<p>SANTANDER BANK<\/p>\n<p>IBAN: PL79109000880000000150669666<\/p>\n<p>Swift code: WBKPPLPP<\/p>\n<p>&nbsp;<\/p>\n<p><strong>P\u0142atno\u015b\u0107 got\u00f3wk\u0105<\/strong><\/p>\n<p>P\u0142atno\u015b\u0107 got\u00f3wk\u0105 jest mo\u017cliwa tylko w przypadku dostawy za pobraniem na terenie Polski.<\/p>\n","protected":false},"excerpt":{"rendered":"<p>U\u017cywamy certyfikatu SSL, nasze p\u0142atno\u015bci s\u0105 szyfrowane i w pe\u0142ni bezpieczne. Akceptujemy p\u0142atno\u015bci kartami p\u0142atniczymi, Blikiem, przelewami, odroczonymi p\u0142atno\u015bciami. Mo\u017cliwe jest korzystanie z nast\u0119puj\u0105cych form p\u0142atno\u015bci: PayU Po wybraniu przycisku \u201eZap\u0142a\u0107 przez PayU\u201d Klient zostaje przekierowany do strony serwisu PayU, gdzie b\u0119dzie m\u00f3g\u0142 wybra\u0107 p\u0142atno\u015b\u0107 przelewem bankowym, BLIKIEM lub p\u0142atno\u015b\u0107 kart\u0105. Oferujemy te\u017c p\u0142atno\u015b\u0107 odroczon\u0105 [&#8230;]\n","protected":false},"author":1,"featured_media":0,"parent":0,"menu_order":0,"comment_status":"closed","ping_status":"closed","template":"","meta":{"footnotes":""},"class_list":["post-4673","page","type-page","status-publish","hentry"],"yoast_head":"<!-- This site is optimized with the Yoast SEO plugin v27.0 - https:\/\/yoast.com\/product\/yoast-seo-wordpress\/ -->\n<title>P\u0142atno\u015bci - By The Moon EN<\/title>\n<meta name=\"robots\" content=\"index, follow, max-snippet:-1, max-image-preview:large, max-video-preview:-1\" \/>\n<link rel=\"canonical\" href=\"https:\/\/bythemoon.eu\/en\/platnosci\/\" \/>\n<meta property=\"og:locale\" content=\"en_US\" \/>\n<meta property=\"og:type\" content=\"article\" \/>\n<meta property=\"og:title\" content=\"P\u0142atno\u015bci - By The Moon EN\" \/>\n<meta property=\"og:description\" content=\"U\u017cywamy certyfikatu SSL, nasze p\u0142atno\u015bci s\u0105 szyfrowane i w pe\u0142ni bezpieczne. Akceptujemy p\u0142atno\u015bci kartami p\u0142atniczymi, Blikiem, przelewami, odroczonymi p\u0142atno\u015bciami. Mo\u017cliwe jest korzystanie z nast\u0119puj\u0105cych form p\u0142atno\u015bci: PayU Po wybraniu przycisku \u201eZap\u0142a\u0107 przez PayU\u201d Klient zostaje przekierowany do strony serwisu PayU, gdzie b\u0119dzie m\u00f3g\u0142 wybra\u0107 p\u0142atno\u015b\u0107 przelewem bankowym, BLIKIEM lub p\u0142atno\u015b\u0107 kart\u0105. Oferujemy te\u017c p\u0142atno\u015b\u0107 odroczon\u0105 [...]\" \/>\n<meta property=\"og:url\" content=\"https:\/\/bythemoon.eu\/en\/platnosci\/\" \/>\n<meta property=\"og:site_name\" content=\"By The Moon EN\" \/>\n<meta property=\"article:modified_time\" content=\"2025-06-25T22:16:06+00:00\" \/>\n<meta property=\"og:image\" content=\"https:\/\/bythemoon.eu\/en\/wp-content\/uploads\/2026\/04\/slide-show_ss26_btm_facebook.jpg\" \/>\n\t<meta property=\"og:image:width\" content=\"1280\" \/>\n\t<meta property=\"og:image:height\" content=\"659\" \/>\n\t<meta property=\"og:image:type\" content=\"image\/jpeg\" \/>\n<script type=\"application\/ld+json\" class=\"yoast-schema-graph\">{\"@context\":\"https:\/\/schema.org\",\"@graph\":[{\"@type\":\"WebPage\",\"@id\":\"https:\/\/bythemoon.eu\/en\/platnosci\/\",\"url\":\"https:\/\/bythemoon.eu\/en\/platnosci\/\",\"name\":\"P\u0142atno\u015bci - By The Moon EN\",\"isPartOf\":{\"@id\":\"https:\/\/bythemoon.eu\/en\/#website\"},\"datePublished\":\"2025-06-17T14:04:48+00:00\",\"dateModified\":\"2025-06-25T22:16:06+00:00\",\"breadcrumb\":{\"@id\":\"https:\/\/bythemoon.eu\/en\/platnosci\/#breadcrumb\"},\"inLanguage\":\"en-US\",\"potentialAction\":[{\"@type\":\"ReadAction\",\"target\":[\"https:\/\/bythemoon.eu\/en\/platnosci\/\"]}]},{\"@type\":\"BreadcrumbList\",\"@id\":\"https:\/\/bythemoon.eu\/en\/platnosci\/#breadcrumb\",\"itemListElement\":[{\"@type\":\"ListItem\",\"position\":1,\"name\":\"Strona g\u0142\u00f3wna\",\"item\":\"https:\/\/bythemoon.eu\/en\/\"},{\"@type\":\"ListItem\",\"position\":2,\"name\":\"P\u0142atno\u015bci\"}]},{\"@type\":\"WebSite\",\"@id\":\"https:\/\/bythemoon.eu\/en\/#website\",\"url\":\"https:\/\/bythemoon.eu\/en\/\",\"name\":\"By The Moon EN\",\"description\":\"\",\"potentialAction\":[{\"@type\":\"SearchAction\",\"target\":{\"@type\":\"EntryPoint\",\"urlTemplate\":\"https:\/\/bythemoon.eu\/en\/?s={search_term_string}\"},\"query-input\":{\"@type\":\"PropertyValueSpecification\",\"valueRequired\":true,\"valueName\":\"search_term_string\"}}],\"inLanguage\":\"en-US\"}]}<\/script>\n<!-- \/ Yoast SEO plugin. -->","yoast_head_json":{"title":"P\u0142atno\u015bci - By The Moon EN","robots":{"index":"index","follow":"follow","max-snippet":"max-snippet:-1","max-image-preview":"max-image-preview:large","max-video-preview":"max-video-preview:-1"},"canonical":"https:\/\/bythemoon.eu\/en\/platnosci\/","og_locale":"en_US","og_type":"article","og_title":"P\u0142atno\u015bci - By The Moon EN","og_description":"U\u017cywamy certyfikatu SSL, nasze p\u0142atno\u015bci s\u0105 szyfrowane i w pe\u0142ni bezpieczne. Akceptujemy p\u0142atno\u015bci kartami p\u0142atniczymi, Blikiem, przelewami, odroczonymi p\u0142atno\u015bciami. Mo\u017cliwe jest korzystanie z nast\u0119puj\u0105cych form p\u0142atno\u015bci: PayU Po wybraniu przycisku \u201eZap\u0142a\u0107 przez PayU\u201d Klient zostaje przekierowany do strony serwisu PayU, gdzie b\u0119dzie m\u00f3g\u0142 wybra\u0107 p\u0142atno\u015b\u0107 przelewem bankowym, BLIKIEM lub p\u0142atno\u015b\u0107 kart\u0105. Oferujemy te\u017c p\u0142atno\u015b\u0107 odroczon\u0105 [...]","og_url":"https:\/\/bythemoon.eu\/en\/platnosci\/","og_site_name":"By The Moon EN","article_modified_time":"2025-06-25T22:16:06+00:00","og_image":[{"width":1280,"height":659,"url":"https:\/\/bythemoon.eu\/en\/wp-content\/uploads\/2026\/04\/slide-show_ss26_btm_facebook.jpg","type":"image\/jpeg"}],"schema":{"@context":"https:\/\/schema.org","@graph":[{"@type":"WebPage","@id":"https:\/\/bythemoon.eu\/en\/platnosci\/","url":"https:\/\/bythemoon.eu\/en\/platnosci\/","name":"P\u0142atno\u015bci - By The Moon EN","isPartOf":{"@id":"https:\/\/bythemoon.eu\/en\/#website"},"datePublished":"2025-06-17T14:04:48+00:00","dateModified":"2025-06-25T22:16:06+00:00","breadcrumb":{"@id":"https:\/\/bythemoon.eu\/en\/platnosci\/#breadcrumb"},"inLanguage":"en-US","potentialAction":[{"@type":"ReadAction","target":["https:\/\/bythemoon.eu\/en\/platnosci\/"]}]},{"@type":"BreadcrumbList","@id":"https:\/\/bythemoon.eu\/en\/platnosci\/#breadcrumb","itemListElement":[{"@type":"ListItem","position":1,"name":"Strona g\u0142\u00f3wna","item":"https:\/\/bythemoon.eu\/en\/"},{"@type":"ListItem","position":2,"name":"P\u0142atno\u015bci"}]},{"@type":"WebSite","@id":"https:\/\/bythemoon.eu\/en\/#website","url":"https:\/\/bythemoon.eu\/en\/","name":"By The Moon EN","description":"","potentialAction":[{"@type":"SearchAction","target":{"@type":"EntryPoint","urlTemplate":"https:\/\/bythemoon.eu\/en\/?s={search_term_string}"},"query-input":{"@type":"PropertyValueSpecification","valueRequired":true,"valueName":"search_term_string"}}],"inLanguage":"en-US"}]}},"_links":{"self":[{"href":"https:\/\/bythemoon.eu\/en\/wp-json\/wp\/v2\/pages\/4673","targetHints":{"allow":["GET"]}}],"collection":[{"href":"https:\/\/bythemoon.eu\/en\/wp-json\/wp\/v2\/pages"}],"about":[{"href":"https:\/\/bythemoon.eu\/en\/wp-json\/wp\/v2\/types\/page"}],"author":[{"embeddable":true,"href":"https:\/\/bythemoon.eu\/en\/wp-json\/wp\/v2\/users\/1"}],"replies":[{"embeddable":true,"href":"https:\/\/bythemoon.eu\/en\/wp-json\/wp\/v2\/comments?post=4673"}],"version-history":[{"count":5,"href":"https:\/\/bythemoon.eu\/en\/wp-json\/wp\/v2\/pages\/4673\/revisions"}],"predecessor-version":[{"id":6865,"href":"https:\/\/bythemoon.eu\/en\/wp-json\/wp\/v2\/pages\/4673\/revisions\/6865"}],"wp:attachment":[{"href":"https:\/\/bythemoon.eu\/en\/wp-json\/wp\/v2\/media?parent=4673"}],"curies":[{"name":"wp","href":"https:\/\/api.w.org\/{rel}","templated":true}]}}