{"id":4640,"date":"2025-06-16T08:53:58","date_gmt":"2025-06-16T06:53:58","guid":{"rendered":"https:\/\/bythemoon.eu\/en\/?page_id=4640"},"modified":"2025-07-21T23:40:32","modified_gmt":"2025-07-21T21:40:32","slug":"dostawa","status":"publish","type":"page","link":"https:\/\/bythemoon.eu\/en\/dostawa\/","title":{"rendered":"Dostawa"},"content":{"rendered":"<p class=\"has-block tooltipstered\"><strong>Wysy\u0142amy zam\u00f3wienia w terminie 1-3 dni roboczych<\/strong>.\u00a0<\/p>\n<p class=\"has-block tooltipstered\">Nie realizujemy wymian. W przypadku ch\u0119ci wymiany na inny rozmiar,\u00a0prosz\u0119 z\u0142o\u017cy\u0107 nowe zam\u00f3wienie i dokona\u0107 zwrotu.<\/p>\n<p><strong>Koszty wysy\u0142ki na terenie Polski:<\/strong><\/p>\n<p>Paczkomaty InPost: 17 z\u0142.<\/p>\n<p>Kurier: 17 z\u0142.<\/p>\n<p>P\u0142atno\u015b\u0107 got\u00f3wk\u0105 przy odbiorze (za pobraniem) &#8211; 24 z\u0142.<\/p>\n<p>Darmowa wysy\u0142ka dla zam\u00f3wie\u0144 o warto\u015bci powy\u017cej 400 z\u0142.<\/p>\n<p>\u00a0<\/p>\n","protected":false},"excerpt":{"rendered":"<p>Wysy\u0142amy zam\u00f3wienia w terminie 1-3 dni roboczych.\u00a0 Nie realizujemy wymian. W przypadku ch\u0119ci wymiany na inny rozmiar,\u00a0prosz\u0119 z\u0142o\u017cy\u0107 nowe zam\u00f3wienie i dokona\u0107 zwrotu. Koszty wysy\u0142ki na terenie Polski: Paczkomaty InPost: 17 z\u0142. Kurier: 17 z\u0142. P\u0142atno\u015b\u0107 got\u00f3wk\u0105 przy odbiorze (za pobraniem) &#8211; 24 z\u0142. Darmowa wysy\u0142ka dla zam\u00f3wie\u0144 o warto\u015bci powy\u017cej 400 z\u0142. \u00a0<\/p>\n","protected":false},"author":1,"featured_media":0,"parent":0,"menu_order":0,"comment_status":"closed","ping_status":"closed","template":"","meta":{"footnotes":""},"class_list":["post-4640","page","type-page","status-publish","hentry"],"yoast_head":"<!-- This site is optimized with the Yoast SEO plugin v27.0 - https:\/\/yoast.com\/product\/yoast-seo-wordpress\/ -->\n<title>Dostawa - By The Moon EN<\/title>\n<meta name=\"robots\" content=\"index, follow, max-snippet:-1, max-image-preview:large, max-video-preview:-1\" \/>\n<link rel=\"canonical\" href=\"https:\/\/bythemoon.eu\/en\/dostawa\/\" \/>\n<meta property=\"og:locale\" content=\"en_US\" \/>\n<meta property=\"og:type\" content=\"article\" \/>\n<meta property=\"og:title\" content=\"Dostawa - By The Moon EN\" \/>\n<meta property=\"og:description\" content=\"Wysy\u0142amy zam\u00f3wienia w terminie 1-3 dni roboczych.\u00a0 Nie realizujemy wymian. W przypadku ch\u0119ci wymiany na inny rozmiar,\u00a0prosz\u0119 z\u0142o\u017cy\u0107 nowe zam\u00f3wienie i dokona\u0107 zwrotu. Koszty wysy\u0142ki na terenie Polski: Paczkomaty InPost: 17 z\u0142. Kurier: 17 z\u0142. P\u0142atno\u015b\u0107 got\u00f3wk\u0105 przy odbiorze (za pobraniem) &#8211; 24 z\u0142. Darmowa wysy\u0142ka dla zam\u00f3wie\u0144 o warto\u015bci powy\u017cej 400 z\u0142. \u00a0\" \/>\n<meta property=\"og:url\" content=\"https:\/\/bythemoon.eu\/en\/dostawa\/\" \/>\n<meta property=\"og:site_name\" content=\"By The Moon EN\" \/>\n<meta property=\"article:modified_time\" content=\"2025-07-21T21:40:32+00:00\" \/>\n<meta property=\"og:image\" content=\"https:\/\/bythemoon.eu\/en\/wp-content\/uploads\/2026\/04\/slide-show_ss26_btm_facebook.jpg\" \/>\n\t<meta property=\"og:image:width\" content=\"1280\" \/>\n\t<meta property=\"og:image:height\" content=\"659\" \/>\n\t<meta property=\"og:image:type\" content=\"image\/jpeg\" \/>\n<script type=\"application\/ld+json\" class=\"yoast-schema-graph\">{\"@context\":\"https:\/\/schema.org\",\"@graph\":[{\"@type\":\"WebPage\",\"@id\":\"https:\/\/bythemoon.eu\/en\/dostawa\/\",\"url\":\"https:\/\/bythemoon.eu\/en\/dostawa\/\",\"name\":\"Dostawa - By The Moon EN\",\"isPartOf\":{\"@id\":\"https:\/\/bythemoon.eu\/en\/#website\"},\"datePublished\":\"2025-06-16T06:53:58+00:00\",\"dateModified\":\"2025-07-21T21:40:32+00:00\",\"breadcrumb\":{\"@id\":\"https:\/\/bythemoon.eu\/en\/dostawa\/#breadcrumb\"},\"inLanguage\":\"en-US\",\"potentialAction\":[{\"@type\":\"ReadAction\",\"target\":[\"https:\/\/bythemoon.eu\/en\/dostawa\/\"]}]},{\"@type\":\"BreadcrumbList\",\"@id\":\"https:\/\/bythemoon.eu\/en\/dostawa\/#breadcrumb\",\"itemListElement\":[{\"@type\":\"ListItem\",\"position\":1,\"name\":\"Strona g\u0142\u00f3wna\",\"item\":\"https:\/\/bythemoon.eu\/en\/\"},{\"@type\":\"ListItem\",\"position\":2,\"name\":\"Dostawa\"}]},{\"@type\":\"WebSite\",\"@id\":\"https:\/\/bythemoon.eu\/en\/#website\",\"url\":\"https:\/\/bythemoon.eu\/en\/\",\"name\":\"By The Moon EN\",\"description\":\"\",\"potentialAction\":[{\"@type\":\"SearchAction\",\"target\":{\"@type\":\"EntryPoint\",\"urlTemplate\":\"https:\/\/bythemoon.eu\/en\/?s={search_term_string}\"},\"query-input\":{\"@type\":\"PropertyValueSpecification\",\"valueRequired\":true,\"valueName\":\"search_term_string\"}}],\"inLanguage\":\"en-US\"}]}<\/script>\n<!-- \/ Yoast SEO plugin. -->","yoast_head_json":{"title":"Dostawa - By The Moon EN","robots":{"index":"index","follow":"follow","max-snippet":"max-snippet:-1","max-image-preview":"max-image-preview:large","max-video-preview":"max-video-preview:-1"},"canonical":"https:\/\/bythemoon.eu\/en\/dostawa\/","og_locale":"en_US","og_type":"article","og_title":"Dostawa - By The Moon EN","og_description":"Wysy\u0142amy zam\u00f3wienia w terminie 1-3 dni roboczych.\u00a0 Nie realizujemy wymian. W przypadku ch\u0119ci wymiany na inny rozmiar,\u00a0prosz\u0119 z\u0142o\u017cy\u0107 nowe zam\u00f3wienie i dokona\u0107 zwrotu. Koszty wysy\u0142ki na terenie Polski: Paczkomaty InPost: 17 z\u0142. Kurier: 17 z\u0142. P\u0142atno\u015b\u0107 got\u00f3wk\u0105 przy odbiorze (za pobraniem) &#8211; 24 z\u0142. Darmowa wysy\u0142ka dla zam\u00f3wie\u0144 o warto\u015bci powy\u017cej 400 z\u0142. \u00a0","og_url":"https:\/\/bythemoon.eu\/en\/dostawa\/","og_site_name":"By The Moon EN","article_modified_time":"2025-07-21T21:40:32+00:00","og_image":[{"width":1280,"height":659,"url":"https:\/\/bythemoon.eu\/en\/wp-content\/uploads\/2026\/04\/slide-show_ss26_btm_facebook.jpg","type":"image\/jpeg"}],"schema":{"@context":"https:\/\/schema.org","@graph":[{"@type":"WebPage","@id":"https:\/\/bythemoon.eu\/en\/dostawa\/","url":"https:\/\/bythemoon.eu\/en\/dostawa\/","name":"Dostawa - By The Moon EN","isPartOf":{"@id":"https:\/\/bythemoon.eu\/en\/#website"},"datePublished":"2025-06-16T06:53:58+00:00","dateModified":"2025-07-21T21:40:32+00:00","breadcrumb":{"@id":"https:\/\/bythemoon.eu\/en\/dostawa\/#breadcrumb"},"inLanguage":"en-US","potentialAction":[{"@type":"ReadAction","target":["https:\/\/bythemoon.eu\/en\/dostawa\/"]}]},{"@type":"BreadcrumbList","@id":"https:\/\/bythemoon.eu\/en\/dostawa\/#breadcrumb","itemListElement":[{"@type":"ListItem","position":1,"name":"Strona g\u0142\u00f3wna","item":"https:\/\/bythemoon.eu\/en\/"},{"@type":"ListItem","position":2,"name":"Dostawa"}]},{"@type":"WebSite","@id":"https:\/\/bythemoon.eu\/en\/#website","url":"https:\/\/bythemoon.eu\/en\/","name":"By The Moon EN","description":"","potentialAction":[{"@type":"SearchAction","target":{"@type":"EntryPoint","urlTemplate":"https:\/\/bythemoon.eu\/en\/?s={search_term_string}"},"query-input":{"@type":"PropertyValueSpecification","valueRequired":true,"valueName":"search_term_string"}}],"inLanguage":"en-US"}]}},"_links":{"self":[{"href":"https:\/\/bythemoon.eu\/en\/wp-json\/wp\/v2\/pages\/4640","targetHints":{"allow":["GET"]}}],"collection":[{"href":"https:\/\/bythemoon.eu\/en\/wp-json\/wp\/v2\/pages"}],"about":[{"href":"https:\/\/bythemoon.eu\/en\/wp-json\/wp\/v2\/types\/page"}],"author":[{"embeddable":true,"href":"https:\/\/bythemoon.eu\/en\/wp-json\/wp\/v2\/users\/1"}],"replies":[{"embeddable":true,"href":"https:\/\/bythemoon.eu\/en\/wp-json\/wp\/v2\/comments?post=4640"}],"version-history":[{"count":7,"href":"https:\/\/bythemoon.eu\/en\/wp-json\/wp\/v2\/pages\/4640\/revisions"}],"predecessor-version":[{"id":7119,"href":"https:\/\/bythemoon.eu\/en\/wp-json\/wp\/v2\/pages\/4640\/revisions\/7119"}],"wp:attachment":[{"href":"https:\/\/bythemoon.eu\/en\/wp-json\/wp\/v2\/media?parent=4640"}],"curies":[{"name":"wp","href":"https:\/\/api.w.org\/{rel}","templated":true}]}}