{"id":3,"date":"2025-01-11T14:05:57","date_gmt":"2025-01-11T14:05:57","guid":{"rendered":"https:\/\/bythemoon.eu\/en\/?page_id=3"},"modified":"2025-07-01T13:38:20","modified_gmt":"2025-07-01T11:38:20","slug":"polityka-prywatnosci","status":"publish","type":"page","link":"https:\/\/bythemoon.eu\/en\/polityka-prywatnosci\/","title":{"rendered":"Polityka prywatno\u015bci"},"content":{"rendered":"<h3>Polityka prywatno\u015bci<\/h3>\n<p>W przypadku sprzeda\u017cy on-line niezb\u0119dne jest wykorzystywanie przez sprzedawc\u00f3w danych osobowych klient\u00f3w. Nie da si\u0119 tego unikn\u0105\u0107, potrzebne s\u0105 chocia\u017cby dane do wysy\u0142ki w postaci Waszego imienia i nazwiska oraz adresu, na kt\u00f3ry mamy przes\u0142a\u0107 wybrane przez Was produkty, na kt\u00f3re za pewne czeka\u0107 b\u0119dziecie z niecierpliwo\u015bci\u0105.<\/p>\n<p>Wiemy, \u017ce przekazuj\u0105c nam te informacje oczekujecie nie tylko rzetelnej realizacji zam\u00f3wienia, ale r\u00f3wnie\u017c tego, \u017ce Wasze dane b\u0119d\u0105 nale\u017cycie przechowywane i chronione przed dost\u0119pem os\u00f3b niepowo\u0142anych. Zaufanie i bezpiecze\u0144stwo naszych Klient\u00f3w jest dla nas bardzo wa\u017cne, dlatego przestrzegamy postanowie\u0144 ustawowych oraz nowowprowadzonych przepis\u00f3w zawartych w RODO \u2013 og\u00f3lnego rozporz\u0105dzenia o ochronie danych osobowych.<\/p>\n<p>Chcemy, \u017ceby\u015bcie mieli wszystkie informacje dotycz\u0105ce ochrony danych \u2013 ich przetwarzania, dlatego opr\u00f3cz informacji zawartych w naszym Regulaminie informujemy Was, \u017ce:<\/p>\n<ol>\n<li>\n<p align=\"justify\">Administratorem Waszych danych jest Moon sp\u00f3\u0142ka z ograniczon\u0105 odpowiedzialno\u015bci\u0105 sp\u00f3\u0142ka komandytowa z siedzib\u0105 w Warszawie wpisana do rejestru przedsi\u0119biorc\u00f3w prowadzonego przez S\u0105d Rejonowy dla m. st. Warszawy w Warszawie, XII Wydzia\u0142 Gospodarczy Krajowego Rejestru S\u0105dowego, pod numerem KRS: 0000542017, posiadaj\u0105ca numer NIP: 5252608301, REGON: 360748580.<\/p>\n<\/li>\n<li>\n<p align=\"justify\">Mo\u017cecie si\u0119 z nami skontaktowa\u0107\u00a0<span lang=\"pl-pl\" xml:lang=\"pl-pl\">pisemnie\u00a0<\/span>pod tym adresem: Encyklopedyczna 11, 01-990 Warszawa, lub<span lang=\"pl-pl\" xml:lang=\"pl-pl\">\u00a0mailowo:<\/span> <span lang=\"pl-pl\" xml:lang=\"pl-pl\">moon<\/span>@bythemoon.eu<\/p>\n<\/li>\n<li>\n<p align=\"justify\">Wasze dane s\u0105 przetwarzane w nast\u0119puj\u0105cych celach:<br \/>\na) do realizacji sk\u0142adanych przez Was zam\u00f3wie\u0144<span lang=\"pl-pl\" xml:lang=\"pl-pl\">\u00a0lub odpowiedzi na otrzymywane od Was zapytania<\/span>,<br \/>\nb) by utrzyma\u0107 za\u0142o\u017cone przez Was konto, w kt\u00f3rym mo\u017cecie sprawdza\u0107 histori\u0119 swoich zam\u00f3wie\u0144 i status aktualnych zam\u00f3wie\u0144, a nadto dzi\u0119ki za\u0142o\u017ceniu konta nie musicie ka\u017cdorazowo wpisywa\u0107 swoich danych niezb\u0119dnych do realizacji zam\u00f3wienia<span lang=\"pl-pl\" xml:lang=\"pl-pl\">,<br \/>\n<\/span>c) w celu marketingu naszych us\u0142ug, w tym wysy\u0142ania do Was newsletter\u2019a, je\u015bli wyrazicie zgod\u0119 na jego otrzymywanie.<\/p>\n<\/li>\n<\/ol>\n<ol start=\"4\">\n<li>\n<p align=\"justify\">Nie pobieramy od Was zg\u00f3d na przetwarzanie Waszych danych we wskazanych powy\u017cej celach, gdy\u017c podstaw\u0105 ich przetwarzania s\u0105 ustawowe przes\u0142anki tj.<span lang=\"pl-pl\" xml:lang=\"pl-pl\">:<br \/>\n<\/span><span lang=\"pl-pl\" xml:lang=\"pl-pl\">a) na potrzeby\u00a0<\/span>realizacji sk\u0142adanych przez Was zam\u00f3wie\u0144<span lang=\"pl-pl\" xml:lang=\"pl-pl\">\u00a0i odpowiedzi na otrzymywane od Was zapytania \u2013 art. 6 ust. 1 lit. b) RODO,<br \/>\n<\/span>b) na potrzeby utrzymania za\u0142o\u017conego przez Was konta \u2013 art. 6 ust.1 lit. b) RODO,<br \/>\nc) na potrzeby marketingu naszych us\u0142ug i towar\u00f3w \u2013 art. 6 ust.1 lit. f) RODO.<\/p>\n<\/li>\n<\/ol>\n<ol start=\"5\">\n<li>\n<p align=\"justify\">P<span lang=\"pl-pl\" xml:lang=\"pl-pl\">ami\u0119tajcie<\/span>, je\u015bli nie chcecie, aby Wasze dane by\u0142y wykorzystywane do cel\u00f3w marketingu bezpo\u015bredniego naszych us\u0142ug<span lang=\"pl-pl\" xml:lang=\"pl-pl\">\u00a0<\/span>mo\u017cecie wnie\u015b\u0107 bezp\u0142atny sprzeciw wobec takiego przetwarzania. Jak wnie\u015b\u0107 taki sprzeciw? Po prostu napiszcie do nas w tej sprawie na adres: Encyklopedyczna 11, 01-990 Warszawa, lub za po\u015brednictwem maila:<span lang=\"pl-pl\" xml:lang=\"pl-pl\"> moon<\/span>@bythemoon.eu<\/p>\n<\/li>\n<li>\n<p align=\"justify\">Maj\u0105c na wzgl\u0119dzie wymogi RODO w zakresie konieczno\u015bci podania Wam informacji o okresie przez kt\u00f3ry b\u0119dziemy przetwarza\u0107 Wasze dane, bior\u0105c pod uwag\u0119 nie tylko specyfik\u0119 naszej dzia\u0142alno\u015bci, w tym mo\u017cliwo\u015b\u0107 sk\u0142adania przez Was reklamacji, ale r\u00f3wnie\u017c inne obowi\u0105zki nak\u0142adane na nas jako podmioty gospodarcze, w tym przepisy prawa podatkowego, Wasze dane b\u0119d\u0105 przechowywane i przetwarzane przez okres 6 lat<span lang=\"pl-pl\" xml:lang=\"pl-pl\">\u00a0lub\u00a0<\/span>do czasu zg\u0142oszenia skutecznego sprzeciwu wzgl\u0119dem przetwarzania danych w przypadkach, gdy podstaw\u0105 prawn\u0105 przetwarzania danych jest uzasadniony interes Administratora.\u00a0Czas przetwarzania danych mo\u017ce by\u0107 przed\u0142u\u017cony w przypadku, gdy przetwarzanie jest niezb\u0119dne do ustalenia i dochodzenia ewentualnych roszcze\u0144 lub obrony przed nimi, a po tym czasie jedynie w przypadku i w zakresie, w jakim b\u0119d\u0105 wymaga\u0107 tego przepisy prawa. Po up\u0142ywie okresu przetwarzania dane s\u0105 nieodwracalnie usuwane lub anonimizowane.<\/p>\n<\/li>\n<\/ol>\n<ol start=\"7\">\n<li>\n<p align=\"justify\">W ka\u017cdej chwili macie prawo do \u017c\u0105dania od Nas dost\u0119pu do swoich danych osobowych, a tak\u017ce ich sprostowania, usuni\u0119cia lub ograniczenia przetwarzania, a tak\u017ce prawo do wniesienia sprzeciwu wobec przetwarzania oraz prawo do przenoszenia danych. Pami\u0119tajcie, \u017ce swoje dane mo\u017cecie zaktualizowa\u0107 loguj\u0105c si\u0119 do swojego konta i wprowadzaj\u0105c w nim odpowiednie zmiany.<\/p>\n<\/li>\n<li>\n<p align=\"justify\">Macie te\u017c prawo wniesienia skargi do organu nadzorczego, chocia\u017c mamy nadziej\u0119, \u017ce dzi\u0119ki wysokim standardom przetwarzania danych, wed\u0142ug kt\u00f3rych dzia\u0142amy, nie b\u0119dzie takiej konieczno\u015bci.<\/p>\n<\/li>\n<li>\n<p align=\"justify\">Nasza strona wykorzystuje te\u017c pliki cookies (niewielkie pliki tekstowe przechowywane przez przegl\u0105dark\u0119 internetow\u0105 na urz\u0105dzeniu u\u017cytkownika m.in. do analizy statystycznej ruchu, dopasowania wygl\u0105du i tre\u015bci strony do indywidualnych potrzeb u\u017cytkownika).<span lang=\"pl-pl\" xml:lang=\"pl-pl\">\u00a0Zmian w zakresie ustawie\u0144 plik\u00f3w cookies mo\u017cecie dokona\u0107 u siebie w przegl\u0105darce.<\/span><\/p>\n<\/li>\n<li>\n<p align=\"justify\"><span lang=\"pl-pl\" xml:lang=\"pl-pl\">W celach marketingu naszej dzia\u0142alno\u015bci korzystamy r\u00f3wnie\u017c z narz\u0119dzi takich jak:\u00a0<\/span>Facebook Pixel, Google Analytics, Integromat<span lang=\"en-us\" xml:lang=\"en-us\">.<\/span><\/p>\n<\/li>\n<\/ol>\n<ol start=\"11\">\n<li>\n<p align=\"justify\">Mamy nadziej\u0119, \u017ce korzystacie z naszych kont w mediach spo\u0142eczno\u015bciowych (Facebook, Instagram) i \u015bledzicie na bie\u017c\u0105co nasze posty. Je\u015bli tak, to Wasze dane s\u0105 przetwarzane przez Administratora w zwi\u0105zku z prowadzeniem profilu, w tym w celu informowania Was o naszych dzia\u0142aniach oraz promowaniu r\u00f3\u017cnego rodzaju wydarze\u0144, us\u0142ug oraz produkt\u00f3w, a tak\u017ce w celu komunikacji z Wami za po\u015brednictwem funkcjonalno\u015bci dost\u0119pnych w mediach spo\u0142eczno\u015bciowych. Podstaw\u0105 prawn\u0105 przetwarzania danych osobowych przez Administratora w tym celu jest jego uzasadniony interes (art. 6 ust. 1 lit. f RODO) polegaj\u0105cy na promowaniu w\u0142asnej marki oraz budowaniu i utrzymaniu spo\u0142eczno\u015bci zwi\u0105zanej z mark\u0105.<\/p>\n<\/li>\n<li>\n<p lang=\"pl-pl\" xml:lang=\"pl-pl\" align=\"justify\">Pami\u0119tajcie, \u017ce dane kt\u00f3re nam podajecie s\u0105 nam niezb\u0119dne do realizacji Waszych zam\u00f3wie\u0144. Bez nich nie b\u0119dziemy mieli mo\u017cliwo\u015bci zrealizowania Waszego zam\u00f3wienia. Jednocze\u015bnie, r\u00f3wnie\u017c w celu realizacji zam\u00f3wienia Wasze dane s\u0105 na etapie dokonywania zakupu przetwarzane przez podmiot za po\u015brednictwem kt\u00f3rego zdecydowali\u015bcie si\u0119 zrealizowa\u0107 p\u0142atno\u015b\u0107, a na etapie dostawy firmom, za po\u015brednictwem kt\u00f3rych realizowana jest dostawa. Ponadto, Wasze dane mog\u0105 by\u0107 ujawniane zewn\u0119trznym podmiotom, w tym w szczeg\u00f3lno\u015bci dostawcom odpowiedzialnym za obs\u0142ug\u0119 system\u00f3w informatycznych, podmiotom \u015bwiadcz\u0105cym us\u0142ugi ksi\u0119gowe, prawne, marketingowe, w tym podmiotom umo\u017cliwiaj\u0105cym wysy\u0142k\u0119 newsletter\u2019a takim jak:\u00a0FreshMail Sp. z o.o. z siedzib\u0105 przy Al. 29 Listopada 155\u00a0c, 31-406 Krak\u00f3w, NIP 6751496393, oraz GetResponce Sp. z o.o. z siedzib\u0105 przy ul. Arko\u0144skiej 6\/A3, 80-387 Gda\u0144sk, NIP 9581468984.<\/p>\n<\/li>\n<\/ol>\n<p>W razie pyta\u0144, pozostajemy do Waszej dyspozycji!<\/p>\n","protected":false},"excerpt":{"rendered":"<p>Polityka prywatno\u015bci W przypadku sprzeda\u017cy on-line niezb\u0119dne jest wykorzystywanie przez sprzedawc\u00f3w danych osobowych klient\u00f3w. Nie da si\u0119 tego unikn\u0105\u0107, potrzebne s\u0105 chocia\u017cby dane do wysy\u0142ki w postaci Waszego imienia i nazwiska oraz adresu, na kt\u00f3ry mamy przes\u0142a\u0107 wybrane przez Was produkty, na kt\u00f3re za pewne czeka\u0107 b\u0119dziecie z niecierpliwo\u015bci\u0105. Wiemy, \u017ce przekazuj\u0105c nam te informacje [&#8230;]\n","protected":false},"author":1,"featured_media":0,"parent":0,"menu_order":0,"comment_status":"closed","ping_status":"open","template":"","meta":{"footnotes":""},"class_list":["post-3","page","type-page","status-publish","hentry"],"yoast_head":"<!-- This site is optimized with the Yoast SEO plugin v27.0 - https:\/\/yoast.com\/product\/yoast-seo-wordpress\/ -->\n<title>Polityka prywatno\u015bci - By The Moon EN<\/title>\n<meta name=\"robots\" content=\"index, follow, max-snippet:-1, max-image-preview:large, max-video-preview:-1\" \/>\n<link rel=\"canonical\" href=\"https:\/\/bythemoon.eu\/en\/polityka-prywatnosci\/\" \/>\n<meta property=\"og:locale\" content=\"en_US\" \/>\n<meta property=\"og:type\" content=\"article\" \/>\n<meta property=\"og:title\" content=\"Polityka prywatno\u015bci - By The Moon EN\" \/>\n<meta property=\"og:description\" content=\"Polityka prywatno\u015bci W przypadku sprzeda\u017cy on-line niezb\u0119dne jest wykorzystywanie przez sprzedawc\u00f3w danych osobowych klient\u00f3w. Nie da si\u0119 tego unikn\u0105\u0107, potrzebne s\u0105 chocia\u017cby dane do wysy\u0142ki w postaci Waszego imienia i nazwiska oraz adresu, na kt\u00f3ry mamy przes\u0142a\u0107 wybrane przez Was produkty, na kt\u00f3re za pewne czeka\u0107 b\u0119dziecie z niecierpliwo\u015bci\u0105. Wiemy, \u017ce przekazuj\u0105c nam te informacje [...]\" \/>\n<meta property=\"og:url\" content=\"https:\/\/bythemoon.eu\/en\/polityka-prywatnosci\/\" \/>\n<meta property=\"og:site_name\" content=\"By The Moon EN\" \/>\n<meta property=\"article:modified_time\" content=\"2025-07-01T11:38:20+00:00\" \/>\n<meta property=\"og:image\" content=\"https:\/\/bythemoon.eu\/en\/wp-content\/uploads\/2026\/04\/slide-show_ss26_btm_facebook.jpg\" \/>\n\t<meta property=\"og:image:width\" content=\"1280\" \/>\n\t<meta property=\"og:image:height\" content=\"659\" \/>\n\t<meta property=\"og:image:type\" content=\"image\/jpeg\" \/>\n<script type=\"application\/ld+json\" class=\"yoast-schema-graph\">{\"@context\":\"https:\/\/schema.org\",\"@graph\":[{\"@type\":\"WebPage\",\"@id\":\"https:\/\/bythemoon.eu\/en\/polityka-prywatnosci\/\",\"url\":\"https:\/\/bythemoon.eu\/en\/polityka-prywatnosci\/\",\"name\":\"Polityka prywatno\u015bci - By The Moon EN\",\"isPartOf\":{\"@id\":\"https:\/\/bythemoon.eu\/en\/#website\"},\"datePublished\":\"2025-01-11T14:05:57+00:00\",\"dateModified\":\"2025-07-01T11:38:20+00:00\",\"breadcrumb\":{\"@id\":\"https:\/\/bythemoon.eu\/en\/polityka-prywatnosci\/#breadcrumb\"},\"inLanguage\":\"en-US\",\"potentialAction\":[{\"@type\":\"ReadAction\",\"target\":[\"https:\/\/bythemoon.eu\/en\/polityka-prywatnosci\/\"]}]},{\"@type\":\"BreadcrumbList\",\"@id\":\"https:\/\/bythemoon.eu\/en\/polityka-prywatnosci\/#breadcrumb\",\"itemListElement\":[{\"@type\":\"ListItem\",\"position\":1,\"name\":\"Strona g\u0142\u00f3wna\",\"item\":\"https:\/\/bythemoon.eu\/en\/\"},{\"@type\":\"ListItem\",\"position\":2,\"name\":\"Polityka prywatno\u015bci\"}]},{\"@type\":\"WebSite\",\"@id\":\"https:\/\/bythemoon.eu\/en\/#website\",\"url\":\"https:\/\/bythemoon.eu\/en\/\",\"name\":\"By The Moon EN\",\"description\":\"\",\"potentialAction\":[{\"@type\":\"SearchAction\",\"target\":{\"@type\":\"EntryPoint\",\"urlTemplate\":\"https:\/\/bythemoon.eu\/en\/?s={search_term_string}\"},\"query-input\":{\"@type\":\"PropertyValueSpecification\",\"valueRequired\":true,\"valueName\":\"search_term_string\"}}],\"inLanguage\":\"en-US\"}]}<\/script>\n<!-- \/ Yoast SEO plugin. -->","yoast_head_json":{"title":"Polityka prywatno\u015bci - By The Moon EN","robots":{"index":"index","follow":"follow","max-snippet":"max-snippet:-1","max-image-preview":"max-image-preview:large","max-video-preview":"max-video-preview:-1"},"canonical":"https:\/\/bythemoon.eu\/en\/polityka-prywatnosci\/","og_locale":"en_US","og_type":"article","og_title":"Polityka prywatno\u015bci - By The Moon EN","og_description":"Polityka prywatno\u015bci W przypadku sprzeda\u017cy on-line niezb\u0119dne jest wykorzystywanie przez sprzedawc\u00f3w danych osobowych klient\u00f3w. Nie da si\u0119 tego unikn\u0105\u0107, potrzebne s\u0105 chocia\u017cby dane do wysy\u0142ki w postaci Waszego imienia i nazwiska oraz adresu, na kt\u00f3ry mamy przes\u0142a\u0107 wybrane przez Was produkty, na kt\u00f3re za pewne czeka\u0107 b\u0119dziecie z niecierpliwo\u015bci\u0105. Wiemy, \u017ce przekazuj\u0105c nam te informacje [...]","og_url":"https:\/\/bythemoon.eu\/en\/polityka-prywatnosci\/","og_site_name":"By The Moon EN","article_modified_time":"2025-07-01T11:38:20+00:00","og_image":[{"width":1280,"height":659,"url":"https:\/\/bythemoon.eu\/en\/wp-content\/uploads\/2026\/04\/slide-show_ss26_btm_facebook.jpg","type":"image\/jpeg"}],"schema":{"@context":"https:\/\/schema.org","@graph":[{"@type":"WebPage","@id":"https:\/\/bythemoon.eu\/en\/polityka-prywatnosci\/","url":"https:\/\/bythemoon.eu\/en\/polityka-prywatnosci\/","name":"Polityka prywatno\u015bci - By The Moon EN","isPartOf":{"@id":"https:\/\/bythemoon.eu\/en\/#website"},"datePublished":"2025-01-11T14:05:57+00:00","dateModified":"2025-07-01T11:38:20+00:00","breadcrumb":{"@id":"https:\/\/bythemoon.eu\/en\/polityka-prywatnosci\/#breadcrumb"},"inLanguage":"en-US","potentialAction":[{"@type":"ReadAction","target":["https:\/\/bythemoon.eu\/en\/polityka-prywatnosci\/"]}]},{"@type":"BreadcrumbList","@id":"https:\/\/bythemoon.eu\/en\/polityka-prywatnosci\/#breadcrumb","itemListElement":[{"@type":"ListItem","position":1,"name":"Strona g\u0142\u00f3wna","item":"https:\/\/bythemoon.eu\/en\/"},{"@type":"ListItem","position":2,"name":"Polityka prywatno\u015bci"}]},{"@type":"WebSite","@id":"https:\/\/bythemoon.eu\/en\/#website","url":"https:\/\/bythemoon.eu\/en\/","name":"By The Moon EN","description":"","potentialAction":[{"@type":"SearchAction","target":{"@type":"EntryPoint","urlTemplate":"https:\/\/bythemoon.eu\/en\/?s={search_term_string}"},"query-input":{"@type":"PropertyValueSpecification","valueRequired":true,"valueName":"search_term_string"}}],"inLanguage":"en-US"}]}},"_links":{"self":[{"href":"https:\/\/bythemoon.eu\/en\/wp-json\/wp\/v2\/pages\/3","targetHints":{"allow":["GET"]}}],"collection":[{"href":"https:\/\/bythemoon.eu\/en\/wp-json\/wp\/v2\/pages"}],"about":[{"href":"https:\/\/bythemoon.eu\/en\/wp-json\/wp\/v2\/types\/page"}],"author":[{"embeddable":true,"href":"https:\/\/bythemoon.eu\/en\/wp-json\/wp\/v2\/users\/1"}],"replies":[{"embeddable":true,"href":"https:\/\/bythemoon.eu\/en\/wp-json\/wp\/v2\/comments?post=3"}],"version-history":[{"count":4,"href":"https:\/\/bythemoon.eu\/en\/wp-json\/wp\/v2\/pages\/3\/revisions"}],"predecessor-version":[{"id":6925,"href":"https:\/\/bythemoon.eu\/en\/wp-json\/wp\/v2\/pages\/3\/revisions\/6925"}],"wp:attachment":[{"href":"https:\/\/bythemoon.eu\/en\/wp-json\/wp\/v2\/media?parent=3"}],"curies":[{"name":"wp","href":"https:\/\/api.w.org\/{rel}","templated":true}]}}